{"id":117726,"date":"2025-03-12T09:06:09","date_gmt":"2025-03-12T09:06:09","guid":{"rendered":"https:\/\/store.evolve-fitness.eu\/?post_type=product&#038;p=117726"},"modified":"2025-04-04T06:10:00","modified_gmt":"2025-04-04T06:10:00","slug":"evolve-prime-series-plattbelastad-traningsmaskin-for-magmuskler","status":"publish","type":"product","link":"https:\/\/store.evolve-fitness.eu\/sv\/produkt\/evolve-prime-series-plattbelastad-traningsmaskin-for-magmuskler\/","title":{"rendered":"Evolve Prime Series plattbelastad tr\u00e4ningsmaskin f\u00f6r magmuskler"},"content":{"rendered":"\n<section class=\"wp-block-group alignfull black-content has-white-color has-darkgray-background-color has-text-color has-background is-layout-constrained wp-block-group-is-layout-constrained\" style=\"padding-top:var(--wp--preset--spacing--section-bottom);padding-bottom:var(--wp--preset--spacing--section-bottom)\">\n<h3 class=\"wp-block-heading has-text-align-center\"><strong><strong>EVOLVE PLATE LADDAD PRIME-SERIE<\/strong><\/strong><\/h3>\n\n\n\n<p>Med Evolve Plate Loaded Prime Series \u00e4r h\u00f6gsta kvalitet standard. F\u00f6rb\u00e4ttra din styrketr\u00e4ning med maskiner som \u00e4r utformade f\u00f6r komfort, h\u00e5llbarhet och prestanda. Utforska hela sortimentet idag och omdefiniera din tr\u00e4ningsresa.  <\/p>\n\n\n\n<section class=\"wp-block-group alignfull black-content has-white-color has-darkgray-background-color has-text-color has-background is-layout-constrained wp-block-group-is-layout-constrained\" style=\"padding-top:var(--wp--preset--spacing--section-bottom);padding-bottom:var(--wp--preset--spacing--section-bottom)\">\n<div class=\"wp-block-columns alignwide mobile-reverse is-layout-flex wp-container-core-columns-is-layout-ca64bf2d wp-block-columns-is-layout-flex\" style=\"margin-bottom:var(--wp--preset--spacing--side-padding)\">\n<div class=\"wp-block-column is-vertically-aligned-center is-layout-flow wp-block-column-is-layout-flow\">\n<h3 class=\"wp-block-heading\" style=\"margin-bottom:var(--wp--preset--spacing--h-3-bottom)\"><strong><strong><strong><strong>Evolve Prime Series plattbelastad tr\u00e4ningsmaskin f\u00f6r magmuskler<\/strong><\/strong><\/strong><\/strong><\/h3>\n\n\n\n<p><strong><em><strong><strong>F\u00f6rb\u00e4ttra b\u00e5lstyrkan med riktad motst\u00e5ndstr\u00e4ning<\/strong><\/strong><\/em><\/strong><\/p>\n\n\n\n<p style=\"margin-bottom:var(--wp--preset--spacing--tb-section-padding)\"><strong>Evolve Prime Series Plate Loaded Ab Machine<\/strong> \u00e4r utformad f\u00f6r att isolera och st\u00e4rka magmusklerna med kontrollerade, motst\u00e5ndsbaserade r\u00f6relser. Med ett ergonomiskt s\u00e4te, vadderat st\u00f6d och ett smidigt plattbelastat motst\u00e5ndssystem g\u00f6r denna maskin det m\u00f6jligt f\u00f6r anv\u00e4ndare att engagera sin k\u00e4rna effektivt samtidigt som belastningen p\u00e5 nedre delen av ryggen minimeras. Den robusta ramen och de justerbara inst\u00e4llningarna garanterar komfort och stabilitet, vilket g\u00f6r den idealisk f\u00f6r alla tr\u00e4ningsniv\u00e5er som vill f\u00f6rb\u00e4ttra b\u00e5lstyrkan och uth\u00e5lligheten.  <\/p>\n\n\n\n<h3 class=\"wp-block-heading\" style=\"margin-bottom:var(--wp--preset--spacing--h-3-bottom)\"><strong><strong><strong><strong><strong>Maximera ditt engagemang i k\u00e4rnverksamheten<\/strong><\/strong><\/strong><\/strong><\/strong><\/h3>\n\n\n\n<p><strong><em><strong>Mjuk och kontrollerad r\u00f6relse f\u00f6r effektiv magtr\u00e4ning<\/strong><\/em><\/strong><\/p>\n\n\n\n<p><strong>Evolve Prime Series Plate Loaded Ab Machine<\/strong> ger en guidad r\u00f6relsebana som s\u00e4kerst\u00e4ller konsekvent motst\u00e5nd genom hela r\u00f6relseomf\u00e5nget. Med sitt plattbelastade system kan anv\u00e4ndarna gradvis \u00f6ka motst\u00e5ndet f\u00f6r kontinuerlig muskelutveckling. Den ergonomiska designen fr\u00e4mjar korrekt h\u00e5llning, minskar on\u00f6dig belastning och maximerar k\u00e4rnaktiveringen. Oavsett om ditt m\u00e5l \u00e4r att f\u00f6rb\u00e4ttra den \u00f6vergripande stabiliteten, bygga en starkare b\u00e5l eller f\u00f6rb\u00e4ttra idrottsprestationen, ger den h\u00e4r maskinen en effektiv och \u00e4ndam\u00e5lsenlig magtr\u00e4ning.   <\/p>\n<\/div>\n\n\n\n<div class=\"wp-block-column is-vertically-aligned-center is-layout-flow wp-block-column-is-layout-flow\">\n<figure class=\"wp-block-image size-large\"><img loading=\"lazy\" decoding=\"async\" width=\"1024\" height=\"1024\" src=\"https:\/\/store.evolve-fitness.eu\/wp-content\/uploads\/2025\/03\/EV-PL-PR-072-Evolve-Prime-Series-Plate-Loaded-AB-Machine-1024x1024.png\" alt=\"\" class=\"wp-image-117727\" srcset=\"https:\/\/store.evolve-fitness.eu\/wp-content\/uploads\/2025\/03\/EV-PL-PR-072-Evolve-Prime-Series-Plate-Loaded-AB-Machine-1024x1024.png 1024w, https:\/\/store.evolve-fitness.eu\/wp-content\/uploads\/2025\/03\/EV-PL-PR-072-Evolve-Prime-Series-Plate-Loaded-AB-Machine-300x300.png 300w, https:\/\/store.evolve-fitness.eu\/wp-content\/uploads\/2025\/03\/EV-PL-PR-072-Evolve-Prime-Series-Plate-Loaded-AB-Machine-150x150.png 150w, https:\/\/store.evolve-fitness.eu\/wp-content\/uploads\/2025\/03\/EV-PL-PR-072-Evolve-Prime-Series-Plate-Loaded-AB-Machine-768x768.png 768w, https:\/\/store.evolve-fitness.eu\/wp-content\/uploads\/2025\/03\/EV-PL-PR-072-Evolve-Prime-Series-Plate-Loaded-AB-Machine-1536x1536.png 1536w, https:\/\/store.evolve-fitness.eu\/wp-content\/uploads\/2025\/03\/EV-PL-PR-072-Evolve-Prime-Series-Plate-Loaded-AB-Machine-2048x2048.png 2048w, https:\/\/store.evolve-fitness.eu\/wp-content\/uploads\/2025\/03\/EV-PL-PR-072-Evolve-Prime-Series-Plate-Loaded-AB-Machine-600x600.png 600w, https:\/\/store.evolve-fitness.eu\/wp-content\/uploads\/2025\/03\/EV-PL-PR-072-Evolve-Prime-Series-Plate-Loaded-AB-Machine-100x100.png 100w\" sizes=\"auto, (max-width: 1024px) 100vw, 1024px\" \/><\/figure>\n<\/div>\n<\/div>\n<\/section>\n<\/section>\n","protected":false},"excerpt":{"rendered":"<p>Evolve Prime Series Plate Loaded Ab Machine \u00e4r utformad f\u00f6r att isolera och st\u00e4rka magmusklerna med kontrollerade, motst\u00e5ndsbaserade r\u00f6relser. Med ett ergonomiskt s\u00e4te, vadderat st\u00f6d och ett smidigt plattbelastat motst\u00e5ndssystem g\u00f6r denna maskin det m\u00f6jligt f\u00f6r anv\u00e4ndare att engagera sin k\u00e4rna effektivt samtidigt som belastningen p\u00e5 nedre delen av ryggen minimeras. Den robusta ramen och de justerbara inst\u00e4llningarna garanterar komfort och stabilitet, vilket g\u00f6r den idealisk f\u00f6r alla tr\u00e4ningsniv\u00e5er som vill f\u00f6rb\u00e4ttra b\u00e5lstyrkan och uth\u00e5lligheten.  <\/p>\n","protected":false},"featured_media":117751,"template":"","meta":{"_acf_changed":false,"inline_featured_image":false},"product_cat":[773,1215],"product_tag":[],"class_list":{"0":"post-117726","1":"product","2":"type-product","3":"status-publish","4":"has-post-thumbnail","6":"product_cat-platbelastade-maskiner","7":"product_cat-prime-series-platbelastad","9":"first","10":"instock","11":"shipping-taxable","12":"purchasable","13":"product-type-simple"},"acf":[],"_links":{"self":[{"href":"https:\/\/store.evolve-fitness.eu\/sv\/wp-json\/wp\/v2\/product\/117726","targetHints":{"allow":["GET"]}}],"collection":[{"href":"https:\/\/store.evolve-fitness.eu\/sv\/wp-json\/wp\/v2\/product"}],"about":[{"href":"https:\/\/store.evolve-fitness.eu\/sv\/wp-json\/wp\/v2\/types\/product"}],"wp:featuredmedia":[{"embeddable":true,"href":"https:\/\/store.evolve-fitness.eu\/sv\/wp-json\/wp\/v2\/media\/117751"}],"wp:attachment":[{"href":"https:\/\/store.evolve-fitness.eu\/sv\/wp-json\/wp\/v2\/media?parent=117726"}],"wp:term":[{"taxonomy":"product_cat","embeddable":true,"href":"https:\/\/store.evolve-fitness.eu\/sv\/wp-json\/wp\/v2\/product_cat?post=117726"},{"taxonomy":"product_tag","embeddable":true,"href":"https:\/\/store.evolve-fitness.eu\/sv\/wp-json\/wp\/v2\/product_tag?post=117726"}],"curies":[{"name":"wp","href":"https:\/\/api.w.org\/{rel}","templated":true}]}}