{"id":117625,"date":"2025-03-12T08:55:12","date_gmt":"2025-03-12T08:55:12","guid":{"rendered":"https:\/\/store.evolve-fitness.eu\/?post_type=product&#038;p=117625"},"modified":"2025-12-13T13:27:35","modified_gmt":"2025-12-13T13:27:35","slug":"evolve-prime-series-plate-loaded-v-squat-ny-modell","status":"publish","type":"product","link":"https:\/\/store.evolve-fitness.eu\/sv\/produkt\/evolve-prime-series-plate-loaded-v-squat-ny-modell\/","title":{"rendered":"Evolve Prime Series Plate Loaded V Squat Ny modell"},"content":{"rendered":"\n<section class=\"wp-block-group alignfull black-content has-white-color has-darkgray-background-color has-text-color has-background is-layout-constrained wp-block-group-is-layout-constrained\" style=\"padding-top:var(--wp--preset--spacing--section-bottom);padding-bottom:var(--wp--preset--spacing--section-bottom)\">\n<h3 class=\"wp-block-heading has-text-align-center\"><strong><strong>EVOLVE PLATE LADDAD PRIME-SERIE<\/strong><\/strong><\/h3>\n\n\n\n<p>Med Evolve Plate Loaded Prime Series \u00e4r h\u00f6gsta kvalitet standard. F\u00f6rb\u00e4ttra din styrketr\u00e4ning med maskiner som \u00e4r utformade f\u00f6r komfort, h\u00e5llbarhet och prestanda. Utforska hela sortimentet idag och omdefiniera din tr\u00e4ningsresa.  <\/p>\n\n\n\n<section class=\"wp-block-group alignfull black-content has-white-color has-darkgray-background-color has-text-color has-background is-layout-constrained wp-block-group-is-layout-constrained\" style=\"padding-top:var(--wp--preset--spacing--section-bottom);padding-bottom:var(--wp--preset--spacing--section-bottom)\">\n<div class=\"wp-block-columns alignwide mobile-reverse is-layout-flex wp-container-core-columns-is-layout-ca64bf2d wp-block-columns-is-layout-flex\" style=\"margin-bottom:var(--wp--preset--spacing--side-padding)\">\n<div class=\"wp-block-column is-vertically-aligned-center is-layout-flow wp-block-column-is-layout-flow\">\n<h3 class=\"wp-block-heading\" style=\"margin-bottom:var(--wp--preset--spacing--h-3-bottom)\"><strong><strong><strong>Totalresultat Utnyttjande av optioner<\/strong><\/strong><\/strong><\/h3>\n\n\n\n<p><strong><em><strong>Riktade tr\u00e4ningspass f\u00f6r underkroppen<\/strong><\/em><\/strong><\/p>\n\n\n\n<p style=\"margin-bottom:var(--wp--preset--spacing--tb-section-padding)\">Evolve Prime Series Plate Loaded V Squat \u00e4r konstruerad f\u00f6r att effektivt fokusera p\u00e5 quadriceps, hamstrings, s\u00e4tesmuskler och vader. Maskinens intuitiva justeringssystem m\u00f6jligg\u00f6r enkel installation och \u00f6verg\u00e5ng mellan \u00f6vningar, vilket ger en m\u00e5ngsidig tr\u00e4ningsupplevelse. <\/p>\n\n\n\n<h3 class=\"wp-block-heading\" style=\"margin-bottom:var(--wp--preset--spacing--h-3-bottom)\"><strong><strong><strong><strong><strong>Avancerade funktioner<\/strong><\/strong><\/strong><\/strong><\/strong><\/h3>\n\n\n\n<p><strong><em>H\u00e5llbarhet och effektivitet<\/em><\/strong><\/p>\n\n\n\n<p>Denna V Squat-maskin \u00e4r tillverkad av kraftigt premiumtyg och h\u00e5rdvara i rostfritt st\u00e5l och \u00e4r byggd f\u00f6r att h\u00e5lla. Den elektrostatiska spruttekniken med h\u00e4rdpulver ger en t\u00e5lig yta som beh\u00e5ller sitt estetiska utseende \u00f6ver tid. Integrerade f\u00f6rvaringspinnar f\u00f6r viktskivor f\u00f6rb\u00e4ttrar utrymmeseffektiviteten och s\u00e4kerst\u00e4ller en tr\u00e4ningsmilj\u00f6 utan r\u00f6ran.  <\/p>\n<\/div>\n\n\n\n<div class=\"wp-block-column is-vertically-aligned-center is-layout-flow wp-block-column-is-layout-flow\">\n<figure class=\"wp-block-image size-large\"><img loading=\"lazy\" decoding=\"async\" width=\"1024\" height=\"1024\" src=\"https:\/\/store.evolve-fitness.eu\/wp-content\/uploads\/2025\/03\/EV-PL-PR-071-Evolve-Prime-Series-Plate-Loaded-V-Squat-Recovered-1-1024x1024.png\" alt=\"\" class=\"wp-image-117677\" srcset=\"https:\/\/store.evolve-fitness.eu\/wp-content\/uploads\/2025\/03\/EV-PL-PR-071-Evolve-Prime-Series-Plate-Loaded-V-Squat-Recovered-1-1024x1024.png 1024w, https:\/\/store.evolve-fitness.eu\/wp-content\/uploads\/2025\/03\/EV-PL-PR-071-Evolve-Prime-Series-Plate-Loaded-V-Squat-Recovered-1-300x300.png 300w, https:\/\/store.evolve-fitness.eu\/wp-content\/uploads\/2025\/03\/EV-PL-PR-071-Evolve-Prime-Series-Plate-Loaded-V-Squat-Recovered-1-150x150.png 150w, https:\/\/store.evolve-fitness.eu\/wp-content\/uploads\/2025\/03\/EV-PL-PR-071-Evolve-Prime-Series-Plate-Loaded-V-Squat-Recovered-1-768x768.png 768w, https:\/\/store.evolve-fitness.eu\/wp-content\/uploads\/2025\/03\/EV-PL-PR-071-Evolve-Prime-Series-Plate-Loaded-V-Squat-Recovered-1-1536x1536.png 1536w, https:\/\/store.evolve-fitness.eu\/wp-content\/uploads\/2025\/03\/EV-PL-PR-071-Evolve-Prime-Series-Plate-Loaded-V-Squat-Recovered-1-2048x2048.png 2048w, https:\/\/store.evolve-fitness.eu\/wp-content\/uploads\/2025\/03\/EV-PL-PR-071-Evolve-Prime-Series-Plate-Loaded-V-Squat-Recovered-1-600x600.png 600w, https:\/\/store.evolve-fitness.eu\/wp-content\/uploads\/2025\/03\/EV-PL-PR-071-Evolve-Prime-Series-Plate-Loaded-V-Squat-Recovered-1-100x100.png 100w\" sizes=\"auto, (max-width: 1024px) 100vw, 1024px\" \/><\/figure>\n<\/div>\n<\/div>\n<\/section>\n<\/section>\n","protected":false},"excerpt":{"rendered":"<p>Evolve Prime Series Plate Loaded V Squat (EV-PL-PR-071) \u00e4r en toppmodern tr\u00e4ningsutrustning som \u00e4r utformad f\u00f6r att f\u00f6rb\u00e4ttra din tr\u00e4ning av underkroppen. Denna maskin \u00e4r byggd med material av kommersiell kvalitet och garanterar o\u00f6vertr\u00e4ffad komfort, h\u00e5llbarhet och prestanda. Dess ergonomiska design och justerbara funktioner g\u00f6r den l\u00e4mplig f\u00f6r alla tr\u00e4ningsniv\u00e5er, vilket g\u00f6r den till ett perfekt tillskott till professionella gym.  <\/p>\n","protected":false},"featured_media":117651,"template":"","meta":{"_acf_changed":false,"inline_featured_image":false},"product_cat":[773,1215],"product_tag":[],"class_list":{"0":"post-117625","1":"product","2":"type-product","3":"status-publish","4":"has-post-thumbnail","6":"product_cat-platbelastade-maskiner","7":"product_cat-prime-series-platbelastad","9":"first","10":"instock","11":"shipping-taxable","12":"purchasable","13":"product-type-simple"},"acf":[],"_links":{"self":[{"href":"https:\/\/store.evolve-fitness.eu\/sv\/wp-json\/wp\/v2\/product\/117625","targetHints":{"allow":["GET"]}}],"collection":[{"href":"https:\/\/store.evolve-fitness.eu\/sv\/wp-json\/wp\/v2\/product"}],"about":[{"href":"https:\/\/store.evolve-fitness.eu\/sv\/wp-json\/wp\/v2\/types\/product"}],"wp:featuredmedia":[{"embeddable":true,"href":"https:\/\/store.evolve-fitness.eu\/sv\/wp-json\/wp\/v2\/media\/117651"}],"wp:attachment":[{"href":"https:\/\/store.evolve-fitness.eu\/sv\/wp-json\/wp\/v2\/media?parent=117625"}],"wp:term":[{"taxonomy":"product_cat","embeddable":true,"href":"https:\/\/store.evolve-fitness.eu\/sv\/wp-json\/wp\/v2\/product_cat?post=117625"},{"taxonomy":"product_tag","embeddable":true,"href":"https:\/\/store.evolve-fitness.eu\/sv\/wp-json\/wp\/v2\/product_tag?post=117625"}],"curies":[{"name":"wp","href":"https:\/\/api.w.org\/{rel}","templated":true}]}}