{"id":117245,"date":"2025-03-12T08:25:54","date_gmt":"2025-03-12T08:25:54","guid":{"rendered":"https:\/\/store.evolve-fitness.eu\/?post_type=product&#038;p=117245"},"modified":"2025-09-25T11:59:38","modified_gmt":"2025-09-25T11:59:38","slug":"evolve-prime-series-plattmatad-dubbel-funktion-for-brostpress-och-lat-pull-down","status":"publish","type":"product","link":"https:\/\/store.evolve-fitness.eu\/sv\/produkt\/evolve-prime-series-plattmatad-dubbel-funktion-for-brostpress-och-lat-pull-down\/","title":{"rendered":"Evolve Prime Series plattmatad dubbel funktion f\u00f6r br\u00f6stpress och lat pull down"},"content":{"rendered":"\n<section class=\"wp-block-group alignfull black-content has-white-color has-darkgray-background-color has-text-color has-background is-layout-constrained wp-block-group-is-layout-constrained\" style=\"padding-top:var(--wp--preset--spacing--section-bottom);padding-bottom:var(--wp--preset--spacing--section-bottom)\">\n<h3 class=\"wp-block-heading has-text-align-center\"><strong><strong>EVOLVE PLATE LADDAD PRIME-SERIE<\/strong><\/strong><\/h3>\n\n\n\n<p>Med Evolve Plate Loaded Prime Series \u00e4r h\u00f6gsta kvalitet standard. F\u00f6rb\u00e4ttra din styrketr\u00e4ning med maskiner som \u00e4r utformade f\u00f6r komfort, h\u00e5llbarhet och prestanda. Utforska hela sortimentet idag och omdefiniera din tr\u00e4ningsresa.  <\/p>\n\n\n\n<section class=\"wp-block-group alignfull black-content has-white-color has-darkgray-background-color has-text-color has-background is-layout-constrained wp-block-group-is-layout-constrained\" style=\"padding-top:var(--wp--preset--spacing--section-bottom);padding-bottom:var(--wp--preset--spacing--section-bottom)\">\n<div class=\"wp-block-columns alignwide mobile-reverse is-layout-flex wp-container-core-columns-is-layout-ca64bf2d wp-block-columns-is-layout-flex\" style=\"margin-bottom:var(--wp--preset--spacing--side-padding)\">\n<div class=\"wp-block-column is-vertically-aligned-center is-layout-flow wp-block-column-is-layout-flow\">\n<h3 class=\"wp-block-heading\" style=\"margin-bottom:var(--wp--preset--spacing--h-3-bottom)\"><strong><strong><strong><strong>Evolve Prime Series plattmatad dubbel funktion f\u00f6r br\u00f6stpress och lat pulldown<\/strong><\/strong><\/strong><\/strong><\/h3>\n\n\n\n<p><strong><strong>M\u00e5ngsidig styrketr\u00e4ning f\u00f6r kraft i \u00f6verkroppen<\/strong><\/strong><\/p>\n\n\n\n<p style=\"margin-bottom:var(--wp--preset--spacing--tb-section-padding)\"><strong>Evolve Prime Series Plate Loaded Double Function Chest Press &amp; Lat Pulldown<\/strong> \u00e4r en multifunktionell maskin som \u00e4r utformad f\u00f6r att maximera b\u00e5de tryck- och dragstyrka i en kompakt, effektiv design. Detta dubbelfunktionssystem g\u00f6r det m\u00f6jligt f\u00f6r anv\u00e4ndare att rikta in sig p\u00e5 br\u00f6stet, axlarna och triceps med br\u00f6stpressen samtidigt som de engagerar lats, biceps och \u00f6vre rygg med lat pulldown. Med ett ergonomiskt s\u00e4te, justerbara inst\u00e4llningar och ett smidigt plattbelastat motst\u00e5ndssystem s\u00e4kerst\u00e4ller denna maskin ett naturligt r\u00f6relseomf\u00e5ng och optimalt muskelengagemang f\u00f6r en komplett \u00f6verkroppstr\u00e4ning.  <\/p>\n\n\n\n<h3 class=\"wp-block-heading\" style=\"margin-bottom:var(--wp--preset--spacing--h-3-bottom)\"><strong><strong><strong><strong><strong>Tv\u00e5 kraftfulla \u00f6vningar i en maskin<\/strong><\/strong><\/strong><\/strong><\/strong><\/h3>\n\n\n\n<p><strong>Effektiv design f\u00f6r balanserad styrka i \u00f6verkroppen<\/strong><\/p>\n\n\n\n<p><strong>Evolve Prime Series Plate Loaded Double Function Chest Press &amp; Lat Pulldown<\/strong> erbjuder bekv\u00e4mligheten med tv\u00e5 viktiga \u00f6vningar i en platsbesparande enhet. Br\u00f6stpressfunktionen ger en kontrollerad tryckr\u00f6relse f\u00f6r att utveckla \u00f6verkroppens kraft, medan lat pulldown-funktionen m\u00f6jligg\u00f6r effektiv ryggst\u00e4rkning med j\u00e4mnt, anpassningsbart motst\u00e5nd. Den oberoende armr\u00f6relsen s\u00e4kerst\u00e4ller balanserad muskelutveckling, medan den robusta ramen f\u00f6rb\u00e4ttrar stabiliteten och h\u00e5llbarheten. Den h\u00e4r maskinen \u00e4r idealisk f\u00f6r b\u00e5de nyb\u00f6rjare och avancerade idrottare och ger en komplett styrketr\u00e4ningsupplevelse f\u00f6r \u00f6verkroppen.   <\/p>\n<\/div>\n\n\n\n<div class=\"wp-block-column is-vertically-aligned-center is-layout-flow wp-block-column-is-layout-flow\">\n<figure class=\"wp-block-image size-large is-resized is-style-rounded\"><img loading=\"lazy\" decoding=\"async\" width=\"1024\" height=\"1024\" src=\"https:\/\/store.evolve-fitness.eu\/wp-content\/uploads\/2025\/03\/EV-PL-PR-050-Evolve-Prime-Series-Plate-Loaded-Double-Function-Chest-Press-Lat-Pull-Down-3-1024x1024.png\" alt=\"\" class=\"wp-image-121336\" style=\"width:643px;height:706px\" srcset=\"https:\/\/store.evolve-fitness.eu\/wp-content\/uploads\/2025\/03\/EV-PL-PR-050-Evolve-Prime-Series-Plate-Loaded-Double-Function-Chest-Press-Lat-Pull-Down-3-1024x1024.png 1024w, https:\/\/store.evolve-fitness.eu\/wp-content\/uploads\/2025\/03\/EV-PL-PR-050-Evolve-Prime-Series-Plate-Loaded-Double-Function-Chest-Press-Lat-Pull-Down-3-300x300.png 300w, https:\/\/store.evolve-fitness.eu\/wp-content\/uploads\/2025\/03\/EV-PL-PR-050-Evolve-Prime-Series-Plate-Loaded-Double-Function-Chest-Press-Lat-Pull-Down-3-150x150.png 150w, https:\/\/store.evolve-fitness.eu\/wp-content\/uploads\/2025\/03\/EV-PL-PR-050-Evolve-Prime-Series-Plate-Loaded-Double-Function-Chest-Press-Lat-Pull-Down-3-768x768.png 768w, https:\/\/store.evolve-fitness.eu\/wp-content\/uploads\/2025\/03\/EV-PL-PR-050-Evolve-Prime-Series-Plate-Loaded-Double-Function-Chest-Press-Lat-Pull-Down-3-1536x1536.png 1536w, https:\/\/store.evolve-fitness.eu\/wp-content\/uploads\/2025\/03\/EV-PL-PR-050-Evolve-Prime-Series-Plate-Loaded-Double-Function-Chest-Press-Lat-Pull-Down-3-2048x2048.png 2048w, https:\/\/store.evolve-fitness.eu\/wp-content\/uploads\/2025\/03\/EV-PL-PR-050-Evolve-Prime-Series-Plate-Loaded-Double-Function-Chest-Press-Lat-Pull-Down-3-600x600.png 600w, https:\/\/store.evolve-fitness.eu\/wp-content\/uploads\/2025\/03\/EV-PL-PR-050-Evolve-Prime-Series-Plate-Loaded-Double-Function-Chest-Press-Lat-Pull-Down-3-100x100.png 100w\" sizes=\"auto, (max-width: 1024px) 100vw, 1024px\" \/><\/figure>\n<\/div>\n<\/div>\n<\/section>\n<\/section>\n","protected":false},"excerpt":{"rendered":"<p>Evolve Prime Series Plate Loaded Double Function Chest Press &amp; Lat Pulldown (EV-PL-PR-050) \u00e4r en multifunktionell maskin som \u00e4r utformad f\u00f6r att maximera b\u00e5de tryck- och dragstyrka i en kompakt, effektiv design. Detta dubbelfunktionssystem g\u00f6r det m\u00f6jligt f\u00f6r anv\u00e4ndare att rikta in sig p\u00e5 br\u00f6stet, axlarna och triceps med br\u00f6stpressen samtidigt som de engagerar lats, biceps och \u00f6vre rygg med lat pulldown. Med ett ergonomiskt s\u00e4te, justerbara inst\u00e4llningar och ett smidigt plattbelastat motst\u00e5ndssystem s\u00e4kerst\u00e4ller denna maskin ett naturligt r\u00f6relseomf\u00e5ng och optimalt muskelengagemang f\u00f6r en komplett \u00f6verkroppstr\u00e4ning.  <\/p>\n","protected":false},"featured_media":121538,"template":"","meta":{"_acf_changed":false,"inline_featured_image":false},"product_cat":[773,1215],"product_tag":[],"class_list":{"0":"post-117245","1":"product","2":"type-product","3":"status-publish","4":"has-post-thumbnail","6":"product_cat-platbelastade-maskiner","7":"product_cat-prime-series-platbelastad","9":"first","10":"outofstock","11":"shipping-taxable","12":"purchasable","13":"product-type-simple"},"acf":[],"_links":{"self":[{"href":"https:\/\/store.evolve-fitness.eu\/sv\/wp-json\/wp\/v2\/product\/117245","targetHints":{"allow":["GET"]}}],"collection":[{"href":"https:\/\/store.evolve-fitness.eu\/sv\/wp-json\/wp\/v2\/product"}],"about":[{"href":"https:\/\/store.evolve-fitness.eu\/sv\/wp-json\/wp\/v2\/types\/product"}],"wp:featuredmedia":[{"embeddable":true,"href":"https:\/\/store.evolve-fitness.eu\/sv\/wp-json\/wp\/v2\/media\/121538"}],"wp:attachment":[{"href":"https:\/\/store.evolve-fitness.eu\/sv\/wp-json\/wp\/v2\/media?parent=117245"}],"wp:term":[{"taxonomy":"product_cat","embeddable":true,"href":"https:\/\/store.evolve-fitness.eu\/sv\/wp-json\/wp\/v2\/product_cat?post=117245"},{"taxonomy":"product_tag","embeddable":true,"href":"https:\/\/store.evolve-fitness.eu\/sv\/wp-json\/wp\/v2\/product_tag?post=117245"}],"curies":[{"name":"wp","href":"https:\/\/api.w.org\/{rel}","templated":true}]}}