{"id":117145,"date":"2025-03-12T07:41:47","date_gmt":"2025-03-12T07:41:47","guid":{"rendered":"https:\/\/store.evolve-fitness.eu\/?post_type=product&#038;p=117145"},"modified":"2025-04-04T06:12:43","modified_gmt":"2025-04-04T06:12:43","slug":"evolve-prime-series-plate-loaded-sittande-armcurl-aterhamtad","status":"publish","type":"product","link":"https:\/\/store.evolve-fitness.eu\/sv\/produkt\/evolve-prime-series-plate-loaded-sittande-armcurl-aterhamtad\/","title":{"rendered":"Evolve Prime Series Plate Loaded Sittande armcurl \u00c5terh\u00e4mtad"},"content":{"rendered":"\n<section class=\"wp-block-group alignfull black-content has-white-color has-darkgray-background-color has-text-color has-background is-layout-constrained wp-block-group-is-layout-constrained\" style=\"padding-top:var(--wp--preset--spacing--section-bottom);padding-bottom:var(--wp--preset--spacing--section-bottom)\">\n<h3 class=\"wp-block-heading has-text-align-center\"><strong><strong>EVOLVE PLATE LADDAD PRIME-SERIE<\/strong><\/strong><\/h3>\n\n\n\n<p>Med Evolve Plate Loaded Prime Series \u00e4r h\u00f6gsta kvalitet standard. F\u00f6rb\u00e4ttra din styrketr\u00e4ning med maskiner som \u00e4r utformade f\u00f6r komfort, h\u00e5llbarhet och prestanda. Utforska hela sortimentet idag och omdefiniera din tr\u00e4ningsresa.  <\/p>\n\n\n\n<section class=\"wp-block-group alignfull black-content has-white-color has-darkgray-background-color has-text-color has-background is-layout-constrained wp-block-group-is-layout-constrained\" style=\"padding-top:var(--wp--preset--spacing--section-bottom);padding-bottom:var(--wp--preset--spacing--section-bottom)\">\n<div class=\"wp-block-columns alignwide mobile-reverse is-layout-flex wp-container-core-columns-is-layout-ca64bf2d wp-block-columns-is-layout-flex\" style=\"margin-bottom:var(--wp--preset--spacing--side-padding)\">\n<div class=\"wp-block-column is-vertically-aligned-center is-layout-flow wp-block-column-is-layout-flow\">\n<h3 class=\"wp-block-heading\" style=\"margin-bottom:var(--wp--preset--spacing--h-3-bottom)\"><strong><strong><strong><strong>Evolve Prime Series plattbelastad sittande armcurl<\/strong><\/strong><\/strong><\/strong><\/h3>\n\n\n\n<p><strong>Isolera och st\u00e4rk dina biceps med precisionsmotst\u00e5nd<\/strong><\/p>\n\n\n\n<p style=\"margin-bottom:var(--wp--preset--spacing--tb-section-padding)\"><strong>Evolve Prime Series Plate Loaded Seated Arm Curl<\/strong> \u00e4r utformad f\u00f6r att maximera bicepsengagemanget med ett smidigt, kontrollerat r\u00f6relseomf\u00e5ng. Med ett ergonomiskt s\u00e4te, vinklad armdyna och plattbelastat motst\u00e5ndssystem s\u00e4kerst\u00e4ller denna maskin korrekt form och muskelisolering, vilket minimerar momentum f\u00f6r en mer effektiv tr\u00e4ning. Den robusta konstruktionen och de justerbara greppositionerna g\u00f6r den l\u00e4mplig f\u00f6r alla tr\u00e4ningsniv\u00e5er och ger ett p\u00e5litligt och effektivt s\u00e4tt att utveckla armstyrka och definition.  <\/p>\n\n\n\n<h3 class=\"wp-block-heading\" style=\"margin-bottom:var(--wp--preset--spacing--h-3-bottom)\"><strong><strong><strong><strong><strong>Uppn\u00e5 maximal aktivering av biceps<\/strong><\/strong><\/strong><\/strong><\/strong><\/h3>\n\n\n\n<p><strong>Mjuk och kontrollerad curlingr\u00f6relse f\u00f6r maximal tillv\u00e4xt<\/strong><\/p>\n\n\n\n<p><strong>Evolve Prime Series Plate Loaded Seated Arm Curl<\/strong> st\u00f6der progressiv \u00f6verbelastning, vilket g\u00f6r att anv\u00e4ndarna gradvis kan \u00f6ka motst\u00e5ndet f\u00f6r kontinuerlig muskelutveckling. Det vadderade armst\u00f6det stabiliserar \u00f6verkroppen, vilket s\u00e4kerst\u00e4ller strikt form och full bicepskontraktion vid varje rep. Denna maskin \u00e4r byggd f\u00f6r h\u00e5llbarhet och komfort och \u00e4r ett viktigt tillskott till alla gym, vilket hj\u00e4lper idrottare och fitnessentusiaster att uppn\u00e5 starkare, v\u00e4ldefinierade armar med exakt och effektiv motst\u00e5ndstr\u00e4ning. <\/p>\n<\/div>\n\n\n\n<div class=\"wp-block-column is-vertically-aligned-center is-layout-flow wp-block-column-is-layout-flow\">\n<figure class=\"wp-block-image size-large is-resized is-style-rounded\"><img loading=\"lazy\" decoding=\"async\" width=\"1024\" height=\"1024\" src=\"https:\/\/store.evolve-fitness.eu\/wp-content\/uploads\/2025\/03\/EV-PL-PR-029-Evolve-Prime-Series-Plate-Loaded-Seated-Arm-Curl-Recovered-1024x1024.png\" alt=\"\" class=\"wp-image-117146\" style=\"width:643px;height:706px\" srcset=\"https:\/\/store.evolve-fitness.eu\/wp-content\/uploads\/2025\/03\/EV-PL-PR-029-Evolve-Prime-Series-Plate-Loaded-Seated-Arm-Curl-Recovered-1024x1024.png 1024w, https:\/\/store.evolve-fitness.eu\/wp-content\/uploads\/2025\/03\/EV-PL-PR-029-Evolve-Prime-Series-Plate-Loaded-Seated-Arm-Curl-Recovered-300x300.png 300w, https:\/\/store.evolve-fitness.eu\/wp-content\/uploads\/2025\/03\/EV-PL-PR-029-Evolve-Prime-Series-Plate-Loaded-Seated-Arm-Curl-Recovered-150x150.png 150w, https:\/\/store.evolve-fitness.eu\/wp-content\/uploads\/2025\/03\/EV-PL-PR-029-Evolve-Prime-Series-Plate-Loaded-Seated-Arm-Curl-Recovered-768x768.png 768w, https:\/\/store.evolve-fitness.eu\/wp-content\/uploads\/2025\/03\/EV-PL-PR-029-Evolve-Prime-Series-Plate-Loaded-Seated-Arm-Curl-Recovered-1536x1536.png 1536w, https:\/\/store.evolve-fitness.eu\/wp-content\/uploads\/2025\/03\/EV-PL-PR-029-Evolve-Prime-Series-Plate-Loaded-Seated-Arm-Curl-Recovered-2048x2048.png 2048w, https:\/\/store.evolve-fitness.eu\/wp-content\/uploads\/2025\/03\/EV-PL-PR-029-Evolve-Prime-Series-Plate-Loaded-Seated-Arm-Curl-Recovered-600x600.png 600w, https:\/\/store.evolve-fitness.eu\/wp-content\/uploads\/2025\/03\/EV-PL-PR-029-Evolve-Prime-Series-Plate-Loaded-Seated-Arm-Curl-Recovered-100x100.png 100w\" sizes=\"auto, (max-width: 1024px) 100vw, 1024px\" \/><\/figure>\n<\/div>\n<\/div>\n<\/section>\n<\/section>\n","protected":false},"excerpt":{"rendered":"<p>Evolve Prime Series Plate Loaded Seated Arm Curl \u00e4r utformad f\u00f6r att maximera bicepsengagemanget med ett smidigt, kontrollerat r\u00f6relseomf\u00e5ng. Med ett ergonomiskt s\u00e4te, vinklad armdyna och plattbelastat motst\u00e5ndssystem s\u00e4kerst\u00e4ller denna maskin korrekt form och muskelisolering, vilket minimerar momentum f\u00f6r en mer effektiv tr\u00e4ning. Den robusta konstruktionen och de justerbara greppositionerna g\u00f6r den l\u00e4mplig f\u00f6r alla tr\u00e4ningsniv\u00e5er och ger ett p\u00e5litligt och effektivt s\u00e4tt att utveckla armstyrka och definition.  <\/p>\n","protected":false},"featured_media":117195,"template":"","meta":{"_acf_changed":false,"inline_featured_image":false},"product_cat":[773,1215],"product_tag":[],"class_list":{"0":"post-117145","1":"product","2":"type-product","3":"status-publish","4":"has-post-thumbnail","6":"product_cat-platbelastade-maskiner","7":"product_cat-prime-series-platbelastad","9":"first","10":"instock","11":"shipping-taxable","12":"purchasable","13":"product-type-simple"},"acf":[],"_links":{"self":[{"href":"https:\/\/store.evolve-fitness.eu\/sv\/wp-json\/wp\/v2\/product\/117145","targetHints":{"allow":["GET"]}}],"collection":[{"href":"https:\/\/store.evolve-fitness.eu\/sv\/wp-json\/wp\/v2\/product"}],"about":[{"href":"https:\/\/store.evolve-fitness.eu\/sv\/wp-json\/wp\/v2\/types\/product"}],"wp:featuredmedia":[{"embeddable":true,"href":"https:\/\/store.evolve-fitness.eu\/sv\/wp-json\/wp\/v2\/media\/117195"}],"wp:attachment":[{"href":"https:\/\/store.evolve-fitness.eu\/sv\/wp-json\/wp\/v2\/media?parent=117145"}],"wp:term":[{"taxonomy":"product_cat","embeddable":true,"href":"https:\/\/store.evolve-fitness.eu\/sv\/wp-json\/wp\/v2\/product_cat?post=117145"},{"taxonomy":"product_tag","embeddable":true,"href":"https:\/\/store.evolve-fitness.eu\/sv\/wp-json\/wp\/v2\/product_tag?post=117145"}],"curies":[{"name":"wp","href":"https:\/\/api.w.org\/{rel}","templated":true}]}}