{"id":117044,"date":"2025-03-12T07:33:11","date_gmt":"2025-03-12T07:33:11","guid":{"rendered":"https:\/\/store.evolve-fitness.eu\/?post_type=product&#038;p=117044"},"modified":"2026-01-09T12:00:19","modified_gmt":"2026-01-09T12:00:19","slug":"evolve-prime-series-vertikal-benpress-ny-modell","status":"publish","type":"product","link":"https:\/\/store.evolve-fitness.eu\/sv\/produkt\/evolve-prime-series-vertikal-benpress-ny-modell\/","title":{"rendered":"Evolve Prime Series Vertikal benpress Ny modell"},"content":{"rendered":"\n<section class=\"wp-block-group alignfull black-content has-white-color has-darkgray-background-color has-text-color has-background is-layout-constrained wp-block-group-is-layout-constrained\" style=\"padding-top:var(--wp--preset--spacing--section-bottom);padding-bottom:var(--wp--preset--spacing--section-bottom)\">\n<h3 class=\"wp-block-heading has-text-align-center\"><strong><strong>EVOLVE PLATE LADDAD PRIME-SERIE<\/strong><\/strong><\/h3>\n\n\n\n<p>Med Evolve Plate Loaded Prime Series \u00e4r h\u00f6gsta kvalitet standard. F\u00f6rb\u00e4ttra din styrketr\u00e4ning med maskiner som \u00e4r utformade f\u00f6r komfort, h\u00e5llbarhet och prestanda. Utforska hela sortimentet idag och omdefiniera din tr\u00e4ningsresa.  <\/p>\n\n\n\n<section class=\"wp-block-group alignfull black-content has-white-color has-darkgray-background-color has-text-color has-background is-layout-constrained wp-block-group-is-layout-constrained\" style=\"padding-top:var(--wp--preset--spacing--section-bottom);padding-bottom:var(--wp--preset--spacing--section-bottom)\">\n<div class=\"wp-block-columns alignwide mobile-reverse is-layout-flex wp-container-core-columns-is-layout-ca64bf2d wp-block-columns-is-layout-flex\" style=\"margin-bottom:var(--wp--preset--spacing--side-padding)\">\n<div class=\"wp-block-column is-vertically-aligned-center is-layout-flow wp-block-column-is-layout-flow\">\n<h3 class=\"wp-block-heading\" style=\"margin-bottom:var(--wp--preset--spacing--h-3-bottom)\"><strong><strong><strong>Maximera din bentr\u00e4ning med vertikal benpress<\/strong><\/strong><\/strong><\/h3>\n\n\n\n<p style=\"margin-bottom:var(--wp--preset--spacing--tb-section-padding)\">Den <strong>vertikala benpressen<\/strong> \u00e4r utformad f\u00f6r att ge en o\u00f6vertr\u00e4ffad upplevelse av bentr\u00e4ning, med ett direkt, isolerat fokus p\u00e5 underkroppsmusklerna. Med sin smidiga funktion och ergonomiska design g\u00f6r den h\u00e4r maskinen det m\u00f6jligt f\u00f6r dig att p\u00e5 ett s\u00e4kert s\u00e4tt utf\u00f6ra djupa, kontrollerade pressar som riktar in sig p\u00e5 dina quads, hamstrings och glutes f\u00f6r maximal styrka och utveckling. <\/p>\n\n\n\n<h3 class=\"wp-block-heading\" style=\"margin-bottom:var(--wp--preset--spacing--h-3-bottom)\"><strong><strong><strong><strong><strong>Konstruerad f\u00f6r stabilitet och precision<\/strong><\/strong><\/strong><\/strong><\/strong><\/h3>\n\n\n\n<p>Vertical Leg Press \u00e4r byggd med h\u00e5llbarhet i \u00e5tanke och har en robust ram som s\u00e4kerst\u00e4ller stabilitet under hela tr\u00e4ningspasset. Det kompakta utrymmet g\u00f6r den idealisk f\u00f6r hemmagym eller professionella fitnesscenter och ger h\u00f6g prestanda utan att kompromissa med utrymmet. Med exakt justering av fotplattan och ryggst\u00f6det ser den till att din kropp f\u00f6rblir i optimal position f\u00f6r en s\u00e4ker och effektiv tr\u00e4ning varje g\u00e5ng.  <\/p>\n<\/div>\n\n\n\n<div class=\"wp-block-column is-vertically-aligned-center is-layout-flow wp-block-column-is-layout-flow\">\n<figure class=\"wp-block-image size-large is-resized is-style-rounded\"><img loading=\"lazy\" decoding=\"async\" width=\"1024\" height=\"1024\" src=\"https:\/\/store.evolve-fitness.eu\/wp-content\/uploads\/2025\/03\/EV-PL-PR-039-Evolve-Prime-Series-Plate-Loaded-Vertical-Leg-Press-2-1024x1024.png\" alt=\"\" class=\"wp-image-121260\" style=\"width:643px;height:706px\" srcset=\"https:\/\/store.evolve-fitness.eu\/wp-content\/uploads\/2025\/03\/EV-PL-PR-039-Evolve-Prime-Series-Plate-Loaded-Vertical-Leg-Press-2-1024x1024.png 1024w, https:\/\/store.evolve-fitness.eu\/wp-content\/uploads\/2025\/03\/EV-PL-PR-039-Evolve-Prime-Series-Plate-Loaded-Vertical-Leg-Press-2-300x300.png 300w, https:\/\/store.evolve-fitness.eu\/wp-content\/uploads\/2025\/03\/EV-PL-PR-039-Evolve-Prime-Series-Plate-Loaded-Vertical-Leg-Press-2-150x150.png 150w, https:\/\/store.evolve-fitness.eu\/wp-content\/uploads\/2025\/03\/EV-PL-PR-039-Evolve-Prime-Series-Plate-Loaded-Vertical-Leg-Press-2-768x768.png 768w, https:\/\/store.evolve-fitness.eu\/wp-content\/uploads\/2025\/03\/EV-PL-PR-039-Evolve-Prime-Series-Plate-Loaded-Vertical-Leg-Press-2-1536x1536.png 1536w, https:\/\/store.evolve-fitness.eu\/wp-content\/uploads\/2025\/03\/EV-PL-PR-039-Evolve-Prime-Series-Plate-Loaded-Vertical-Leg-Press-2-2048x2048.png 2048w, https:\/\/store.evolve-fitness.eu\/wp-content\/uploads\/2025\/03\/EV-PL-PR-039-Evolve-Prime-Series-Plate-Loaded-Vertical-Leg-Press-2-600x600.png 600w, https:\/\/store.evolve-fitness.eu\/wp-content\/uploads\/2025\/03\/EV-PL-PR-039-Evolve-Prime-Series-Plate-Loaded-Vertical-Leg-Press-2-100x100.png 100w\" sizes=\"auto, (max-width: 1024px) 100vw, 1024px\" \/><\/figure>\n<\/div>\n<\/div>\n<\/section>\n<\/section>\n","protected":false},"excerpt":{"rendered":"<p>Evolve Prime Series Vertical Leg Press (EV-PL-PR-039) \u00e4r en kompakt men kraftfull maskin som \u00e4r utformad f\u00f6r att ge en effektiv tr\u00e4ning av underkroppen genom att rikta in sig p\u00e5 quads, hamstrings och s\u00e4tesmuskler. Den robusta och utrymmeseffektiva ramen ger stabilitet och h\u00e5llbarhet f\u00f6r b\u00e5de hemmabruk och professionell anv\u00e4ndning p\u00e5 gym. Med sin kraftiga konstruktion och fokus p\u00e5 s\u00e4kerhet \u00e4r den h\u00e4r maskinen perfekt f\u00f6r dig som vill bygga styrka, muskeldefinition och \u00f6vergripande kraft i underkroppen.  <\/p>\n","protected":false},"featured_media":121309,"template":"","meta":{"_acf_changed":false,"inline_featured_image":false},"product_cat":[773,1215],"product_tag":[],"class_list":{"0":"post-117044","1":"product","2":"type-product","3":"status-publish","4":"has-post-thumbnail","6":"product_cat-platbelastade-maskiner","7":"product_cat-prime-series-platbelastad","9":"first","10":"outofstock","11":"shipping-taxable","12":"purchasable","13":"product-type-simple"},"acf":[],"_links":{"self":[{"href":"https:\/\/store.evolve-fitness.eu\/sv\/wp-json\/wp\/v2\/product\/117044","targetHints":{"allow":["GET"]}}],"collection":[{"href":"https:\/\/store.evolve-fitness.eu\/sv\/wp-json\/wp\/v2\/product"}],"about":[{"href":"https:\/\/store.evolve-fitness.eu\/sv\/wp-json\/wp\/v2\/types\/product"}],"wp:featuredmedia":[{"embeddable":true,"href":"https:\/\/store.evolve-fitness.eu\/sv\/wp-json\/wp\/v2\/media\/121309"}],"wp:attachment":[{"href":"https:\/\/store.evolve-fitness.eu\/sv\/wp-json\/wp\/v2\/media?parent=117044"}],"wp:term":[{"taxonomy":"product_cat","embeddable":true,"href":"https:\/\/store.evolve-fitness.eu\/sv\/wp-json\/wp\/v2\/product_cat?post=117044"},{"taxonomy":"product_tag","embeddable":true,"href":"https:\/\/store.evolve-fitness.eu\/sv\/wp-json\/wp\/v2\/product_tag?post=117044"}],"curies":[{"name":"wp","href":"https:\/\/api.w.org\/{rel}","templated":true}]}}