{"id":116943,"date":"2025-03-12T06:11:43","date_gmt":"2025-03-12T06:11:43","guid":{"rendered":"https:\/\/store.evolve-fitness.eu\/?post_type=product&#038;p=116943"},"modified":"2025-12-13T13:27:10","modified_gmt":"2025-12-13T13:27:10","slug":"evolve-prime-series-plattbelastad-horisontell-brostpress-ny-modell","status":"publish","type":"product","link":"https:\/\/store.evolve-fitness.eu\/sv\/produkt\/evolve-prime-series-plattbelastad-horisontell-brostpress-ny-modell\/","title":{"rendered":"Evolve Prime Series plattbelastad horisontell br\u00f6stpress Ny modell"},"content":{"rendered":"\n<section class=\"wp-block-group alignfull black-content has-white-color has-darkgray-background-color has-text-color has-background is-layout-constrained wp-block-group-is-layout-constrained\" style=\"padding-top:var(--wp--preset--spacing--section-bottom);padding-bottom:var(--wp--preset--spacing--section-bottom)\">\n<h3 class=\"wp-block-heading has-text-align-center\"><strong><strong>EVOLVE PLATE LADDAD PRIME-SERIE<\/strong><\/strong><\/h3>\n\n\n\n<p>Med Evolve Plate Loaded Prime Series \u00e4r h\u00f6gsta kvalitet standard. F\u00f6rb\u00e4ttra din styrketr\u00e4ning med maskiner som \u00e4r utformade f\u00f6r komfort, h\u00e5llbarhet och prestanda. Utforska hela sortimentet idag och omdefiniera din tr\u00e4ningsresa.  <\/p>\n\n\n\n<section class=\"wp-block-group alignfull black-content has-white-color has-darkgray-background-color has-text-color has-background is-layout-constrained wp-block-group-is-layout-constrained\" style=\"padding-top:var(--wp--preset--spacing--section-bottom);padding-bottom:var(--wp--preset--spacing--section-bottom)\">\n<div class=\"wp-block-columns alignwide mobile-reverse is-layout-flex wp-container-core-columns-is-layout-ca64bf2d wp-block-columns-is-layout-flex\" style=\"margin-bottom:var(--wp--preset--spacing--side-padding)\">\n<div class=\"wp-block-column is-vertically-aligned-center is-layout-flow wp-block-column-is-layout-flow\">\n<h3 class=\"wp-block-heading\" style=\"margin-bottom:var(--wp--preset--spacing--h-3-bottom)\"><strong><strong><strong>Effektiv \u00f6verkroppstr\u00e4ning<\/strong><\/strong><\/strong><\/h3>\n\n\n\n<p><strong><em><strong>Fokuserad muskelaktivering<\/strong><\/em><\/strong><\/p>\n\n\n\n<p style=\"margin-bottom:var(--wp--preset--spacing--tb-section-padding)\">Evolve Prime Series Plate Loaded Horizontal Chest Press \u00e4r konstruerad f\u00f6r att effektivt rikta in sig p\u00e5 br\u00f6st, axlar och triceps. Med det anv\u00e4ndarv\u00e4nliga justeringssystemet kan anv\u00e4ndarna enkelt st\u00e4lla in och v\u00e4xla mellan \u00f6vningar, vilket garanterar en m\u00e5ngsidig tr\u00e4ningsupplevelse. <\/p>\n\n\n\n<h3 class=\"wp-block-heading\" style=\"margin-bottom:var(--wp--preset--spacing--h-3-bottom)\"><strong><strong><strong><strong><strong>Premiumfunktioner<\/strong><\/strong><\/strong><\/strong><\/strong><\/h3>\n\n\n\n<p><strong><em>H\u00e5llbarhet och utrymmeseffektivitet<\/em><\/strong><\/p>\n\n\n\n<p>Den h\u00e4r maskinen \u00e4r tillverkad av h\u00f6gkvalitativt kraftigt tyg och rostfria beslag och garanterar l\u00e5ngvarig anv\u00e4ndning. Den elektrostatiska spruttekniken med h\u00e4rdpulver ger en h\u00e5llbar yta som bibeh\u00e5ller utrustningens utseende. <\/p>\n<\/div>\n\n\n\n<div class=\"wp-block-column is-vertically-aligned-center is-layout-flow wp-block-column-is-layout-flow\">\n<figure class=\"wp-block-image size-large\"><img loading=\"lazy\" decoding=\"async\" width=\"1024\" height=\"1024\" src=\"https:\/\/store.evolve-fitness.eu\/wp-content\/uploads\/2025\/03\/EV-PL-PR-028-Evolve-Prime-Series-Plate-Loaded-Iso-Lateral-Horizontal-Bench-Press-Recovered-2-1024x1024.png\" alt=\"\" class=\"wp-image-121185\" srcset=\"https:\/\/store.evolve-fitness.eu\/wp-content\/uploads\/2025\/03\/EV-PL-PR-028-Evolve-Prime-Series-Plate-Loaded-Iso-Lateral-Horizontal-Bench-Press-Recovered-2-1024x1024.png 1024w, https:\/\/store.evolve-fitness.eu\/wp-content\/uploads\/2025\/03\/EV-PL-PR-028-Evolve-Prime-Series-Plate-Loaded-Iso-Lateral-Horizontal-Bench-Press-Recovered-2-300x300.png 300w, https:\/\/store.evolve-fitness.eu\/wp-content\/uploads\/2025\/03\/EV-PL-PR-028-Evolve-Prime-Series-Plate-Loaded-Iso-Lateral-Horizontal-Bench-Press-Recovered-2-150x150.png 150w, https:\/\/store.evolve-fitness.eu\/wp-content\/uploads\/2025\/03\/EV-PL-PR-028-Evolve-Prime-Series-Plate-Loaded-Iso-Lateral-Horizontal-Bench-Press-Recovered-2-768x768.png 768w, https:\/\/store.evolve-fitness.eu\/wp-content\/uploads\/2025\/03\/EV-PL-PR-028-Evolve-Prime-Series-Plate-Loaded-Iso-Lateral-Horizontal-Bench-Press-Recovered-2-1536x1536.png 1536w, https:\/\/store.evolve-fitness.eu\/wp-content\/uploads\/2025\/03\/EV-PL-PR-028-Evolve-Prime-Series-Plate-Loaded-Iso-Lateral-Horizontal-Bench-Press-Recovered-2-2048x2048.png 2048w, https:\/\/store.evolve-fitness.eu\/wp-content\/uploads\/2025\/03\/EV-PL-PR-028-Evolve-Prime-Series-Plate-Loaded-Iso-Lateral-Horizontal-Bench-Press-Recovered-2-600x600.png 600w, https:\/\/store.evolve-fitness.eu\/wp-content\/uploads\/2025\/03\/EV-PL-PR-028-Evolve-Prime-Series-Plate-Loaded-Iso-Lateral-Horizontal-Bench-Press-Recovered-2-100x100.png 100w\" sizes=\"auto, (max-width: 1024px) 100vw, 1024px\" \/><\/figure>\n<\/div>\n<\/div>\n<\/section>\n<\/section>\n","protected":false},"excerpt":{"rendered":"<p>Evolve Prime Series Plate Loaded Horizontal Chest Press (EV-PL-PR-028) \u00e4r en avancerad tr\u00e4ningsmaskin som \u00e4r utformad f\u00f6r att optimera din \u00f6verkroppstr\u00e4ning. Den h\u00e4r maskinen \u00e4r byggd med material av kommersiell kvalitet och garanterar komfort, h\u00e5llbarhet och prestanda. Dess ergonomiska design och justerbara funktioner g\u00f6r den idealisk f\u00f6r anv\u00e4ndare p\u00e5 alla tr\u00e4ningsniv\u00e5er, perfekt f\u00f6r professionella gymmilj\u00f6er.  <\/p>\n","protected":false},"featured_media":121234,"template":"","meta":{"_acf_changed":false,"inline_featured_image":false},"product_cat":[773,1215],"product_tag":[],"class_list":{"0":"post-116943","1":"product","2":"type-product","3":"status-publish","4":"has-post-thumbnail","6":"product_cat-platbelastade-maskiner","7":"product_cat-prime-series-platbelastad","9":"first","10":"instock","11":"shipping-taxable","12":"purchasable","13":"product-type-simple"},"acf":[],"_links":{"self":[{"href":"https:\/\/store.evolve-fitness.eu\/sv\/wp-json\/wp\/v2\/product\/116943","targetHints":{"allow":["GET"]}}],"collection":[{"href":"https:\/\/store.evolve-fitness.eu\/sv\/wp-json\/wp\/v2\/product"}],"about":[{"href":"https:\/\/store.evolve-fitness.eu\/sv\/wp-json\/wp\/v2\/types\/product"}],"wp:featuredmedia":[{"embeddable":true,"href":"https:\/\/store.evolve-fitness.eu\/sv\/wp-json\/wp\/v2\/media\/121234"}],"wp:attachment":[{"href":"https:\/\/store.evolve-fitness.eu\/sv\/wp-json\/wp\/v2\/media?parent=116943"}],"wp:term":[{"taxonomy":"product_cat","embeddable":true,"href":"https:\/\/store.evolve-fitness.eu\/sv\/wp-json\/wp\/v2\/product_cat?post=116943"},{"taxonomy":"product_tag","embeddable":true,"href":"https:\/\/store.evolve-fitness.eu\/sv\/wp-json\/wp\/v2\/product_tag?post=116943"}],"curies":[{"name":"wp","href":"https:\/\/api.w.org\/{rel}","templated":true}]}}