{"id":116767,"date":"2025-03-10T13:42:02","date_gmt":"2025-03-10T13:42:02","guid":{"rendered":"https:\/\/store.evolve-fitness.eu\/?post_type=product&#038;p=116767"},"modified":"2026-04-08T12:00:31","modified_gmt":"2026-04-08T12:00:31","slug":"evolve-prime-series-plattbelastad-decline-brostpress","status":"publish","type":"product","link":"https:\/\/store.evolve-fitness.eu\/sv\/produkt\/evolve-prime-series-plattbelastad-decline-brostpress\/","title":{"rendered":"Evolve Prime Series plattbelastad decellinj\u00e4r br\u00f6stpress (PR-026)"},"content":{"rendered":"\n<section class=\"wp-block-group alignfull black-content has-white-color has-darkgray-background-color has-text-color has-background is-layout-constrained wp-block-group-is-layout-constrained\" style=\"padding-top:var(--wp--preset--spacing--section-bottom);padding-bottom:var(--wp--preset--spacing--section-bottom)\">\n<h3 class=\"wp-block-heading has-text-align-center\"><strong><strong>EVOLVE PLATE LADDAD PRIME-SERIE<\/strong><\/strong><\/h3>\n\n\n\n<p>Med Evolve Plate Loaded Prime Series \u00e4r h\u00f6gsta kvalitet standard. F\u00f6rb\u00e4ttra din styrketr\u00e4ning med maskiner som \u00e4r utformade f\u00f6r komfort, h\u00e5llbarhet och prestanda. Utforska hela sortimentet idag och omdefiniera din tr\u00e4ningsresa.  <\/p>\n\n\n\n<section class=\"wp-block-group alignfull black-content has-white-color has-darkgray-background-color has-text-color has-background is-layout-constrained wp-block-group-is-layout-constrained\" style=\"padding-top:var(--wp--preset--spacing--section-bottom);padding-bottom:var(--wp--preset--spacing--section-bottom)\">\n<div class=\"wp-block-columns alignwide mobile-reverse is-layout-flex wp-container-core-columns-is-layout-ca64bf2d wp-block-columns-is-layout-flex\" style=\"margin-bottom:var(--wp--preset--spacing--side-padding)\">\n<div class=\"wp-block-column is-vertically-aligned-center is-layout-flow wp-block-column-is-layout-flow\">\n<h3 class=\"wp-block-heading\" style=\"margin-bottom:var(--wp--preset--spacing--h-3-bottom)\"><strong><strong><strong><strong>Evolve Prime Series plattbelastad decline br\u00f6stpress<\/strong><\/strong><\/strong><\/strong><\/h3>\n\n\n\n<p><strong><em><strong><strong><strong><strong>Maximera styrkan i nedre delen av br\u00f6stkorgen med \u00f6verl\u00e4gsen biomekanik<\/strong><\/strong><\/strong><\/strong><\/em><\/strong><\/p>\n\n\n\n<p style=\"margin-bottom:var(--wp--preset--spacing--tb-section-padding)\"><strong>Evolve Prime Series Plate Loaded Decline Chest Press<\/strong> \u00e4r utformad f\u00f6r att effektivt rikta in sig p\u00e5 de nedre br\u00f6stmusklerna samtidigt som den s\u00e4kerst\u00e4ller en naturlig och kontrollerad pressr\u00f6relse. Med sitt ergonomiska s\u00e4te, vinklade ryggst\u00f6d och plattbelastade motst\u00e5ndssystem optimerar denna maskin muskelengagemanget samtidigt som den minimerar ledbelastningen. Den oberoende armr\u00f6relsen fr\u00e4mjar en balanserad utveckling, medan den robusta ramen s\u00e4kerst\u00e4ller h\u00e5llbarhet och stabilitet, vilket g\u00f6r den till ett viktigt verktyg f\u00f6r progressiv styrketr\u00e4ning.  <\/p>\n\n\n\n<h3 class=\"wp-block-heading\" style=\"margin-bottom:var(--wp--preset--spacing--h-3-bottom)\"><strong><strong><strong><strong><strong><strong>F\u00f6rb\u00e4ttra din nedre br\u00f6stkorgsdefinition<\/strong><\/strong><\/strong><\/strong><\/strong><\/strong><\/h3>\n\n\n\n<p><strong><em><strong>Mjuk, kontrollerad r\u00f6relse f\u00f6r maximal muskelaktivering<\/strong><\/em><\/strong><\/p>\n\n\n\n<p><strong>Evolve Prime Series Plate Loaded Decline Chest<\/strong> Press g\u00f6r det m\u00f6jligt f\u00f6r anv\u00e4ndare att utveckla explosiv presskraft med en guidad, biomekaniskt optimerad v\u00e4g. Det plattladdade systemet m\u00f6jligg\u00f6r anpassningsbara motst\u00e5ndsniv\u00e5er, vilket passar b\u00e5de nyb\u00f6rjare och avancerade lyftare. Den strategiskt utformade ned\u00e5tg\u00e5ende vinkeln f\u00f6rb\u00e4ttrar aktiveringen av nedre delen av br\u00f6stkorgen samtidigt som den minskar on\u00f6dig belastning p\u00e5 axlarna. Oavsett om ditt m\u00e5l \u00e4r styrka, muskeltillv\u00e4xt eller uth\u00e5llighet ger den h\u00e4r maskinen en mycket effektiv nedre br\u00f6sttr\u00e4ning med j\u00e4mnt och effektivt motst\u00e5nd.   <\/p>\n<\/div>\n\n\n\n<div class=\"wp-block-column is-vertically-aligned-center is-layout-flow wp-block-column-is-layout-flow\">\n<figure class=\"wp-block-image size-large is-resized is-style-rounded\"><img loading=\"lazy\" decoding=\"async\" width=\"1024\" height=\"1024\" src=\"https:\/\/store.evolve-fitness.eu\/wp-content\/uploads\/2025\/03\/EV-PL-PR-026-Evolve-Prime-Series-Plate-Loaded-Decline-Chest-Press-Recovered-2-1024x1024.png\" alt=\"\" class=\"wp-image-121035\" style=\"width:643px;height:706px\" srcset=\"https:\/\/store.evolve-fitness.eu\/wp-content\/uploads\/2025\/03\/EV-PL-PR-026-Evolve-Prime-Series-Plate-Loaded-Decline-Chest-Press-Recovered-2-1024x1024.png 1024w, https:\/\/store.evolve-fitness.eu\/wp-content\/uploads\/2025\/03\/EV-PL-PR-026-Evolve-Prime-Series-Plate-Loaded-Decline-Chest-Press-Recovered-2-300x300.png 300w, https:\/\/store.evolve-fitness.eu\/wp-content\/uploads\/2025\/03\/EV-PL-PR-026-Evolve-Prime-Series-Plate-Loaded-Decline-Chest-Press-Recovered-2-150x150.png 150w, https:\/\/store.evolve-fitness.eu\/wp-content\/uploads\/2025\/03\/EV-PL-PR-026-Evolve-Prime-Series-Plate-Loaded-Decline-Chest-Press-Recovered-2-768x768.png 768w, https:\/\/store.evolve-fitness.eu\/wp-content\/uploads\/2025\/03\/EV-PL-PR-026-Evolve-Prime-Series-Plate-Loaded-Decline-Chest-Press-Recovered-2-1536x1536.png 1536w, https:\/\/store.evolve-fitness.eu\/wp-content\/uploads\/2025\/03\/EV-PL-PR-026-Evolve-Prime-Series-Plate-Loaded-Decline-Chest-Press-Recovered-2-2048x2048.png 2048w, https:\/\/store.evolve-fitness.eu\/wp-content\/uploads\/2025\/03\/EV-PL-PR-026-Evolve-Prime-Series-Plate-Loaded-Decline-Chest-Press-Recovered-2-600x600.png 600w, https:\/\/store.evolve-fitness.eu\/wp-content\/uploads\/2025\/03\/EV-PL-PR-026-Evolve-Prime-Series-Plate-Loaded-Decline-Chest-Press-Recovered-2-100x100.png 100w\" sizes=\"auto, (max-width: 1024px) 100vw, 1024px\" \/><\/figure>\n<\/div>\n<\/div>\n<\/section>\n<\/section>\n","protected":false},"excerpt":{"rendered":"<p>Evolve Prime Series Plate Loaded Decline Chest Press \u00e4r utformad f\u00f6r att rikta in sig p\u00e5 de nedre br\u00f6stmusklerna med en j\u00e4mn, kontrollerad pressr\u00f6relse. Med en h\u00e5llbar ram, ergonomiskt s\u00e4te och plattbelastat motst\u00e5ndssystem m\u00f6jligg\u00f6r denna maskin anpassningsbar intensitet f\u00f6r att passa alla fitnessniv\u00e5er. Den \u00e4r idealisk f\u00f6r att bygga upp \u00f6verkroppsstyrka och s\u00e4kerst\u00e4ller effektiv muskelaktivering samtidigt som den ger stabilitet och komfort under tr\u00e4ningen. Perfekt f\u00f6r att f\u00f6rb\u00e4ttra br\u00f6stdefinitionen och den totala styrkan i \u00f6verkroppen.   <\/p>\n","protected":false},"featured_media":121084,"template":"","meta":{"_acf_changed":false,"inline_featured_image":false},"product_cat":[773,1215],"product_tag":[],"class_list":{"0":"post-116767","1":"product","2":"type-product","3":"status-publish","4":"has-post-thumbnail","6":"product_cat-platbelastade-maskiner","7":"product_cat-prime-series-platbelastad","9":"first","10":"instock","11":"shipping-taxable","12":"purchasable","13":"product-type-simple"},"acf":[],"_links":{"self":[{"href":"https:\/\/store.evolve-fitness.eu\/sv\/wp-json\/wp\/v2\/product\/116767","targetHints":{"allow":["GET"]}}],"collection":[{"href":"https:\/\/store.evolve-fitness.eu\/sv\/wp-json\/wp\/v2\/product"}],"about":[{"href":"https:\/\/store.evolve-fitness.eu\/sv\/wp-json\/wp\/v2\/types\/product"}],"wp:featuredmedia":[{"embeddable":true,"href":"https:\/\/store.evolve-fitness.eu\/sv\/wp-json\/wp\/v2\/media\/121084"}],"wp:attachment":[{"href":"https:\/\/store.evolve-fitness.eu\/sv\/wp-json\/wp\/v2\/media?parent=116767"}],"wp:term":[{"taxonomy":"product_cat","embeddable":true,"href":"https:\/\/store.evolve-fitness.eu\/sv\/wp-json\/wp\/v2\/product_cat?post=116767"},{"taxonomy":"product_tag","embeddable":true,"href":"https:\/\/store.evolve-fitness.eu\/sv\/wp-json\/wp\/v2\/product_tag?post=116767"}],"curies":[{"name":"wp","href":"https:\/\/api.w.org\/{rel}","templated":true}]}}