{"id":116491,"date":"2025-03-10T13:08:39","date_gmt":"2025-03-10T13:08:39","guid":{"rendered":"https:\/\/store.evolve-fitness.eu\/?post_type=product&#038;p=116491"},"modified":"2025-03-27T09:13:50","modified_gmt":"2025-03-27T09:13:50","slug":"evolve-prime-series-plattbelastad-axelpress","status":"publish","type":"product","link":"https:\/\/store.evolve-fitness.eu\/sv\/produkt\/evolve-prime-series-plattbelastad-axelpress\/","title":{"rendered":"Evolve Prime Series plattbelastad axelpress"},"content":{"rendered":"\n<section class=\"wp-block-group alignfull black-content has-white-color has-darkgray-background-color has-text-color has-background is-layout-constrained wp-block-group-is-layout-constrained\" style=\"padding-top:var(--wp--preset--spacing--section-bottom);padding-bottom:var(--wp--preset--spacing--section-bottom)\">\n<h3 class=\"wp-block-heading has-text-align-center\"><strong><strong>EVOLVE PLATE LADDAD PRIME-SERIE<\/strong><\/strong><\/h3>\n\n\n\n<p>Med Evolve Plate Loaded Prime Series \u00e4r h\u00f6gsta kvalitet standard. F\u00f6rb\u00e4ttra din styrketr\u00e4ning med maskiner som \u00e4r utformade f\u00f6r komfort, h\u00e5llbarhet och prestanda. Utforska hela sortimentet idag och omdefiniera din tr\u00e4ningsresa.  <\/p>\n\n\n\n<section class=\"wp-block-group alignfull black-content has-white-color has-darkgray-background-color has-text-color has-background is-layout-constrained wp-block-group-is-layout-constrained\" style=\"padding-top:var(--wp--preset--spacing--section-bottom);padding-bottom:var(--wp--preset--spacing--section-bottom)\">\n<div class=\"wp-block-columns alignwide mobile-reverse is-layout-flex wp-container-core-columns-is-layout-ca64bf2d wp-block-columns-is-layout-flex\" style=\"margin-bottom:var(--wp--preset--spacing--side-padding)\">\n<div class=\"wp-block-column is-vertically-aligned-center is-layout-flow wp-block-column-is-layout-flow\">\n<h3 class=\"wp-block-heading\" style=\"margin-bottom:var(--wp--preset--spacing--h-3-bottom)\"><strong><strong><strong>Evolve Prime Series plattbelastad axelpress<\/strong><\/strong><\/strong><\/h3>\n\n\n\n<p><strong><em><strong><strong><strong>F\u00f6rb\u00e4ttra axelstyrkan med precision och kraft<\/strong><\/strong><\/strong><\/em><\/strong><\/p>\n\n\n\n<p style=\"margin-bottom:var(--wp--preset--spacing--tb-section-padding)\"><strong>Evolve Prime Series Plate Loaded Shoulder Press<\/strong> \u00e4r utformad f\u00f6r att ge en kontrollerad och effektiv tr\u00e4ning av \u00f6verkroppen, med inriktning p\u00e5 deltamusklerna, triceps och \u00f6vre br\u00f6stet. Med sitt ergonomiska s\u00e4te, oberoende armr\u00f6relse och plattbelastade motst\u00e5ndssystem m\u00f6jligg\u00f6r denna maskin en naturlig pressr\u00f6relse samtidigt som belastningen p\u00e5 lederna minimeras. Den robusta konstruktionen garanterar h\u00e5llbarhet, vilket g\u00f6r den till ett viktigt tillskott till alla styrketr\u00e4ningsprogram. Oavsett om du siktar p\u00e5 muskeltillv\u00e4xt, f\u00f6rb\u00e4ttrad uth\u00e5llighet eller \u00f6kad axelstabilitet ger den h\u00e4r maskinen den perfekta kombinationen av kraft och precision.   <\/p>\n\n\n\n<h3 class=\"wp-block-heading\" style=\"margin-bottom:var(--wp--preset--spacing--h-3-bottom)\"><strong><strong><strong><strong><strong>Maximera utvecklingen av axlar<\/strong><\/strong><\/strong><\/strong><\/strong><\/h3>\n\n\n\n<p><strong><em>Biomekaniskt optimerad f\u00f6r styrka och s\u00e4kerhet<\/em><\/strong><\/p>\n\n\n\n<p><strong>Evolve Prime Series Plate Loaded Shoulder Press<\/strong> har en j\u00e4mn och guidad r\u00f6relsebana som s\u00e4kerst\u00e4ller j\u00e4mnt muskelengagemang genom hela r\u00f6relseomf\u00e5nget. Det justerbara s\u00e4tet och de m\u00e5nga greppositionerna m\u00f6jligg\u00f6r skr\u00e4ddarsydda tr\u00e4ningspass f\u00f6r olika kroppstyper och tr\u00e4ningspreferenser. Det plattbelastade systemet st\u00f6der progressiv \u00f6verbelastning, vilket g\u00f6r det l\u00e4mpligt f\u00f6r b\u00e5de nyb\u00f6rjare och avancerade lyftare. Denna axelpressmaskin \u00e4r utformad f\u00f6r stabilitet och prestanda och \u00e4r ett perfekt verktyg f\u00f6r att bygga starka, v\u00e4ldefinierade axlar med kontrollerat, effektivt motst\u00e5nd.   <\/p>\n<\/div>\n\n\n\n<div class=\"wp-block-column is-vertically-aligned-center is-layout-flow wp-block-column-is-layout-flow\">\n<figure class=\"wp-block-image size-large is-resized is-style-rounded\"><img loading=\"lazy\" decoding=\"async\" width=\"1024\" height=\"1024\" src=\"https:\/\/store.evolve-fitness.eu\/wp-content\/uploads\/2025\/03\/EV-PL-PR-024-Evolve-Prime-Series-Plate-Loaded-Shoulder-Press-Recovered-2-1024x1024.png\" alt=\"\" class=\"wp-image-116542\" style=\"width:643px;height:706px\" srcset=\"https:\/\/store.evolve-fitness.eu\/wp-content\/uploads\/2025\/03\/EV-PL-PR-024-Evolve-Prime-Series-Plate-Loaded-Shoulder-Press-Recovered-2-1024x1024.png 1024w, https:\/\/store.evolve-fitness.eu\/wp-content\/uploads\/2025\/03\/EV-PL-PR-024-Evolve-Prime-Series-Plate-Loaded-Shoulder-Press-Recovered-2-300x300.png 300w, https:\/\/store.evolve-fitness.eu\/wp-content\/uploads\/2025\/03\/EV-PL-PR-024-Evolve-Prime-Series-Plate-Loaded-Shoulder-Press-Recovered-2-150x150.png 150w, https:\/\/store.evolve-fitness.eu\/wp-content\/uploads\/2025\/03\/EV-PL-PR-024-Evolve-Prime-Series-Plate-Loaded-Shoulder-Press-Recovered-2-768x768.png 768w, https:\/\/store.evolve-fitness.eu\/wp-content\/uploads\/2025\/03\/EV-PL-PR-024-Evolve-Prime-Series-Plate-Loaded-Shoulder-Press-Recovered-2-1536x1536.png 1536w, https:\/\/store.evolve-fitness.eu\/wp-content\/uploads\/2025\/03\/EV-PL-PR-024-Evolve-Prime-Series-Plate-Loaded-Shoulder-Press-Recovered-2-2048x2048.png 2048w, https:\/\/store.evolve-fitness.eu\/wp-content\/uploads\/2025\/03\/EV-PL-PR-024-Evolve-Prime-Series-Plate-Loaded-Shoulder-Press-Recovered-2-600x600.png 600w, https:\/\/store.evolve-fitness.eu\/wp-content\/uploads\/2025\/03\/EV-PL-PR-024-Evolve-Prime-Series-Plate-Loaded-Shoulder-Press-Recovered-2-100x100.png 100w\" sizes=\"auto, (max-width: 1024px) 100vw, 1024px\" \/><\/figure>\n<\/div>\n<\/div>\n<\/section>\n<\/section>\n","protected":false},"excerpt":{"rendered":"<p>Evolve Prime Series Plate Loaded Shoulder Press \u00e4r utformad f\u00f6r att ge en kontrollerad och effektiv tr\u00e4ning av \u00f6verkroppen, med inriktning p\u00e5 deltamusklerna, triceps och \u00f6vre br\u00f6stet. Med sitt ergonomiska s\u00e4te, oberoende armr\u00f6relse och plattbelastade motst\u00e5ndssystem m\u00f6jligg\u00f6r denna maskin en naturlig pressr\u00f6relse samtidigt som belastningen p\u00e5 lederna minimeras. Den robusta konstruktionen garanterar h\u00e5llbarhet, vilket g\u00f6r den till ett viktigt tillskott till alla styrketr\u00e4ningsprogram. Oavsett om du siktar p\u00e5 muskeltillv\u00e4xt, f\u00f6rb\u00e4ttrad uth\u00e5llighet eller \u00f6kad axelstabilitet ger den h\u00e4r maskinen den perfekta kombinationen av kraft och precision.   <\/p>\n","protected":false},"featured_media":116516,"template":"","meta":{"_acf_changed":false,"inline_featured_image":false},"product_cat":[773,1215],"product_tag":[],"class_list":{"0":"post-116491","1":"product","2":"type-product","3":"status-publish","4":"has-post-thumbnail","6":"product_cat-platbelastade-maskiner","7":"product_cat-prime-series-platbelastad","9":"first","10":"instock","11":"shipping-taxable","12":"purchasable","13":"product-type-simple"},"acf":[],"_links":{"self":[{"href":"https:\/\/store.evolve-fitness.eu\/sv\/wp-json\/wp\/v2\/product\/116491","targetHints":{"allow":["GET"]}}],"collection":[{"href":"https:\/\/store.evolve-fitness.eu\/sv\/wp-json\/wp\/v2\/product"}],"about":[{"href":"https:\/\/store.evolve-fitness.eu\/sv\/wp-json\/wp\/v2\/types\/product"}],"wp:featuredmedia":[{"embeddable":true,"href":"https:\/\/store.evolve-fitness.eu\/sv\/wp-json\/wp\/v2\/media\/116516"}],"wp:attachment":[{"href":"https:\/\/store.evolve-fitness.eu\/sv\/wp-json\/wp\/v2\/media?parent=116491"}],"wp:term":[{"taxonomy":"product_cat","embeddable":true,"href":"https:\/\/store.evolve-fitness.eu\/sv\/wp-json\/wp\/v2\/product_cat?post=116491"},{"taxonomy":"product_tag","embeddable":true,"href":"https:\/\/store.evolve-fitness.eu\/sv\/wp-json\/wp\/v2\/product_tag?post=116491"}],"curies":[{"name":"wp","href":"https:\/\/api.w.org\/{rel}","templated":true}]}}