{"id":116391,"date":"2025-03-10T12:54:29","date_gmt":"2025-03-10T12:54:29","guid":{"rendered":"https:\/\/store.evolve-fitness.eu\/?post_type=product&#038;p=116391"},"modified":"2026-01-13T12:00:21","modified_gmt":"2026-01-13T12:00:21","slug":"evolve-prime-series-plattbelastad-sittande-hojning-av-vaderna","status":"publish","type":"product","link":"https:\/\/store.evolve-fitness.eu\/sv\/produkt\/evolve-prime-series-plattbelastad-sittande-hojning-av-vaderna\/","title":{"rendered":"Evolve Prime Series Plattbelastad sittande h\u00f6jning av vaderna"},"content":{"rendered":"\n<section class=\"wp-block-group alignfull black-content has-white-color has-darkgray-background-color has-text-color has-background is-layout-constrained wp-block-group-is-layout-constrained\" style=\"padding-top:var(--wp--preset--spacing--section-bottom);padding-bottom:var(--wp--preset--spacing--section-bottom)\">\n<h3 class=\"wp-block-heading has-text-align-center\"><strong><strong>EVOLVE PLATE LADDAD PRIME-SERIE<\/strong><\/strong><\/h3>\n\n\n\n<p>Med Evolve Plate Loaded Prime Series \u00e4r h\u00f6gsta kvalitet standard. F\u00f6rb\u00e4ttra din styrketr\u00e4ning med maskiner som \u00e4r utformade f\u00f6r komfort, h\u00e5llbarhet och prestanda. Utforska hela sortimentet idag och omdefiniera din tr\u00e4ningsresa.  <\/p>\n\n\n\n<section class=\"wp-block-group alignfull black-content has-white-color has-darkgray-background-color has-text-color has-background is-layout-constrained wp-block-group-is-layout-constrained\" style=\"padding-top:var(--wp--preset--spacing--section-bottom);padding-bottom:var(--wp--preset--spacing--section-bottom)\">\n<div class=\"wp-block-columns alignwide mobile-reverse is-layout-flex wp-container-core-columns-is-layout-ca64bf2d wp-block-columns-is-layout-flex\" style=\"margin-bottom:var(--wp--preset--spacing--side-padding)\">\n<div class=\"wp-block-column is-vertically-aligned-center is-layout-flow wp-block-column-is-layout-flow\">\n<h3 class=\"wp-block-heading\" style=\"margin-bottom:var(--wp--preset--spacing--h-3-bottom)\"><strong><strong><strong>Evolve Prime Series Plattbelastad sittande h\u00f6jning av vaderna<\/strong><\/strong><\/strong><\/h3>\n\n\n\n<p><strong><em><strong><strong>Bygg starkare och mer v\u00e4ldefinierade vader med precisionsmotst\u00e5nd<\/strong><\/strong><\/em><\/strong><\/p>\n\n\n\n<p style=\"margin-bottom:var(--wp--preset--spacing--tb-section-padding)\"><strong>Evolve Prime Series Plate Loaded Seated Calf Raise<\/strong> \u00e4r utformad f\u00f6r att effektivt rikta in sig p\u00e5 och st\u00e4rka soleusmuskeln, vilket ger \u00f6verl\u00e4gsen utveckling av underbenet. Med sitt ergonomiska s\u00e4te, justerbara l\u00e5rkuddar och smidiga plattbelastade motst\u00e5ndssystem s\u00e4kerst\u00e4ller denna maskin optimal biomekanik f\u00f6r kontrollerade och kraftfulla kalvsammandragningar. Den \u00e4r byggd f\u00f6r stabilitet och h\u00e5llbarhet och g\u00f6r det m\u00f6jligt f\u00f6r anv\u00e4ndare att gradvis \u00f6verbelasta sina vadmuskler, vilket g\u00f6r den till ett viktigt komplement till alla styrketr\u00e4ningsrutiner.  <\/p>\n\n\n\n<h3 class=\"wp-block-heading\" style=\"margin-bottom:var(--wp--preset--spacing--h-3-bottom)\"><strong><strong><strong><strong><strong>Maximera styrka och uth\u00e5llighet i vaderna<\/strong><\/strong><\/strong><\/strong><\/strong><\/h3>\n\n\n\n<p><strong><em>Mjuk, kontrollerad r\u00f6relse f\u00f6r effektiv muskelaktivering<\/em><\/strong><\/p>\n\n\n\n<p><strong>Evolve Prime Series Plate Loaded Seated Calf Raise<\/strong> ger en bekv\u00e4m men kraftfull tr\u00e4ningsupplevelse, s\u00e5 att anv\u00e4ndarna kan isolera och tr\u00e4na sina vader med precision. Den robusta fotplattformen s\u00e4kerst\u00e4ller korrekt fotpositionering, medan den plattbelastade mekanismen m\u00f6jligg\u00f6r anpassningsbart motst\u00e5nd f\u00f6r alla fitnessniv\u00e5er. Oavsett om du vill f\u00f6rb\u00e4ttra din atletiska prestation, f\u00f6rb\u00e4ttra definitionen av underbenen eller \u00f6ka uth\u00e5lligheten, ger den h\u00e4r maskinen en mycket effektiv och \u00e4ndam\u00e5lsenlig vadtr\u00e4ning.  <\/p>\n<\/div>\n\n\n\n<div class=\"wp-block-column is-vertically-aligned-center is-layout-flow wp-block-column-is-layout-flow\">\n<figure class=\"wp-block-image size-large is-resized is-style-rounded\"><img loading=\"lazy\" decoding=\"async\" width=\"1024\" height=\"1024\" src=\"https:\/\/store.evolve-fitness.eu\/wp-content\/uploads\/2025\/03\/EV-PL-PR-023-Evolve-Prime-Series-Plate-Loaded-Seated-Calf-Raise-Recovered-2-1024x1024.png\" alt=\"\" class=\"wp-image-120858\" style=\"width:643px;height:706px\" srcset=\"https:\/\/store.evolve-fitness.eu\/wp-content\/uploads\/2025\/03\/EV-PL-PR-023-Evolve-Prime-Series-Plate-Loaded-Seated-Calf-Raise-Recovered-2-1024x1024.png 1024w, https:\/\/store.evolve-fitness.eu\/wp-content\/uploads\/2025\/03\/EV-PL-PR-023-Evolve-Prime-Series-Plate-Loaded-Seated-Calf-Raise-Recovered-2-300x300.png 300w, https:\/\/store.evolve-fitness.eu\/wp-content\/uploads\/2025\/03\/EV-PL-PR-023-Evolve-Prime-Series-Plate-Loaded-Seated-Calf-Raise-Recovered-2-150x150.png 150w, https:\/\/store.evolve-fitness.eu\/wp-content\/uploads\/2025\/03\/EV-PL-PR-023-Evolve-Prime-Series-Plate-Loaded-Seated-Calf-Raise-Recovered-2-768x768.png 768w, https:\/\/store.evolve-fitness.eu\/wp-content\/uploads\/2025\/03\/EV-PL-PR-023-Evolve-Prime-Series-Plate-Loaded-Seated-Calf-Raise-Recovered-2-1536x1536.png 1536w, https:\/\/store.evolve-fitness.eu\/wp-content\/uploads\/2025\/03\/EV-PL-PR-023-Evolve-Prime-Series-Plate-Loaded-Seated-Calf-Raise-Recovered-2-2048x2048.png 2048w, https:\/\/store.evolve-fitness.eu\/wp-content\/uploads\/2025\/03\/EV-PL-PR-023-Evolve-Prime-Series-Plate-Loaded-Seated-Calf-Raise-Recovered-2-600x600.png 600w, https:\/\/store.evolve-fitness.eu\/wp-content\/uploads\/2025\/03\/EV-PL-PR-023-Evolve-Prime-Series-Plate-Loaded-Seated-Calf-Raise-Recovered-2-100x100.png 100w\" sizes=\"auto, (max-width: 1024px) 100vw, 1024px\" \/><\/figure>\n<\/div>\n<\/div>\n<\/section>\n<\/section>\n","protected":false},"excerpt":{"rendered":"<p>Evolve Prime Series Plate Loaded Trapezius Machine \u00e4r en elitfitnessmaskin utformad f\u00f6r att f\u00f6rb\u00e4ttra din \u00f6verkroppstr\u00e4ning. Den h\u00e4r maskinen \u00e4r tillverkad av material av kommersiell kvalitet och garanterar \u00f6verl\u00e4gsen komfort, h\u00e5llbarhet och prestanda. Dess ergonomiska design och justerbara funktioner g\u00f6r den l\u00e4mplig f\u00f6r anv\u00e4ndare p\u00e5 alla tr\u00e4ningsniv\u00e5er, perfekt f\u00f6r professionella gymmilj\u00f6er.  <\/p>\n","protected":false},"featured_media":120957,"template":"","meta":{"_acf_changed":false,"inline_featured_image":false},"product_cat":[773,1215],"product_tag":[],"class_list":{"0":"post-116391","1":"product","2":"type-product","3":"status-publish","4":"has-post-thumbnail","6":"product_cat-platbelastade-maskiner","7":"product_cat-prime-series-platbelastad","9":"first","10":"outofstock","11":"shipping-taxable","12":"purchasable","13":"product-type-simple"},"acf":[],"_links":{"self":[{"href":"https:\/\/store.evolve-fitness.eu\/sv\/wp-json\/wp\/v2\/product\/116391","targetHints":{"allow":["GET"]}}],"collection":[{"href":"https:\/\/store.evolve-fitness.eu\/sv\/wp-json\/wp\/v2\/product"}],"about":[{"href":"https:\/\/store.evolve-fitness.eu\/sv\/wp-json\/wp\/v2\/types\/product"}],"wp:featuredmedia":[{"embeddable":true,"href":"https:\/\/store.evolve-fitness.eu\/sv\/wp-json\/wp\/v2\/media\/120957"}],"wp:attachment":[{"href":"https:\/\/store.evolve-fitness.eu\/sv\/wp-json\/wp\/v2\/media?parent=116391"}],"wp:term":[{"taxonomy":"product_cat","embeddable":true,"href":"https:\/\/store.evolve-fitness.eu\/sv\/wp-json\/wp\/v2\/product_cat?post=116391"},{"taxonomy":"product_tag","embeddable":true,"href":"https:\/\/store.evolve-fitness.eu\/sv\/wp-json\/wp\/v2\/product_tag?post=116391"}],"curies":[{"name":"wp","href":"https:\/\/api.w.org\/{rel}","templated":true}]}}