{"id":115960,"date":"2025-03-10T08:57:00","date_gmt":"2025-03-10T08:57:00","guid":{"rendered":"https:\/\/store.evolve-fitness.eu\/?post_type=product&#038;p=115960"},"modified":"2025-04-04T06:21:54","modified_gmt":"2025-04-04T06:21:54","slug":"evolve-prime-series-plate-loaded-front-lat-pull-down-10","status":"publish","type":"product","link":"https:\/\/store.evolve-fitness.eu\/sv\/produkt\/evolve-prime-series-plate-loaded-front-lat-pull-down-10\/","title":{"rendered":"Evolve Prime Series Plate Loaded Front Lat Pull Down"},"content":{"rendered":"\n<section class=\"wp-block-group alignfull black-content has-white-color has-darkgray-background-color has-text-color has-background is-layout-constrained wp-block-group-is-layout-constrained\" style=\"padding-top:var(--wp--preset--spacing--section-bottom);padding-bottom:var(--wp--preset--spacing--section-bottom)\">\n<h3 class=\"wp-block-heading has-text-align-center\"><strong><strong>EVOLVE PLATE LADDAD PRIME-SERIE<\/strong><\/strong><\/h3>\n\n\n\n<p>Med Evolve Plate Loaded Prime Series \u00e4r h\u00f6gsta kvalitet standard. F\u00f6rb\u00e4ttra din styrketr\u00e4ning med maskiner som \u00e4r utformade f\u00f6r komfort, h\u00e5llbarhet och prestanda. Utforska hela sortimentet idag och omdefiniera din tr\u00e4ningsresa.  <\/p>\n\n\n\n<section class=\"wp-block-group alignfull black-content has-white-color has-darkgray-background-color has-text-color has-background is-layout-constrained wp-block-group-is-layout-constrained\" style=\"padding-top:var(--wp--preset--spacing--section-bottom);padding-bottom:var(--wp--preset--spacing--section-bottom)\">\n<div class=\"wp-block-columns alignwide mobile-reverse is-layout-flex wp-container-core-columns-is-layout-ca64bf2d wp-block-columns-is-layout-flex\" style=\"margin-bottom:var(--wp--preset--spacing--side-padding)\">\n<div class=\"wp-block-column is-vertically-aligned-center is-layout-flow wp-block-column-is-layout-flow\">\n<h3 class=\"wp-block-heading\" style=\"margin-bottom:var(--wp--preset--spacing--h-3-bottom)\"><strong><strong><strong><strong><strong><strong><strong><strong>Evolve Prime Series Plattbelastad Front Lat Pulldown<\/strong><\/strong><\/strong><\/strong><\/strong><\/strong><\/strong><\/strong><\/h3>\n\n\n\n<p><em><strong><em><strong><strong><strong><strong>L\u00e5s upp \u00f6verl\u00e4gsen ryggstyrka med precisionsdragmekanik<\/strong><\/strong><\/strong><\/strong><\/em><\/strong><\/em><\/p>\n\n\n\n<p style=\"margin-bottom:var(--wp--preset--spacing--tb-section-padding)\"><strong>Evolve Prime Series Plate Loaded Front Lat Pulldown<\/strong> \u00e4r utformad f\u00f6r att maximera latsengagemang och styrka i \u00f6verkroppen med en naturlig och kontrollerad dragr\u00f6relse. Med ett ergonomiskt s\u00e4te, justerbara l\u00e5rkuddar och ett plattbelastat motst\u00e5ndssystem m\u00f6jligg\u00f6r denna maskin progressiv \u00f6verbelastning f\u00f6r att passa alla fitnessniv\u00e5er. Den smidiga och biomekaniskt optimerade r\u00f6relsebanan s\u00e4kerst\u00e4ller effektiv muskelaktivering samtidigt som belastningen p\u00e5 lederna minimeras. Denna lat pulldown-maskin \u00e4r idealisk f\u00f6r att utveckla en bred och stark rygg och \u00e4r ett viktigt inslag i alla styrketr\u00e4ningsprogram.   <\/p>\n\n\n\n<h3 class=\"wp-block-heading\" style=\"margin-bottom:var(--wp--preset--spacing--h-3-bottom)\"><strong><strong><strong><strong><strong><strong><strong>Precisionsaktivering av latsen f\u00f6r maximala resultat<\/strong><\/strong><\/strong><\/strong><\/strong><\/strong><\/strong><\/h3>\n\n\n\n<p><strong><em><strong><strong><strong><strong>Kontrollerad, effektiv och anpassningsbar resistens<\/strong><\/strong><\/strong><\/strong><\/em><\/strong><\/p>\n\n\n\n<p><strong>Evolve Prime Series Plate Loaded Front Lat Pulldown<\/strong> har oberoende armr\u00f6relser f\u00f6r balanserad muskelutveckling, medan de vinklade handtagen ger flera greppvariationer f\u00f6r att rikta in sig p\u00e5 olika delar av ryggen. Den robusta ramen och det smidiga plattbelastade systemet s\u00e4kerst\u00e4ller konsekvent motst\u00e5nd, s\u00e5 att anv\u00e4ndarna kan pressa sina gr\u00e4nser p\u00e5 ett s\u00e4kert och effektivt s\u00e4tt. Oavsett om ditt m\u00e5l \u00e4r att f\u00f6rb\u00e4ttra \u00f6verkroppsstyrkan, f\u00f6rb\u00e4ttra h\u00e5llningen eller bygga en v\u00e4ldefinierad rygg, erbjuder den h\u00e4r maskinen den perfekta kombinationen av stabilitet, komfort och prestanda.  <\/p>\n<\/div>\n\n\n\n<div class=\"wp-block-column is-vertically-aligned-center is-layout-flow wp-block-column-is-layout-flow\">\n<figure class=\"wp-block-image size-large\"><img loading=\"lazy\" decoding=\"async\" width=\"1024\" height=\"1024\" src=\"https:\/\/store.evolve-fitness.eu\/wp-content\/uploads\/2025\/03\/EV-PL-PR-016-Evolve-Prime-Series-Plate-Loaded-Fron-Lat-Pull-Down-Recovered-1024x1024.png\" alt=\"\" class=\"wp-image-115961\" srcset=\"https:\/\/store.evolve-fitness.eu\/wp-content\/uploads\/2025\/03\/EV-PL-PR-016-Evolve-Prime-Series-Plate-Loaded-Fron-Lat-Pull-Down-Recovered-1024x1024.png 1024w, https:\/\/store.evolve-fitness.eu\/wp-content\/uploads\/2025\/03\/EV-PL-PR-016-Evolve-Prime-Series-Plate-Loaded-Fron-Lat-Pull-Down-Recovered-300x300.png 300w, https:\/\/store.evolve-fitness.eu\/wp-content\/uploads\/2025\/03\/EV-PL-PR-016-Evolve-Prime-Series-Plate-Loaded-Fron-Lat-Pull-Down-Recovered-150x150.png 150w, https:\/\/store.evolve-fitness.eu\/wp-content\/uploads\/2025\/03\/EV-PL-PR-016-Evolve-Prime-Series-Plate-Loaded-Fron-Lat-Pull-Down-Recovered-768x768.png 768w, https:\/\/store.evolve-fitness.eu\/wp-content\/uploads\/2025\/03\/EV-PL-PR-016-Evolve-Prime-Series-Plate-Loaded-Fron-Lat-Pull-Down-Recovered-1536x1536.png 1536w, https:\/\/store.evolve-fitness.eu\/wp-content\/uploads\/2025\/03\/EV-PL-PR-016-Evolve-Prime-Series-Plate-Loaded-Fron-Lat-Pull-Down-Recovered-2048x2048.png 2048w, https:\/\/store.evolve-fitness.eu\/wp-content\/uploads\/2025\/03\/EV-PL-PR-016-Evolve-Prime-Series-Plate-Loaded-Fron-Lat-Pull-Down-Recovered-600x600.png 600w, https:\/\/store.evolve-fitness.eu\/wp-content\/uploads\/2025\/03\/EV-PL-PR-016-Evolve-Prime-Series-Plate-Loaded-Fron-Lat-Pull-Down-Recovered-100x100.png 100w\" sizes=\"auto, (max-width: 1024px) 100vw, 1024px\" \/><\/figure>\n<\/div>\n<\/div>\n<\/section>\n<\/section>\n","protected":false},"excerpt":{"rendered":"<p>Evolve Prime Series Plate Loaded Front Lat Pulldown \u00e4r utformad f\u00f6r att maximera latsengagemang och styrka i \u00f6verkroppen med en naturlig och kontrollerad dragr\u00f6relse. Med ett ergonomiskt s\u00e4te, justerbara l\u00e5rkuddar och ett plattbelastat motst\u00e5ndssystem m\u00f6jligg\u00f6r denna maskin progressiv \u00f6verbelastning f\u00f6r att passa alla fitnessniv\u00e5er. Den smidiga och biomekaniskt optimerade r\u00f6relsebanan s\u00e4kerst\u00e4ller effektiv muskelaktivering samtidigt som belastningen p\u00e5 lederna minimeras. Denna lat pulldown-maskin \u00e4r idealisk f\u00f6r att utveckla en bred och stark rygg och \u00e4r ett viktigt inslag i alla styrketr\u00e4ningsprogram.   <\/p>\n","protected":false},"featured_media":115985,"template":"","meta":{"_acf_changed":false,"inline_featured_image":false},"product_cat":[773,1215],"product_tag":[],"class_list":{"0":"post-115960","1":"product","2":"type-product","3":"status-publish","4":"has-post-thumbnail","6":"product_cat-platbelastade-maskiner","7":"product_cat-prime-series-platbelastad","9":"first","10":"instock","11":"shipping-taxable","12":"purchasable","13":"product-type-simple"},"acf":[],"_links":{"self":[{"href":"https:\/\/store.evolve-fitness.eu\/sv\/wp-json\/wp\/v2\/product\/115960","targetHints":{"allow":["GET"]}}],"collection":[{"href":"https:\/\/store.evolve-fitness.eu\/sv\/wp-json\/wp\/v2\/product"}],"about":[{"href":"https:\/\/store.evolve-fitness.eu\/sv\/wp-json\/wp\/v2\/types\/product"}],"wp:featuredmedia":[{"embeddable":true,"href":"https:\/\/store.evolve-fitness.eu\/sv\/wp-json\/wp\/v2\/media\/115985"}],"wp:attachment":[{"href":"https:\/\/store.evolve-fitness.eu\/sv\/wp-json\/wp\/v2\/media?parent=115960"}],"wp:term":[{"taxonomy":"product_cat","embeddable":true,"href":"https:\/\/store.evolve-fitness.eu\/sv\/wp-json\/wp\/v2\/product_cat?post=115960"},{"taxonomy":"product_tag","embeddable":true,"href":"https:\/\/store.evolve-fitness.eu\/sv\/wp-json\/wp\/v2\/product_tag?post=115960"}],"curies":[{"name":"wp","href":"https:\/\/api.w.org\/{rel}","templated":true}]}}