{"id":115784,"date":"2025-03-10T08:29:17","date_gmt":"2025-03-10T08:29:17","guid":{"rendered":"https:\/\/store.evolve-fitness.eu\/?post_type=product&#038;p=115784"},"modified":"2025-12-13T13:26:02","modified_gmt":"2025-12-13T13:26:02","slug":"evolve-prime-series-plattbelastad-brostpress-med-hog-lutning","status":"publish","type":"product","link":"https:\/\/store.evolve-fitness.eu\/sv\/produkt\/evolve-prime-series-plattbelastad-brostpress-med-hog-lutning\/","title":{"rendered":"Evolve Prime Series plattbelastad br\u00f6stpress med h\u00f6g lutning (PR-010)"},"content":{"rendered":"\n<section class=\"wp-block-group alignfull black-content has-white-color has-darkgray-background-color has-text-color has-background is-layout-constrained wp-block-group-is-layout-constrained\" style=\"padding-top:var(--wp--preset--spacing--section-bottom);padding-bottom:var(--wp--preset--spacing--section-bottom)\">\n<h3 class=\"wp-block-heading has-text-align-center\"><strong><strong>EVOLVE PLATE LADDAD PRIME-SERIE<\/strong><\/strong><\/h3>\n\n\n\n<p>Med Evolve Plate Loaded Prime Series \u00e4r h\u00f6gsta kvalitet standard. F\u00f6rb\u00e4ttra din styrketr\u00e4ning med maskiner som \u00e4r utformade f\u00f6r komfort, h\u00e5llbarhet och prestanda. Utforska hela sortimentet idag och omdefiniera din tr\u00e4ningsresa.  <\/p>\n\n\n\n<section class=\"wp-block-group alignfull black-content has-white-color has-darkgray-background-color has-text-color has-background is-layout-constrained wp-block-group-is-layout-constrained\" style=\"padding-top:var(--wp--preset--spacing--section-bottom);padding-bottom:var(--wp--preset--spacing--section-bottom)\">\n<div class=\"wp-block-columns alignwide mobile-reverse is-layout-flex wp-container-core-columns-is-layout-ca64bf2d wp-block-columns-is-layout-flex\" style=\"margin-bottom:var(--wp--preset--spacing--side-padding)\">\n<div class=\"wp-block-column is-vertically-aligned-center is-layout-flow wp-block-column-is-layout-flow\">\n<h3 class=\"wp-block-heading\" style=\"margin-bottom:var(--wp--preset--spacing--h-3-bottom)\"><strong><strong><strong><strong><strong><strong><strong>Evolve Prime Series plattbelastad br\u00f6stpress med h\u00f6g lutning<\/strong><\/strong><\/strong><\/strong><\/strong><\/strong><\/strong><\/h3>\n\n\n\n<p><em><strong><em><strong><strong><strong>F\u00f6rb\u00e4ttra utvecklingen av \u00f6vre delen av br\u00f6stkorgen med optimal biomekanik<\/strong><\/strong><\/strong><\/em><\/strong><\/em><\/p>\n\n\n\n<p style=\"margin-bottom:var(--wp--preset--spacing--tb-section-padding)\"><strong>Evolve Prime Series Plate Loaded High Incline Chest Press<\/strong> \u00e4r konstruerad f\u00f6r att rikta in sig p\u00e5 \u00f6vre br\u00f6stet, axlarna och triceps med precision. Utformad med en vinklad pressr\u00f6relse efterliknar denna maskin den naturliga biomekaniken hos en lutande b\u00e4nkpress samtidigt som den erbjuder stabilitet och s\u00e4kerhet p\u00e5 en guidad v\u00e4g. Dess plattbelastade motst\u00e5ndssystem m\u00f6jligg\u00f6r progressiv \u00f6verbelastning, vilket g\u00f6r den idealisk f\u00f6r anv\u00e4ndare p\u00e5 alla fitnessniv\u00e5er. Med ett ergonomiskt s\u00e4te och justerbara greppositioner s\u00e4kerst\u00e4ller maskinen maximal komfort och effektivitet, s\u00e5 att anv\u00e4ndarna kan t\u00e4nja sina gr\u00e4nser med tillf\u00f6rsikt.   <\/p>\n\n\n\n<h3 class=\"wp-block-heading\" style=\"margin-bottom:var(--wp--preset--spacing--h-3-bottom)\"><strong><strong><strong><strong><strong><strong>Maximera styrkan i \u00f6verkroppen<\/strong><\/strong><\/strong><\/strong><\/strong><\/strong><\/h3>\n\n\n\n<p><strong><em><strong><strong><strong>Mjuk och kontrollerad r\u00f6relse f\u00f6r \u00f6verl\u00e4gsen muskelaktivering<\/strong><\/strong><\/strong><\/em><\/strong><\/p>\n\n\n\n<p><strong>Evolve Prime Series Plate Loaded High Incline Chest Press<\/strong> \u00e4r byggd f\u00f6r idrottare och fitnessentusiaster som vill f\u00f6rb\u00e4ttra sin styrka och definition av \u00f6vre br\u00f6stet. Den oberoende armr\u00f6relsen fr\u00e4mjar balanserad muskelutveckling, medan den optimerade pressvinkeln minskar belastningen p\u00e5 axlarna. Den kraftiga ramen och den smidiga motst\u00e5ndsmekanismen s\u00e4kerst\u00e4ller h\u00e5llbarhet och prestanda i alla gymmilj\u00f6er. Oavsett om ditt m\u00e5l \u00e4r muskelhypertrofi, styrkeuppbyggnad eller \u00f6vergripande konditionering av \u00f6verkroppen, ger den h\u00e4r maskinen en effektiv och kontrollerad tr\u00e4ningsupplevelse.   <\/p>\n<\/div>\n\n\n\n<div class=\"wp-block-column is-vertically-aligned-center is-layout-flow wp-block-column-is-layout-flow\">\n<figure class=\"wp-block-image size-large\"><img loading=\"lazy\" decoding=\"async\" width=\"1024\" height=\"1024\" src=\"https:\/\/store.evolve-fitness.eu\/wp-content\/uploads\/2025\/03\/EV-PL-PR-010-Evolve-Prime-Series-Plate-Loaded-High-Incline-Chest-Press-Recovered-1024x1024.png\" alt=\"\" class=\"wp-image-115785\" srcset=\"https:\/\/store.evolve-fitness.eu\/wp-content\/uploads\/2025\/03\/EV-PL-PR-010-Evolve-Prime-Series-Plate-Loaded-High-Incline-Chest-Press-Recovered-1024x1024.png 1024w, https:\/\/store.evolve-fitness.eu\/wp-content\/uploads\/2025\/03\/EV-PL-PR-010-Evolve-Prime-Series-Plate-Loaded-High-Incline-Chest-Press-Recovered-300x300.png 300w, https:\/\/store.evolve-fitness.eu\/wp-content\/uploads\/2025\/03\/EV-PL-PR-010-Evolve-Prime-Series-Plate-Loaded-High-Incline-Chest-Press-Recovered-150x150.png 150w, https:\/\/store.evolve-fitness.eu\/wp-content\/uploads\/2025\/03\/EV-PL-PR-010-Evolve-Prime-Series-Plate-Loaded-High-Incline-Chest-Press-Recovered-768x768.png 768w, https:\/\/store.evolve-fitness.eu\/wp-content\/uploads\/2025\/03\/EV-PL-PR-010-Evolve-Prime-Series-Plate-Loaded-High-Incline-Chest-Press-Recovered-1536x1536.png 1536w, https:\/\/store.evolve-fitness.eu\/wp-content\/uploads\/2025\/03\/EV-PL-PR-010-Evolve-Prime-Series-Plate-Loaded-High-Incline-Chest-Press-Recovered-2048x2048.png 2048w, https:\/\/store.evolve-fitness.eu\/wp-content\/uploads\/2025\/03\/EV-PL-PR-010-Evolve-Prime-Series-Plate-Loaded-High-Incline-Chest-Press-Recovered-600x600.png 600w, https:\/\/store.evolve-fitness.eu\/wp-content\/uploads\/2025\/03\/EV-PL-PR-010-Evolve-Prime-Series-Plate-Loaded-High-Incline-Chest-Press-Recovered-100x100.png 100w\" sizes=\"auto, (max-width: 1024px) 100vw, 1024px\" \/><\/figure>\n<\/div>\n<\/div>\n<\/section>\n<\/section>\n","protected":false},"excerpt":{"rendered":"<p>Evolve Prime Series Plate-Loaded High Incline Chest Press (EV-PL-PR-010) \u00e4r expertutformad f\u00f6r att rikta in sig p\u00e5 \u00f6vre br\u00f6stet, axlarna och triceps, vilket ger en kraftfull och kontrollerad pressr\u00f6relse. Med sin h\u00f6ga lutningsvinkel betonar den h\u00e4r maskinen den clavikul\u00e4ra delen av br\u00f6stmusklerna, vilket fr\u00e4mjar \u00f6verl\u00e4gsen utveckling av \u00f6verkroppen. Den \u00e4r konstruerad f\u00f6r smidig r\u00f6relse och ergonomisk positionering och s\u00e4kerst\u00e4ller optimal biomekanik, vilket g\u00f6r att anv\u00e4ndarna kan tr\u00e4na s\u00e4kert och effektivt. Oavsett om ditt m\u00e5l \u00e4r att bygga muskelmassa, \u00f6ka styrkan eller f\u00f6rb\u00e4ttra pressprestanda \u00e4r den h\u00e4r plattbelastade maskinen ett viktigt tillskott till alla avancerade tr\u00e4ningsuppst\u00e4llningar.   <\/p>\n","protected":false},"featured_media":115809,"template":"","meta":{"_acf_changed":false,"inline_featured_image":false},"product_cat":[773,1215],"product_tag":[],"class_list":{"0":"post-115784","1":"product","2":"type-product","3":"status-publish","4":"has-post-thumbnail","6":"product_cat-platbelastade-maskiner","7":"product_cat-prime-series-platbelastad","9":"first","10":"instock","11":"shipping-taxable","12":"purchasable","13":"product-type-simple"},"acf":[],"_links":{"self":[{"href":"https:\/\/store.evolve-fitness.eu\/sv\/wp-json\/wp\/v2\/product\/115784","targetHints":{"allow":["GET"]}}],"collection":[{"href":"https:\/\/store.evolve-fitness.eu\/sv\/wp-json\/wp\/v2\/product"}],"about":[{"href":"https:\/\/store.evolve-fitness.eu\/sv\/wp-json\/wp\/v2\/types\/product"}],"wp:featuredmedia":[{"embeddable":true,"href":"https:\/\/store.evolve-fitness.eu\/sv\/wp-json\/wp\/v2\/media\/115809"}],"wp:attachment":[{"href":"https:\/\/store.evolve-fitness.eu\/sv\/wp-json\/wp\/v2\/media?parent=115784"}],"wp:term":[{"taxonomy":"product_cat","embeddable":true,"href":"https:\/\/store.evolve-fitness.eu\/sv\/wp-json\/wp\/v2\/product_cat?post=115784"},{"taxonomy":"product_tag","embeddable":true,"href":"https:\/\/store.evolve-fitness.eu\/sv\/wp-json\/wp\/v2\/product_tag?post=115784"}],"curies":[{"name":"wp","href":"https:\/\/api.w.org\/{rel}","templated":true}]}}