{"id":115684,"date":"2025-03-10T07:56:06","date_gmt":"2025-03-10T07:56:06","guid":{"rendered":"https:\/\/store.evolve-fitness.eu\/?post_type=product&#038;p=115684"},"modified":"2025-04-04T06:23:49","modified_gmt":"2025-04-04T06:23:49","slug":"evolve-prime-series-plate-loaded-sittande-dy-row-aterstalld","status":"publish","type":"product","link":"https:\/\/store.evolve-fitness.eu\/sv\/produkt\/evolve-prime-series-plate-loaded-sittande-dy-row-aterstalld\/","title":{"rendered":"Evolve Prime Series Plate Loaded Sittande DY Row \u00c5terst\u00e4lld"},"content":{"rendered":"\n<section class=\"wp-block-group alignfull black-content has-white-color has-darkgray-background-color has-text-color has-background is-layout-constrained wp-block-group-is-layout-constrained\" style=\"padding-top:var(--wp--preset--spacing--section-bottom);padding-bottom:var(--wp--preset--spacing--section-bottom)\">\n<h3 class=\"wp-block-heading has-text-align-center\"><strong><strong>EVOLVE PLATE LADDAD PRIME-SERIE<\/strong><\/strong><\/h3>\n\n\n\n<p>Med Evolve Plate Loaded Prime Series \u00e4r h\u00f6gsta kvalitet standard. F\u00f6rb\u00e4ttra din styrketr\u00e4ning med maskiner som \u00e4r utformade f\u00f6r komfort, h\u00e5llbarhet och prestanda. Utforska hela sortimentet idag och omdefiniera din tr\u00e4ningsresa.  <\/p>\n\n\n\n<section class=\"wp-block-group alignfull black-content has-white-color has-darkgray-background-color has-text-color has-background is-layout-constrained wp-block-group-is-layout-constrained\" style=\"padding-top:var(--wp--preset--spacing--section-bottom);padding-bottom:var(--wp--preset--spacing--section-bottom)\">\n<div class=\"wp-block-columns alignwide mobile-reverse is-layout-flex wp-container-core-columns-is-layout-ca64bf2d wp-block-columns-is-layout-flex\" style=\"margin-bottom:var(--wp--preset--spacing--side-padding)\">\n<div class=\"wp-block-column is-vertically-aligned-center is-layout-flow wp-block-column-is-layout-flow\">\n<h3 class=\"wp-block-heading\" style=\"margin-bottom:var(--wp--preset--spacing--h-3-bottom)\"><strong><strong><strong><strong><strong><strong>Evolve Prime Series Plattbelastad sittande DY-rad<\/strong><\/strong><\/strong><\/strong><\/strong><\/strong><\/h3>\n\n\n\n<p><em><strong><em><strong><strong>\u00d6verl\u00e4gsen ryggkontakt med precisionsbiomekanik<\/strong><\/strong><\/em><\/strong><\/em><\/p>\n\n\n\n<p style=\"margin-bottom:var(--wp--preset--spacing--tb-section-padding)\"><strong>Evolve Prime Series Plate Loaded Seated DY Row<\/strong> \u00e4r utformad f\u00f6r att maximera ryggmuskelaktivering samtidigt som korrekt form och kontroll bibeh\u00e5lls. Med ett ergonomiskt s\u00e4te, vinklad br\u00f6stkudde och ett plattbelastat motst\u00e5ndssystem riktar denna maskin in sig p\u00e5 lats, traps och bakre delts med precision. Den oberoende armr\u00f6relsen fr\u00e4mjar balanserad muskelutveckling, medan de justerbara handtagen rymmer olika greppositioner f\u00f6r ett anpassat tr\u00e4ningspass. Denna roddmaskin \u00e4r byggd f\u00f6r styrka och h\u00e5llbarhet och \u00e4r idealisk f\u00f6r idrottare och fitnessentusiaster som vill f\u00f6rb\u00e4ttra sin \u00f6verkroppskraft.   <\/p>\n\n\n\n<h3 class=\"wp-block-heading\" style=\"margin-bottom:var(--wp--preset--spacing--h-3-bottom)\"><strong><strong><strong><strong><strong><strong>Rikta in dig p\u00e5 ryggen med o\u00f6vertr\u00e4ffad effektivitet<\/strong><\/strong><\/strong><\/strong><\/strong><\/strong><\/h3>\n\n\n\n<p><strong><em><strong><strong>Biomekaniskt optimerad f\u00f6r maximal muskelaktivering<\/strong><\/strong><\/em><\/strong><\/p>\n\n\n\n<p><strong>Evolve Prime Series Plate Loaded Seated DY Row<\/strong> s\u00e4kerst\u00e4ller en naturlig dragr\u00f6relse som f\u00f6rb\u00e4ttrar ryggens engagemang och minimerar on\u00f6dig belastning. Br\u00f6stst\u00f6det stabiliserar b\u00e5len, s\u00e5 att anv\u00e4ndaren kan fokusera helt p\u00e5 kontraktion och kontroll. Det plattbelastade systemet m\u00f6jligg\u00f6r progressivt motst\u00e5nd, vilket g\u00f6r det l\u00e4mpligt f\u00f6r alla fitnessniv\u00e5er. Oavsett om du vill bygga upp styrka, f\u00f6rb\u00e4ttra h\u00e5llningen eller \u00f6ka muskelmassan ger den h\u00e4r maskinen en kraftfull och effektiv ryggtr\u00e4ning med varje repetition.   <\/p>\n<\/div>\n\n\n\n<div class=\"wp-block-column is-vertically-aligned-center is-layout-flow wp-block-column-is-layout-flow\">\n<figure class=\"wp-block-image size-large\"><img loading=\"lazy\" decoding=\"async\" width=\"1024\" height=\"1024\" src=\"https:\/\/store.evolve-fitness.eu\/wp-content\/uploads\/2025\/03\/EV-PL-PR-013-Evolve-Prime-Series-Plate-Loaded-Seated-DY-Row-Recovered-1-1024x1024.png\" alt=\"\" class=\"wp-image-115710\" srcset=\"https:\/\/store.evolve-fitness.eu\/wp-content\/uploads\/2025\/03\/EV-PL-PR-013-Evolve-Prime-Series-Plate-Loaded-Seated-DY-Row-Recovered-1-1024x1024.png 1024w, https:\/\/store.evolve-fitness.eu\/wp-content\/uploads\/2025\/03\/EV-PL-PR-013-Evolve-Prime-Series-Plate-Loaded-Seated-DY-Row-Recovered-1-300x300.png 300w, https:\/\/store.evolve-fitness.eu\/wp-content\/uploads\/2025\/03\/EV-PL-PR-013-Evolve-Prime-Series-Plate-Loaded-Seated-DY-Row-Recovered-1-150x150.png 150w, https:\/\/store.evolve-fitness.eu\/wp-content\/uploads\/2025\/03\/EV-PL-PR-013-Evolve-Prime-Series-Plate-Loaded-Seated-DY-Row-Recovered-1-768x768.png 768w, https:\/\/store.evolve-fitness.eu\/wp-content\/uploads\/2025\/03\/EV-PL-PR-013-Evolve-Prime-Series-Plate-Loaded-Seated-DY-Row-Recovered-1-1536x1536.png 1536w, https:\/\/store.evolve-fitness.eu\/wp-content\/uploads\/2025\/03\/EV-PL-PR-013-Evolve-Prime-Series-Plate-Loaded-Seated-DY-Row-Recovered-1-2048x2048.png 2048w, https:\/\/store.evolve-fitness.eu\/wp-content\/uploads\/2025\/03\/EV-PL-PR-013-Evolve-Prime-Series-Plate-Loaded-Seated-DY-Row-Recovered-1-600x600.png 600w, https:\/\/store.evolve-fitness.eu\/wp-content\/uploads\/2025\/03\/EV-PL-PR-013-Evolve-Prime-Series-Plate-Loaded-Seated-DY-Row-Recovered-1-100x100.png 100w\" sizes=\"auto, (max-width: 1024px) 100vw, 1024px\" \/><\/figure>\n<\/div>\n<\/div>\n<\/section>\n<\/section>\n","protected":false},"excerpt":{"rendered":"<p>Evolve Prime Series Plate Loaded Seated DY Row \u00e4r utformad f\u00f6r att maximera ryggmuskelaktivering samtidigt som korrekt form och kontroll bibeh\u00e5lls. Med ett ergonomiskt s\u00e4te, vinklad br\u00f6stkudde och ett plattbelastat motst\u00e5ndssystem riktar denna maskin in sig p\u00e5 lats, traps och bakre delts med precision. Den oberoende armr\u00f6relsen fr\u00e4mjar balanserad muskelutveckling, medan de justerbara handtagen rymmer olika greppositioner f\u00f6r ett anpassat tr\u00e4ningspass. Denna roddmaskin \u00e4r byggd f\u00f6r styrka och h\u00e5llbarhet och \u00e4r idealisk f\u00f6r idrottare och fitnessentusiaster som vill f\u00f6rb\u00e4ttra sin \u00f6verkroppskraft.   <\/p>\n","protected":false},"featured_media":115709,"template":"","meta":{"_acf_changed":false,"inline_featured_image":false},"product_cat":[773,1215],"product_tag":[],"class_list":{"0":"post-115684","1":"product","2":"type-product","3":"status-publish","4":"has-post-thumbnail","6":"product_cat-platbelastade-maskiner","7":"product_cat-prime-series-platbelastad","9":"first","10":"instock","11":"shipping-taxable","12":"purchasable","13":"product-type-simple"},"acf":[],"_links":{"self":[{"href":"https:\/\/store.evolve-fitness.eu\/sv\/wp-json\/wp\/v2\/product\/115684","targetHints":{"allow":["GET"]}}],"collection":[{"href":"https:\/\/store.evolve-fitness.eu\/sv\/wp-json\/wp\/v2\/product"}],"about":[{"href":"https:\/\/store.evolve-fitness.eu\/sv\/wp-json\/wp\/v2\/types\/product"}],"wp:featuredmedia":[{"embeddable":true,"href":"https:\/\/store.evolve-fitness.eu\/sv\/wp-json\/wp\/v2\/media\/115709"}],"wp:attachment":[{"href":"https:\/\/store.evolve-fitness.eu\/sv\/wp-json\/wp\/v2\/media?parent=115684"}],"wp:term":[{"taxonomy":"product_cat","embeddable":true,"href":"https:\/\/store.evolve-fitness.eu\/sv\/wp-json\/wp\/v2\/product_cat?post=115684"},{"taxonomy":"product_tag","embeddable":true,"href":"https:\/\/store.evolve-fitness.eu\/sv\/wp-json\/wp\/v2\/product_tag?post=115684"}],"curies":[{"name":"wp","href":"https:\/\/api.w.org\/{rel}","templated":true}]}}