{"id":115534,"date":"2025-03-10T07:29:56","date_gmt":"2025-03-10T07:29:56","guid":{"rendered":"https:\/\/store.evolve-fitness.eu\/?post_type=product&#038;p=115534"},"modified":"2025-04-04T06:24:51","modified_gmt":"2025-04-04T06:24:51","slug":"evolve-prime-series-plattbelastad-knaboj-utfall","status":"publish","type":"product","link":"https:\/\/store.evolve-fitness.eu\/sv\/produkt\/evolve-prime-series-plattbelastad-knaboj-utfall\/","title":{"rendered":"Evolve Prime Series Plattbelastad kn\u00e4b\u00f6j, utfall"},"content":{"rendered":"\n<section class=\"wp-block-group alignfull black-content has-white-color has-darkgray-background-color has-text-color has-background is-layout-constrained wp-block-group-is-layout-constrained\" style=\"padding-top:var(--wp--preset--spacing--section-bottom);padding-bottom:var(--wp--preset--spacing--section-bottom)\">\n<h3 class=\"wp-block-heading has-text-align-center\"><strong><strong>EVOLVE PLATE LADDAD PRIME-SERIE<\/strong><\/strong><\/h3>\n\n\n\n<p>Med Evolve Plate Loaded Prime Series \u00e4r h\u00f6gsta kvalitet standard. F\u00f6rb\u00e4ttra din styrketr\u00e4ning med maskiner som \u00e4r utformade f\u00f6r komfort, h\u00e5llbarhet och prestanda. Utforska hela sortimentet idag och omdefiniera din tr\u00e4ningsresa.  <\/p>\n\n\n\n<section class=\"wp-block-group alignfull black-content has-white-color has-darkgray-background-color has-text-color has-background is-layout-constrained wp-block-group-is-layout-constrained\" style=\"padding-top:var(--wp--preset--spacing--section-bottom);padding-bottom:var(--wp--preset--spacing--section-bottom)\">\n<div class=\"wp-block-columns alignwide mobile-reverse is-layout-flex wp-container-core-columns-is-layout-ca64bf2d wp-block-columns-is-layout-flex\" style=\"margin-bottom:var(--wp--preset--spacing--side-padding)\">\n<div class=\"wp-block-column is-vertically-aligned-center is-layout-flow wp-block-column-is-layout-flow\">\n<h3 class=\"wp-block-heading\" style=\"margin-bottom:var(--wp--preset--spacing--h-3-bottom)\"><strong><strong><strong><strong><strong>Evolve Prime Series Plattbelastad kn\u00e4b\u00f6j, utfall<\/strong><\/strong><\/strong><\/strong><\/strong><\/h3>\n\n\n\n<p><em><strong><em><strong>F\u00f6rb\u00e4ttra benstyrkan med dynamisk kn\u00e4b\u00f6js- och utfallstr\u00e4ning<\/strong><\/em><\/strong><\/em><\/p>\n\n\n\n<p style=\"margin-bottom:var(--wp--preset--spacing--tb-section-padding)\"><strong>Evolve Prime Series Plate Loaded Squat Lunge<\/strong> \u00e4r en m\u00e5ngsidig tr\u00e4ningsmaskin f\u00f6r underkroppen som \u00e4r utformad f\u00f6r att maximera styrka, stabilitet och muskelaktivering. Med ett plattbelastat motst\u00e5ndssystem kan anv\u00e4ndaren utf\u00f6ra kn\u00e4b\u00f6j och utfall med kontrollerade r\u00f6relser och optimal biomekanik. Den ergonomiska fotplattan och den robusta ramen s\u00e4kerst\u00e4ller korrekt positionering, vilket minskar belastningen p\u00e5 lederna samtidigt som den effektivt riktar in sig p\u00e5 quads, glutes och hamstrings. Den h\u00e4r maskinen \u00e4r idealisk f\u00f6r progressiv styrketr\u00e4ning och ger ett effektivt s\u00e4tt att bygga upp kraft och uth\u00e5llighet i underkroppen.   <\/p>\n\n\n\n<h3 class=\"wp-block-heading\" style=\"margin-bottom:var(--wp--preset--spacing--h-3-bottom)\"><strong><strong><strong><strong><strong>Kraftfull utveckling av nedre delen av kroppen<\/strong><\/strong><\/strong><\/strong><\/strong><\/h3>\n\n\n\n<p><strong><em><strong>Precisionskonstruerad f\u00f6r styrka och stabilitet<\/strong><\/em><\/strong><\/p>\n\n\n\n<p><strong>Evolve Prime Series Plate Loaded Squat Lunge<\/strong> kombinerar f\u00f6rdelarna med tv\u00e5 grundl\u00e4ggande \u00f6vningar f\u00f6r nedre delen av kroppen &#8211; kn\u00e4b\u00f6j och utfall &#8211; i en mycket effektiv maskin. Dess plattbelagda design m\u00f6jligg\u00f6r anpassningsbart motst\u00e5nd, vilket g\u00f6r den l\u00e4mplig f\u00f6r alla tr\u00e4ningsniv\u00e5er. Den vinklade fotplattformen fr\u00e4mjar korrekt biomekanik, medan den guidade r\u00f6relsebanan f\u00f6rb\u00e4ttrar s\u00e4kerhet och kontroll. Oavsett om du fokuserar p\u00e5 styrka, muskelhypertrofi eller funktionell tr\u00e4ning ger den h\u00e4r maskinen exceptionella resultat, vilket g\u00f6r den till ett v\u00e4rdefullt tillskott till alla gym.   <\/p>\n<\/div>\n\n\n\n<div class=\"wp-block-column is-vertically-aligned-center is-layout-flow wp-block-column-is-layout-flow\">\n<figure class=\"wp-block-image size-large\"><img loading=\"lazy\" decoding=\"async\" width=\"1024\" height=\"1024\" src=\"https:\/\/store.evolve-fitness.eu\/wp-content\/uploads\/2025\/03\/EV-PL-PR-008-Evolve-Prime-Series-Plate-Loaded-Squat-Lunge-Recovered-1024x1024.png\" alt=\"\" class=\"wp-image-115535\" srcset=\"https:\/\/store.evolve-fitness.eu\/wp-content\/uploads\/2025\/03\/EV-PL-PR-008-Evolve-Prime-Series-Plate-Loaded-Squat-Lunge-Recovered-1024x1024.png 1024w, https:\/\/store.evolve-fitness.eu\/wp-content\/uploads\/2025\/03\/EV-PL-PR-008-Evolve-Prime-Series-Plate-Loaded-Squat-Lunge-Recovered-300x300.png 300w, https:\/\/store.evolve-fitness.eu\/wp-content\/uploads\/2025\/03\/EV-PL-PR-008-Evolve-Prime-Series-Plate-Loaded-Squat-Lunge-Recovered-150x150.png 150w, https:\/\/store.evolve-fitness.eu\/wp-content\/uploads\/2025\/03\/EV-PL-PR-008-Evolve-Prime-Series-Plate-Loaded-Squat-Lunge-Recovered-768x768.png 768w, https:\/\/store.evolve-fitness.eu\/wp-content\/uploads\/2025\/03\/EV-PL-PR-008-Evolve-Prime-Series-Plate-Loaded-Squat-Lunge-Recovered-1536x1536.png 1536w, https:\/\/store.evolve-fitness.eu\/wp-content\/uploads\/2025\/03\/EV-PL-PR-008-Evolve-Prime-Series-Plate-Loaded-Squat-Lunge-Recovered-2048x2048.png 2048w, https:\/\/store.evolve-fitness.eu\/wp-content\/uploads\/2025\/03\/EV-PL-PR-008-Evolve-Prime-Series-Plate-Loaded-Squat-Lunge-Recovered-600x600.png 600w, https:\/\/store.evolve-fitness.eu\/wp-content\/uploads\/2025\/03\/EV-PL-PR-008-Evolve-Prime-Series-Plate-Loaded-Squat-Lunge-Recovered-100x100.png 100w\" sizes=\"auto, (max-width: 1024px) 100vw, 1024px\" \/><\/figure>\n<\/div>\n<\/div>\n<\/section>\n<\/section>\n","protected":false},"excerpt":{"rendered":"<p>Evolve Prime Series Plate Loaded Squat Lunge \u00e4r en m\u00e5ngsidig tr\u00e4ningsmaskin f\u00f6r underkroppen som \u00e4r utformad f\u00f6r att maximera styrka, stabilitet och muskelaktivering. Med ett plattbelastat motst\u00e5ndssystem kan anv\u00e4ndaren utf\u00f6ra kn\u00e4b\u00f6j och utfall med kontrollerade r\u00f6relser och optimal biomekanik. Den ergonomiska fotplattan och den robusta ramen s\u00e4kerst\u00e4ller korrekt positionering, vilket minskar belastningen p\u00e5 lederna samtidigt som den effektivt riktar in sig p\u00e5 quads, glutes och hamstrings. Den h\u00e4r maskinen \u00e4r idealisk f\u00f6r progressiv styrketr\u00e4ning och ger ett effektivt s\u00e4tt att bygga upp kraft och uth\u00e5llighet i underkroppen.   <\/p>\n","protected":false},"featured_media":115559,"template":"","meta":{"_acf_changed":false,"inline_featured_image":false},"product_cat":[773,1215],"product_tag":[],"class_list":{"0":"post-115534","1":"product","2":"type-product","3":"status-publish","4":"has-post-thumbnail","6":"product_cat-platbelastade-maskiner","7":"product_cat-prime-series-platbelastad","9":"first","10":"instock","11":"shipping-taxable","12":"purchasable","13":"product-type-simple"},"acf":[],"_links":{"self":[{"href":"https:\/\/store.evolve-fitness.eu\/sv\/wp-json\/wp\/v2\/product\/115534","targetHints":{"allow":["GET"]}}],"collection":[{"href":"https:\/\/store.evolve-fitness.eu\/sv\/wp-json\/wp\/v2\/product"}],"about":[{"href":"https:\/\/store.evolve-fitness.eu\/sv\/wp-json\/wp\/v2\/types\/product"}],"wp:featuredmedia":[{"embeddable":true,"href":"https:\/\/store.evolve-fitness.eu\/sv\/wp-json\/wp\/v2\/media\/115559"}],"wp:attachment":[{"href":"https:\/\/store.evolve-fitness.eu\/sv\/wp-json\/wp\/v2\/media?parent=115534"}],"wp:term":[{"taxonomy":"product_cat","embeddable":true,"href":"https:\/\/store.evolve-fitness.eu\/sv\/wp-json\/wp\/v2\/product_cat?post=115534"},{"taxonomy":"product_tag","embeddable":true,"href":"https:\/\/store.evolve-fitness.eu\/sv\/wp-json\/wp\/v2\/product_tag?post=115534"}],"curies":[{"name":"wp","href":"https:\/\/api.w.org\/{rel}","templated":true}]}}