{"id":115231,"date":"2025-03-10T07:08:12","date_gmt":"2025-03-10T07:08:12","guid":{"rendered":"https:\/\/store.evolve-fitness.eu\/?post_type=product&#038;p=115231"},"modified":"2025-04-04T06:25:39","modified_gmt":"2025-04-04T06:25:39","slug":"evolve-prime-series-plate-loaded-latsdragning","status":"publish","type":"product","link":"https:\/\/store.evolve-fitness.eu\/sv\/produkt\/evolve-prime-series-plate-loaded-latsdragning\/","title":{"rendered":"Evolve Prime Series Plate Loaded latsdragning"},"content":{"rendered":"\n<section class=\"wp-block-group alignfull black-content has-white-color has-darkgray-background-color has-text-color has-background is-layout-constrained wp-block-group-is-layout-constrained\" style=\"padding-top:var(--wp--preset--spacing--section-bottom);padding-bottom:var(--wp--preset--spacing--section-bottom)\">\n<h3 class=\"wp-block-heading has-text-align-center\"><strong><strong>EVOLVE PLATE LADDAD PRIME-SERIE<\/strong><\/strong><\/h3>\n\n\n\n<p>Med Evolve Plate Loaded Prime Series \u00e4r h\u00f6gsta kvalitet standard. F\u00f6rb\u00e4ttra din styrketr\u00e4ning med maskiner som \u00e4r utformade f\u00f6r komfort, h\u00e5llbarhet och prestanda. Utforska hela sortimentet idag och omdefiniera din tr\u00e4ningsresa.  <\/p>\n\n\n\n<section class=\"wp-block-group alignfull black-content has-white-color has-darkgray-background-color has-text-color has-background is-layout-constrained wp-block-group-is-layout-constrained\" style=\"padding-top:var(--wp--preset--spacing--section-bottom);padding-bottom:var(--wp--preset--spacing--section-bottom)\">\n<div class=\"wp-block-columns alignwide mobile-reverse is-layout-flex wp-container-core-columns-is-layout-ca64bf2d wp-block-columns-is-layout-flex\" style=\"margin-bottom:var(--wp--preset--spacing--side-padding)\">\n<div class=\"wp-block-column is-vertically-aligned-center is-layout-flow wp-block-column-is-layout-flow\">\n<h3 class=\"wp-block-heading\" style=\"margin-bottom:var(--wp--preset--spacing--h-3-bottom)\"><strong><strong><strong><strong>\u00d6verl\u00e4gsen styrketr\u00e4ning f\u00f6r kraftfull ryggutveckling<\/strong><\/strong><\/strong><\/strong><\/h3>\n\n\n\n<p style=\"margin-bottom:var(--wp--preset--spacing--tb-section-padding)\"><strong>Evolve Prime Series Plate Loaded Lat Pulldown<\/strong> \u00e4r utformad f\u00f6r optimalt ryggengagemang, vilket ger en j\u00e4mn och kontrollerad r\u00f6relse f\u00f6r effektiv aktivering av latmusklerna. Med en h\u00e5llbar ram, ergonomiska s\u00e4ten och ett plattbelastat motst\u00e5ndssystem m\u00f6jligg\u00f6r denna maskin anpassningsbar intensitet f\u00f6r att passa alla fitnessniv\u00e5er. Med en biomekaniskt optimerad design s\u00e4kerst\u00e4ller den maximalt r\u00f6relseomf\u00e5ng samtidigt som den bibeh\u00e5ller stabilitet och komfort. Denna lat pulldown-maskin \u00e4r idealisk f\u00f6r att st\u00e4rka lats, traps och axlar och \u00e4r ett m\u00e5ste f\u00f6r seri\u00f6s styrketr\u00e4ning.   <\/p>\n\n\n\n<h3 class=\"wp-block-heading\" style=\"margin-bottom:var(--wp--preset--spacing--h-3-bottom)\"><strong><strong><strong><strong><strong>Rikta in dig p\u00e5 dina lats med precision<\/strong><\/strong><\/strong><\/strong><\/strong><\/h3>\n\n\n\n<p><strong><em><strong>Effektivt plattladdat motst\u00e5nd f\u00f6r o\u00f6vertr\u00e4ffad prestanda<\/strong><\/em><\/strong><\/p>\n\n\n\n<p><strong>Evolve Prime Series Plate Loaded Lat Pulldown<\/strong> erbjuder en professionell tr\u00e4ningsupplevelse med sin mjuka, naturliga dragr\u00f6relse. Den oberoende armdesignen fr\u00e4mjar balanserad muskelutveckling, medan de justerbara l\u00e5rkuddarna ger en s\u00e4ker och bekv\u00e4m passform under tunga lyft. Den h\u00e4r maskinen \u00e4r byggd f\u00f6r h\u00f6g prestanda och g\u00f6r det m\u00f6jligt f\u00f6r anv\u00e4ndare att finjustera motst\u00e5ndet med viktplattor, vilket g\u00f6r den l\u00e4mplig f\u00f6r progressiv \u00f6verbelastningstr\u00e4ning. Oavsett om du vill f\u00f6rb\u00e4ttra din ryggstyrka eller f\u00f6rb\u00e4ttra \u00f6verkroppens estetik ger denna lat pulldown-maskin f\u00f6rstklassiga resultat.   <\/p>\n<\/div>\n\n\n\n<div class=\"wp-block-column is-vertically-aligned-center is-layout-flow wp-block-column-is-layout-flow\">\n<figure class=\"wp-block-image size-large\"><img loading=\"lazy\" decoding=\"async\" width=\"1024\" height=\"1024\" src=\"https:\/\/store.evolve-fitness.eu\/wp-content\/uploads\/2025\/03\/EV-PL-PR-002-Evolve-Prime-Series-Plate-Loaded-Lat-Pull-Down-3-1024x1024.png\" alt=\"\" class=\"wp-image-120352\" srcset=\"https:\/\/store.evolve-fitness.eu\/wp-content\/uploads\/2025\/03\/EV-PL-PR-002-Evolve-Prime-Series-Plate-Loaded-Lat-Pull-Down-3-1024x1024.png 1024w, https:\/\/store.evolve-fitness.eu\/wp-content\/uploads\/2025\/03\/EV-PL-PR-002-Evolve-Prime-Series-Plate-Loaded-Lat-Pull-Down-3-300x300.png 300w, https:\/\/store.evolve-fitness.eu\/wp-content\/uploads\/2025\/03\/EV-PL-PR-002-Evolve-Prime-Series-Plate-Loaded-Lat-Pull-Down-3-150x150.png 150w, https:\/\/store.evolve-fitness.eu\/wp-content\/uploads\/2025\/03\/EV-PL-PR-002-Evolve-Prime-Series-Plate-Loaded-Lat-Pull-Down-3-768x768.png 768w, https:\/\/store.evolve-fitness.eu\/wp-content\/uploads\/2025\/03\/EV-PL-PR-002-Evolve-Prime-Series-Plate-Loaded-Lat-Pull-Down-3-1536x1536.png 1536w, https:\/\/store.evolve-fitness.eu\/wp-content\/uploads\/2025\/03\/EV-PL-PR-002-Evolve-Prime-Series-Plate-Loaded-Lat-Pull-Down-3-2048x2048.png 2048w, https:\/\/store.evolve-fitness.eu\/wp-content\/uploads\/2025\/03\/EV-PL-PR-002-Evolve-Prime-Series-Plate-Loaded-Lat-Pull-Down-3-600x600.png 600w, https:\/\/store.evolve-fitness.eu\/wp-content\/uploads\/2025\/03\/EV-PL-PR-002-Evolve-Prime-Series-Plate-Loaded-Lat-Pull-Down-3-100x100.png 100w\" sizes=\"auto, (max-width: 1024px) 100vw, 1024px\" \/><\/figure>\n<\/div>\n<\/div>\n<\/section>\n<\/section>\n","protected":false},"excerpt":{"rendered":"<p>Evolve Prime Series Plate Loaded Lat Pulldown \u00e4r utformad f\u00f6r optimalt ryggengagemang, vilket ger en j\u00e4mn och kontrollerad r\u00f6relse f\u00f6r effektiv aktivering av latmusklerna. Med en h\u00e5llbar ram, ergonomiska s\u00e4ten och ett plattbelastat motst\u00e5ndssystem m\u00f6jligg\u00f6r denna maskin anpassningsbar intensitet f\u00f6r att passa alla fitnessniv\u00e5er. Med en biomekaniskt optimerad design s\u00e4kerst\u00e4ller den maximalt r\u00f6relseomf\u00e5ng samtidigt som den bibeh\u00e5ller stabilitet och komfort. Denna lat pulldown-maskin \u00e4r idealisk f\u00f6r att st\u00e4rka lats, traps och axlar och \u00e4r ett m\u00e5ste f\u00f6r seri\u00f6s styrketr\u00e4ning.   <\/p>\n","protected":false},"featured_media":120351,"template":"","meta":{"_acf_changed":false,"inline_featured_image":false},"product_cat":[773,1215],"product_tag":[],"class_list":{"0":"post-115231","1":"product","2":"type-product","3":"status-publish","4":"has-post-thumbnail","6":"product_cat-platbelastade-maskiner","7":"product_cat-prime-series-platbelastad","9":"first","10":"instock","11":"shipping-taxable","12":"purchasable","13":"product-type-simple"},"acf":[],"_links":{"self":[{"href":"https:\/\/store.evolve-fitness.eu\/sv\/wp-json\/wp\/v2\/product\/115231","targetHints":{"allow":["GET"]}}],"collection":[{"href":"https:\/\/store.evolve-fitness.eu\/sv\/wp-json\/wp\/v2\/product"}],"about":[{"href":"https:\/\/store.evolve-fitness.eu\/sv\/wp-json\/wp\/v2\/types\/product"}],"wp:featuredmedia":[{"embeddable":true,"href":"https:\/\/store.evolve-fitness.eu\/sv\/wp-json\/wp\/v2\/media\/120351"}],"wp:attachment":[{"href":"https:\/\/store.evolve-fitness.eu\/sv\/wp-json\/wp\/v2\/media?parent=115231"}],"wp:term":[{"taxonomy":"product_cat","embeddable":true,"href":"https:\/\/store.evolve-fitness.eu\/sv\/wp-json\/wp\/v2\/product_cat?post=115231"},{"taxonomy":"product_tag","embeddable":true,"href":"https:\/\/store.evolve-fitness.eu\/sv\/wp-json\/wp\/v2\/product_tag?post=115231"}],"curies":[{"name":"wp","href":"https:\/\/api.w.org\/{rel}","templated":true}]}}