{"id":114701,"date":"2025-03-07T14:20:26","date_gmt":"2025-03-07T14:20:26","guid":{"rendered":"https:\/\/store.evolve-fitness.eu\/?post_type=product&#038;p=114701"},"modified":"2026-02-07T12:02:25","modified_gmt":"2026-02-07T12:02:25","slug":"evolve-ultra-series-hip-thrust-med-balte","status":"publish","type":"product","link":"https:\/\/store.evolve-fitness.eu\/sv\/produkt\/evolve-ultra-series-hip-thrust-med-balte\/","title":{"rendered":"Evolve Ultra Series Hip Thrust med b\u00e4lte"},"content":{"rendered":"","protected":false},"excerpt":{"rendered":"<p>Maximera din glute- och underkroppstr\u00e4ning med Evolve Ultra Series Hip Thrust med b\u00e4lte. Denna maskin \u00e4r utformad f\u00f6r b\u00e5de nyb\u00f6rjare och avancerade idrottare och ger ett s\u00e4kert och effektivt s\u00e4tt att bygga styrka, kraft och muskeldefinition. Det b\u00e4ltesdrivna motst\u00e5ndssystemet s\u00e4kerst\u00e4ller optimal komfort och stabilitet samtidigt som det minskar belastningen p\u00e5 nedre delen av ryggen, vilket g\u00f6r det till ett utm\u00e4rkt val f\u00f6r progressiv \u00f6verbelastning och funktionell tr\u00e4ning.  <\/p>\n","protected":false},"featured_media":114726,"template":"","meta":{"_acf_changed":false,"inline_featured_image":false},"product_cat":[773,774],"product_tag":[],"class_list":{"0":"post-114701","1":"product","2":"type-product","3":"status-publish","4":"has-post-thumbnail","6":"product_cat-platbelastade-maskiner","7":"product_cat-ultra-series-platbelastad","9":"first","10":"instock","11":"shipping-taxable","12":"purchasable","13":"product-type-simple"},"acf":[],"_links":{"self":[{"href":"https:\/\/store.evolve-fitness.eu\/sv\/wp-json\/wp\/v2\/product\/114701","targetHints":{"allow":["GET"]}}],"collection":[{"href":"https:\/\/store.evolve-fitness.eu\/sv\/wp-json\/wp\/v2\/product"}],"about":[{"href":"https:\/\/store.evolve-fitness.eu\/sv\/wp-json\/wp\/v2\/types\/product"}],"wp:featuredmedia":[{"embeddable":true,"href":"https:\/\/store.evolve-fitness.eu\/sv\/wp-json\/wp\/v2\/media\/114726"}],"wp:attachment":[{"href":"https:\/\/store.evolve-fitness.eu\/sv\/wp-json\/wp\/v2\/media?parent=114701"}],"wp:term":[{"taxonomy":"product_cat","embeddable":true,"href":"https:\/\/store.evolve-fitness.eu\/sv\/wp-json\/wp\/v2\/product_cat?post=114701"},{"taxonomy":"product_tag","embeddable":true,"href":"https:\/\/store.evolve-fitness.eu\/sv\/wp-json\/wp\/v2\/product_tag?post=114701"}],"curies":[{"name":"wp","href":"https:\/\/api.w.org\/{rel}","templated":true}]}}