{"id":106626,"date":"2025-02-11T07:03:57","date_gmt":"2025-02-11T07:03:57","guid":{"rendered":"https:\/\/store.evolve-fitness.eu\/?post_type=product&#038;p=106626"},"modified":"2025-03-27T08:31:30","modified_gmt":"2025-03-27T08:31:30","slug":"evolve-personal-home-rig-19","status":"publish","type":"product","link":"https:\/\/store.evolve-fitness.eu\/sv\/produkt\/evolve-personal-home-rig-19\/","title":{"rendered":"Evolve Personal Home Rig"},"content":{"rendered":"","protected":false},"excerpt":{"rendered":"<p>F\u00f6rvandla dina tr\u00e4ningspass i hemmet med en komplett rigg som erbjuder o\u00f6vertr\u00e4ffad m\u00e5ngsidighet, h\u00e5llbarhet och prestanda. Detta allt-i-ett-system \u00e4r utformat f\u00f6r styrketr\u00e4ningsentusiaster och st\u00f6der ett brett utbud av \u00f6vningar, fr\u00e5n kn\u00e4b\u00f6j och b\u00e4nkpress till pull-ups och funktionell tr\u00e4ning. Med anpassningsbara tillbeh\u00f6r och justerbara h\u00f6jder kan det anpassas till olika tr\u00e4ningsniv\u00e5er, vilket garanterar optimal ergonomi och s\u00e4kerhet. Byggd i kraftigt st\u00e5l och med en kompakt men rymlig design maximerar den h\u00e4r riggen tr\u00e4ningseffektiviteten samtidigt som den bibeh\u00e5ller stabiliteten f\u00f6r tunga lyft. Oavsett om du fokuserar p\u00e5 styrka, uth\u00e5llighet eller funktionell kondition \u00e4r den h\u00e4r riggen din allt-i-ett-l\u00f6sning f\u00f6r ett professionellt hemmagym.<\/p>\n","protected":false},"featured_media":114624,"template":"","meta":{"_acf_changed":false,"inline_featured_image":false},"product_cat":[550,623,721],"product_tag":[],"class_list":{"0":"post-106626","1":"product","2":"type-product","3":"status-publish","4":"has-post-thumbnail","6":"product_cat-startsida","7":"product_cat-korsvis-funktionell","8":"product_cat-kompletta-rigguppsattningar","10":"first","11":"instock","12":"shipping-taxable","13":"purchasable","14":"product-type-simple"},"acf":[],"_links":{"self":[{"href":"https:\/\/store.evolve-fitness.eu\/sv\/wp-json\/wp\/v2\/product\/106626","targetHints":{"allow":["GET"]}}],"collection":[{"href":"https:\/\/store.evolve-fitness.eu\/sv\/wp-json\/wp\/v2\/product"}],"about":[{"href":"https:\/\/store.evolve-fitness.eu\/sv\/wp-json\/wp\/v2\/types\/product"}],"wp:featuredmedia":[{"embeddable":true,"href":"https:\/\/store.evolve-fitness.eu\/sv\/wp-json\/wp\/v2\/media\/114624"}],"wp:attachment":[{"href":"https:\/\/store.evolve-fitness.eu\/sv\/wp-json\/wp\/v2\/media?parent=106626"}],"wp:term":[{"taxonomy":"product_cat","embeddable":true,"href":"https:\/\/store.evolve-fitness.eu\/sv\/wp-json\/wp\/v2\/product_cat?post=106626"},{"taxonomy":"product_tag","embeddable":true,"href":"https:\/\/store.evolve-fitness.eu\/sv\/wp-json\/wp\/v2\/product_tag?post=106626"}],"curies":[{"name":"wp","href":"https:\/\/api.w.org\/{rel}","templated":true}]}}