{"id":106306,"date":"2025-02-10T14:25:45","date_gmt":"2025-02-10T14:25:45","guid":{"rendered":"https:\/\/store.evolve-fitness.eu\/?post_type=product&#038;p=106306"},"modified":"2026-01-08T12:00:23","modified_gmt":"2026-01-08T12:00:23","slug":"evolve-prime-series-plattbelastad-bred-brostpress","status":"publish","type":"product","link":"https:\/\/store.evolve-fitness.eu\/sv\/produkt\/evolve-prime-series-plattbelastad-bred-brostpress\/","title":{"rendered":"Evolve Prime Series plattbelastad bred br\u00f6stpress"},"content":{"rendered":"\n<section class=\"wp-block-group alignfull black-content has-white-color has-darkgray-background-color has-text-color has-background is-layout-constrained wp-block-group-is-layout-constrained\" style=\"padding-top:var(--wp--preset--spacing--section-bottom);padding-bottom:var(--wp--preset--spacing--section-bottom)\">\n<h3 class=\"wp-block-heading has-text-align-center\"><strong><strong>EVOLVE PLATE LADDAD PRIME-SERIE<\/strong><\/strong><\/h3>\n\n\n\n<p>Med Evolve Plate Loaded Prime Series \u00e4r h\u00f6gsta kvalitet standard. F\u00f6rb\u00e4ttra din styrketr\u00e4ning med maskiner som \u00e4r utformade f\u00f6r komfort, h\u00e5llbarhet och prestanda. Utforska hela sortimentet idag och omdefiniera din tr\u00e4ningsresa.  <\/p>\n\n\n\n<section class=\"wp-block-group alignfull black-content has-white-color has-darkgray-background-color has-text-color has-background is-layout-constrained wp-block-group-is-layout-constrained\" style=\"padding-top:var(--wp--preset--spacing--section-bottom);padding-bottom:var(--wp--preset--spacing--section-bottom)\">\n<div class=\"wp-block-columns alignwide mobile-reverse is-layout-flex wp-container-core-columns-is-layout-ca64bf2d wp-block-columns-is-layout-flex\" style=\"margin-bottom:var(--wp--preset--spacing--side-padding)\">\n<div class=\"wp-block-column is-vertically-aligned-center is-layout-flow wp-block-column-is-layout-flow\">\n<h3 class=\"wp-block-heading\" style=\"margin-bottom:var(--wp--preset--spacing--h-3-bottom)\"><strong><strong><strong>Innovativ design f\u00f6r maximal br\u00f6stkorgsutveckling<\/strong><\/strong><\/strong><\/h3>\n\n\n\n<p style=\"margin-bottom:var(--wp--preset--spacing--tb-section-padding)\">Evolve Prime Series Plate Loaded Wide Chest Press \u00e4r utformad f\u00f6r att leverera ett tr\u00e4ningspass f\u00f6r \u00f6verkroppen, med inriktning p\u00e5 br\u00f6stmusklerna med precision och effektivitet. De ergonomiska handtagen med brett grepp ger en naturlig r\u00f6relsebana som stimulerar br\u00f6stmusklerna samtidigt som belastningen p\u00e5 axlar och leder minskar. Den plattbelastade designen m\u00f6jligg\u00f6r justerbart motst\u00e5nd, vilket g\u00f6r den idealisk f\u00f6r anv\u00e4ndare p\u00e5 alla fitnessniv\u00e5er. Den h\u00e4r robusta utrustningen har en robust ram med f\u00f6rstklassig stoppning f\u00f6r att erbjuda b\u00e5de komfort och h\u00e5llbarhet, vilket m\u00f6jligg\u00f6r intensiva tr\u00e4ningspass p\u00e5 gym eller i hemmet.   <\/p>\n\n\n\n<h3 class=\"wp-block-heading\" style=\"margin-bottom:var(--wp--preset--spacing--h-3-bottom)\"><strong><strong><strong><strong><strong>F\u00f6rb\u00e4ttrad prestanda och anpassning<\/strong><\/strong><\/strong><\/strong><\/strong><\/h3>\n\n\n\n<p>Evolve Prime Series Chest Press \u00e4r konstruerad f\u00f6r att tillgodose seri\u00f6sa styrketr\u00e4nare och ger friheten att anpassa motst\u00e5ndet baserat p\u00e5 individuella behov. Det vinklade ryggst\u00f6det och det justerbara s\u00e4tet s\u00e4kerst\u00e4ller korrekt inriktning, vilket hj\u00e4lper anv\u00e4ndarna att bibeh\u00e5lla optimal h\u00e5llning f\u00f6r riktat muskelengagemang och b\u00e4ttre resultat. Utrustningen \u00e4r byggd med material av kommersiell kvalitet, vilket ger \u00f6verl\u00e4gsen stabilitet och l\u00e5ng livsl\u00e4ngd \u00e4ven vid frekvent anv\u00e4ndning. Oavsett om du vill \u00f6ka muskelmassan eller tona br\u00f6stet g\u00f6r maskinens s\u00f6ml\u00f6sa funktionalitet, i kombination med dess moderna estetik, den till ett viktigt tillskott till alla tr\u00e4ningsmilj\u00f6er.   <\/p>\n<\/div>\n\n\n\n<div class=\"wp-block-column is-vertically-aligned-center is-layout-flow wp-block-column-is-layout-flow\">\n<figure class=\"wp-block-image size-large is-resized is-style-rounded\"><img loading=\"lazy\" decoding=\"async\" width=\"1024\" height=\"1024\" src=\"https:\/\/store.evolve-fitness.eu\/wp-content\/uploads\/2025\/02\/EV-PL-PR-007-Evolve-Prime-Series-Plate-Loaded-Wide-Chest-Press-6-1024x1024.png\" alt=\"\" class=\"wp-image-120757\" style=\"width:643px;height:706px\" srcset=\"https:\/\/store.evolve-fitness.eu\/wp-content\/uploads\/2025\/02\/EV-PL-PR-007-Evolve-Prime-Series-Plate-Loaded-Wide-Chest-Press-6-1024x1024.png 1024w, https:\/\/store.evolve-fitness.eu\/wp-content\/uploads\/2025\/02\/EV-PL-PR-007-Evolve-Prime-Series-Plate-Loaded-Wide-Chest-Press-6-300x300.png 300w, https:\/\/store.evolve-fitness.eu\/wp-content\/uploads\/2025\/02\/EV-PL-PR-007-Evolve-Prime-Series-Plate-Loaded-Wide-Chest-Press-6-150x150.png 150w, https:\/\/store.evolve-fitness.eu\/wp-content\/uploads\/2025\/02\/EV-PL-PR-007-Evolve-Prime-Series-Plate-Loaded-Wide-Chest-Press-6-768x768.png 768w, https:\/\/store.evolve-fitness.eu\/wp-content\/uploads\/2025\/02\/EV-PL-PR-007-Evolve-Prime-Series-Plate-Loaded-Wide-Chest-Press-6-1536x1536.png 1536w, https:\/\/store.evolve-fitness.eu\/wp-content\/uploads\/2025\/02\/EV-PL-PR-007-Evolve-Prime-Series-Plate-Loaded-Wide-Chest-Press-6-2048x2048.png 2048w, https:\/\/store.evolve-fitness.eu\/wp-content\/uploads\/2025\/02\/EV-PL-PR-007-Evolve-Prime-Series-Plate-Loaded-Wide-Chest-Press-6-600x600.png 600w, https:\/\/store.evolve-fitness.eu\/wp-content\/uploads\/2025\/02\/EV-PL-PR-007-Evolve-Prime-Series-Plate-Loaded-Wide-Chest-Press-6-100x100.png 100w\" sizes=\"auto, (max-width: 1024px) 100vw, 1024px\" \/><\/figure>\n<\/div>\n<\/div>\n<\/section>\n<\/section>\n","protected":false},"excerpt":{"rendered":"<p>Evolve Prime Series Plate Loaded Wide Chest Press (EV-PL-PR-007) \u00e4r utformad f\u00f6r \u00f6verkroppsstyrka med fokus p\u00e5 br\u00f6stmusklerna med ett ergonomiskt handtagssystem med brett grepp. Dess justerbara plattbelastade motst\u00e5nd g\u00f6r den l\u00e4mplig f\u00f6r alla tr\u00e4ningsniv\u00e5er. Den \u00e4r byggd med h\u00e5llbarhet i \u00e5tanke och har en robust metallram, f\u00f6rstklassig stoppning och ett justerbart s\u00e4te f\u00f6r optimal komfort och prestanda. Maskinens kompakta design g\u00f6r att den kan anv\u00e4ndas b\u00e5de hemma och p\u00e5 gymmet, vilket garanterar riktad muskelaktivering och f\u00f6rb\u00e4ttrad h\u00e5llning under tr\u00e4ningspassen.   <\/p>\n","protected":false},"featured_media":120629,"template":"","meta":{"_acf_changed":false,"inline_featured_image":false},"product_cat":[550,773,1215],"product_tag":[],"class_list":{"0":"post-106306","1":"product","2":"type-product","3":"status-publish","4":"has-post-thumbnail","6":"product_cat-startsida","7":"product_cat-platbelastade-maskiner","8":"product_cat-prime-series-platbelastad","10":"first","11":"instock","12":"shipping-taxable","13":"purchasable","14":"product-type-simple"},"acf":[],"_links":{"self":[{"href":"https:\/\/store.evolve-fitness.eu\/sv\/wp-json\/wp\/v2\/product\/106306","targetHints":{"allow":["GET"]}}],"collection":[{"href":"https:\/\/store.evolve-fitness.eu\/sv\/wp-json\/wp\/v2\/product"}],"about":[{"href":"https:\/\/store.evolve-fitness.eu\/sv\/wp-json\/wp\/v2\/types\/product"}],"wp:featuredmedia":[{"embeddable":true,"href":"https:\/\/store.evolve-fitness.eu\/sv\/wp-json\/wp\/v2\/media\/120629"}],"wp:attachment":[{"href":"https:\/\/store.evolve-fitness.eu\/sv\/wp-json\/wp\/v2\/media?parent=106306"}],"wp:term":[{"taxonomy":"product_cat","embeddable":true,"href":"https:\/\/store.evolve-fitness.eu\/sv\/wp-json\/wp\/v2\/product_cat?post=106306"},{"taxonomy":"product_tag","embeddable":true,"href":"https:\/\/store.evolve-fitness.eu\/sv\/wp-json\/wp\/v2\/product_tag?post=106306"}],"curies":[{"name":"wp","href":"https:\/\/api.w.org\/{rel}","templated":true}]}}