{"id":106256,"date":"2025-02-10T14:22:06","date_gmt":"2025-02-10T14:22:06","guid":{"rendered":"https:\/\/store.evolve-fitness.eu\/?post_type=product&#038;p=106256"},"modified":"2025-03-27T08:34:10","modified_gmt":"2025-03-27T08:34:10","slug":"evolve-prime-series-plattbelastad-brostpress-och-lat-pull-down","status":"publish","type":"product","link":"https:\/\/store.evolve-fitness.eu\/sv\/produkt\/evolve-prime-series-plattbelastad-brostpress-och-lat-pull-down\/","title":{"rendered":"Evolve Prime Series plattbelastad br\u00f6stpress och lat pull down"},"content":{"rendered":"\n<section class=\"wp-block-group alignfull black-content has-white-color has-darkgray-background-color has-text-color has-background is-layout-constrained wp-block-group-is-layout-constrained\" style=\"padding-top:var(--wp--preset--spacing--section-bottom);padding-bottom:var(--wp--preset--spacing--section-bottom)\">\n<h3 class=\"wp-block-heading has-text-align-center\"><strong><strong>EVOLVE PLATE LADDAD PRIME-SERIE<\/strong><\/strong><\/h3>\n\n\n\n<p>Med Evolve Plate Loaded Prime Series \u00e4r h\u00f6gsta kvalitet standard. F\u00f6rb\u00e4ttra din styrketr\u00e4ning med maskiner som \u00e4r utformade f\u00f6r komfort, h\u00e5llbarhet och prestanda. Utforska hela sortimentet idag och omdefiniera din tr\u00e4ningsresa.  <\/p>\n\n\n\n<section class=\"wp-block-group alignfull black-content has-white-color has-darkgray-background-color has-text-color has-background is-layout-constrained wp-block-group-is-layout-constrained\" style=\"padding-top:var(--wp--preset--spacing--section-bottom);padding-bottom:var(--wp--preset--spacing--section-bottom)\">\n<div class=\"wp-block-columns alignwide mobile-reverse is-layout-flex wp-container-core-columns-is-layout-ca64bf2d wp-block-columns-is-layout-flex\" style=\"margin-bottom:var(--wp--preset--spacing--side-padding)\">\n<div class=\"wp-block-column is-vertically-aligned-center is-layout-flow wp-block-column-is-layout-flow\">\n<h3 class=\"wp-block-heading\" style=\"margin-bottom:var(--wp--preset--spacing--h-3-bottom)\"><strong><strong><strong>M\u00e5ngsidig dubbel funktionalitet<\/strong><\/strong><\/strong><\/h3>\n\n\n\n<p><strong><strong><strong><em>F\u00f6r styrka i \u00f6verkroppen<\/em><\/strong><\/strong><\/strong><\/p>\n\n\n\n<p style=\"margin-bottom:var(--wp--preset--spacing--tb-section-padding)\">Evolve Prime Series Plate Loaded Chest Press &amp; Lat Pull Down \u00e4r utformad f\u00f6r att erbjuda en omfattande \u00f6verkroppstr\u00e4ning genom att kombinera tv\u00e5 viktiga r\u00f6relser i en maskin. Br\u00f6stpressen riktar in sig p\u00e5 br\u00f6stmusklerna samtidigt som den s\u00e4kerst\u00e4ller leds\u00e4kerhet med sitt smidiga, plattbelastade motst\u00e5nd, som kan justeras enligt anv\u00e4ndarens styrkeniv\u00e5er. Samtidigt ger lat pull down en komplett ryggtr\u00e4ning.  <\/p>\n\n\n\n<h3 class=\"wp-block-heading\" style=\"margin-bottom:var(--wp--preset--spacing--h-3-bottom)\"><strong><strong><strong><strong><strong>Precisionsteknik<\/strong><\/strong><\/strong><\/strong><\/strong><\/h3>\n\n\n\n<p><strong><strong><strong><strong><strong><em>F\u00f6r optimal muskelaktivering<\/em><\/strong><\/strong><\/strong><\/strong><\/strong><\/p>\n\n\n\n<p>Evolve Prime Series Chest Press &amp; Lat Pull Down \u00e4r byggd f\u00f6r att uppfylla kraven fr\u00e5n b\u00e5de professionella och privata fitnessentusiaster och \u00e4r utrustad med ergonomiskt utformade grepp och justerbara inst\u00e4llningar. Detta s\u00e4kerst\u00e4ller korrekt h\u00e5llning och inriktning, vilket hj\u00e4lper anv\u00e4ndarna att maximera muskelaktivering samtidigt som belastningen p\u00e5 lederna minimeras. Det plattbelastade systemet m\u00f6jligg\u00f6r progressiv \u00f6verbelastning, vilket \u00e4r avg\u00f6rande f\u00f6r att bygga upp styrka och muskeldefinition. Den h\u00e4r maskinen \u00e4r tillverkad av h\u00f6gkvalitativa material av kommersiell kvalitet och garanterar stabilitet och l\u00e5ngvarig prestanda, vilket g\u00f6r den till en v\u00e4rdefull investering f\u00f6r alla som vill f\u00f6rb\u00e4ttra sin styrketr\u00e4ningsrutin f\u00f6r \u00f6verkroppen.   <\/p>\n<\/div>\n\n\n\n<div class=\"wp-block-column is-vertically-aligned-center is-layout-flow wp-block-column-is-layout-flow\">\n<figure class=\"wp-block-image size-full is-resized is-style-rounded\"><img decoding=\"async\" src=\"https:\/\/evolve-fitness.eu\/wp-content\/uploads\/2024\/10\/EV-PL-PR-011-Evolve-Prime-Series-Plate-Loaded-Chest-Press-Lat-Pull-Down.jpg\" alt=\"EV-PL-PR-011\" class=\"wp-image-157083\" style=\"width:643px;height:706px\"\/><\/figure>\n<\/div>\n<\/div>\n<\/section>\n<\/section>\n","protected":false},"excerpt":{"rendered":"<p>Evolve Prime Series Plate Loaded Chest Press &amp; Lat Pull Down \u00e4r en maskin med dubbla funktioner som \u00e4r utformad f\u00f6r styrketr\u00e4ning av \u00f6verkroppen. Den kombinerar en br\u00f6stpress f\u00f6r att utveckla br\u00f6stmusklerna med en lat pull down f\u00f6r att tr\u00e4na ryggmusklerna. Maskinen har justerbart motst\u00e5nd, ergonomiska grepp och inst\u00e4llningar f\u00f6r korrekt inriktning, vilket s\u00e4kerst\u00e4ller optimalt muskelengagemang och minskad ledbelastning. Den \u00e4r tillverkad av h\u00e5llbara material av kommersiell kvalitet och erbjuder stabilitet och l\u00e5ng livsl\u00e4ngd f\u00f6r b\u00e5de hem- och gymmilj\u00f6er.   <\/p>\n","protected":false},"featured_media":109913,"template":"","meta":{"_acf_changed":false,"inline_featured_image":false},"product_cat":[773,1215],"product_tag":[],"class_list":{"0":"post-106256","1":"product","2":"type-product","3":"status-publish","4":"has-post-thumbnail","6":"product_cat-platbelastade-maskiner","7":"product_cat-prime-series-platbelastad","9":"first","10":"instock","11":"shipping-taxable","12":"purchasable","13":"product-type-simple"},"acf":[],"_links":{"self":[{"href":"https:\/\/store.evolve-fitness.eu\/sv\/wp-json\/wp\/v2\/product\/106256","targetHints":{"allow":["GET"]}}],"collection":[{"href":"https:\/\/store.evolve-fitness.eu\/sv\/wp-json\/wp\/v2\/product"}],"about":[{"href":"https:\/\/store.evolve-fitness.eu\/sv\/wp-json\/wp\/v2\/types\/product"}],"wp:featuredmedia":[{"embeddable":true,"href":"https:\/\/store.evolve-fitness.eu\/sv\/wp-json\/wp\/v2\/media\/109913"}],"wp:attachment":[{"href":"https:\/\/store.evolve-fitness.eu\/sv\/wp-json\/wp\/v2\/media?parent=106256"}],"wp:term":[{"taxonomy":"product_cat","embeddable":true,"href":"https:\/\/store.evolve-fitness.eu\/sv\/wp-json\/wp\/v2\/product_cat?post=106256"},{"taxonomy":"product_tag","embeddable":true,"href":"https:\/\/store.evolve-fitness.eu\/sv\/wp-json\/wp\/v2\/product_tag?post=106256"}],"curies":[{"name":"wp","href":"https:\/\/api.w.org\/{rel}","templated":true}]}}