{"id":105881,"date":"2025-02-10T13:46:30","date_gmt":"2025-02-10T13:46:30","guid":{"rendered":"https:\/\/store.evolve-fitness.eu\/?post_type=product&#038;p=105881"},"modified":"2025-12-13T13:25:15","modified_gmt":"2025-12-13T13:25:15","slug":"evolve-prime-series-plattbelastad-triceps-maskin","status":"publish","type":"product","link":"https:\/\/store.evolve-fitness.eu\/sv\/produkt\/evolve-prime-series-plattbelastad-triceps-maskin\/","title":{"rendered":"Evolve Prime Series plattbelastad triceps-maskin"},"content":{"rendered":"\n<section class=\"wp-block-group alignfull black-content has-white-color has-darkgray-background-color has-text-color has-background is-layout-constrained wp-block-group-is-layout-constrained\" style=\"padding-top:var(--wp--preset--spacing--section-bottom);padding-bottom:var(--wp--preset--spacing--section-bottom)\">\n<h3 class=\"wp-block-heading has-text-align-center\"><strong><strong>EVOLVE PLATE LADDAD PRIME-SERIE<\/strong><\/strong><\/h3>\n\n\n\n<p>Med Evolve Plate Loaded Prime Series \u00e4r h\u00f6gsta kvalitet standard. F\u00f6rb\u00e4ttra din styrketr\u00e4ning med maskiner som \u00e4r utformade f\u00f6r komfort, h\u00e5llbarhet och prestanda. Utforska hela sortimentet idag och omdefiniera din tr\u00e4ningsresa.  <\/p>\n\n\n\n<section class=\"wp-block-group alignfull black-content has-white-color has-darkgray-background-color has-text-color has-background is-layout-constrained wp-block-group-is-layout-constrained\" style=\"padding-top:var(--wp--preset--spacing--section-bottom);padding-bottom:var(--wp--preset--spacing--section-bottom)\">\n<div class=\"wp-block-columns alignwide mobile-reverse is-layout-flex wp-container-core-columns-is-layout-ca64bf2d wp-block-columns-is-layout-flex\" style=\"margin-bottom:var(--wp--preset--spacing--side-padding)\">\n<div class=\"wp-block-column is-vertically-aligned-center is-layout-flow wp-block-column-is-layout-flow\">\n<h3 class=\"wp-block-heading\" style=\"margin-bottom:var(--wp--preset--spacing--h-3-bottom)\"><strong><strong><strong>Ut\u00f6kade m\u00f6jligheter till utnyttjande<\/strong><\/strong><\/strong><\/h3>\n\n\n\n<p><strong><em><strong>Dubbla funktioner f\u00f6r bentr\u00e4ning<\/strong><\/em><\/strong><\/p>\n\n\n\n<p style=\"margin-bottom:var(--wp--preset--spacing--tb-section-padding)\"><strong>Evolve Prime Series plattbelastad triceps-maskin<\/strong>. Evolve Prime Series \u00e4r utformad f\u00f6r att f\u00f6rh\u00f6ja din styrketr\u00e4ningsupplevelse med sina robusta maskiner av kommersiell kvalitet. Varje del av utrustningen i denna serie \u00e4r utformad f\u00f6r att s\u00e4kerst\u00e4lla maximal komfort, h\u00e5llbarhet och prestanda. Med funktioner som ergonomisk design, justerbara komponenter och h\u00f6gkvalitativa material tillgodoser dessa maskiner alla fitnessniv\u00e5er och \u00e4r perfekta f\u00f6r professionella anl\u00e4ggningar.   <\/p>\n<\/div>\n\n\n\n<div class=\"wp-block-column is-vertically-aligned-center is-layout-flow wp-block-column-is-layout-flow\">\n<figure class=\"wp-block-image size-large\"><img loading=\"lazy\" decoding=\"async\" width=\"1024\" height=\"1024\" src=\"https:\/\/store.evolve-fitness.eu\/wp-content\/uploads\/2025\/02\/EV-PL-PR-067-Evolve-Prime-Series-Plate-Loaded-Seated-Dip-1024x1024.png\" alt=\"\" class=\"wp-image-117473\" srcset=\"https:\/\/store.evolve-fitness.eu\/wp-content\/uploads\/2025\/02\/EV-PL-PR-067-Evolve-Prime-Series-Plate-Loaded-Seated-Dip-1024x1024.png 1024w, https:\/\/store.evolve-fitness.eu\/wp-content\/uploads\/2025\/02\/EV-PL-PR-067-Evolve-Prime-Series-Plate-Loaded-Seated-Dip-300x300.png 300w, https:\/\/store.evolve-fitness.eu\/wp-content\/uploads\/2025\/02\/EV-PL-PR-067-Evolve-Prime-Series-Plate-Loaded-Seated-Dip-150x150.png 150w, https:\/\/store.evolve-fitness.eu\/wp-content\/uploads\/2025\/02\/EV-PL-PR-067-Evolve-Prime-Series-Plate-Loaded-Seated-Dip-768x768.png 768w, https:\/\/store.evolve-fitness.eu\/wp-content\/uploads\/2025\/02\/EV-PL-PR-067-Evolve-Prime-Series-Plate-Loaded-Seated-Dip-1536x1536.png 1536w, https:\/\/store.evolve-fitness.eu\/wp-content\/uploads\/2025\/02\/EV-PL-PR-067-Evolve-Prime-Series-Plate-Loaded-Seated-Dip-2048x2048.png 2048w, https:\/\/store.evolve-fitness.eu\/wp-content\/uploads\/2025\/02\/EV-PL-PR-067-Evolve-Prime-Series-Plate-Loaded-Seated-Dip-600x600.png 600w, https:\/\/store.evolve-fitness.eu\/wp-content\/uploads\/2025\/02\/EV-PL-PR-067-Evolve-Prime-Series-Plate-Loaded-Seated-Dip-100x100.png 100w\" sizes=\"auto, (max-width: 1024px) 100vw, 1024px\" \/><\/figure>\n<\/div>\n<\/div>\n<\/section>\n<\/section>\n","protected":false},"excerpt":{"rendered":"<p>Evolve Prime-serien \u00e4r utformad f\u00f6r att f\u00f6rh\u00f6ja din styrketr\u00e4ningsupplevelse med sina robusta maskiner av kommersiell kvalitet. Varje utrustning i denna serie \u00e4r utformad f\u00f6r att s\u00e4kerst\u00e4lla maximal komfort, h\u00e5llbarhet och prestanda. Med funktioner som ergonomisk design, justerbara komponenter och h\u00f6gkvalitativa material tillgodoser dessa maskiner alla tr\u00e4ningsniv\u00e5er och \u00e4r perfekta f\u00f6r professionella anl\u00e4ggningar.  <\/p>\n","protected":false},"featured_media":117497,"template":"","meta":{"_acf_changed":false,"inline_featured_image":false},"product_cat":[773,1215],"product_tag":[],"class_list":{"0":"post-105881","1":"product","2":"type-product","3":"status-publish","4":"has-post-thumbnail","6":"product_cat-platbelastade-maskiner","7":"product_cat-prime-series-platbelastad","9":"first","10":"instock","11":"shipping-taxable","12":"purchasable","13":"product-type-simple"},"acf":[],"_links":{"self":[{"href":"https:\/\/store.evolve-fitness.eu\/sv\/wp-json\/wp\/v2\/product\/105881","targetHints":{"allow":["GET"]}}],"collection":[{"href":"https:\/\/store.evolve-fitness.eu\/sv\/wp-json\/wp\/v2\/product"}],"about":[{"href":"https:\/\/store.evolve-fitness.eu\/sv\/wp-json\/wp\/v2\/types\/product"}],"wp:featuredmedia":[{"embeddable":true,"href":"https:\/\/store.evolve-fitness.eu\/sv\/wp-json\/wp\/v2\/media\/117497"}],"wp:attachment":[{"href":"https:\/\/store.evolve-fitness.eu\/sv\/wp-json\/wp\/v2\/media?parent=105881"}],"wp:term":[{"taxonomy":"product_cat","embeddable":true,"href":"https:\/\/store.evolve-fitness.eu\/sv\/wp-json\/wp\/v2\/product_cat?post=105881"},{"taxonomy":"product_tag","embeddable":true,"href":"https:\/\/store.evolve-fitness.eu\/sv\/wp-json\/wp\/v2\/product_tag?post=105881"}],"curies":[{"name":"wp","href":"https:\/\/api.w.org\/{rel}","templated":true}]}}