{"id":105831,"date":"2025-02-10T13:42:14","date_gmt":"2025-02-10T13:42:14","guid":{"rendered":"https:\/\/store.evolve-fitness.eu\/?post_type=product&#038;p=105831"},"modified":"2026-03-04T12:00:45","modified_gmt":"2026-03-04T12:00:45","slug":"evolve-prime-series-plattbelastad-bencurl-och-benforlangning","status":"publish","type":"product","link":"https:\/\/store.evolve-fitness.eu\/sv\/produkt\/evolve-prime-series-plattbelastad-bencurl-och-benforlangning\/","title":{"rendered":"Evolve Prime Series plattbelastad bencurl och benf\u00f6rl\u00e4ngning"},"content":{"rendered":"\n<section class=\"wp-block-group alignfull black-content has-white-color has-darkgray-background-color has-text-color has-background is-layout-constrained wp-block-group-is-layout-constrained\" style=\"padding-top:var(--wp--preset--spacing--section-bottom);padding-bottom:var(--wp--preset--spacing--section-bottom)\">\n<h3 class=\"wp-block-heading has-text-align-center\"><strong><strong>EVOLVE PLATE LADDAD PRIME-SERIE<\/strong><\/strong><\/h3>\n\n\n\n<p>Med Evolve Plate Loaded Prime Series \u00e4r h\u00f6gsta kvalitet standard. F\u00f6rb\u00e4ttra din styrketr\u00e4ning med maskiner som \u00e4r utformade f\u00f6r komfort, h\u00e5llbarhet och prestanda. Utforska hela sortimentet idag och omdefiniera din tr\u00e4ningsresa.  <\/p>\n\n\n\n<section class=\"wp-block-group alignfull black-content has-white-color has-darkgray-background-color has-text-color has-background is-layout-constrained wp-block-group-is-layout-constrained\" style=\"padding-top:var(--wp--preset--spacing--section-bottom);padding-bottom:var(--wp--preset--spacing--section-bottom)\">\n<div class=\"wp-block-columns alignwide mobile-reverse is-layout-flex wp-container-core-columns-is-layout-ca64bf2d wp-block-columns-is-layout-flex\" style=\"margin-bottom:var(--wp--preset--spacing--side-padding)\">\n<div class=\"wp-block-column is-vertically-aligned-center is-layout-flow wp-block-column-is-layout-flow\">\n<h3 class=\"wp-block-heading\" style=\"margin-bottom:var(--wp--preset--spacing--h-3-bottom)\"><strong><strong><strong>Ut\u00f6kade m\u00f6jligheter till utnyttjande<\/strong><\/strong><\/strong><\/h3>\n\n\n\n<p><strong><em><strong>Dubbla funktioner f\u00f6r bentr\u00e4ning<\/strong><\/em><\/strong><\/p>\n\n\n\n<p style=\"margin-bottom:var(--wp--preset--spacing--tb-section-padding)\">Evolve Prime Series Plate Loaded Leg Curl &amp; Leg Extension riktar in sig p\u00e5 b\u00e5de hamstrings och quadriceps och erbjuder m\u00e5ngsidig bentr\u00e4ning. Det intuitiva justeringssystemet och de f\u00e4rgglada komponenterna g\u00f6r det enkelt att st\u00e4lla in och byta mellan \u00f6vningar, vilket f\u00f6rb\u00e4ttrar den totala tr\u00e4ningsupplevelsen. <\/p>\n\n\n\n<h3 class=\"wp-block-heading\" style=\"margin-bottom:var(--wp--preset--spacing--h-3-bottom)\"><strong><strong><strong><strong><strong>Byggd f\u00f6r h\u00e5llbarhet och effektivitet<\/strong><\/strong><\/strong><\/strong><\/strong><\/h3>\n\n\n\n<p><strong><em>Funktioner av h\u00f6g kvalitet<\/em><\/strong><\/p>\n\n\n\n<p>Den h\u00e4r maskinen \u00e4r tillverkad av h\u00f6gkvalitativt kraftigt tyg och rostfria beslag och garanterar l\u00e5ngvarig anv\u00e4ndning. Den elektrostatiska spruttekniken med h\u00e4rdpulver ger en h\u00e5llbar yta som bibeh\u00e5ller utrustningens utseende. Integrerade f\u00f6rvaringspinnar f\u00f6r viktskivor maximerar utrymmeseffektiviteten och h\u00e5ller ditt tr\u00e4ningsomr\u00e5de organiserat.<\/p>\n<\/div>\n\n\n\n<div class=\"wp-block-column is-vertically-aligned-center is-layout-flow wp-block-column-is-layout-flow\">\n<figure class=\"wp-block-image size-large\"><img loading=\"lazy\" decoding=\"async\" width=\"1024\" height=\"1024\" src=\"https:\/\/store.evolve-fitness.eu\/wp-content\/uploads\/2025\/02\/EV-PL-PR-066-Evolve-Prime-Series-Plate-Loaded-Leg-Curl-1-1024x1024.png\" alt=\"\" class=\"wp-image-117422\" srcset=\"https:\/\/store.evolve-fitness.eu\/wp-content\/uploads\/2025\/02\/EV-PL-PR-066-Evolve-Prime-Series-Plate-Loaded-Leg-Curl-1-1024x1024.png 1024w, https:\/\/store.evolve-fitness.eu\/wp-content\/uploads\/2025\/02\/EV-PL-PR-066-Evolve-Prime-Series-Plate-Loaded-Leg-Curl-1-300x300.png 300w, https:\/\/store.evolve-fitness.eu\/wp-content\/uploads\/2025\/02\/EV-PL-PR-066-Evolve-Prime-Series-Plate-Loaded-Leg-Curl-1-150x150.png 150w, https:\/\/store.evolve-fitness.eu\/wp-content\/uploads\/2025\/02\/EV-PL-PR-066-Evolve-Prime-Series-Plate-Loaded-Leg-Curl-1-768x768.png 768w, https:\/\/store.evolve-fitness.eu\/wp-content\/uploads\/2025\/02\/EV-PL-PR-066-Evolve-Prime-Series-Plate-Loaded-Leg-Curl-1-1536x1536.png 1536w, https:\/\/store.evolve-fitness.eu\/wp-content\/uploads\/2025\/02\/EV-PL-PR-066-Evolve-Prime-Series-Plate-Loaded-Leg-Curl-1-2048x2048.png 2048w, https:\/\/store.evolve-fitness.eu\/wp-content\/uploads\/2025\/02\/EV-PL-PR-066-Evolve-Prime-Series-Plate-Loaded-Leg-Curl-1-600x600.png 600w, https:\/\/store.evolve-fitness.eu\/wp-content\/uploads\/2025\/02\/EV-PL-PR-066-Evolve-Prime-Series-Plate-Loaded-Leg-Curl-1-100x100.png 100w\" sizes=\"auto, (max-width: 1024px) 100vw, 1024px\" \/><\/figure>\n<\/div>\n<\/div>\n<\/section>\n<\/section>\n","protected":false},"excerpt":{"rendered":"<p>Evolve Prime Series Plate Loaded Leg Curl &amp; Leg Extension (EV-PL-PR-066) \u00e4r en f\u00f6rstklassig tr\u00e4ningsmaskin som \u00e4r utformad f\u00f6r att h\u00f6ja dina bentr\u00e4ningspass. Den h\u00e4r maskinen \u00e4r byggd med material av kommersiell kvalitet och utlovar komfort, h\u00e5llbarhet och prestanda. Dess ergonomiska design och justerbara funktioner passar anv\u00e4ndare p\u00e5 alla tr\u00e4ningsniv\u00e5er, vilket g\u00f6r den till ett utm\u00e4rkt tillskott till alla professionella gym.  <\/p>\n","protected":false},"featured_media":117421,"template":"","meta":{"_acf_changed":false,"inline_featured_image":false},"product_cat":[773,1215],"product_tag":[],"class_list":{"0":"post-105831","1":"product","2":"type-product","3":"status-publish","4":"has-post-thumbnail","6":"product_cat-platbelastade-maskiner","7":"product_cat-prime-series-platbelastad","9":"first","10":"instock","11":"shipping-taxable","12":"purchasable","13":"product-type-simple"},"acf":[],"_links":{"self":[{"href":"https:\/\/store.evolve-fitness.eu\/sv\/wp-json\/wp\/v2\/product\/105831","targetHints":{"allow":["GET"]}}],"collection":[{"href":"https:\/\/store.evolve-fitness.eu\/sv\/wp-json\/wp\/v2\/product"}],"about":[{"href":"https:\/\/store.evolve-fitness.eu\/sv\/wp-json\/wp\/v2\/types\/product"}],"wp:featuredmedia":[{"embeddable":true,"href":"https:\/\/store.evolve-fitness.eu\/sv\/wp-json\/wp\/v2\/media\/117421"}],"wp:attachment":[{"href":"https:\/\/store.evolve-fitness.eu\/sv\/wp-json\/wp\/v2\/media?parent=105831"}],"wp:term":[{"taxonomy":"product_cat","embeddable":true,"href":"https:\/\/store.evolve-fitness.eu\/sv\/wp-json\/wp\/v2\/product_cat?post=105831"},{"taxonomy":"product_tag","embeddable":true,"href":"https:\/\/store.evolve-fitness.eu\/sv\/wp-json\/wp\/v2\/product_tag?post=105831"}],"curies":[{"name":"wp","href":"https:\/\/api.w.org\/{rel}","templated":true}]}}