{"id":105277,"date":"2025-02-04T13:44:43","date_gmt":"2025-02-04T13:44:43","guid":{"rendered":"https:\/\/store.evolve-fitness.eu\/?post_type=product&#038;p=105277"},"modified":"2025-03-27T07:51:03","modified_gmt":"2025-03-27T07:51:03","slug":"evolve-boxningssack-i-naturlader-180-cm","status":"publish","type":"product","link":"https:\/\/store.evolve-fitness.eu\/sv\/produkt\/evolve-boxningssack-i-naturlader-180-cm\/","title":{"rendered":"Evolve boxningss\u00e4ck i naturl\u00e4der 180 CM"},"content":{"rendered":"\n<section class=\"wp-block-group alignfull has-lightgray-background-color has-background is-layout-constrained wp-block-group-is-layout-constrained\">\n<div class=\"wp-block-columns alignwide is-layout-flex wp-container-core-columns-is-layout-2edb0647 wp-block-columns-is-layout-flex\" style=\"margin-top:0;margin-bottom:0\">\n<div class=\"wp-block-column is-layout-flow wp-block-column-is-layout-flow\" style=\"flex-basis:33.33%\"><\/div>\n\n\n\n<div class=\"wp-block-column is-layout-flow wp-block-column-is-layout-flow\" style=\"flex-basis:66.66%\"><\/div>\n<\/div>\n<\/section>\n\n<p><\/p>\n","protected":false},"excerpt":{"rendered":"<p>Boxningss\u00e4cken best\u00e5r av tv\u00e5 lager, det inre lagret \u00e4r tillverkat av h\u00f6gkvalitativt tyg och det yttre lagret \u00e4r tillverkat av h\u00f6gkvalitativt \u00e4kta l\u00e4der, s\u00e5 boxningss\u00e4cken \u00e4r extremt stark. Alla s\u00f6mmar p\u00e5 boxningss\u00e4cken \u00e4r sydda flera g\u00e5nger f\u00f6r att f\u00f6rhindra rivning.<\/p>\n","protected":false},"featured_media":105252,"template":"","meta":{"_acf_changed":false,"inline_featured_image":false},"product_cat":[623,625],"product_tag":[],"class_list":{"0":"post-105277","1":"product","2":"type-product","3":"status-publish","4":"has-post-thumbnail","6":"product_cat-korsvis-funktionell","7":"product_cat-funktionell-utrustning","9":"first","10":"instock","11":"shipping-taxable","12":"purchasable","13":"product-type-simple"},"acf":[],"_links":{"self":[{"href":"https:\/\/store.evolve-fitness.eu\/sv\/wp-json\/wp\/v2\/product\/105277","targetHints":{"allow":["GET"]}}],"collection":[{"href":"https:\/\/store.evolve-fitness.eu\/sv\/wp-json\/wp\/v2\/product"}],"about":[{"href":"https:\/\/store.evolve-fitness.eu\/sv\/wp-json\/wp\/v2\/types\/product"}],"wp:featuredmedia":[{"embeddable":true,"href":"https:\/\/store.evolve-fitness.eu\/sv\/wp-json\/wp\/v2\/media\/105252"}],"wp:attachment":[{"href":"https:\/\/store.evolve-fitness.eu\/sv\/wp-json\/wp\/v2\/media?parent=105277"}],"wp:term":[{"taxonomy":"product_cat","embeddable":true,"href":"https:\/\/store.evolve-fitness.eu\/sv\/wp-json\/wp\/v2\/product_cat?post=105277"},{"taxonomy":"product_tag","embeddable":true,"href":"https:\/\/store.evolve-fitness.eu\/sv\/wp-json\/wp\/v2\/product_tag?post=105277"}],"curies":[{"name":"wp","href":"https:\/\/api.w.org\/{rel}","templated":true}]}}