{"id":105227,"date":"2025-02-04T13:36:50","date_gmt":"2025-02-04T13:36:50","guid":{"rendered":"https:\/\/store.evolve-fitness.eu\/?post_type=product&#038;p=105227"},"modified":"2026-04-29T12:01:24","modified_gmt":"2026-04-29T12:01:24","slug":"evolve-stanssack-i-konstlader-150-cm","status":"publish","type":"product","link":"https:\/\/store.evolve-fitness.eu\/sv\/produkt\/evolve-stanssack-i-konstlader-150-cm\/","title":{"rendered":"Evolve stanss\u00e4ck i konstl\u00e4der 150 CM"},"content":{"rendered":"\n<section class=\"wp-block-group alignfull has-lightgray-background-color has-background is-layout-constrained wp-block-group-is-layout-constrained\">\n<div class=\"wp-block-columns alignwide is-layout-flex wp-container-core-columns-is-layout-2edb0647 wp-block-columns-is-layout-flex\" style=\"margin-top:0;margin-bottom:0\">\n<div class=\"wp-block-column is-layout-flow wp-block-column-is-layout-flow\" style=\"flex-basis:33.33%\"><\/div>\n\n\n\n<div class=\"wp-block-column is-layout-flow wp-block-column-is-layout-flow\" style=\"flex-basis:66.66%\"><\/div>\n<\/div>\n<\/section>\n\n<p><\/p>\n","protected":false},"excerpt":{"rendered":"<p>Boxningss\u00e4ckens inre lager \u00e4r tillverkat av PVC-belagd canvasv\u00e4v och det yttre lagret \u00e4r tillverkat av mycket tjockt konstl\u00e4der f\u00f6rst\u00e4rkt med ett tjockt lager PU-polyuretan. De tre lagren skapar en mycket tjock v\u00e4gg, s\u00e5 att boxningss\u00e4cken alltid f\u00f6rblir sl\u00e4t och elegant. Alla s\u00f6mmar p\u00e5 boxningss\u00e4cken \u00e4r sydda flera g\u00e5nger f\u00f6r att f\u00f6rhindra rivning. Den 150 cm l\u00e5nga boxningss\u00e4cken \u00e4r idealisk f\u00f6r slag och sparkar, medan diametern p\u00e5 40 cm \u00e4r perfekt f\u00f6r en riktig kampsportare.<\/p>\n","protected":false},"featured_media":105252,"template":"","meta":{"_acf_changed":false,"inline_featured_image":false},"product_cat":[550,623,625],"product_tag":[],"class_list":{"0":"post-105227","1":"product","2":"type-product","3":"status-publish","4":"has-post-thumbnail","6":"product_cat-startsida","7":"product_cat-korsvis-funktionell","8":"product_cat-funktionell-utrustning","10":"first","11":"outofstock","12":"shipping-taxable","13":"purchasable","14":"product-type-simple"},"acf":[],"_links":{"self":[{"href":"https:\/\/store.evolve-fitness.eu\/sv\/wp-json\/wp\/v2\/product\/105227","targetHints":{"allow":["GET"]}}],"collection":[{"href":"https:\/\/store.evolve-fitness.eu\/sv\/wp-json\/wp\/v2\/product"}],"about":[{"href":"https:\/\/store.evolve-fitness.eu\/sv\/wp-json\/wp\/v2\/types\/product"}],"wp:featuredmedia":[{"embeddable":true,"href":"https:\/\/store.evolve-fitness.eu\/sv\/wp-json\/wp\/v2\/media\/105252"}],"wp:attachment":[{"href":"https:\/\/store.evolve-fitness.eu\/sv\/wp-json\/wp\/v2\/media?parent=105227"}],"wp:term":[{"taxonomy":"product_cat","embeddable":true,"href":"https:\/\/store.evolve-fitness.eu\/sv\/wp-json\/wp\/v2\/product_cat?post=105227"},{"taxonomy":"product_tag","embeddable":true,"href":"https:\/\/store.evolve-fitness.eu\/sv\/wp-json\/wp\/v2\/product_tag?post=105227"}],"curies":[{"name":"wp","href":"https:\/\/api.w.org\/{rel}","templated":true}]}}