{"id":105021,"date":"2025-02-04T13:19:26","date_gmt":"2025-02-04T13:19:26","guid":{"rendered":"https:\/\/store.evolve-fitness.eu\/?post_type=product&#038;p=105021"},"modified":"2025-11-07T11:40:27","modified_gmt":"2025-11-07T11:40:27","slug":"evolve-stanssack-i-konstlader-100-cm-180-cm","status":"publish","type":"product","link":"https:\/\/store.evolve-fitness.eu\/sv\/produkt\/evolve-stanssack-i-konstlader-100-cm-180-cm\/","title":{"rendered":"Evolve Boxningss\u00e4ck i konstl\u00e4der 100 cm \/ 180 cm"},"content":{"rendered":"\n<section class=\"wp-block-group alignfull has-lightgray-background-color has-background is-layout-constrained wp-block-group-is-layout-constrained\">\n<div class=\"wp-block-columns alignwide is-layout-flex wp-container-core-columns-is-layout-2edb0647 wp-block-columns-is-layout-flex\" style=\"margin-top:0;margin-bottom:0\">\n<div class=\"wp-block-column is-layout-flow wp-block-column-is-layout-flow\" style=\"flex-basis:33.33%\"><\/div>\n\n\n\n<div class=\"wp-block-column is-layout-flow wp-block-column-is-layout-flow\" style=\"flex-basis:66.66%\"><\/div>\n<\/div>\n<\/section>\n","protected":false},"excerpt":{"rendered":"<p>S\u00e4ckens inre lager \u00e4r tillverkat av PVC-belagd v\u00e4vd duk och det yttre lagret \u00e4r tillverkat av mycket tjockt konstl\u00e4der. Detta skapar en mycket tjock v\u00e4gg, s\u00e5 att boxningss\u00e4cken alltid kommer att beh\u00e5lla ett smidigt utseende \u00e4ven efter mycket l\u00e5ng anv\u00e4ndning. Det finns fyra extra f\u00f6rst\u00e4rkta remmar med ringar p\u00e5 sidan f\u00f6r upph\u00e4ngning av boxningss\u00e4cken. Alla s\u00f6mmar p\u00e5 boxningss\u00e4cken \u00e4r sydda flera g\u00e5nger f\u00f6r att f\u00f6rhindra att de g\u00e5r s\u00f6nder.<\/p>\n","protected":false},"featured_media":105202,"template":"","meta":{"_acf_changed":false,"inline_featured_image":false},"product_cat":[623,625],"product_tag":[],"class_list":{"0":"post-105021","1":"product","2":"type-product","3":"status-publish","4":"has-post-thumbnail","6":"product_cat-korsvis-funktionell","7":"product_cat-funktionell-utrustning","9":"first","10":"instock","11":"shipping-taxable","12":"purchasable","13":"product-type-variable"},"acf":[],"_links":{"self":[{"href":"https:\/\/store.evolve-fitness.eu\/sv\/wp-json\/wp\/v2\/product\/105021","targetHints":{"allow":["GET"]}}],"collection":[{"href":"https:\/\/store.evolve-fitness.eu\/sv\/wp-json\/wp\/v2\/product"}],"about":[{"href":"https:\/\/store.evolve-fitness.eu\/sv\/wp-json\/wp\/v2\/types\/product"}],"wp:featuredmedia":[{"embeddable":true,"href":"https:\/\/store.evolve-fitness.eu\/sv\/wp-json\/wp\/v2\/media\/105202"}],"wp:attachment":[{"href":"https:\/\/store.evolve-fitness.eu\/sv\/wp-json\/wp\/v2\/media?parent=105021"}],"wp:term":[{"taxonomy":"product_cat","embeddable":true,"href":"https:\/\/store.evolve-fitness.eu\/sv\/wp-json\/wp\/v2\/product_cat?post=105021"},{"taxonomy":"product_tag","embeddable":true,"href":"https:\/\/store.evolve-fitness.eu\/sv\/wp-json\/wp\/v2\/product_tag?post=105021"}],"curies":[{"name":"wp","href":"https:\/\/api.w.org\/{rel}","templated":true}]}}