{"id":104802,"date":"2025-02-04T13:12:27","date_gmt":"2025-02-04T13:12:27","guid":{"rendered":"https:\/\/store.evolve-fitness.eu\/?post_type=product&#038;p=104802"},"modified":"2025-03-27T07:53:53","modified_gmt":"2025-03-27T07:53:53","slug":"evolve-teardrop-boxningssack-90-cm","status":"publish","type":"product","link":"https:\/\/store.evolve-fitness.eu\/sv\/produkt\/evolve-teardrop-boxningssack-90-cm\/","title":{"rendered":"Evolve teardrop boxningss\u00e4ck 90 CM"},"content":{"rendered":"\n<section class=\"wp-block-group alignfull has-lightgray-background-color has-background is-layout-constrained wp-block-group-is-layout-constrained\">\n<div class=\"wp-block-columns alignwide is-layout-flex wp-container-core-columns-is-layout-2edb0647 wp-block-columns-is-layout-flex\" style=\"margin-top:0;margin-bottom:0\">\n<div class=\"wp-block-column is-layout-flow wp-block-column-is-layout-flow\" style=\"flex-basis:33.33%\"><\/div>\n\n\n\n<div class=\"wp-block-column is-layout-flow wp-block-column-is-layout-flow\" style=\"flex-basis:66.66%\"><\/div>\n<\/div>\n<\/section>\n","protected":false},"excerpt":{"rendered":"<p>Denna boxningss\u00e4ck \u00e4r perfekt f\u00f6r att tr\u00e4na armh\u00e4vningar, kn\u00e4n och slag. Boxningss\u00e4cken \u00e4r tillverkad av konstl\u00e4der, detta material \u00e4r lika flexibelt, h\u00e5llbart och vackert som \u00e4kta l\u00e4der. Boxningss\u00e4cken \u00e4r l\u00e4tt att h\u00e4nga upp p\u00e5 metallkrokarna. S\u00e4cken \u00e4r fylld med en blandning av textilfibrer.<\/p>\n","protected":false},"featured_media":104827,"template":"","meta":{"_acf_changed":false,"inline_featured_image":false},"product_cat":[550,623,625],"product_tag":[],"class_list":{"0":"post-104802","1":"product","2":"type-product","3":"status-publish","4":"has-post-thumbnail","6":"product_cat-startsida","7":"product_cat-korsvis-funktionell","8":"product_cat-funktionell-utrustning","10":"first","11":"instock","12":"shipping-taxable","13":"purchasable","14":"product-type-simple"},"acf":[],"_links":{"self":[{"href":"https:\/\/store.evolve-fitness.eu\/sv\/wp-json\/wp\/v2\/product\/104802","targetHints":{"allow":["GET"]}}],"collection":[{"href":"https:\/\/store.evolve-fitness.eu\/sv\/wp-json\/wp\/v2\/product"}],"about":[{"href":"https:\/\/store.evolve-fitness.eu\/sv\/wp-json\/wp\/v2\/types\/product"}],"wp:featuredmedia":[{"embeddable":true,"href":"https:\/\/store.evolve-fitness.eu\/sv\/wp-json\/wp\/v2\/media\/104827"}],"wp:attachment":[{"href":"https:\/\/store.evolve-fitness.eu\/sv\/wp-json\/wp\/v2\/media?parent=104802"}],"wp:term":[{"taxonomy":"product_cat","embeddable":true,"href":"https:\/\/store.evolve-fitness.eu\/sv\/wp-json\/wp\/v2\/product_cat?post=104802"},{"taxonomy":"product_tag","embeddable":true,"href":"https:\/\/store.evolve-fitness.eu\/sv\/wp-json\/wp\/v2\/product_tag?post=104802"}],"curies":[{"name":"wp","href":"https:\/\/api.w.org\/{rel}","templated":true}]}}