{"id":104752,"date":"2025-02-04T13:00:26","date_gmt":"2025-02-04T13:00:26","guid":{"rendered":"https:\/\/store.evolve-fitness.eu\/?post_type=product&#038;p=104752"},"modified":"2025-03-27T07:54:47","modified_gmt":"2025-03-27T07:54:47","slug":"evolve-anglebag-boxningssack-120-cm","status":"publish","type":"product","link":"https:\/\/store.evolve-fitness.eu\/sv\/produkt\/evolve-anglebag-boxningssack-120-cm\/","title":{"rendered":"Evolve Anglebag boxningss\u00e4ck 120 CM"},"content":{"rendered":"\n<section class=\"wp-block-group alignfull has-lightgray-background-color has-background is-layout-constrained wp-block-group-is-layout-constrained\">\n<div class=\"wp-block-columns alignwide is-layout-flex wp-container-core-columns-is-layout-2edb0647 wp-block-columns-is-layout-flex\" style=\"margin-top:0;margin-bottom:0\">\n<div class=\"wp-block-column is-layout-flow wp-block-column-is-layout-flow\" style=\"flex-basis:33.33%\"><\/div>\n\n\n\n<div class=\"wp-block-column is-layout-flow wp-block-column-is-layout-flow\" style=\"flex-basis:66.66%\"><\/div>\n<\/div>\n<\/section>\n","protected":false},"excerpt":{"rendered":"<p>Boxningss\u00e4ckens utsida \u00e4r tillverkad av konstl\u00e4der av h\u00f6gsta kvalitet och insidan \u00e4r fylld med mjuk textil, tack vare vilken boxningss\u00e4cken absorberar slag perfekt. Denna boxningss\u00e4ck g\u00f6r att du kan tr\u00e4na slag p\u00e5 alla s\u00e4tt &#8211; b\u00e5de vinklade slag, raka slag och st\u00f6tar. Boxningss\u00e4cken har en diameter p\u00e5 45 cm upptill och 25 cm nedtill. Perfekt f\u00f6r hemmabruk eller p\u00e5 gymmet.<\/p>\n","protected":false},"featured_media":104777,"template":"","meta":{"_acf_changed":false,"inline_featured_image":false},"product_cat":[550,623,625],"product_tag":[],"class_list":{"0":"post-104752","1":"product","2":"type-product","3":"status-publish","4":"has-post-thumbnail","6":"product_cat-startsida","7":"product_cat-korsvis-funktionell","8":"product_cat-funktionell-utrustning","10":"first","11":"outofstock","12":"shipping-taxable","13":"purchasable","14":"product-type-simple"},"acf":[],"_links":{"self":[{"href":"https:\/\/store.evolve-fitness.eu\/sv\/wp-json\/wp\/v2\/product\/104752","targetHints":{"allow":["GET"]}}],"collection":[{"href":"https:\/\/store.evolve-fitness.eu\/sv\/wp-json\/wp\/v2\/product"}],"about":[{"href":"https:\/\/store.evolve-fitness.eu\/sv\/wp-json\/wp\/v2\/types\/product"}],"wp:featuredmedia":[{"embeddable":true,"href":"https:\/\/store.evolve-fitness.eu\/sv\/wp-json\/wp\/v2\/media\/104777"}],"wp:attachment":[{"href":"https:\/\/store.evolve-fitness.eu\/sv\/wp-json\/wp\/v2\/media?parent=104752"}],"wp:term":[{"taxonomy":"product_cat","embeddable":true,"href":"https:\/\/store.evolve-fitness.eu\/sv\/wp-json\/wp\/v2\/product_cat?post=104752"},{"taxonomy":"product_tag","embeddable":true,"href":"https:\/\/store.evolve-fitness.eu\/sv\/wp-json\/wp\/v2\/product_tag?post=104752"}],"curies":[{"name":"wp","href":"https:\/\/api.w.org\/{rel}","templated":true}]}}