{"id":104286,"date":"2025-01-23T14:08:43","date_gmt":"2025-01-23T14:08:43","guid":{"rendered":"https:\/\/store.evolve-fitness.eu\/?post_type=product&#038;p=104286"},"modified":"2026-03-17T12:00:56","modified_gmt":"2026-03-17T12:00:56","slug":"evolve-econ-series-smith-maskin","status":"publish","type":"product","link":"https:\/\/store.evolve-fitness.eu\/sv\/produkt\/evolve-econ-series-smith-maskin\/","title":{"rendered":"Evolve Smith-maskin i Econ-serien (EC-009)"},"content":{"rendered":"\n<section class=\"wp-block-group alignfull black-content has-white-color has-darkgray-background-color has-text-color has-background is-layout-constrained wp-block-group-is-layout-constrained\" style=\"padding-top:var(--wp--preset--spacing--section-bottom);padding-bottom:var(--wp--preset--spacing--section-bottom)\">\n<h3 class=\"wp-block-heading has-text-align-center\"><strong>Uppt\u00e4ck prisv\u00e4rd excellens med Evolve Plate Loaded Econ Series<\/strong><\/h3>\n\n\n\n<div class=\"wp-block-columns is-layout-flex wp-container-core-columns-is-layout-9d6595d7 wp-block-columns-is-layout-flex\">\n<div class=\"wp-block-column is-layout-flow wp-block-column-is-layout-flow\"><\/div>\n<\/div>\n\n\n\n<p>Evolve Plate Loaded Econ Series \u00e4r ditt f\u00f6rstahandsval f\u00f6r budgetv\u00e4nlig men \u00e4nd\u00e5 h\u00f6gkvalitativ styrketr\u00e4ningsutrustning. Med Econ-serien ger vi dig de b\u00e4sta ekonomiska alternativen utan att kompromissa med prestandan. H\u00e4r \u00e4r vad som skiljer denna linje fr\u00e5n m\u00e4ngden:<\/p>\n\n\n\n<section class=\"wp-block-group alignfull black-content has-white-color has-darkgray-background-color has-text-color has-background is-layout-constrained wp-block-group-is-layout-constrained\" style=\"padding-top:var(--wp--preset--spacing--section-bottom);padding-bottom:var(--wp--preset--spacing--section-bottom)\">\n<div class=\"wp-block-columns alignwide mobile-reverse is-layout-flex wp-container-core-columns-is-layout-ca64bf2d wp-block-columns-is-layout-flex\" style=\"margin-bottom:var(--wp--preset--spacing--side-padding)\">\n<div class=\"wp-block-column is-vertically-aligned-center is-layout-flow wp-block-column-is-layout-flow\">\n<h3 class=\"wp-block-heading\" style=\"margin-bottom:var(--wp--preset--spacing--h-3-bottom)\"><strong><strong>Robust stordator<\/strong><\/strong><\/h3>\n\n\n\n<p><strong><em>Kraftiga 50 x 100 mm platta ovala r\u00f6r<\/em><\/strong><\/p>\n\n\n\n<p style=\"margin-bottom:var(--wp--preset--spacing--tb-section-padding)\">Evolve Plate Loaded Econ Series \u00e4r ditt f\u00f6rstahandsval f\u00f6r budgetv\u00e4nlig men \u00e4nd\u00e5 h\u00f6gkvalitativ styrketr\u00e4ningsutrustning. Med Econ-serien ger vi dig de b\u00e4sta ekonomiska alternativen utan att kompromissa med prestandan. H\u00e4r \u00e4r vad som skiljer denna linje fr\u00e5n m\u00e4ngden:<\/p>\n\n\n\n<h3 class=\"wp-block-heading\" style=\"margin-bottom:var(--wp--preset--spacing--h-3-bottom)\"><strong><strong><strong>H\u00e5ll ditt utrymme organiserat<\/strong><\/strong><\/strong><\/h3>\n\n\n\n<p><strong><em><strong><strong>Pinnar f\u00f6r f\u00f6rvaring av viktskivor<\/strong><\/strong><\/em><\/strong><\/p>\n\n\n\n<p>H\u00e5ll ordning och maximera utrymmeseffektiviteten med <strong>Pegs f\u00f6r f\u00f6rvaring av viktskivor<\/strong>. H\u00e5ll dina tallrikar inom r\u00e4ckh\u00e5ll och skapa en st\u00f6kfri tr\u00e4ningsmilj\u00f6.<\/p>\n<\/div>\n\n\n\n<div class=\"wp-block-column is-vertically-aligned-center is-layout-flow wp-block-column-is-layout-flow\">\n<figure class=\"wp-block-image size-large is-resized is-style-rounded\"><img decoding=\"async\" src=\"https:\/\/evolve-fitness.eu\/wp-content\/uploads\/2025\/01\/EV-PL-EC-009-Evolve-Econ-Series-Smith-Machine-1-1024x1024.jpg\" alt=\"EV-PL-EC-009\" class=\"wp-image-174535\" style=\"width:643px;height:706px\"\/><\/figure>\n<\/div>\n<\/div>\n\n\n\n<div class=\"wp-block-columns alignwide mobile-reverse is-layout-flex wp-container-core-columns-is-layout-ca64bf2d wp-block-columns-is-layout-flex\" style=\"margin-bottom:var(--wp--preset--spacing--side-padding)\">\n<div class=\"wp-block-column is-vertically-aligned-center is-layout-flow wp-block-column-is-layout-flow\">\n<figure class=\"wp-block-image alignleft size-large is-resized is-style-rounded\"><img decoding=\"async\" src=\"https:\/\/evolve-fitness.eu\/wp-content\/uploads\/2023\/08\/EV-PL-EC-003-edited.jpg\" alt=\"\" class=\"wp-image-3403\" style=\"width:744px;height:558px\"\/><\/figure>\n<\/div>\n\n\n\n<div class=\"wp-block-column is-vertically-aligned-center is-layout-flow wp-block-column-is-layout-flow\">\n<h3 class=\"wp-block-heading\" style=\"margin-bottom:var(--wp--preset--spacing--h-3-bottom)\"><strong>Justerbar sittposition<\/strong><\/h3>\n\n\n\n<p><strong><em><strong>Enkel anpassning i livfullt gult<\/strong><\/em><\/strong><\/p>\n\n\n\n<p style=\"margin-bottom:var(--wp--preset--spacing--tb-section-padding)\">V\u00e5ra maskiner har en <strong>justerbar sittposition<\/strong> med justeringsrattar och handtag i ljust, l\u00e4tt\u00f6versk\u00e5dligt gult. Den anv\u00e4ndarv\u00e4nliga designen g\u00f6r det enkelt att anpassa tr\u00e4ningen s\u00e5 att den passar dina \u00f6nskem\u00e5l.<\/p>\n\n\n\n<h3 class=\"wp-block-heading\" style=\"margin-bottom:var(--wp--preset--spacing--h-3-bottom)\"><strong>Handtag med halkskydd<\/strong><\/h3>\n\n\n\n<p><strong><em><strong>S\u00e4kert grepp f\u00f6r s\u00e4kerhet<\/strong><\/em><\/strong><\/p>\n\n\n\n<p>S\u00e4kerheten \u00e4r av st\u00f6rsta vikt och v\u00e5ra <strong>halkfria handtag<\/strong> ger ett s\u00e4kert grepp och minskar risken f\u00f6r olyckor under tr\u00e4ningspassen. Fokusera p\u00e5 din tr\u00e4ning utan att beh\u00f6va oroa dig.<\/p>\n<\/div>\n<\/div>\n\n\n\n<div class=\"wp-block-columns alignwide mobile-reverse is-layout-flex wp-container-core-columns-is-layout-ca64bf2d wp-block-columns-is-layout-flex\" style=\"margin-bottom:var(--wp--preset--spacing--side-padding)\">\n<div class=\"wp-block-column is-vertically-aligned-center is-layout-flow wp-block-column-is-layout-flow\">\n<h3 class=\"wp-block-heading\" style=\"margin-bottom:var(--wp--preset--spacing--h-3-bottom)\"><strong>L\u00e5ngvarig prestanda<\/strong><\/h3>\n\n\n\n<p><strong><em><strong><strong><strong><strong>Premiumkvalitet, kraftigt PU-l\u00e4der<\/strong><\/strong><\/strong><\/strong><\/em><\/strong><\/p>\n\n\n\n<p style=\"margin-bottom:var(--wp--preset--spacing--tb-section-padding)\">Underh\u00e5ll enkelt golvet i ditt gym. Econ-serien \u00e4r utrustad med <strong>slitstarka golvskydd<\/strong> som skyddar mot skador och repor, \u00e4ven under intensiva tr\u00e4ningspass.<\/p>\n\n\n\n<h3 class=\"wp-block-heading\" style=\"margin-bottom:var(--wp--preset--spacing--h-3-bottom)\"><strong><strong><strong>Tjock kl\u00e4dsel<\/strong><\/strong><\/strong><\/h3>\n\n\n\n<p><strong><em><strong>Komfort m\u00f6ter h\u00e5llbarhet<\/strong><\/em><\/strong><\/p>\n\n\n\n<p>Njut av b\u00e5de komfort och h\u00e5llbarhet med <strong>Thick Upholstery<\/strong>. Denna funktion f\u00f6rb\u00e4ttrar din tr\u00e4ningsupplevelse och g\u00f6r att du kan tr\u00e4na med tillf\u00f6rsikt.<\/p>\n<\/div>\n\n\n\n<div class=\"wp-block-column is-vertically-aligned-center is-layout-flow wp-block-column-is-layout-flow\">\n<figure class=\"wp-block-image size-large is-resized is-style-rounded\"><img decoding=\"async\" src=\"https:\/\/evolve-fitness.eu\/wp-content\/uploads\/2023\/08\/EV-PL-EC-011-1024x882.jpg\" alt=\"\" class=\"wp-image-3409\" style=\"width:572px;height:763px\"\/><\/figure>\n<\/div>\n<\/div>\n\n\n\n<div class=\"wp-block-columns alignwide mobile-reverse is-layout-flex wp-container-core-columns-is-layout-ca64bf2d wp-block-columns-is-layout-flex\" style=\"margin-bottom:var(--wp--preset--spacing--side-padding)\">\n<div class=\"wp-block-column is-vertically-aligned-center is-layout-flow wp-block-column-is-layout-flow\">\n<figure class=\"wp-block-image size-large is-resized is-style-rounded\"><img decoding=\"async\" src=\"https:\/\/evolve-fitness.eu\/wp-content\/uploads\/2023\/08\/EV-PL-EC-030-957x1024.jpg\" alt=\"\" class=\"wp-image-3411\" style=\"width:620px;height:827px\"\/><\/figure>\n<\/div>\n\n\n\n<div class=\"wp-block-column is-vertically-aligned-center is-layout-flow wp-block-column-is-layout-flow\">\n<h3 class=\"wp-block-heading\" style=\"margin-bottom:var(--wp--preset--spacing--h-3-bottom)\"><strong>Slitstarka golvskydd<\/strong><\/h3>\n\n\n\n<p><strong><em><strong>Bevara golvet i ditt gym<\/strong><\/em><\/strong><\/p>\n\n\n\n<p style=\"margin-bottom:var(--wp--preset--spacing--tb-section-padding)\">Underh\u00e5ll enkelt golvet i ditt gym. Econ-serien \u00e4r utrustad med <strong>slitstarka golvskydd<\/strong> som skyddar mot skador och repor, \u00e4ven under intensiva tr\u00e4ningspass.<\/p>\n\n\n\n<h3 class=\"wp-block-heading\" style=\"margin-bottom:var(--wp--preset--spacing--h-3-bottom)\"><strong><strong><strong><strong><strong><strong>H\u00e5llbar finish<\/strong><\/strong><\/strong><\/strong><\/strong><\/strong><\/h3>\n\n\n\n<p><strong><em><strong><strong><strong><strong>Elektrostatisk sprutningsteknik f\u00f6r h\u00e4rdplastpulver<\/strong><\/strong><\/strong><\/strong><\/em><\/strong><\/p>\n\n\n\n<p>Upplev en h\u00e5llbar finish med v\u00e5r <strong>elektrostatiska sprutteknik f\u00f6r h\u00e4rdplaster<\/strong>. Denna avancerade bel\u00e4ggning s\u00e4kerst\u00e4ller att din utrustning beh\u00e5ller sitt estetiska utseende \u00f6ver tid.<\/p>\n<\/div>\n<\/div>\n<\/section>\n<\/section>\n","protected":false},"excerpt":{"rendered":"<p>Evolve ECON Series Smith Machine (EV-PL-EC-009) \u00e4r en m\u00e5ngsidig och h\u00e5llbar tr\u00e4ningsutrustning som \u00e4r utformad f\u00f6r att h\u00f6ja din tr\u00e4ningsupplevelse. Den \u00e4r byggd av h\u00f6gkvalitativa material och garanterar smidig drift och maximal s\u00e4kerhet, vilket g\u00f6r den till ett utm\u00e4rkt val f\u00f6r b\u00e5de nyb\u00f6rjare och erfarna idrottare. Smith-maskinen \u00e4r perfekt f\u00f6r kontrollerad styrketr\u00e4ning och \u00e4r ett p\u00e5litligt tillskott till alla gym eller hemmatr\u00e4ningsutrymmen och hj\u00e4lper dig att rikta in dig p\u00e5 ett brett spektrum av muskelgrupper effektivt.  <\/p>\n","protected":false},"featured_media":104311,"template":"","meta":{"_acf_changed":false,"inline_featured_image":false},"product_cat":[550,773,1182],"product_tag":[],"class_list":{"0":"post-104286","1":"product","2":"type-product","3":"status-publish","4":"has-post-thumbnail","6":"product_cat-startsida","7":"product_cat-platbelastade-maskiner","8":"product_cat-econ-serien-plattan-ar-laddad","10":"first","11":"instock","12":"shipping-taxable","13":"purchasable","14":"product-type-simple"},"acf":[],"_links":{"self":[{"href":"https:\/\/store.evolve-fitness.eu\/sv\/wp-json\/wp\/v2\/product\/104286","targetHints":{"allow":["GET"]}}],"collection":[{"href":"https:\/\/store.evolve-fitness.eu\/sv\/wp-json\/wp\/v2\/product"}],"about":[{"href":"https:\/\/store.evolve-fitness.eu\/sv\/wp-json\/wp\/v2\/types\/product"}],"wp:featuredmedia":[{"embeddable":true,"href":"https:\/\/store.evolve-fitness.eu\/sv\/wp-json\/wp\/v2\/media\/104311"}],"wp:attachment":[{"href":"https:\/\/store.evolve-fitness.eu\/sv\/wp-json\/wp\/v2\/media?parent=104286"}],"wp:term":[{"taxonomy":"product_cat","embeddable":true,"href":"https:\/\/store.evolve-fitness.eu\/sv\/wp-json\/wp\/v2\/product_cat?post=104286"},{"taxonomy":"product_tag","embeddable":true,"href":"https:\/\/store.evolve-fitness.eu\/sv\/wp-json\/wp\/v2\/product_tag?post=104286"}],"curies":[{"name":"wp","href":"https:\/\/api.w.org\/{rel}","templated":true}]}}