{"id":103884,"date":"2025-01-21T13:32:11","date_gmt":"2025-01-21T13:32:11","guid":{"rendered":"https:\/\/store.evolve-fitness.eu\/?post_type=product&#038;p=103884"},"modified":"2026-04-29T12:01:23","modified_gmt":"2026-04-29T12:01:23","slug":"evolve-ankelremsfaste","status":"publish","type":"product","link":"https:\/\/store.evolve-fitness.eu\/sv\/produkt\/evolve-ankelremsfaste\/","title":{"rendered":"Evolve Ankelremsf\u00e4ste"},"content":{"rendered":"\n<section class=\"wp-block-group alignfull black-content has-white-color has-darkgray-background-color has-text-color has-background is-layout-constrained wp-block-group-is-layout-constrained\" style=\"padding-top:var(--wp--preset--spacing--section-bottom);padding-bottom:var(--wp--preset--spacing--section-bottom)\">\n<h3 class=\"wp-block-heading has-text-align-center\" style=\"margin-bottom:var(--wp--preset--spacing--tb-section-padding)\">Tekniskt kort<\/h3>\n\n\n\n<div class=\"wp-block-columns alignwide mobile-reverse is-layout-flex wp-container-core-columns-is-layout-ca64bf2d wp-block-columns-is-layout-flex\" style=\"margin-bottom:var(--wp--preset--spacing--side-padding)\">\n<div class=\"wp-block-column is-layout-flow wp-block-column-is-layout-flow\">\n<figure class=\"wp-block-image aligncenter size-large is-style-rounded\"><img decoding=\"async\" src=\"https:\/\/evolve-fitness.eu\/wp-content\/uploads\/2025\/01\/EV-AC-GH-250-6-2-1024x683.jpg\" alt=\"\" class=\"wp-image-174480\"\/><\/figure>\n<\/div>\n<\/div>\n<\/section>\n\n<p><\/p>\n","protected":false},"excerpt":{"rendered":"<p>Evolve Ankle Strap Attachment (EV-AC-GH-250) \u00e4r ett kompakt men mycket effektivt verktyg som \u00e4r utformat f\u00f6r att f\u00f6rb\u00e4ttra din kabelmaskintr\u00e4ning. Detta m\u00e5ngsidiga tillbeh\u00f6r \u00e4r byggt f\u00f6r komfort och h\u00e5llbarhet och m\u00f6jligg\u00f6r riktade \u00f6vningar f\u00f6r underkroppen, vilket g\u00f6r det idealiskt f\u00f6r att skulptera och st\u00e4rka ben- och s\u00e4tesmuskler. Perfekt f\u00f6r anv\u00e4ndare p\u00e5 alla tr\u00e4ningsniv\u00e5er och ett m\u00e5ste f\u00f6r din funktionella tr\u00e4ningsupps\u00e4ttning.<\/p>\n","protected":false},"featured_media":103909,"template":"","meta":{"_acf_changed":false,"inline_featured_image":false},"product_cat":[1149,734],"product_tag":[],"class_list":{"0":"post-103884","1":"product","2":"type-product","3":"status-publish","4":"has-post-thumbnail","6":"product_cat-selectoriserade-maskiner","7":"product_cat-tillbehor-sv","9":"first","10":"instock","11":"shipping-taxable","12":"purchasable","13":"product-type-simple"},"acf":[],"_links":{"self":[{"href":"https:\/\/store.evolve-fitness.eu\/sv\/wp-json\/wp\/v2\/product\/103884","targetHints":{"allow":["GET"]}}],"collection":[{"href":"https:\/\/store.evolve-fitness.eu\/sv\/wp-json\/wp\/v2\/product"}],"about":[{"href":"https:\/\/store.evolve-fitness.eu\/sv\/wp-json\/wp\/v2\/types\/product"}],"wp:featuredmedia":[{"embeddable":true,"href":"https:\/\/store.evolve-fitness.eu\/sv\/wp-json\/wp\/v2\/media\/103909"}],"wp:attachment":[{"href":"https:\/\/store.evolve-fitness.eu\/sv\/wp-json\/wp\/v2\/media?parent=103884"}],"wp:term":[{"taxonomy":"product_cat","embeddable":true,"href":"https:\/\/store.evolve-fitness.eu\/sv\/wp-json\/wp\/v2\/product_cat?post=103884"},{"taxonomy":"product_tag","embeddable":true,"href":"https:\/\/store.evolve-fitness.eu\/sv\/wp-json\/wp\/v2\/product_tag?post=103884"}],"curies":[{"name":"wp","href":"https:\/\/api.w.org\/{rel}","templated":true}]}}