{"id":103109,"date":"2025-01-21T12:33:39","date_gmt":"2025-01-21T12:33:39","guid":{"rendered":"https:\/\/store.evolve-fitness.eu\/?post_type=product&#038;p=103109"},"modified":"2026-04-30T12:01:31","modified_gmt":"2026-04-30T12:01:31","slug":"evolve-styrkelyft-stalplatta-025-kg-25-kg","status":"publish","type":"product","link":"https:\/\/store.evolve-fitness.eu\/sv\/produkt\/evolve-styrkelyft-stalplatta-025-kg-25-kg\/","title":{"rendered":"Evolve Styrkelyft St\u00e5lplatta 0,25 kg &#8211; 25 kg"},"content":{"rendered":"\n<section class=\"wp-block-group alignfull black-content has-white-color has-darkgray-background-color has-text-color has-background is-layout-constrained wp-block-group-is-layout-constrained\" style=\"padding-top:var(--wp--preset--spacing--section-bottom);padding-bottom:var(--wp--preset--spacing--section-bottom)\">\n<h3 class=\"wp-block-heading has-text-align-center\" style=\"margin-bottom:var(--wp--preset--spacing--tb-section-padding)\">Tekniskt kort<\/h3>\n\n\n\n<div class=\"wp-block-columns alignwide mobile-reverse is-layout-flex wp-container-core-columns-is-layout-ca64bf2d wp-block-columns-is-layout-flex\" style=\"margin-bottom:var(--wp--preset--spacing--side-padding)\">\n<div class=\"wp-block-column is-layout-flow wp-block-column-is-layout-flow\">\n<figure class=\"wp-block-image aligncenter size-large is-style-rounded\"><img decoding=\"async\" src=\"https:\/\/evolve-fitness.eu\/wp-content\/uploads\/2025\/01\/EV-WP-SP_card-1024x683.jpg\" alt=\"Evolve st&#xE5;lplatta f&#xF6;r styrkelyft\" class=\"wp-image-174097\"\/><\/figure>\n<\/div>\n<\/div>\n\n\n\n<div class=\"wp-block-columns alignwide mobile-reverse is-layout-flex wp-container-core-columns-is-layout-ca64bf2d wp-block-columns-is-layout-flex\" style=\"margin-bottom:var(--wp--preset--spacing--side-padding)\">\n<div class=\"wp-block-column is-vertically-aligned-center is-layout-flow wp-block-column-is-layout-flow\">\n<h3 class=\"wp-block-heading\" style=\"margin-bottom:var(--wp--preset--spacing--h-3-bottom)\"><strong><strong><strong><strong><strong><strong>Premium st\u00e5lkonstruktion<\/strong><\/strong><\/strong><\/strong><\/strong><\/strong><\/h3>\n\n\n\n<p><strong><em><strong><strong><strong><strong>Slitstark och p\u00e5litlig f\u00f6r maximal prestanda<\/strong><\/strong><\/strong><\/strong><\/em><\/strong><\/p>\n\n\n\n<p style=\"margin-bottom:var(--wp--preset--spacing--tb-section-padding)\">Evolve Powerlifting Steel Plate \u00e4r smidd av h\u00f6gkvalitativt st\u00e5l, vilket garanterar exceptionell h\u00e5llbarhet och livsl\u00e4ngd. Detta robusta material \u00e4r utformat f\u00f6r att klara kraven fr\u00e5n intensiva styrkelyftspass och ger en konsekvent k\u00e4nsla och prestanda vid varje lyft. <\/p>\n\n\n\n<h3 class=\"wp-block-heading\" style=\"margin-bottom:var(--wp--preset--spacing--h-3-bottom)\"><strong><strong><strong><strong><strong><strong><strong><strong>Snygg och funktionell design<\/strong><\/strong><\/strong><\/strong><\/strong><\/strong><\/strong><\/strong><\/h3>\n\n\n\n<p><strong><em><strong><strong><strong><strong><strong>Ett professionellt utseende med praktisk nytta<\/strong><\/strong><\/strong><\/strong><\/strong><\/em><\/strong><\/p>\n\n\n\n<p>Dessa plattor har en kompakt och minimalistisk design och ger en elegant, professionell estetik som passar i alla gymmilj\u00f6er. Den polerade st\u00e5lfinishen \u00e4r b\u00e5de snygg och korrosionsbest\u00e4ndig och bibeh\u00e5ller sin visuella attraktionskraft och funktionalitet \u00f6ver tid. <\/p>\n<\/div>\n\n\n\n<div class=\"wp-block-column is-vertically-aligned-center is-layout-flow wp-block-column-is-layout-flow\">\n<figure class=\"wp-block-image size-full is-style-rounded\"><img decoding=\"async\" src=\"https:\/\/evolve-fitness.eu\/wp-content\/uploads\/2025\/01\/EV-WP-SP.png\" alt=\"\" class=\"wp-image-173356\" style=\"object-fit:cover\"\/><\/figure>\n<\/div>\n<\/div>\n\n\n\n<div class=\"wp-block-columns alignwide mobile-reverse is-layout-flex wp-container-core-columns-is-layout-ca64bf2d wp-block-columns-is-layout-flex\" style=\"margin-bottom:var(--wp--preset--spacing--side-padding)\">\n<div class=\"wp-block-column is-vertically-aligned-center is-layout-flow wp-block-column-is-layout-flow\">\n<figure class=\"wp-block-image size-full is-style-rounded\"><img decoding=\"async\" src=\"https:\/\/evolve-fitness.eu\/wp-content\/uploads\/2025\/01\/EV-WP-SP-1.jpg\" alt=\"Evolve st&#xE5;lplatta f&#xF6;r styrkelyft\" class=\"wp-image-173888\" style=\"object-fit:cover\"\/><\/figure>\n<\/div>\n\n\n\n<div class=\"wp-block-column is-vertically-aligned-center is-layout-flow wp-block-column-is-layout-flow\">\n<h3 class=\"wp-block-heading\" style=\"margin-bottom:var(--wp--preset--spacing--h-3-bottom)\"><strong><strong><strong><strong><strong><strong><strong>Perfekt f\u00f6r styrkelyftsapplikationer<\/strong><\/strong><\/strong><\/strong><\/strong><\/strong><\/strong><\/h3>\n\n\n\n<p><strong><em><strong><strong><strong><strong><strong>Skr\u00e4ddarsydd f\u00f6r seri\u00f6sa lyftpass<\/strong><\/strong><\/strong><\/strong><\/strong><\/em><\/strong><\/p>\n\n\n\n<p style=\"margin-bottom:var(--wp--preset--spacing--tb-section-padding)\">Denna platta \u00e4r omsorgsfullt utformad f\u00f6r styrkelyfts\u00f6vningar, inklusive kn\u00e4b\u00f6j, marklyft och b\u00e4nkpress. Dess kalibrerade viktnoggrannhet s\u00e4kerst\u00e4ller precision i lyften och hj\u00e4lper dig att uppn\u00e5 dina styrkem\u00e5l p\u00e5 ett effektivt och s\u00e4kert s\u00e4tt. <\/p>\n\n\n\n<h3 class=\"wp-block-heading\" style=\"margin-bottom:var(--wp--preset--spacing--h-3-bottom)\"><strong><strong><strong><strong><strong><strong><strong><strong><strong>Rymdbesparande f\u00f6rdelar<\/strong><\/strong><\/strong><\/strong><\/strong><\/strong><\/strong><\/strong><\/strong><\/h3>\n\n\n\n<p><strong><em><strong><strong><strong><strong><strong><strong>Effektivt utnyttjande av gymutrymme och powerbars<\/strong><\/strong><\/strong><\/strong><\/strong><\/strong><\/em><\/strong><\/p>\n\n\n\n<p>Den tunna profilen p\u00e5 dessa st\u00e5lplattor m\u00f6jligg\u00f6r maximal lastkapacitet p\u00e5 styrkelyftsst\u00e4nger, vilket g\u00f6r dem perfekta f\u00f6r tunga lyftare. Den kompakta designen minimerar ocks\u00e5 behovet av lagringsutrymme, vilket s\u00e4kerst\u00e4ller att ditt gym f\u00f6rblir organiserat och r\u00f6rigt. <\/p>\n<\/div>\n<\/div>\n<\/section>\n","protected":false},"excerpt":{"rendered":"<p>Evolve Powerlifting Steel Plates (EV-WP-SP) \u00e4r precisionstillverkade f\u00f6r att uppfylla kraven f\u00f6r seri\u00f6s styrketr\u00e4ning. Dessa plattor, som str\u00e4cker sig fr\u00e5n 0,25 kg till 25 kg, \u00e4r tillverkade av h\u00f6gkvalitativt st\u00e5l f\u00f6r h\u00e5llbarhet och precision. De \u00e4r utformade f\u00f6r att passa standard skivst\u00e4nger och har en snygg, kompakt design som minimerar bulk samtidigt som viktdensiteten maximeras. Dessa plattor \u00e4r perfekta f\u00f6r progressiv tr\u00e4ning och tunga lyft och passar perfekt f\u00f6r idrottare p\u00e5 alla niv\u00e5er som str\u00e4var efter topprestationer.<\/p>\n","protected":false},"featured_media":103609,"template":"","meta":{"_acf_changed":false,"inline_featured_image":false},"product_cat":[1001,550,1053],"product_tag":[],"class_list":{"0":"post-103109","1":"product","2":"type-product","3":"status-publish","4":"has-post-thumbnail","6":"product_cat-fria-vikter","7":"product_cat-startsida","8":"product_cat-viktplattor","10":"first","11":"instock","12":"shipping-taxable","13":"purchasable","14":"product-type-variable"},"acf":[],"_links":{"self":[{"href":"https:\/\/store.evolve-fitness.eu\/sv\/wp-json\/wp\/v2\/product\/103109","targetHints":{"allow":["GET"]}}],"collection":[{"href":"https:\/\/store.evolve-fitness.eu\/sv\/wp-json\/wp\/v2\/product"}],"about":[{"href":"https:\/\/store.evolve-fitness.eu\/sv\/wp-json\/wp\/v2\/types\/product"}],"wp:featuredmedia":[{"embeddable":true,"href":"https:\/\/store.evolve-fitness.eu\/sv\/wp-json\/wp\/v2\/media\/103609"}],"wp:attachment":[{"href":"https:\/\/store.evolve-fitness.eu\/sv\/wp-json\/wp\/v2\/media?parent=103109"}],"wp:term":[{"taxonomy":"product_cat","embeddable":true,"href":"https:\/\/store.evolve-fitness.eu\/sv\/wp-json\/wp\/v2\/product_cat?post=103109"},{"taxonomy":"product_tag","embeddable":true,"href":"https:\/\/store.evolve-fitness.eu\/sv\/wp-json\/wp\/v2\/product_tag?post=103109"}],"curies":[{"name":"wp","href":"https:\/\/api.w.org\/{rel}","templated":true}]}}