{"id":102403,"date":"2025-01-07T14:59:36","date_gmt":"2025-01-07T14:59:36","guid":{"rendered":"https:\/\/store.evolve-fitness.eu\/?post_type=product&#038;p=102403"},"modified":"2025-12-30T12:00:25","modified_gmt":"2025-12-30T12:00:25","slug":"evolve-ultra-series-series-selectorized-dual-cable-cross-5","status":"publish","type":"product","link":"https:\/\/store.evolve-fitness.eu\/sv\/produkt\/evolve-ultra-series-series-selectorized-dual-cable-cross-5\/","title":{"rendered":"Evolve Ultra Series Series Selectorized Dual Cable Cross"},"content":{"rendered":"\n<section class=\"wp-block-group alignfull black-content has-white-color has-darkgray-background-color has-text-color has-background is-layout-constrained wp-block-group-is-layout-constrained\" style=\"padding-top:var(--wp--preset--spacing--section-bottom);padding-bottom:var(--wp--preset--spacing--section-bottom)\">\n<section class=\"wp-block-group alignfull black-content has-white-color has-darkgray-background-color has-text-color has-background is-layout-constrained wp-block-group-is-layout-constrained\" style=\"margin-bottom:0;padding-top:var(--wp--preset--spacing--tb-padding);padding-bottom:var(--wp--preset--spacing--tb-padding)\">\n<div class=\"wp-block-columns alignwide mobile-reverse is-layout-flex wp-container-core-columns-is-layout-7a02faa9 wp-block-columns-is-layout-flex\" style=\"margin-bottom:var(--wp--preset--spacing--tb-section-padding)\">\n<div class=\"wp-block-column is-vertically-aligned-center is-layout-flow wp-block-column-is-layout-flow\">\n<h3 class=\"wp-block-heading\" style=\"margin-bottom:var(--wp--preset--spacing--h-3-bottom)\"><strong><strong><strong><strong><strong><strong><strong><strong><strong>Omfattande helkroppstr\u00e4ning<\/strong><\/strong><\/strong><\/strong><\/strong><\/strong><\/strong><\/strong><\/strong><\/h3>\n\n\n\n<p><strong><em><strong><strong><strong><strong><strong><strong>Anpassningsbar motst\u00e5ndskraft och m\u00e5ngsidighet<\/strong><\/strong><\/strong><\/strong><\/strong><\/strong><\/em><\/strong><\/p>\n\n\n\n<p><strong>Evolve Ultra Series Selectorized Dual Cable Cross<\/strong> \u00e4r utformad f\u00f6r att ge en dynamisk och m\u00e5ngsidig tr\u00e4ningsupplevelse. Med justerbara remskivor och anpassningsbart motst\u00e5nd g\u00f6r den h\u00e4r maskinen det m\u00f6jligt f\u00f6r anv\u00e4ndare att utf\u00f6ra en m\u00e4ngd olika r\u00f6relser som riktar sig mot flera muskelgrupper, inklusive br\u00f6st, rygg, axlar, armar och k\u00e4rna. Konstruktionen med dubbla kablar s\u00e4kerst\u00e4ller ett fullst\u00e4ndigt r\u00f6relseomf\u00e5ng, vilket fr\u00e4mjar funktionell styrka och muskelkoordination. Den h\u00e4r maskinen \u00e4r idealisk f\u00f6r b\u00e5de isolerade \u00f6vningar och sammansatta r\u00f6relser och \u00e4r ett m\u00e5ste f\u00f6r att bygga styrka, f\u00f6rb\u00e4ttra stabiliteten och f\u00f6rb\u00e4ttra den allm\u00e4nna konditionen.   <\/p>\n<\/div>\n\n\n\n<div class=\"wp-block-column is-vertically-aligned-center is-layout-flow wp-block-column-is-layout-flow\">\n<figure class=\"wp-block-image size-full\"><img decoding=\"async\" src=\"https:\/\/evolve-fitness.eu\/wp-content\/uploads\/2025\/01\/EV-SC-UL-460-Evolve-Ultra-Series-Series-Selectorized-Dual-Cable-Cross.png\" alt=\"EV-SC-UL-460\" class=\"wp-image-170862\"\/><\/figure>\n<\/div>\n<\/div>\n\n\n\n<div class=\"wp-block-columns alignwide mobile-reverse is-layout-flex wp-container-core-columns-is-layout-ca64bf2d wp-block-columns-is-layout-flex\" style=\"margin-bottom:var(--wp--preset--spacing--side-padding)\">\n<div class=\"wp-block-column is-vertically-aligned-center is-layout-flow wp-block-column-is-layout-flow\"><\/div>\n<\/div>\n<\/section>\n<\/section>\n","protected":false},"excerpt":{"rendered":"<p>Evolve Ultra Series Selectorized Dual Cable Cross (EV-SC-UL-460) \u00e4r en m\u00e5ngsidig och viktig del av utrustningen f\u00f6r alla gym och fitnessentusiaster. Den h\u00e4r maskinen \u00e4r byggd av premiummaterial och utformad f\u00f6r smidig drift och m\u00f6jligg\u00f6r ett brett utbud av \u00f6vningar, vilket g\u00f6r den perfekt f\u00f6r styrketr\u00e4ning, funktionell fitness och rehabilitering. Oavsett om du \u00e4r nyb\u00f6rjare eller avancerad idrottare \u00e4r Dual Cable Cross konstruerad f\u00f6r att f\u00f6rb\u00e4ttra din tr\u00e4ning genom att erbjuda flexibilitet, precision och h\u00e5llbarhet.  <\/p>\n","protected":false},"featured_media":102428,"template":"","meta":{"_acf_changed":false,"inline_featured_image":false},"product_cat":[550,1149,1292],"product_tag":[],"class_list":{"0":"post-102403","1":"product","2":"type-product","3":"status-publish","4":"has-post-thumbnail","6":"product_cat-startsida","7":"product_cat-selectoriserade-maskiner","8":"product_cat-ultra-series-selectorized-maskiner","10":"first","11":"outofstock","12":"shipping-taxable","13":"purchasable","14":"product-type-simple"},"acf":[],"_links":{"self":[{"href":"https:\/\/store.evolve-fitness.eu\/sv\/wp-json\/wp\/v2\/product\/102403","targetHints":{"allow":["GET"]}}],"collection":[{"href":"https:\/\/store.evolve-fitness.eu\/sv\/wp-json\/wp\/v2\/product"}],"about":[{"href":"https:\/\/store.evolve-fitness.eu\/sv\/wp-json\/wp\/v2\/types\/product"}],"wp:featuredmedia":[{"embeddable":true,"href":"https:\/\/store.evolve-fitness.eu\/sv\/wp-json\/wp\/v2\/media\/102428"}],"wp:attachment":[{"href":"https:\/\/store.evolve-fitness.eu\/sv\/wp-json\/wp\/v2\/media?parent=102403"}],"wp:term":[{"taxonomy":"product_cat","embeddable":true,"href":"https:\/\/store.evolve-fitness.eu\/sv\/wp-json\/wp\/v2\/product_cat?post=102403"},{"taxonomy":"product_tag","embeddable":true,"href":"https:\/\/store.evolve-fitness.eu\/sv\/wp-json\/wp\/v2\/product_tag?post=102403"}],"curies":[{"name":"wp","href":"https:\/\/api.w.org\/{rel}","templated":true}]}}