{"id":102378,"date":"2025-01-07T14:35:40","date_gmt":"2025-01-07T14:35:40","guid":{"rendered":"https:\/\/store.evolve-fitness.eu\/?post_type=product&#038;p=102378"},"modified":"2026-04-22T12:01:16","modified_gmt":"2026-04-22T12:01:16","slug":"evolve-ultra-series-selectorized-maskin-for-buken","status":"publish","type":"product","link":"https:\/\/store.evolve-fitness.eu\/sv\/produkt\/evolve-ultra-series-selectorized-maskin-for-buken\/","title":{"rendered":"Evolve Ultra Series Selectorized magmaskin (UL-350)"},"content":{"rendered":"\n<section class=\"wp-block-group alignfull black-content has-white-color has-darkgray-background-color has-text-color has-background is-layout-constrained wp-block-group-is-layout-constrained\" style=\"padding-top:var(--wp--preset--spacing--section-bottom);padding-bottom:var(--wp--preset--spacing--section-bottom)\">\n<section class=\"wp-block-group alignfull black-content has-white-color has-darkgray-background-color has-text-color has-background is-layout-constrained wp-block-group-is-layout-constrained\" style=\"margin-bottom:0;padding-top:var(--wp--preset--spacing--tb-padding);padding-bottom:var(--wp--preset--spacing--tb-padding)\">\n<div class=\"wp-block-columns alignwide mobile-reverse is-layout-flex wp-container-core-columns-is-layout-7a02faa9 wp-block-columns-is-layout-flex\" style=\"margin-bottom:var(--wp--preset--spacing--tb-section-padding)\">\n<div class=\"wp-block-column is-vertically-aligned-center is-layout-flow wp-block-column-is-layout-flow\">\n<h3 class=\"wp-block-heading\" style=\"margin-bottom:var(--wp--preset--spacing--h-3-bottom)\"><strong><strong><strong><strong><strong><strong><strong><strong><strong>Isolering av k\u00e4rnmuskler<\/strong><\/strong><\/strong><\/strong><\/strong><\/strong><\/strong><\/strong><\/strong><\/h3>\n\n\n\n<p><strong><em><strong><strong><strong><strong><strong><strong>Effektiv styrka och stabilitet i buken<\/strong><\/strong><\/strong><\/strong><\/strong><\/strong><\/em><\/strong><\/p>\n\n\n\n<p><strong>Evolve Ultra Series Selectorized Abdominal Machine<\/strong> \u00e4r expertutformad f\u00f6r att ge riktad aktivering av k\u00e4rnmusklerna, inklusive rectus abdominis och obliques. Dess justerbara motst\u00e5ndssystem m\u00f6jligg\u00f6r progressiv \u00f6verbelastning, vilket g\u00f6r den l\u00e4mplig f\u00f6r anv\u00e4ndare p\u00e5 alla tr\u00e4ningsniv\u00e5er. Den ergonomiska designen st\u00f6der korrekt form och minskar risken f\u00f6r \u00f6verbelastning, vilket garanterar en s\u00e4ker och effektiv tr\u00e4ning. Den h\u00e4r maskinen \u00e4r idealisk f\u00f6r att bygga upp b\u00e5lstyrka, \u00f6ka stabiliteten och f\u00f6rb\u00e4ttra h\u00e5llningen och \u00e4r ett v\u00e4rdefullt verktyg f\u00f6r att uppn\u00e5 en stark och v\u00e4ldefinierad midja.   <\/p>\n<\/div>\n\n\n\n<div class=\"wp-block-column is-vertically-aligned-center is-layout-flow wp-block-column-is-layout-flow\">\n<figure class=\"wp-block-image size-full\"><img decoding=\"async\" src=\"https:\/\/evolve-fitness.eu\/wp-content\/uploads\/2025\/01\/EV-SC-UL-350-Evolve-Ultra-Series-Selectorized-Abdominal-Machine.png\" alt=\"EV-SC-UL-350\" class=\"wp-image-170837\"\/><\/figure>\n<\/div>\n<\/div>\n<\/section>\n<\/section>\n","protected":false},"excerpt":{"rendered":"<p>Evolve Ultra Series Selectorized Abdominal Machine (EV-SC-UL-350) \u00e4r ett viktigt tillskott f\u00f6r alla som vill st\u00e4rka och skulptera sin core. Denna h\u00f6gkvalitativa maskin \u00e4r utformad med anv\u00e4ndarkomfort och effektivitet i \u00e5tanke och erbjuder justerbart motst\u00e5nd och ergonomiskt st\u00f6d f\u00f6r att s\u00e4kerst\u00e4lla en effektiv och s\u00e4ker tr\u00e4ning. Oavsett om du \u00e4r nyb\u00f6rjare eller en erfaren fitnessentusiast \u00e4r magmaskinen perfekt f\u00f6r att isolera och engagera k\u00e4rnmusklerna, vilket hj\u00e4lper dig att uppn\u00e5 dina fitnessm\u00e5l med precision och l\u00e4tthet.  <\/p>\n","protected":false},"featured_media":102324,"template":"","meta":{"_acf_changed":false,"inline_featured_image":false},"product_cat":[550,1149,1292],"product_tag":[],"class_list":{"0":"post-102378","1":"product","2":"type-product","3":"status-publish","4":"has-post-thumbnail","6":"product_cat-startsida","7":"product_cat-selectoriserade-maskiner","8":"product_cat-ultra-series-selectorized-maskiner","10":"first","11":"instock","12":"shipping-taxable","13":"purchasable","14":"product-type-simple"},"acf":[],"_links":{"self":[{"href":"https:\/\/store.evolve-fitness.eu\/sv\/wp-json\/wp\/v2\/product\/102378","targetHints":{"allow":["GET"]}}],"collection":[{"href":"https:\/\/store.evolve-fitness.eu\/sv\/wp-json\/wp\/v2\/product"}],"about":[{"href":"https:\/\/store.evolve-fitness.eu\/sv\/wp-json\/wp\/v2\/types\/product"}],"wp:featuredmedia":[{"embeddable":true,"href":"https:\/\/store.evolve-fitness.eu\/sv\/wp-json\/wp\/v2\/media\/102324"}],"wp:attachment":[{"href":"https:\/\/store.evolve-fitness.eu\/sv\/wp-json\/wp\/v2\/media?parent=102378"}],"wp:term":[{"taxonomy":"product_cat","embeddable":true,"href":"https:\/\/store.evolve-fitness.eu\/sv\/wp-json\/wp\/v2\/product_cat?post=102378"},{"taxonomy":"product_tag","embeddable":true,"href":"https:\/\/store.evolve-fitness.eu\/sv\/wp-json\/wp\/v2\/product_tag?post=102378"}],"curies":[{"name":"wp","href":"https:\/\/api.w.org\/{rel}","templated":true}]}}