{"id":102299,"date":"2025-01-07T13:40:04","date_gmt":"2025-01-07T13:40:04","guid":{"rendered":"https:\/\/store.evolve-fitness.eu\/?post_type=product&#038;p=102299"},"modified":"2026-02-06T12:04:57","modified_gmt":"2026-02-06T12:04:57","slug":"evolve-ultra-series-selectorized-bakre-kick","status":"publish","type":"product","link":"https:\/\/store.evolve-fitness.eu\/sv\/produkt\/evolve-ultra-series-selectorized-bakre-kick\/","title":{"rendered":"Evolve Ultra Series Selectorized bakre kick"},"content":{"rendered":"\n<section class=\"wp-block-group alignfull black-content has-white-color has-darkgray-background-color has-text-color has-background is-layout-constrained wp-block-group-is-layout-constrained\" style=\"padding-top:var(--wp--preset--spacing--section-bottom);padding-bottom:var(--wp--preset--spacing--section-bottom)\">\n<section class=\"wp-block-group alignfull black-content has-white-color has-darkgray-background-color has-text-color has-background is-layout-constrained wp-block-group-is-layout-constrained\" style=\"margin-bottom:0;padding-top:var(--wp--preset--spacing--tb-padding);padding-bottom:var(--wp--preset--spacing--tb-padding)\">\n<div class=\"wp-block-columns alignwide mobile-reverse is-layout-flex wp-container-core-columns-is-layout-7a02faa9 wp-block-columns-is-layout-flex\" style=\"margin-bottom:var(--wp--preset--spacing--tb-section-padding)\">\n<div class=\"wp-block-column is-vertically-aligned-center is-layout-flow wp-block-column-is-layout-flow\">\n<h3 class=\"wp-block-heading\" style=\"margin-bottom:var(--wp--preset--spacing--h-3-bottom)\"><strong><strong><strong><strong><strong><strong><strong><strong><strong>Fokuserad tr\u00e4ning av nedre delen av kroppen<\/strong><\/strong><\/strong><\/strong><\/strong><\/strong><\/strong><\/strong><\/strong><\/h3>\n\n\n\n<p><strong><em><strong><strong><strong><strong><strong><strong>St\u00e4rka och skulptera s\u00e4tesmuskler och hamstrings<\/strong><\/strong><\/strong><\/strong><\/strong><\/strong><\/em><\/strong><\/p>\n\n\n\n<p><strong>Evolve Ultra Series Selectorized Rear Kick<\/strong> \u00e4r utformad f\u00f6r att ge riktad aktivering av s\u00e4tesmusklerna och hamstrings, vilket hj\u00e4lper anv\u00e4ndare att uppn\u00e5 styrka, toning och balans i underkroppen. Dess justerbara motst\u00e5nd m\u00f6jligg\u00f6r progressiv \u00f6verbelastning, vilket s\u00e4kerst\u00e4ller kontinuerlig f\u00f6rb\u00e4ttring n\u00e4r konditionsniv\u00e5n \u00f6kar. Maskinens ergonomiska design s\u00e4kerst\u00e4ller korrekt inriktning och minimerar belastningen, vilket m\u00f6jligg\u00f6r s\u00e4ker och effektiv tr\u00e4ning. Oavsett om Rear Kick-maskinen anv\u00e4nds f\u00f6r att f\u00f6rb\u00e4ttra idrottsprestationer eller f\u00f6rb\u00e4ttra muskeltonus ger den en effektiv och fokuserad tr\u00e4ning av underkroppen.   <\/p>\n<\/div>\n\n\n\n<div class=\"wp-block-column is-vertically-aligned-center is-layout-flow wp-block-column-is-layout-flow\">\n<figure class=\"wp-block-image size-full\"><img decoding=\"async\" src=\"https:\/\/evolve-fitness.eu\/wp-content\/uploads\/2025\/01\/EV-SC-UL-320-Evolve-Ultra-Series-Selectorized-Rear-Kick.png\" alt=\"EV-SC-UL-320\" class=\"wp-image-170812\"\/><\/figure>\n<\/div>\n<\/div>\n<\/section>\n<\/section>\n","protected":false},"excerpt":{"rendered":"<p>Evolve Ultra Series Selectorized Rear Kick (EV-SC-UL-320) \u00e4r ett m\u00e5ste f\u00f6r alla som fokuserar p\u00e5 att utveckla styrka och toning i underkroppen. Den h\u00e4r maskinen \u00e4r utformad med precisionsteknik och anv\u00e4ndarkomfort i \u00e5tanke och erbjuder smidiga, kontrollerade r\u00f6relser f\u00f6r att effektivt rikta in sig p\u00e5 s\u00e4tesmusklerna och hamstrings. Med justerbart motst\u00e5nd och ergonomiskt st\u00f6d \u00e4r Rear Kick-maskinen perfekt f\u00f6r anv\u00e4ndare p\u00e5 alla tr\u00e4ningsniv\u00e5er, vilket g\u00f6r den till ett viktigt tillskott till alla gym eller tr\u00e4ningsutrymmen i hemmet.  <\/p>\n","protected":false},"featured_media":102350,"template":"","meta":{"_acf_changed":false,"inline_featured_image":false},"product_cat":[550,1149,1292],"product_tag":[],"class_list":{"0":"post-102299","1":"product","2":"type-product","3":"status-publish","4":"has-post-thumbnail","6":"product_cat-startsida","7":"product_cat-selectoriserade-maskiner","8":"product_cat-ultra-series-selectorized-maskiner","10":"first","11":"instock","12":"shipping-taxable","13":"purchasable","14":"product-type-simple"},"acf":[],"_links":{"self":[{"href":"https:\/\/store.evolve-fitness.eu\/sv\/wp-json\/wp\/v2\/product\/102299","targetHints":{"allow":["GET"]}}],"collection":[{"href":"https:\/\/store.evolve-fitness.eu\/sv\/wp-json\/wp\/v2\/product"}],"about":[{"href":"https:\/\/store.evolve-fitness.eu\/sv\/wp-json\/wp\/v2\/types\/product"}],"wp:featuredmedia":[{"embeddable":true,"href":"https:\/\/store.evolve-fitness.eu\/sv\/wp-json\/wp\/v2\/media\/102350"}],"wp:attachment":[{"href":"https:\/\/store.evolve-fitness.eu\/sv\/wp-json\/wp\/v2\/media?parent=102299"}],"wp:term":[{"taxonomy":"product_cat","embeddable":true,"href":"https:\/\/store.evolve-fitness.eu\/sv\/wp-json\/wp\/v2\/product_cat?post=102299"},{"taxonomy":"product_tag","embeddable":true,"href":"https:\/\/store.evolve-fitness.eu\/sv\/wp-json\/wp\/v2\/product_tag?post=102299"}],"curies":[{"name":"wp","href":"https:\/\/api.w.org\/{rel}","templated":true}]}}