{"id":102249,"date":"2025-01-07T13:33:57","date_gmt":"2025-01-07T13:33:57","guid":{"rendered":"https:\/\/store.evolve-fitness.eu\/?post_type=product&#038;p=102249"},"modified":"2025-12-30T12:00:24","modified_gmt":"2025-12-30T12:00:24","slug":"evolve-ultra-series-selectorized-iso-lateral-biceps-curl-12","status":"publish","type":"product","link":"https:\/\/store.evolve-fitness.eu\/sv\/produkt\/evolve-ultra-series-selectorized-iso-lateral-biceps-curl-12\/","title":{"rendered":"Evolve Ultra Series Selectorized Iso Lateral Biceps Curl"},"content":{"rendered":"\n<section class=\"wp-block-group alignfull black-content has-white-color has-darkgray-background-color has-text-color has-background is-layout-constrained wp-block-group-is-layout-constrained\" style=\"padding-top:var(--wp--preset--spacing--section-bottom);padding-bottom:var(--wp--preset--spacing--section-bottom)\">\n<section class=\"wp-block-group alignfull black-content has-white-color has-darkgray-background-color has-text-color has-background is-layout-constrained wp-block-group-is-layout-constrained\" style=\"margin-bottom:0;padding-top:var(--wp--preset--spacing--tb-padding);padding-bottom:var(--wp--preset--spacing--tb-padding)\">\n<div class=\"wp-block-columns alignwide mobile-reverse is-layout-flex wp-container-core-columns-is-layout-7a02faa9 wp-block-columns-is-layout-flex\" style=\"margin-bottom:var(--wp--preset--spacing--tb-section-padding)\">\n<div class=\"wp-block-column is-vertically-aligned-center is-layout-flow wp-block-column-is-layout-flow\">\n<h3 class=\"wp-block-heading\" style=\"margin-bottom:var(--wp--preset--spacing--h-3-bottom)\"><strong><strong><strong><strong><strong><strong><strong><strong><strong>Tr\u00e4ning av precisionsarmar<\/strong><\/strong><\/strong><\/strong><\/strong><\/strong><\/strong><\/strong><\/strong><\/h3>\n\n\n\n<p><strong><em><strong><strong><strong><strong><strong><strong>Isolera och bygg biceps med kontrollerade r\u00f6relser<\/strong><\/strong><\/strong><\/strong><\/strong><\/strong><\/em><\/strong><\/p>\n\n\n\n<p><strong>Evolve Ultra Series Selectorized Iso-Lateral Biceps Curl<\/strong> \u00e4r konstruerad f\u00f6r att ge riktad aktivering av bicepsmusklerna, vilket s\u00e4kerst\u00e4ller optimalt engagemang och tillv\u00e4xt. Dess oberoende armr\u00f6relsedesign fr\u00e4mjar balanserad utveckling, vilket g\u00f6r att varje arm kan arbeta oberoende f\u00f6r f\u00f6rb\u00e4ttrad muskelsymmetri. Det justerbara motst\u00e5ndet s\u00e4kerst\u00e4ller l\u00e4mplighet f\u00f6r alla fitnessniv\u00e5er, medan den ergonomiska designen st\u00f6der korrekt inriktning och minimerar belastningen p\u00e5 lederna. Den h\u00e4r maskinen \u00e4r perfekt f\u00f6r att bygga styrka, f\u00f6rb\u00e4ttra definitionen och f\u00f6rb\u00e4ttra armens estetik och \u00e4r ett viktigt verktyg f\u00f6r effektiv tr\u00e4ning av \u00f6verkroppen.   <\/p>\n<\/div>\n\n\n\n<div class=\"wp-block-column is-vertically-aligned-center is-layout-flow wp-block-column-is-layout-flow\">\n<figure class=\"wp-block-image size-full\"><img decoding=\"async\" src=\"https:\/\/evolve-fitness.eu\/wp-content\/uploads\/2025\/01\/EV-SC-UL-310-Evolve-Ultra-Series-Selectorized-Iso-Lateral-Biceps-Curl.png\" alt=\"EV-SC-UL-310\" class=\"wp-image-170787\"\/><\/figure>\n<\/div>\n<\/div>\n\n\n\n<div class=\"wp-block-columns alignwide mobile-reverse is-layout-flex wp-container-core-columns-is-layout-ca64bf2d wp-block-columns-is-layout-flex\" style=\"margin-bottom:var(--wp--preset--spacing--side-padding)\">\n<div class=\"wp-block-column is-vertically-aligned-center is-layout-flow wp-block-column-is-layout-flow\"><\/div>\n<\/div>\n<\/section>\n<\/section>\n","protected":false},"excerpt":{"rendered":"<p>Evolve Ultra Series Selectorized Iso-Lateral Biceps Curl (EV-SC-UL-310) \u00e4r en f\u00f6rstklassig fitnessmaskin som \u00e4r utformad f\u00f6r att ge exakt och effektiv bicepstr\u00e4ning. Den h\u00e4r maskinen \u00e4r byggd f\u00f6r h\u00e5llbarhet och smidig prestanda och g\u00f6r det m\u00f6jligt f\u00f6r anv\u00e4ndare att isolera och st\u00e4rka sina armmuskler med kontrollerade och balanserade r\u00f6relser. Oavsett om du \u00e4r nyb\u00f6rjare eller avancerad idrottare \u00e4r Iso-Lateral Biceps Curl perfekt f\u00f6r att uppn\u00e5 muskelsymmetri, f\u00f6rb\u00e4ttra styrkan och f\u00f6rfina armdefinitionen.  <\/p>\n","protected":false},"featured_media":102274,"template":"","meta":{"_acf_changed":false,"inline_featured_image":false},"product_cat":[550,1149,1292],"product_tag":[],"class_list":{"0":"post-102249","1":"product","2":"type-product","3":"status-publish","4":"has-post-thumbnail","6":"product_cat-startsida","7":"product_cat-selectoriserade-maskiner","8":"product_cat-ultra-series-selectorized-maskiner","10":"first","11":"instock","12":"shipping-taxable","13":"purchasable","14":"product-type-simple"},"acf":[],"_links":{"self":[{"href":"https:\/\/store.evolve-fitness.eu\/sv\/wp-json\/wp\/v2\/product\/102249","targetHints":{"allow":["GET"]}}],"collection":[{"href":"https:\/\/store.evolve-fitness.eu\/sv\/wp-json\/wp\/v2\/product"}],"about":[{"href":"https:\/\/store.evolve-fitness.eu\/sv\/wp-json\/wp\/v2\/types\/product"}],"wp:featuredmedia":[{"embeddable":true,"href":"https:\/\/store.evolve-fitness.eu\/sv\/wp-json\/wp\/v2\/media\/102274"}],"wp:attachment":[{"href":"https:\/\/store.evolve-fitness.eu\/sv\/wp-json\/wp\/v2\/media?parent=102249"}],"wp:term":[{"taxonomy":"product_cat","embeddable":true,"href":"https:\/\/store.evolve-fitness.eu\/sv\/wp-json\/wp\/v2\/product_cat?post=102249"},{"taxonomy":"product_tag","embeddable":true,"href":"https:\/\/store.evolve-fitness.eu\/sv\/wp-json\/wp\/v2\/product_tag?post=102249"}],"curies":[{"name":"wp","href":"https:\/\/api.w.org\/{rel}","templated":true}]}}