{"id":102199,"date":"2025-01-07T13:26:21","date_gmt":"2025-01-07T13:26:21","guid":{"rendered":"https:\/\/store.evolve-fitness.eu\/?post_type=product&#038;p=102199"},"modified":"2026-04-28T12:01:17","modified_gmt":"2026-04-28T12:01:17","slug":"evolve-ultra-series-selectorized-sittande-bencurl","status":"publish","type":"product","link":"https:\/\/store.evolve-fitness.eu\/sv\/produkt\/evolve-ultra-series-selectorized-sittande-bencurl\/","title":{"rendered":"Evolve Ultra Series Selectorized sittande bencurl"},"content":{"rendered":"\n<section class=\"wp-block-group alignfull black-content has-white-color has-darkgray-background-color has-text-color has-background is-layout-constrained wp-block-group-is-layout-constrained\" style=\"padding-top:var(--wp--preset--spacing--section-bottom);padding-bottom:var(--wp--preset--spacing--section-bottom)\">\n<section class=\"wp-block-group alignfull black-content has-white-color has-darkgray-background-color has-text-color has-background is-layout-constrained wp-block-group-is-layout-constrained\" style=\"margin-bottom:0;padding-top:var(--wp--preset--spacing--tb-padding);padding-bottom:var(--wp--preset--spacing--tb-padding)\">\n<div class=\"wp-block-columns alignwide mobile-reverse is-layout-flex wp-container-core-columns-is-layout-7a02faa9 wp-block-columns-is-layout-flex\" style=\"margin-bottom:var(--wp--preset--spacing--tb-section-padding)\">\n<div class=\"wp-block-column is-vertically-aligned-center is-layout-flow wp-block-column-is-layout-flow\">\n<h3 class=\"wp-block-heading\" style=\"margin-bottom:var(--wp--preset--spacing--h-3-bottom)\"><strong><strong><strong><strong><strong><strong><strong><strong><strong>Riktad utveckling av hamstringsmusklerna<\/strong><\/strong><\/strong><\/strong><\/strong><\/strong><\/strong><\/strong><\/strong><\/h3>\n\n\n\n<p><strong><em><strong><strong><strong><strong><strong><strong>St\u00e4rker och f\u00f6rb\u00e4ttrar underkroppens prestationsf\u00f6rm\u00e5ga<\/strong><\/strong><\/strong><\/strong><\/strong><\/strong><\/em><\/strong><\/p>\n\n\n\n<p><strong>Evolve Ultra Series Selectorized Seated Leg Curl<\/strong> \u00e4r s\u00e4rskilt utformad f\u00f6r att isolera och engagera hamstrings, vilket ger en mycket effektiv tr\u00e4ning av nedre delen av kroppen. Dess justerbara inst\u00e4llningar m\u00f6jligg\u00f6r skr\u00e4ddarsytt motst\u00e5nd f\u00f6r att matcha individuella fitnessniv\u00e5er och m\u00e5l. Maskinens ergonomiska design fr\u00e4mjar korrekt inriktning och minskar belastningen, vilket garanterar s\u00e4ker och effektiv tr\u00e4ning. Seated Leg Curl \u00e4r idealisk f\u00f6r att bygga upp hamstringstyrka, f\u00f6rb\u00e4ttra flexibiliteten och st\u00f6dja atletiska prestationer och \u00e4r ett v\u00e4rdefullt verktyg f\u00f6r att uppn\u00e5 en v\u00e4l avrundad utveckling av underkroppen.   <\/p>\n<\/div>\n\n\n\n<div class=\"wp-block-column is-vertically-aligned-center is-layout-flow wp-block-column-is-layout-flow\">\n<figure class=\"wp-block-image size-full\"><img decoding=\"async\" src=\"https:\/\/evolve-fitness.eu\/wp-content\/uploads\/2025\/01\/EV-SC-UL-130-Evolve-Ultra-Series-Selectorized-Seated-Leg-Curl.png\" alt=\"EV-SC-UL-130\" class=\"wp-image-170762\"\/><\/figure>\n<\/div>\n<\/div>\n\n\n\n<div class=\"wp-block-columns alignwide mobile-reverse is-layout-flex wp-container-core-columns-is-layout-ca64bf2d wp-block-columns-is-layout-flex\" style=\"margin-bottom:var(--wp--preset--spacing--side-padding)\">\n<div class=\"wp-block-column is-vertically-aligned-center is-layout-flow wp-block-column-is-layout-flow\"><\/div>\n<\/div>\n<\/section>\n<\/section>\n","protected":false},"excerpt":{"rendered":"<p>Evolve Ultra Series Selectorized Seated Leg Curl (EV-SC-UL-130) \u00e4r en viktig maskin f\u00f6r att rikta in sig p\u00e5 och st\u00e4rka hamstrings. Denna h\u00f6gkvalitativa tr\u00e4ningsutrustning \u00e4r utformad f\u00f6r komfort och effektivitet och s\u00e4kerst\u00e4ller smidiga och kontrollerade r\u00f6relser f\u00f6r att maximera muskelengagemanget. Med sitt justerbara motst\u00e5nd och ergonomiska design passar Seated Leg Curl-maskinen anv\u00e4ndare p\u00e5 alla tr\u00e4ningsniv\u00e5er, vilket g\u00f6r den till ett m\u00e5ngsidigt tillskott till alla gym eller tr\u00e4ningsprogram.  <\/p>\n","protected":false},"featured_media":102224,"template":"","meta":{"_acf_changed":false,"inline_featured_image":false},"product_cat":[1149,1292],"product_tag":[],"class_list":{"0":"post-102199","1":"product","2":"type-product","3":"status-publish","4":"has-post-thumbnail","6":"product_cat-selectoriserade-maskiner","7":"product_cat-ultra-series-selectorized-maskiner","9":"first","10":"instock","11":"shipping-taxable","12":"purchasable","13":"product-type-simple"},"acf":[],"_links":{"self":[{"href":"https:\/\/store.evolve-fitness.eu\/sv\/wp-json\/wp\/v2\/product\/102199","targetHints":{"allow":["GET"]}}],"collection":[{"href":"https:\/\/store.evolve-fitness.eu\/sv\/wp-json\/wp\/v2\/product"}],"about":[{"href":"https:\/\/store.evolve-fitness.eu\/sv\/wp-json\/wp\/v2\/types\/product"}],"wp:featuredmedia":[{"embeddable":true,"href":"https:\/\/store.evolve-fitness.eu\/sv\/wp-json\/wp\/v2\/media\/102224"}],"wp:attachment":[{"href":"https:\/\/store.evolve-fitness.eu\/sv\/wp-json\/wp\/v2\/media?parent=102199"}],"wp:term":[{"taxonomy":"product_cat","embeddable":true,"href":"https:\/\/store.evolve-fitness.eu\/sv\/wp-json\/wp\/v2\/product_cat?post=102199"},{"taxonomy":"product_tag","embeddable":true,"href":"https:\/\/store.evolve-fitness.eu\/sv\/wp-json\/wp\/v2\/product_tag?post=102199"}],"curies":[{"name":"wp","href":"https:\/\/api.w.org\/{rel}","templated":true}]}}