{"id":102149,"date":"2025-01-07T13:20:56","date_gmt":"2025-01-07T13:20:56","guid":{"rendered":"https:\/\/store.evolve-fitness.eu\/?post_type=product&#038;p=102149"},"modified":"2026-02-28T12:00:29","modified_gmt":"2026-02-28T12:00:29","slug":"evolve-ultra-series-plattbelastad-staende-hoftstot","status":"publish","type":"product","link":"https:\/\/store.evolve-fitness.eu\/sv\/produkt\/evolve-ultra-series-plattbelastad-staende-hoftstot\/","title":{"rendered":"Evolve Ultra Series Plattbelastad st\u00e5ende h\u00f6ftst\u00f6t"},"content":{"rendered":"\n<section class=\"wp-block-group alignfull black-content has-white-color has-darkgray-background-color has-text-color has-background is-layout-constrained wp-block-group-is-layout-constrained\" style=\"padding-top:var(--wp--preset--spacing--section-bottom);padding-bottom:var(--wp--preset--spacing--section-bottom)\">\n<section class=\"wp-block-group alignfull black-content has-white-color has-darkgray-background-color has-text-color has-background is-layout-constrained wp-block-group-is-layout-constrained\" style=\"margin-bottom:0;padding-top:var(--wp--preset--spacing--tb-padding);padding-bottom:var(--wp--preset--spacing--tb-padding)\">\n<div class=\"wp-block-columns alignwide mobile-reverse is-layout-flex wp-container-core-columns-is-layout-7a02faa9 wp-block-columns-is-layout-flex\" style=\"margin-bottom:var(--wp--preset--spacing--tb-section-padding)\">\n<div class=\"wp-block-column is-vertically-aligned-center is-layout-flow wp-block-column-is-layout-flow\">\n<h3 class=\"wp-block-heading\" style=\"margin-bottom:var(--wp--preset--spacing--h-3-bottom)\"><strong><strong><strong><strong><strong><strong><strong><strong><strong>Optimerad aktivering av nedre delen av kroppen<\/strong><\/strong><\/strong><\/strong><\/strong><\/strong><\/strong><\/strong><\/strong><\/h3>\n\n\n\n<p><strong><em><strong><strong><strong><strong><strong><strong>St\u00e4rka s\u00e4tesmuskler, hamstrings och b\u00e5lmuskulatur<\/strong><\/strong><\/strong><\/strong><\/strong><\/strong><\/em><\/strong><\/p>\n\n\n\n<p><strong>Evolve Ultra Series Plate-Loaded Standing Hip Thrust<\/strong> \u00e4r <strong>expertutformad<\/strong> f\u00f6r att rikta in sig p\u00e5 s\u00e4tesmusklerna samtidigt som den ger kompletterande aktivering f\u00f6r hamstrings, core och st\u00f6dmuskler. Den st\u00e5ende positionen fr\u00e4mjar kontrollerad, effektiv r\u00f6relse och minimerar trycket p\u00e5 nedre delen av ryggen, vilket garanterar en s\u00e4ker och effektiv tr\u00e4ning. Den h\u00e4r maskinens fokus p\u00e5 h\u00f6ftextension g\u00f6r den idealisk f\u00f6r att f\u00f6rb\u00e4ttra styrka, kraft och stabilitet, oavsett om det g\u00e4ller atletisk prestation eller allm\u00e4n kondition. Genom att inf\u00f6rliva Standing Hip Thrust i din rutin kommer du att f\u00f6rb\u00e4ttra utvecklingen av underkroppen och uppn\u00e5 en v\u00e4l avrundad styrka.   <\/p>\n<\/div>\n\n\n\n<div class=\"wp-block-column is-vertically-aligned-center is-layout-flow wp-block-column-is-layout-flow\">\n<figure class=\"wp-block-image size-full\"><img decoding=\"async\" src=\"https:\/\/evolve-fitness.eu\/wp-content\/uploads\/2025\/01\/EV-PL-UL-460-Evolve-Ultra-Series-Plate-Loaded-Standing-Hip-Thrust.png\" alt=\"EV-PL-UL-460\" class=\"wp-image-170704\"\/><\/figure>\n<\/div>\n<\/div>\n\n\n\n<div class=\"wp-block-columns alignwide mobile-reverse is-layout-flex wp-container-core-columns-is-layout-ca64bf2d wp-block-columns-is-layout-flex\" style=\"margin-bottom:var(--wp--preset--spacing--side-padding)\">\n<div class=\"wp-block-column is-vertically-aligned-center is-layout-flow wp-block-column-is-layout-flow\"><\/div>\n<\/div>\n<\/section>\n<\/section>\n","protected":false},"excerpt":{"rendered":"<p>Evolve Ultra Series Plate-Loaded Standing Hip Thrust (EV-PL-UL-460) \u00e4r ett tillskott till alla gym eller fitnessentusiasters samling. Denna innovativa maskin \u00e4r utformad f\u00f6r optimal prestanda och h\u00e5llbarhet och g\u00f6r att du kan rikta in dig p\u00e5 och st\u00e4rka s\u00e4tesmusklerna, hamstrings och k\u00e4rnan med l\u00e4tthet och precision. Oavsett om du \u00e4r en professionell idrottsman eller en nyb\u00f6rjare som vill f\u00f6rb\u00e4ttra styrkan i underkroppen, erbjuder Standing Hip Thrust ett s\u00e4kert, effektivt och effektivt s\u00e4tt att maximera din tr\u00e4ningspotential och uppn\u00e5 dina tr\u00e4ningsm\u00e5l.  <\/p>\n","protected":false},"featured_media":102174,"template":"","meta":{"_acf_changed":false,"inline_featured_image":false},"product_cat":[550,773,774],"product_tag":[],"class_list":{"0":"post-102149","1":"product","2":"type-product","3":"status-publish","4":"has-post-thumbnail","6":"product_cat-startsida","7":"product_cat-platbelastade-maskiner","8":"product_cat-ultra-series-platbelastad","10":"first","11":"instock","12":"shipping-taxable","13":"purchasable","14":"product-type-simple"},"acf":[],"_links":{"self":[{"href":"https:\/\/store.evolve-fitness.eu\/sv\/wp-json\/wp\/v2\/product\/102149","targetHints":{"allow":["GET"]}}],"collection":[{"href":"https:\/\/store.evolve-fitness.eu\/sv\/wp-json\/wp\/v2\/product"}],"about":[{"href":"https:\/\/store.evolve-fitness.eu\/sv\/wp-json\/wp\/v2\/types\/product"}],"wp:featuredmedia":[{"embeddable":true,"href":"https:\/\/store.evolve-fitness.eu\/sv\/wp-json\/wp\/v2\/media\/102174"}],"wp:attachment":[{"href":"https:\/\/store.evolve-fitness.eu\/sv\/wp-json\/wp\/v2\/media?parent=102149"}],"wp:term":[{"taxonomy":"product_cat","embeddable":true,"href":"https:\/\/store.evolve-fitness.eu\/sv\/wp-json\/wp\/v2\/product_cat?post=102149"},{"taxonomy":"product_tag","embeddable":true,"href":"https:\/\/store.evolve-fitness.eu\/sv\/wp-json\/wp\/v2\/product_tag?post=102149"}],"curies":[{"name":"wp","href":"https:\/\/api.w.org\/{rel}","templated":true}]}}