{"id":102099,"date":"2025-01-07T13:14:34","date_gmt":"2025-01-07T13:14:34","guid":{"rendered":"https:\/\/store.evolve-fitness.eu\/?post_type=product&#038;p=102099"},"modified":"2025-09-25T12:49:11","modified_gmt":"2025-09-25T12:49:11","slug":"evolve-ultra-series-plate-loaded-pec-fly-14","status":"publish","type":"product","link":"https:\/\/store.evolve-fitness.eu\/sv\/produkt\/evolve-ultra-series-plate-loaded-pec-fly-14\/","title":{"rendered":"Evolve Ultra Series Plate Loaded Pec Fly"},"content":{"rendered":"\n<section class=\"wp-block-group alignfull black-content has-white-color has-darkgray-background-color has-text-color has-background is-layout-constrained wp-block-group-is-layout-constrained\" style=\"padding-top:var(--wp--preset--spacing--section-bottom);padding-bottom:var(--wp--preset--spacing--section-bottom)\">\n<section class=\"wp-block-group alignfull black-content has-white-color has-darkgray-background-color has-text-color has-background is-layout-constrained wp-block-group-is-layout-constrained\" style=\"margin-bottom:0;padding-top:var(--wp--preset--spacing--tb-padding);padding-bottom:var(--wp--preset--spacing--tb-padding)\">\n<div class=\"wp-block-columns alignwide mobile-reverse is-layout-flex wp-container-core-columns-is-layout-7a02faa9 wp-block-columns-is-layout-flex\" style=\"margin-bottom:var(--wp--preset--spacing--tb-section-padding)\">\n<div class=\"wp-block-column is-vertically-aligned-center is-layout-flow wp-block-column-is-layout-flow\">\n<h3 class=\"wp-block-heading\" style=\"margin-bottom:var(--wp--preset--spacing--h-3-bottom)\"><strong><strong><strong><strong><strong><strong><strong><strong><strong>Precisionsisolering av br\u00f6stkorgen<\/strong><\/strong><\/strong><\/strong><\/strong><\/strong><\/strong><\/strong><\/strong><\/h3>\n\n\n\n<p><strong><em><strong><strong><strong><strong><strong><strong>F\u00f6rb\u00e4ttrad styrka och muskeldefinition<\/strong><\/strong><\/strong><\/strong><\/strong><\/strong><\/em><\/strong><\/p>\n\n\n\n<p><strong>Evolve Ultra Series Plate-Loaded Pec Fly<\/strong> \u00e4r expertkonstruerad f\u00f6r att ge riktad aktivering av br\u00f6stmusklerna, vilket ger o\u00f6vertr\u00e4ffat fokus p\u00e5 br\u00f6stutveckling. Genom att leda armarna genom en kontrollerad b\u00e5gr\u00f6relse isolerar den h\u00e4r maskinen de inre och yttre br\u00f6stmusklerna f\u00f6r balanserad tillv\u00e4xt och f\u00f6rb\u00e4ttrad definition. Sekund\u00e4rt engagemang av axlar och \u00f6verarmar s\u00e4kerst\u00e4ller en v\u00e4l avrundad tr\u00e4ning av \u00f6verkroppen. Med sin ergonomiska design och justerbara inst\u00e4llningar kan anv\u00e4ndare p\u00e5 alla tr\u00e4ningsniv\u00e5er uppn\u00e5 korrekt form och inriktning, vilket maximerar effektiviteten f\u00f6r varje repetition. Oavsett om det g\u00e4ller att bygga styrka eller f\u00f6rb\u00e4ttra muskeltonus \u00e4r Pec Fly ett viktigt verktyg f\u00f6r att uppn\u00e5 en v\u00e4lformad \u00f6verkropp.    <\/p>\n<\/div>\n\n\n\n<div class=\"wp-block-column is-vertically-aligned-center is-layout-flow wp-block-column-is-layout-flow\">\n<figure class=\"wp-block-image size-full\"><img decoding=\"async\" src=\"https:\/\/evolve-fitness.eu\/wp-content\/uploads\/2025\/01\/EV-PL-UL-490-Evolve-Ultra-Series-Plate-Loaded-Pec-Fly.png\" alt=\"EV-PL-UL-490\" class=\"wp-image-170653\"\/><\/figure>\n<\/div>\n<\/div>\n\n\n\n<div class=\"wp-block-columns alignwide mobile-reverse is-layout-flex wp-container-core-columns-is-layout-ca64bf2d wp-block-columns-is-layout-flex\" style=\"margin-bottom:var(--wp--preset--spacing--side-padding)\">\n<div class=\"wp-block-column is-vertically-aligned-center is-layout-flow wp-block-column-is-layout-flow\"><\/div>\n<\/div>\n<\/section>\n<\/section>\n","protected":false},"excerpt":{"rendered":"<p>Evolve Ultra Series Plate-Loaded Pec Fly (EV-PL-UL-490) \u00e4r ett f\u00f6rstklassigt tillskott till alla fitnessentusiasters eller gym\u00e4gares utrustningssortiment. Den h\u00e4r enheten \u00e4r konstruerad med precision och byggd f\u00f6r att h\u00e5lla och ger en exceptionell styrketr\u00e4ningsupplevelse. Oavsett om du \u00e4r en erfaren lyftare eller precis har p\u00e5b\u00f6rjat din tr\u00e4ningsresa \u00e4r Pec Fly utformad f\u00f6r att hj\u00e4lpa dig att isolera och utveckla br\u00f6stmusklerna p\u00e5 ett enkelt och effektivt s\u00e4tt, vilket g\u00f6r den till ett viktigt verktyg f\u00f6r att uppn\u00e5 dina tr\u00e4ningsm\u00e5l f\u00f6r \u00f6verkroppen.  <\/p>\n","protected":false},"featured_media":102124,"template":"","meta":{"_acf_changed":false,"inline_featured_image":false},"product_cat":[550,773,774],"product_tag":[],"class_list":{"0":"post-102099","1":"product","2":"type-product","3":"status-publish","4":"has-post-thumbnail","6":"product_cat-startsida","7":"product_cat-platbelastade-maskiner","8":"product_cat-ultra-series-platbelastad","10":"first","11":"instock","12":"shipping-taxable","13":"purchasable","14":"product-type-simple"},"acf":[],"_links":{"self":[{"href":"https:\/\/store.evolve-fitness.eu\/sv\/wp-json\/wp\/v2\/product\/102099","targetHints":{"allow":["GET"]}}],"collection":[{"href":"https:\/\/store.evolve-fitness.eu\/sv\/wp-json\/wp\/v2\/product"}],"about":[{"href":"https:\/\/store.evolve-fitness.eu\/sv\/wp-json\/wp\/v2\/types\/product"}],"wp:featuredmedia":[{"embeddable":true,"href":"https:\/\/store.evolve-fitness.eu\/sv\/wp-json\/wp\/v2\/media\/102124"}],"wp:attachment":[{"href":"https:\/\/store.evolve-fitness.eu\/sv\/wp-json\/wp\/v2\/media?parent=102099"}],"wp:term":[{"taxonomy":"product_cat","embeddable":true,"href":"https:\/\/store.evolve-fitness.eu\/sv\/wp-json\/wp\/v2\/product_cat?post=102099"},{"taxonomy":"product_tag","embeddable":true,"href":"https:\/\/store.evolve-fitness.eu\/sv\/wp-json\/wp\/v2\/product_tag?post=102099"}],"curies":[{"name":"wp","href":"https:\/\/api.w.org\/{rel}","templated":true}]}}