{"id":102048,"date":"2025-01-07T13:07:05","date_gmt":"2025-01-07T13:07:05","guid":{"rendered":"https:\/\/store.evolve-fitness.eu\/?post_type=product&#038;p=102048"},"modified":"2025-10-08T12:19:54","modified_gmt":"2025-10-08T12:19:54","slug":"evolve-ultra-series-plattbelastad-iso-lateral-bankpress","status":"publish","type":"product","link":"https:\/\/store.evolve-fitness.eu\/sv\/produkt\/evolve-ultra-series-plattbelastad-iso-lateral-bankpress\/","title":{"rendered":"Evolve Ultra Series plattbelastad iso- lateral b\u00e4nkpress"},"content":{"rendered":"\n<p><\/p>\n\n<section class=\"wp-block-group alignfull black-content has-white-color has-darkgray-background-color has-text-color has-background is-layout-constrained wp-block-group-is-layout-constrained\" style=\"padding-top:var(--wp--preset--spacing--section-bottom);padding-bottom:var(--wp--preset--spacing--section-bottom)\">\n<h1 class=\"wp-block-heading has-text-align-center\" style=\"padding-top:var(--wp--preset--spacing--section-title-bottom);padding-bottom:var(--wp--preset--spacing--section-title-bottom)\"><strong><strong><strong>EVOLVE PLATTBELASTAD ULTRA-SERIE<\/strong><\/strong><\/strong> Iso-lateral b\u00e4nkpress<\/h1>\n\n\n\n<section class=\"wp-block-group alignfull black-content has-white-color has-darkgray-background-color has-text-color has-background is-layout-constrained wp-block-group-is-layout-constrained\" style=\"margin-bottom:0;padding-top:var(--wp--preset--spacing--tb-padding);padding-bottom:var(--wp--preset--spacing--tb-padding)\">\n<div class=\"wp-block-columns alignwide mobile-reverse is-layout-flex wp-container-core-columns-is-layout-035fa626 wp-block-columns-is-layout-flex\" style=\"margin-bottom:var(--wp--preset--spacing--side-padding);padding-top:var(--wp--preset--spacing--tb-padding);padding-bottom:var(--wp--preset--spacing--tb-padding)\">\n<div class=\"wp-block-column is-vertically-aligned-center is-layout-flow wp-block-column-is-layout-flow\">\n<figure class=\"wp-block-image size-full is-resized is-style-rounded\"><img loading=\"lazy\" decoding=\"async\" width=\"810\" height=\"810\" src=\"https:\/\/store.evolve-fitness.eu\/wp-content\/uploads\/2024\/05\/Dizainas-be-pavadinimo-98.png\" alt=\"\" class=\"wp-image-63283\" style=\"aspect-ratio:1.1333333333333333;object-fit:cover;width:860px;height:auto\" srcset=\"https:\/\/store.evolve-fitness.eu\/wp-content\/uploads\/2024\/05\/Dizainas-be-pavadinimo-98.png 810w, https:\/\/store.evolve-fitness.eu\/wp-content\/uploads\/2024\/05\/Dizainas-be-pavadinimo-98-300x300.png 300w, https:\/\/store.evolve-fitness.eu\/wp-content\/uploads\/2024\/05\/Dizainas-be-pavadinimo-98-150x150.png 150w, https:\/\/store.evolve-fitness.eu\/wp-content\/uploads\/2024\/05\/Dizainas-be-pavadinimo-98-768x768.png 768w, https:\/\/store.evolve-fitness.eu\/wp-content\/uploads\/2024\/05\/Dizainas-be-pavadinimo-98-600x600.png 600w, https:\/\/store.evolve-fitness.eu\/wp-content\/uploads\/2024\/05\/Dizainas-be-pavadinimo-98-100x100.png 100w\" sizes=\"auto, (max-width: 810px) 100vw, 810px\" \/><\/figure>\n<\/div>\n\n\n\n<div class=\"wp-block-column is-vertically-aligned-center is-layout-flow wp-block-column-is-layout-flow\">\n<h3 class=\"wp-block-heading\" style=\"margin-bottom:var(--wp--preset--spacing--h-3-bottom)\"><strong><strong><strong><strong><strong><strong>RIKTAD MUSKELAKTIVERING<\/strong><\/strong><\/strong><\/strong><\/strong><\/strong><\/h3>\n\n\n\n<p><strong><em><strong><strong><strong><strong><strong><strong><strong><strong><strong><em><strong>Unilateral armr\u00f6relse (tillg\u00e4nglig p\u00e5 vissa maskiner)<\/strong><\/em><\/strong><\/strong><\/strong><\/strong><\/strong><\/strong><\/strong><\/strong><\/strong><\/em><\/strong><\/p>\n\n\n\n<p style=\"margin-bottom:var(--wp--preset--spacing--tb-section-padding)\">Evolve Ultra Series Iso-Lateral b\u00e4nkpress med plattladdning ger en omfattande tr\u00e4ning av \u00f6verkroppen genom att engagera flera muskelgrupper samtidigt. Med sin innovativa design riktar den sig effektivt mot br\u00f6st, axlar och triceps, vilket fr\u00e4mjar balanserad utveckling och styrka. Den isolaterala r\u00f6relsen g\u00f6r att armarna kan r\u00f6ra sig oberoende av varandra, s\u00e5 att b\u00e5da kroppssidorna tr\u00e4nas lika mycket. Maskinen har justerbart motst\u00e5nd f\u00f6r att passa anv\u00e4ndare med olika konditionsniv\u00e5er och tr\u00e4ningsm\u00e5l, vilket g\u00f6r den l\u00e4mplig f\u00f6r b\u00e5de nyb\u00f6rjare och avancerade idrottare. Genom att fr\u00e4mja korrekt form och teknik hj\u00e4lper Iso-Lateral Bench Press till att f\u00f6rb\u00e4ttra styrka, stabilitet och \u00f6vergripande \u00f6verkroppsfunktion. Den ergonomiska utformningen minimerar belastningen p\u00e5 lederna och ger en s\u00e4ker och effektiv tr\u00e4ningsupplevelse. Oavsett om anv\u00e4ndarna vill bygga muskelmassa, \u00f6ka styrkan eller f\u00f6rb\u00e4ttra den muskul\u00e4ra uth\u00e5lligheten. Iso-Lateral Bench Press erbjuder en effektiv och m\u00e5ngsidig l\u00f6sning f\u00f6r att uppn\u00e5 dina tr\u00e4ningsm\u00e5l. <\/p>\n\n\n\n<h3 class=\"wp-block-heading\" style=\"margin-bottom:var(--wp--preset--spacing--h-3-bottom)\"><strong><strong><strong><strong><strong><strong><strong><strong><strong><br\/>JUSTERBART MOTST\u00c5ND<\/strong><\/strong><\/strong><\/strong><\/strong><\/strong><\/strong><\/strong><\/strong><\/h3>\n\n\n\n<p><strong><em><strong><strong><strong><strong><strong><strong><em><strong>Anpassningsbara viktstaplar<\/strong><\/em><\/strong><\/strong><\/strong><\/strong><\/strong><\/strong><\/em><\/strong><\/p>\n\n\n\n<p style=\"margin-bottom:var(--wp--preset--spacing--tb-section-padding)\">Anv\u00e4ndarna kan enkelt justera motst\u00e5ndsniv\u00e5erna genom att l\u00e4gga till eller ta bort viktplattor, vilket m\u00f6jligg\u00f6r skr\u00e4ddarsydda tr\u00e4ningspass som tillgodoser individuella styrkeniv\u00e5er och progression i vaderna. Oavsett om du siktar p\u00e5 \u00f6kad uth\u00e5llighet i vaderna eller \u00f6kad styrka ger det justerbara motst\u00e5ndet m\u00e5ngsidighet f\u00f6r anpassning till olika tr\u00e4ningsm\u00e5l.<\/p>\n<\/div>\n<\/div>\n\n\n\n<div class=\"wp-block-columns alignwide mobile-reverse is-layout-flex wp-container-core-columns-is-layout-7a02faa9 wp-block-columns-is-layout-flex\" style=\"margin-bottom:var(--wp--preset--spacing--tb-section-padding)\">\n<div class=\"wp-block-column is-vertically-aligned-center is-layout-flow wp-block-column-is-layout-flow\">\n<h3 class=\"wp-block-heading\" style=\"margin-bottom:var(--wp--preset--spacing--h-3-bottom)\"><strong><strong><strong><strong><strong><strong><strong><strong><strong>BEKV\u00c4M DESIGN<\/strong><\/strong><\/strong><\/strong><\/strong><\/strong><\/strong><\/strong><\/strong><\/h3>\n\n\n\n<p><strong><em><strong><strong><strong><strong><strong><strong><em><strong>Ergonomisk stoppning och handtag<\/strong><\/em><\/strong><\/strong><\/strong><\/strong><\/strong><\/strong><\/em><\/strong><\/p>\n\n\n\n<p style=\"margin-bottom:var(--wp--preset--spacing--tb-section-padding)\">Utformad med anv\u00e4ndarkomfort i \u00e5tanke. Seated Calf Raise-maskinen har ergonomiska dynor och handtag som fr\u00e4mjar korrekt benpositionering och st\u00f6d under \u00f6vningarna. <\/p>\n\n\n\n<h3 class=\"wp-block-heading\"><strong><strong>KOMPAKT FOTAVTRYCK<\/strong><\/strong><\/h3>\n\n\n\n<p><strong><em><strong><strong><em><strong>Utrymmeseffektiv design<\/strong><\/em><\/strong><\/strong><\/em><\/strong><\/p>\n\n\n\n<p>Trots sin funktionalitet har Standing Leg Curl-maskinen ett kompakt format, vilket g\u00f6r den l\u00e4mplig f\u00f6r personer med begr\u00e4nsat tr\u00e4ningsutrymme. Den str\u00f6mlinjeformade designen maximerar utrymmeseffektiviteten utan att kompromissa med funktionaliteten, vilket s\u00e4kerst\u00e4ller en optimerad tr\u00e4ningsyta f\u00f6r effektiv tr\u00e4ning av hamstring.<\/p>\n<\/div>\n\n\n\n<div class=\"wp-block-column is-vertically-aligned-center is-layout-flow wp-block-column-is-layout-flow\">\n<figure class=\"wp-block-image size-full is-resized is-style-rounded\"><img loading=\"lazy\" decoding=\"async\" width=\"810\" height=\"810\" src=\"https:\/\/store.evolve-fitness.eu\/wp-content\/uploads\/2024\/05\/Dizainas-be-pavadinimo-99.png\" alt=\"\" class=\"wp-image-63308\" style=\"aspect-ratio:1.1333333333333333;object-fit:cover;width:899px;height:auto\" srcset=\"https:\/\/store.evolve-fitness.eu\/wp-content\/uploads\/2024\/05\/Dizainas-be-pavadinimo-99.png 810w, https:\/\/store.evolve-fitness.eu\/wp-content\/uploads\/2024\/05\/Dizainas-be-pavadinimo-99-300x300.png 300w, https:\/\/store.evolve-fitness.eu\/wp-content\/uploads\/2024\/05\/Dizainas-be-pavadinimo-99-150x150.png 150w, https:\/\/store.evolve-fitness.eu\/wp-content\/uploads\/2024\/05\/Dizainas-be-pavadinimo-99-768x768.png 768w, https:\/\/store.evolve-fitness.eu\/wp-content\/uploads\/2024\/05\/Dizainas-be-pavadinimo-99-600x600.png 600w, https:\/\/store.evolve-fitness.eu\/wp-content\/uploads\/2024\/05\/Dizainas-be-pavadinimo-99-100x100.png 100w\" sizes=\"auto, (max-width: 810px) 100vw, 810px\" \/><\/figure>\n<\/div>\n<\/div>\n\n\n\n<div class=\"wp-block-columns alignwide mobile-reverse is-layout-flex wp-container-core-columns-is-layout-7a02faa9 wp-block-columns-is-layout-flex\" style=\"margin-bottom:var(--wp--preset--spacing--tb-section-padding)\">\n<div class=\"wp-block-column is-vertically-aligned-center is-layout-flow wp-block-column-is-layout-flow\">\n<figure class=\"wp-block-image alignleft size-full is-resized is-style-rounded\"><img loading=\"lazy\" decoding=\"async\" width=\"810\" height=\"810\" src=\"https:\/\/store.evolve-fitness.eu\/wp-content\/uploads\/2024\/05\/Dizainas-be-pavadinimo-100.png\" alt=\"\" class=\"wp-image-63333\" style=\"aspect-ratio:1.1333333333333333;object-fit:cover;width:829px;height:auto\" srcset=\"https:\/\/store.evolve-fitness.eu\/wp-content\/uploads\/2024\/05\/Dizainas-be-pavadinimo-100.png 810w, https:\/\/store.evolve-fitness.eu\/wp-content\/uploads\/2024\/05\/Dizainas-be-pavadinimo-100-300x300.png 300w, https:\/\/store.evolve-fitness.eu\/wp-content\/uploads\/2024\/05\/Dizainas-be-pavadinimo-100-150x150.png 150w, https:\/\/store.evolve-fitness.eu\/wp-content\/uploads\/2024\/05\/Dizainas-be-pavadinimo-100-768x768.png 768w, https:\/\/store.evolve-fitness.eu\/wp-content\/uploads\/2024\/05\/Dizainas-be-pavadinimo-100-600x600.png 600w, https:\/\/store.evolve-fitness.eu\/wp-content\/uploads\/2024\/05\/Dizainas-be-pavadinimo-100-100x100.png 100w\" sizes=\"auto, (max-width: 810px) 100vw, 810px\" \/><\/figure>\n<\/div>\n\n\n\n<div class=\"wp-block-column is-vertically-aligned-center is-layout-flow wp-block-column-is-layout-flow\">\n<h3 class=\"wp-block-heading\" style=\"margin-bottom:var(--wp--preset--spacing--h-3-bottom)\"><strong><strong><strong><strong><strong><strong><strong><strong>H\u00c5LLBAR FINISH<\/strong><\/strong><\/strong><\/strong><\/strong><\/strong><\/strong><\/strong><\/h3>\n\n\n\n<p><strong><em><strong><strong><strong><strong><strong><em><strong>Elektrostatisk sprutningsteknik f\u00f6r h\u00e4rdplastpulver<\/strong><\/em><\/strong><\/strong><\/strong><\/strong><\/strong><\/em><\/strong><\/p>\n\n\n\n<p style=\"margin-bottom:var(--wp--preset--spacing--tb-section-padding)\">V\u00e5ra maskiner har elektrostatisk sprutteknik med h\u00e4rdplastpulver som ger en h\u00e5llbar finish. Denna avancerade bel\u00e4ggning bibeh\u00e5ller utrustningens utseende \u00f6ver tid.<\/p>\n<\/div>\n<\/div>\n\n\n\n<div class=\"wp-block-columns alignwide mobile-reverse is-layout-flex wp-container-core-columns-is-layout-ca64bf2d wp-block-columns-is-layout-flex\" style=\"margin-bottom:var(--wp--preset--spacing--side-padding)\">\n<div class=\"wp-block-column is-vertically-aligned-center is-layout-flow wp-block-column-is-layout-flow\"><\/div>\n<\/div>\n<\/section>\n<\/section>\n","protected":false},"excerpt":{"rendered":"<p>Upplev det ultimata inom styrketr\u00e4ning med Evolve Ultra Series Plate V-Squat, UL-380, en f\u00f6rstklassig tr\u00e4ningsutrustning som \u00e4r utformad f\u00f6r b\u00e5de h\u00e5llbarhet och prestanda. Maskinen har organiserade f\u00f6rvaringsf\u00e4sten f\u00f6r viktplattor, vilket ger en str\u00f6mlinjeformad tr\u00e4ningsupplevelse. Bultar och muttrar i rostfritt st\u00e5l ger kompromissl\u00f6s h\u00e5llbarhet, medan den kraftiga PU-l\u00e4derkl\u00e4dseln kombinerar komfort med ett lyxigt utseende. S\u00e4kerheten \u00e4r av yttersta vikt, med halkfria handtag som ger ett s\u00e4kert grepp f\u00f6r att \u00f6ka sj\u00e4lvf\u00f6rtroendet under tr\u00e4ningen. Skydda ditt gymgolv med de medf\u00f6ljande slitstarka golvskydden och njut av den h\u00e5llbara finishen p\u00e5 v\u00e5r utrustning, tack vare den elektrostatiska spruttekniken med h\u00e4rdplastpulver. UL-380, som v\u00e4ger 206 kg, har 2 \u00e5rs garanti och tekniska funktioner som justerbara sittpositioner, vilket g\u00f6r den till ett perfekt val f\u00f6r en f\u00f6rstklassig tr\u00e4ningsupplevelse. L\u00e4gg till denna robusta och effektiva maskin till ditt gym idag och f\u00f6rb\u00e4ttra ditt tr\u00e4ningsprogram.<\/p>\n","protected":false},"featured_media":63307,"template":"","meta":{"_acf_changed":false,"inline_featured_image":false},"product_cat":[550,773,774],"product_tag":[],"class_list":{"0":"post-102048","1":"product","2":"type-product","3":"status-publish","4":"has-post-thumbnail","6":"product_cat-startsida","7":"product_cat-platbelastade-maskiner","8":"product_cat-ultra-series-platbelastad","10":"first","11":"outofstock","12":"shipping-taxable","13":"purchasable","14":"product-type-simple"},"acf":[],"_links":{"self":[{"href":"https:\/\/store.evolve-fitness.eu\/sv\/wp-json\/wp\/v2\/product\/102048","targetHints":{"allow":["GET"]}}],"collection":[{"href":"https:\/\/store.evolve-fitness.eu\/sv\/wp-json\/wp\/v2\/product"}],"about":[{"href":"https:\/\/store.evolve-fitness.eu\/sv\/wp-json\/wp\/v2\/types\/product"}],"wp:featuredmedia":[{"embeddable":true,"href":"https:\/\/store.evolve-fitness.eu\/sv\/wp-json\/wp\/v2\/media\/63307"}],"wp:attachment":[{"href":"https:\/\/store.evolve-fitness.eu\/sv\/wp-json\/wp\/v2\/media?parent=102048"}],"wp:term":[{"taxonomy":"product_cat","embeddable":true,"href":"https:\/\/store.evolve-fitness.eu\/sv\/wp-json\/wp\/v2\/product_cat?post=102048"},{"taxonomy":"product_tag","embeddable":true,"href":"https:\/\/store.evolve-fitness.eu\/sv\/wp-json\/wp\/v2\/product_tag?post=102048"}],"curies":[{"name":"wp","href":"https:\/\/api.w.org\/{rel}","templated":true}]}}