{"id":101808,"date":"2024-12-16T08:54:50","date_gmt":"2024-12-16T08:54:50","guid":{"rendered":"https:\/\/store.evolve-fitness.eu\/?post_type=product&#038;p=101808"},"modified":"2025-01-08T13:06:20","modified_gmt":"2025-01-08T13:06:20","slug":"evolve-konstgras-1","status":"publish","type":"product","link":"https:\/\/store.evolve-fitness.eu\/sv\/produkt\/evolve-konstgras-1\/","title":{"rendered":"Evolve konstgr\u00e4s"},"content":{"rendered":"\n<section class=\"wp-block-group alignfull black-content has-white-color has-darkgray-background-color has-text-color has-background is-layout-constrained wp-block-group-is-layout-constrained\" style=\"padding-top:var(--wp--preset--spacing--section-bottom);padding-bottom:var(--wp--preset--spacing--section-bottom)\">\n<div class=\"wp-block-columns alignwide is-layout-flex wp-container-core-columns-is-layout-c45ee707 wp-block-columns-is-layout-flex\" style=\"margin-bottom:var(--wp--preset--spacing--side-padding);padding-top:var(--wp--preset--spacing--side-padding)\">\n<div class=\"wp-block-column is-vertically-aligned-center is-layout-flow wp-block-column-is-layout-flow\">\n<h3 class=\"wp-block-heading\"><strong>M\u00e5ngsidigt konstgr\u00e4s f\u00f6r inomhus- och utomhusbruk<\/strong><\/h3>\n\n\n\n<p><strong><em><strong><em>H\u00e5llbarhet och prestanda f\u00f6r alla tr\u00e4ningsutrymmen<\/em><\/strong><\/em><\/strong><\/p>\n\n\n\n<p style=\"margin-bottom:var(--wp--preset--spacing--tb-section-padding)\">Evolve Artificial Turf \u00e4r den perfekta golvl\u00f6sningen f\u00f6r att skapa m\u00e5ngsidiga tr\u00e4ningszoner, b\u00e5de inomhus och utomhus. Konstgr\u00e4set \u00e4r utformat f\u00f6r h\u00e5llbarhet och funktionalitet och erbjuder en halkfri, d\u00e4mpad yta som st\u00f6der h\u00f6gintensiv tr\u00e4ning, k\u00e4lkst\u00f6tning och smidighetstr\u00e4ning. Den underh\u00e5llsfria designen motst\u00e5r slitage, medan den naturliga gr\u00e4sliknande strukturen ger en autentisk k\u00e4nsla f\u00f6r sport- och fitnessentusiaster. Evolve Artificial Turf \u00e4r perfekt f\u00f6r gym, tr\u00e4ningsanl\u00e4ggningar och utomhusomr\u00e5den och garanterar prestanda, komfort och tillf\u00f6rlitlighet f\u00f6r varje tr\u00e4ningspass.   <\/p>\n\n\n\n<h3 class=\"wp-block-heading\"><strong>Anpassningsbar och bekv\u00e4m tr\u00e4ningsyta<\/strong><\/h3>\n\n\n\n<p><strong><em><strong><em>Personlig design med f\u00f6rb\u00e4ttrad komfort och stil<\/em><\/strong><\/em><\/strong><\/p>\n\n\n\n<p style=\"margin-bottom:var(--wp--preset--spacing--tb-section-padding)\">Evolve Artificial Turf kombinerar funktionalitet med estetik och erbjuder fullst\u00e4ndiga anpassningsalternativ, inklusive logotyper, linjer och siffror, f\u00f6r att skapa en tr\u00e4ningsyta som \u00e4r skr\u00e4ddarsydd efter dina behov. Med ett gummilager p\u00e5 5 mm integrerat i den totala tjockleken p\u00e5 20 mm ger detta gr\u00e4s \u00f6verl\u00e4gsen d\u00e4mpning och en bekv\u00e4mare fotk\u00e4nsla, vilket minskar tr\u00f6ttheten under intensiva tr\u00e4ningspass. Ut\u00f6ver prestandan g\u00f6r de vackra m\u00f6nstren gr\u00e4set till en dekorativ mittpunkt som f\u00f6rh\u00f6jer det visuella intrycket i alla gym eller personliga studior.  <\/p>\n<\/div>\n\n\n\n<div class=\"wp-block-column is-vertically-aligned-center is-layout-flow wp-block-column-is-layout-flow\">\n<figure class=\"wp-block-image size-full\"><img decoding=\"async\" src=\"https:\/\/evolve-fitness.eu\/wp-content\/uploads\/2024\/12\/turf.jpg\" alt=\"EV-AT-CS-20\" class=\"wp-image-171269\"\/><\/figure>\n<\/div>\n<\/div>\n<\/section>\n","protected":false},"excerpt":{"rendered":"<p>F\u00f6rvandla din tr\u00e4ningsanl\u00e4ggning eller ditt tr\u00e4ningsomr\u00e5de med Evolve konstgr\u00e4s &#8211; den perfekta l\u00f6sningen f\u00f6r att skapa en h\u00e5llbar, funktionell och visuellt sl\u00e5ende tr\u00e4ningsyta. Detta premiumgr\u00e4s \u00e4r utformat f\u00f6r att klara intensiva tr\u00e4ningspass och h\u00f6g trafik och ger utm\u00e4rkt grepp, d\u00e4mpning och m\u00e5ngsidighet f\u00f6r ett brett utbud av \u00f6vningar. Oavsett om du ska anl\u00e4gga en sprintbana, en k\u00e4lkst\u00f6tningszon eller ett fitnessomr\u00e5de f\u00f6r flera \u00e4ndam\u00e5l \u00e4r Evolve Artificial Turf konstruerad f\u00f6r att h\u00f6ja prestandan och estetiken.<\/p>\n","protected":false},"featured_media":101833,"template":"","meta":{"_acf_changed":false,"inline_featured_image":false},"product_cat":[550,831,837],"product_tag":[],"class_list":{"0":"post-101808","1":"product","2":"type-product","3":"status-publish","4":"has-post-thumbnail","6":"product_cat-startsida","7":"product_cat-plattformar-och-golv","8":"product_cat-golv","10":"first","11":"outofstock","12":"shipping-taxable","13":"purchasable","14":"product-type-simple"},"acf":[],"_links":{"self":[{"href":"https:\/\/store.evolve-fitness.eu\/sv\/wp-json\/wp\/v2\/product\/101808","targetHints":{"allow":["GET"]}}],"collection":[{"href":"https:\/\/store.evolve-fitness.eu\/sv\/wp-json\/wp\/v2\/product"}],"about":[{"href":"https:\/\/store.evolve-fitness.eu\/sv\/wp-json\/wp\/v2\/types\/product"}],"wp:featuredmedia":[{"embeddable":true,"href":"https:\/\/store.evolve-fitness.eu\/sv\/wp-json\/wp\/v2\/media\/101833"}],"wp:attachment":[{"href":"https:\/\/store.evolve-fitness.eu\/sv\/wp-json\/wp\/v2\/media?parent=101808"}],"wp:term":[{"taxonomy":"product_cat","embeddable":true,"href":"https:\/\/store.evolve-fitness.eu\/sv\/wp-json\/wp\/v2\/product_cat?post=101808"},{"taxonomy":"product_tag","embeddable":true,"href":"https:\/\/store.evolve-fitness.eu\/sv\/wp-json\/wp\/v2\/product_tag?post=101808"}],"curies":[{"name":"wp","href":"https:\/\/api.w.org\/{rel}","templated":true}]}}