{"id":101782,"date":"2024-12-13T12:59:40","date_gmt":"2024-12-13T12:59:40","guid":{"rendered":"https:\/\/store.evolve-fitness.eu\/?post_type=product&#038;p=101782"},"modified":"2026-03-13T12:01:44","modified_gmt":"2026-03-13T12:01:44","slug":"evolve-yoga-balte","status":"publish","type":"product","link":"https:\/\/store.evolve-fitness.eu\/sv\/produkt\/evolve-yoga-balte\/","title":{"rendered":"Evolve Yoga B\u00e4lte"},"content":{"rendered":"\n<p><\/p>\n\n\n\n<p><\/p>\n","protected":false},"excerpt":{"rendered":"<p>Evolve Yoga Belt, ett viktigt tillbeh\u00f6r f\u00f6r att f\u00f6rb\u00e4ttra flexibilitet, inriktning och teknik. Det h\u00e4r h\u00e5llbara och justerbara b\u00e4ltet \u00e4r utformat f\u00f6r att st\u00f6dja yogier p\u00e5 alla niv\u00e5er och hj\u00e4lper dig att f\u00f6rdjupa str\u00e4ckningar, h\u00e5lla utmanande poser och f\u00f6rfina din h\u00e5llning p\u00e5 ett s\u00e4kert s\u00e4tt. Oavsett om du arbetar med att f\u00f6rb\u00e4ttra din flexibilitet eller beh\u00f6ver extra hj\u00e4lp med specifika asanas, \u00e4r Evolve Yoga Belt ett p\u00e5litligt och m\u00e5ngsidigt verktyg f\u00f6r att f\u00f6rb\u00e4ttra din praktik.    <\/p>\n<p>\n","protected":false},"featured_media":123670,"template":"","meta":{"_acf_changed":false,"inline_featured_image":false},"product_cat":[392],"product_tag":[],"class_list":{"0":"post-101782","1":"product","2":"type-product","3":"status-publish","4":"has-post-thumbnail","6":"product_cat-studio-sv","8":"first","9":"instock","10":"shipping-taxable","11":"purchasable","12":"product-type-simple"},"acf":[],"_links":{"self":[{"href":"https:\/\/store.evolve-fitness.eu\/sv\/wp-json\/wp\/v2\/product\/101782","targetHints":{"allow":["GET"]}}],"collection":[{"href":"https:\/\/store.evolve-fitness.eu\/sv\/wp-json\/wp\/v2\/product"}],"about":[{"href":"https:\/\/store.evolve-fitness.eu\/sv\/wp-json\/wp\/v2\/types\/product"}],"wp:featuredmedia":[{"embeddable":true,"href":"https:\/\/store.evolve-fitness.eu\/sv\/wp-json\/wp\/v2\/media\/123670"}],"wp:attachment":[{"href":"https:\/\/store.evolve-fitness.eu\/sv\/wp-json\/wp\/v2\/media?parent=101782"}],"wp:term":[{"taxonomy":"product_cat","embeddable":true,"href":"https:\/\/store.evolve-fitness.eu\/sv\/wp-json\/wp\/v2\/product_cat?post=101782"},{"taxonomy":"product_tag","embeddable":true,"href":"https:\/\/store.evolve-fitness.eu\/sv\/wp-json\/wp\/v2\/product_tag?post=101782"}],"curies":[{"name":"wp","href":"https:\/\/api.w.org\/{rel}","templated":true}]}}