{"id":100482,"date":"2024-12-13T07:10:55","date_gmt":"2024-12-13T07:10:55","guid":{"rendered":"https:\/\/store.evolve-fitness.eu\/?post_type=product&#038;p=100482"},"modified":"2026-04-23T12:00:25","modified_gmt":"2026-04-23T12:00:25","slug":"evolve-yoga-block-10","status":"publish","type":"product","link":"https:\/\/store.evolve-fitness.eu\/sv\/produkt\/evolve-yoga-block-10\/","title":{"rendered":"Evolve Yoga Block"},"content":{"rendered":"\n<p> <mark style=\"background-color:rgba(0, 0, 0, 0);color:#ffffff\" class=\"has-inline-color\">ASD<\/mark><\/p>\n\n<p><\/p>\n","protected":false},"excerpt":{"rendered":"<p>F\u00f6rb\u00e4ttra din yogapraktik med Evolve Yoga Block, ett m\u00e5ste-ha-tillbeh\u00f6r f\u00f6r yogis p\u00e5 alla niv\u00e5er. Detta l\u00e4tta men \u00e4nd\u00e5 h\u00e5llbara block \u00e4r utformat f\u00f6r stabilitet och st\u00f6d och hj\u00e4lper dig att uppn\u00e5 korrekt inriktning, f\u00f6rdjupa str\u00e4ckningar och bygga upp sj\u00e4lvf\u00f6rtroende i dina poser. Oavsett om du perfektionerar en utmanande fysisk h\u00e5llning eller beh\u00f6ver extra st\u00f6d under \u00e5terh\u00e4mtande poser \u00e4r Evolve Yoga Block ditt p\u00e5litliga verktyg. Dess halkfria yta och robusta design garanterar komfort och s\u00e4kerhet.     <\/p>\n<p>\n","protected":false},"featured_media":100507,"template":"","meta":{"_acf_changed":false,"inline_featured_image":false},"product_cat":[392],"product_tag":[],"class_list":{"0":"post-100482","1":"product","2":"type-product","3":"status-publish","4":"has-post-thumbnail","6":"product_cat-studio-sv","8":"first","9":"instock","10":"shipping-taxable","11":"purchasable","12":"product-type-simple"},"acf":[],"_links":{"self":[{"href":"https:\/\/store.evolve-fitness.eu\/sv\/wp-json\/wp\/v2\/product\/100482","targetHints":{"allow":["GET"]}}],"collection":[{"href":"https:\/\/store.evolve-fitness.eu\/sv\/wp-json\/wp\/v2\/product"}],"about":[{"href":"https:\/\/store.evolve-fitness.eu\/sv\/wp-json\/wp\/v2\/types\/product"}],"wp:featuredmedia":[{"embeddable":true,"href":"https:\/\/store.evolve-fitness.eu\/sv\/wp-json\/wp\/v2\/media\/100507"}],"wp:attachment":[{"href":"https:\/\/store.evolve-fitness.eu\/sv\/wp-json\/wp\/v2\/media?parent=100482"}],"wp:term":[{"taxonomy":"product_cat","embeddable":true,"href":"https:\/\/store.evolve-fitness.eu\/sv\/wp-json\/wp\/v2\/product_cat?post=100482"},{"taxonomy":"product_tag","embeddable":true,"href":"https:\/\/store.evolve-fitness.eu\/sv\/wp-json\/wp\/v2\/product_tag?post=100482"}],"curies":[{"name":"wp","href":"https:\/\/api.w.org\/{rel}","templated":true}]}}