{"id":92102,"date":"2024-07-15T14:52:30","date_gmt":"2024-07-15T14:52:30","guid":{"rendered":"https:\/\/store.evolve-fitness.eu\/?post_type=product&#038;p=92102"},"modified":"2025-03-27T07:38:24","modified_gmt":"2025-03-27T07:38:24","slug":"evolve-sportschool-ballenrek-1","status":"publish","type":"product","link":"https:\/\/store.evolve-fitness.eu\/nl\/product\/evolve-sportschool-ballenrek-1\/","title":{"rendered":"Evolve Sportschool Ballenrek"},"content":{"rendered":"\n<p> <mark style=\"background-color:rgba(0, 0, 0, 0);color:#ffffff\" class=\"has-inline-color\">ASD<\/mark><\/p>\n\n<p><\/p>\n","protected":false},"excerpt":{"rendered":"<p>Organiseer je fitnessruimte met onge\u00ebvenaarde effici\u00ebntie met het Evolve Gym ballenrek, GB-030. Dit slanke en stevige ballenrek is een essenti\u00eble toevoeging aan elke sportschool, fitnesscentrum of trainingsruimte thuis en biedt een praktische en elegante oplossing voor het opbergen van stabiliteitsballen. De robuuste constructie zorgt voor duurzaamheid en betrouwbaarheid, terwijl het ruimtebesparende ontwerp het vloeroppervlak maximaliseert en je trainingsruimte netjes en toegankelijk houdt. Het Evolve Gym ballenrek is ideaal voor sportscholen van elke grootte en biedt plaats aan meerdere ballen, waardoor het perfect past in omgevingen waar functionaliteit en organisatie belangrijk zijn. Verhoog de sfeer en effici\u00ebntie van je fitnessruimte met dit hoogwaardige rek voor gymnastiekballen en stroomlijn de manier waarop je je fitnessapparatuur opbergt en gebruikt.  <\/p>\n<p>\n","protected":false},"featured_media":92117,"template":"","meta":{"_acf_changed":false,"inline_featured_image":false},"product_cat":[451],"product_tag":[],"class_list":{"0":"post-92102","1":"product","2":"type-product","3":"status-publish","4":"has-post-thumbnail","6":"product_cat-studio-nl","8":"first","9":"instock","10":"shipping-taxable","11":"purchasable","12":"product-type-simple"},"acf":[],"_links":{"self":[{"href":"https:\/\/store.evolve-fitness.eu\/nl\/wp-json\/wp\/v2\/product\/92102","targetHints":{"allow":["GET"]}}],"collection":[{"href":"https:\/\/store.evolve-fitness.eu\/nl\/wp-json\/wp\/v2\/product"}],"about":[{"href":"https:\/\/store.evolve-fitness.eu\/nl\/wp-json\/wp\/v2\/types\/product"}],"wp:featuredmedia":[{"embeddable":true,"href":"https:\/\/store.evolve-fitness.eu\/nl\/wp-json\/wp\/v2\/media\/92117"}],"wp:attachment":[{"href":"https:\/\/store.evolve-fitness.eu\/nl\/wp-json\/wp\/v2\/media?parent=92102"}],"wp:term":[{"taxonomy":"product_cat","embeddable":true,"href":"https:\/\/store.evolve-fitness.eu\/nl\/wp-json\/wp\/v2\/product_cat?post=92102"},{"taxonomy":"product_tag","embeddable":true,"href":"https:\/\/store.evolve-fitness.eu\/nl\/wp-json\/wp\/v2\/product_tag?post=92102"}],"curies":[{"name":"wp","href":"https:\/\/api.w.org\/{rel}","templated":true}]}}