{"id":42731,"date":"2024-01-17T12:22:16","date_gmt":"2024-01-17T12:22:16","guid":{"rendered":"https:\/\/store.evolve-fitness.eu\/product\/evolve-ultra-series-selectorized-4-stack-multigym-met-2-verstelbare-kabels\/"},"modified":"2024-12-02T14:49:36","modified_gmt":"2024-12-02T14:49:36","slug":"evolve-ultra-series-selectorized-4-stack-multigym-met-2-verstelbare-kabels","status":"publish","type":"product","link":"https:\/\/store.evolve-fitness.eu\/nl\/product\/evolve-ultra-series-selectorized-4-stack-multigym-met-2-verstelbare-kabels\/","title":{"rendered":"Evolve Ultra Series Selectorized 4 Stack Multigym met 2 Verstelbare Kabels"},"content":{"rendered":"\n<section class=\"wp-block-group alignfull black-content has-white-color has-darkgray-background-color has-text-color has-background is-layout-constrained wp-block-group-is-layout-constrained\" style=\"padding-top:var(--wp--preset--spacing--section-bottom);padding-bottom:var(--wp--preset--spacing--section-bottom)\">\n<div class=\"wp-block-columns alignwide mobile-reverse is-layout-flex wp-container-core-columns-is-layout-ca64bf2d wp-block-columns-is-layout-flex\" style=\"margin-bottom:var(--wp--preset--spacing--side-padding)\">\n<div class=\"wp-block-column is-vertically-aligned-center is-layout-flow wp-block-column-is-layout-flow\">\n<h3 class=\"wp-block-heading\" style=\"margin-bottom:var(--wp--preset--spacing--h-3-bottom)\">Evolve Ultra-serie<\/h3>\n\n\n\n<p style=\"margin-bottom:var(--wp--preset--spacing--tb-section-padding)\">Welkom bij de Evolve Ultra Series, waar we uitmuntendheid opnieuw defini\u00ebren. Onze Ultra Series is ontworpen voor eigenaars van sportscholen, potenti\u00eble eigenaars van sportscholen en fitnesscentra van alle groottes en biedt een reeks kosteneffici\u00ebnte apparaten met selectie waarbij kwaliteit en prestaties voorop staan. Laten we eens kijken naar de unieke kenmerken die van de Ultra Series een uitzonderlijke keuze maken voor wie op zoek is naar budgetvriendelijke maar kwalitatief hoogwaardige fitnessapparatuur.<\/p>\n<\/div>\n\n\n\n<div class=\"wp-block-column is-vertically-aligned-center is-layout-flow wp-block-column-is-layout-flow\">\n<figure class=\"wp-block-video\"><video autoplay=\"\" controls=\"\" loop=\"\" muted=\"\" src=\"https:\/\/evolve-fitness.eu\/wp-content\/uploads\/2023\/12\/ev-sc-ul-1200-2.mp4\"><\/video><\/figure>\n<\/div>\n<\/div>\n\n\n\n<div class=\"wp-block-columns alignwide is-layout-flex wp-container-core-columns-is-layout-c45ee707 wp-block-columns-is-layout-flex\" style=\"margin-bottom:var(--wp--preset--spacing--side-padding);padding-top:var(--wp--preset--spacing--side-padding)\">\n<div class=\"wp-block-column is-vertically-aligned-center is-layout-flow wp-block-column-is-layout-flow\">\n<figure class=\"wp-block-video\"><video height=\"720\" style=\"aspect-ratio: 1280 \/ 720;\" width=\"1280\" autoplay=\"\" controls=\"\" loop=\"\" muted=\"\" src=\"https:\/\/store.evolve-fitness.eu\/wp-content\/uploads\/2024\/01\/EFBWN5Z.mp4\"><\/video><\/figure>\n<\/div>\n\n\n\n<div class=\"wp-block-column is-vertically-aligned-center is-layout-flow wp-block-column-is-layout-flow\">\n<h3 class=\"wp-block-heading\">BEHOUD UW RUIMTE<\/h3>\n\n\n\n<p><strong><em><strong><em>Rubberen pads voor vloerbescherming<\/em><\/strong><\/em><\/strong><\/p>\n\n\n\n<p>Zorg voor een schone en schadevrije trainingsomgeving met Rubber Pads. Eigenaren van sportscholen begrijpen hoe belangrijk het is om de vloer van hun sportschool te onderhouden. Onze met rubber beklede poten beschermen je vloer tegen krassen en mogelijke schade, waardoor de Ultra Series de keuze is voor sportschoolhouders die hun ruimte willen beschermen.<\/p>\n<\/div>\n<\/div>\n\n\n\n<div class=\"wp-block-columns alignwide mobile-reverse is-layout-flex wp-container-core-columns-is-layout-ca64bf2d wp-block-columns-is-layout-flex\" style=\"margin-bottom:var(--wp--preset--spacing--side-padding)\">\n<div class=\"wp-block-column is-vertically-aligned-center is-layout-flow wp-block-column-is-layout-flow\">\n<h3 class=\"wp-block-heading\" style=\"margin-bottom:var(--wp--preset--spacing--h-3-bottom)\">Veiligheid ontmoet stijl<\/h3>\n\n\n\n<p><strong><em>Volledig afgedekte gewichtskap<\/em><\/strong><\/p>\n\n\n\n<p>Voor eigenaars van sportscholen en fitnessondernemers zijn veiligheid en esthetiek van het grootste belang. De Evolve Ultra Series heeft een volledig afgedekte gewichtskap, die veiligheid en stijl naadloos combineert. Door de veiligheid te verbeteren en ongelukken te voorkomen en tegelijkertijd je fitnessruimte schoon te houden, is deze lijkwade een essenti\u00eble toevoeging aan elke fitnessruimte. Verhoog de visuele aantrekkingskracht van uw sportschool en geef tegelijkertijd prioriteit aan de veiligheid van uw klanten tijdens elke trainingssessie.<\/p>\n<\/div>\n\n\n\n<div class=\"wp-block-column is-vertically-aligned-center is-layout-flow wp-block-column-is-layout-flow\">\n<figure class=\"wp-block-image size-large\"><img decoding=\"async\" src=\"https:\/\/evolve-fitness.eu\/wp-content\/uploads\/2023\/12\/EV-SC-UL-1200-2-683x1024.jpg\" alt=\"\" class=\"wp-image-166054\"\/><\/figure>\n<\/div>\n<\/div>\n\n\n\n<div class=\"wp-block-columns alignwide is-layout-flex wp-container-core-columns-is-layout-c45ee707 wp-block-columns-is-layout-flex\" style=\"margin-bottom:var(--wp--preset--spacing--side-padding);padding-top:var(--wp--preset--spacing--side-padding)\">\n<div class=\"wp-block-column is-vertically-aligned-center is-layout-flow wp-block-column-is-layout-flow\">\n<figure class=\"wp-block-image size-large\"><img decoding=\"async\" src=\"https:\/\/evolve-fitness.eu\/wp-content\/uploads\/2023\/12\/EV-SC-UL-1200-5-683x1024.jpg\" alt=\"\" class=\"wp-image-166105\"\/><\/figure>\n<\/div>\n\n\n\n<div class=\"wp-block-column is-vertically-aligned-center is-layout-flow wp-block-column-is-layout-flow\">\n<h3 class=\"wp-block-heading\" style=\"margin-bottom:var(--wp--preset--spacing--h-3-bottom)\">Veiligheid ontmoet stijl<\/h3>\n\n\n\n<p><strong><em>Volledig afgedekte gewichtskap<\/em><\/strong><\/p>\n\n\n\n<p>Voor eigenaars van sportscholen en fitnessondernemers zijn veiligheid en esthetiek van het grootste belang. De Evolve Ultra Series heeft een volledig afgedekte gewichtskap, die veiligheid en stijl naadloos combineert. Door de veiligheid te verbeteren en ongelukken te voorkomen en tegelijkertijd je fitnessruimte schoon te houden, is deze lijkwade een essenti\u00eble toevoeging aan elke fitnessruimte. Verhoog de visuele aantrekkingskracht van uw sportschool en geef tegelijkertijd prioriteit aan de veiligheid van uw klanten tijdens elke trainingssessie.<\/p>\n<\/div>\n<\/div>\n\n\n\n<div class=\"wp-block-columns alignwide are-vertically-aligned-center mobile-reverse is-layout-flex wp-container-core-columns-is-layout-e8158c2f wp-block-columns-is-layout-flex\" style=\"padding-top:var(--wp--preset--spacing--side-padding)\">\n<div class=\"wp-block-column is-vertically-aligned-center is-layout-flow wp-block-column-is-layout-flow\">\n<h3 class=\"wp-block-heading\" style=\"margin-bottom:var(--wp--preset--spacing--h-3-bottom)\"><strong>Optimale handgrepen<\/strong><\/h3>\n\n\n\n<p><strong><em><strong><em>De fitnesservaring verbeteren<\/em><\/strong><\/em><\/strong><\/p>\n\n\n\n<p style=\"margin-bottom:var(--wp--preset--spacing--tb-section-padding)\">Klanten aantrekken en behouden is essentieel voor eigenaars van sportscholen en managers van fitnesscentra. De Evolve Ultra Series biedt Optimal Hand Grips, zorgvuldig ontworpen voor comfort en veiligheid. Verhoog de trainingservaring van je klanten, houd ze betrokken en motiveer ze om hun fitnessdoelen in jouw club te bereiken.<\/p>\n<\/div>\n\n\n\n<div class=\"wp-block-column is-vertically-aligned-center is-layout-flow wp-block-column-is-layout-flow\">\n<figure class=\"wp-block-image size-large\"><img decoding=\"async\" src=\"https:\/\/evolve-fitness.eu\/wp-content\/uploads\/2023\/12\/EV-SC-UL-1200-4-1024x683.jpg\" alt=\"\" class=\"wp-image-166080\"\/><\/figure>\n<\/div>\n<\/div>\n\n\n\n<div class=\"wp-block-columns alignwide are-vertically-aligned-center mobile-reverse is-layout-flex wp-container-core-columns-is-layout-e8158c2f wp-block-columns-is-layout-flex\" style=\"padding-top:var(--wp--preset--spacing--side-padding)\">\n<div class=\"wp-block-column is-vertically-aligned-center is-layout-flow wp-block-column-is-layout-flow\">\n<figure class=\"wp-block-image size-large\"><img decoding=\"async\" src=\"https:\/\/evolve-fitness.eu\/wp-content\/uploads\/2023\/12\/EV-SC-UL-1200-7-1024x683.jpg\" alt=\"\" class=\"wp-image-166130\"\/><\/figure>\n<\/div>\n\n\n\n<div class=\"wp-block-column is-vertically-aligned-center is-layout-flow wp-block-column-is-layout-flow\">\n<h3 class=\"wp-block-heading\" style=\"margin-bottom:var(--wp--preset--spacing--h-3-bottom)\"><strong>DUBBEL GEPOEDERCOAT<\/strong><\/h3>\n\n\n\n<p><strong><em><strong><em>Elektrostatisch gepoedercoat<\/em><\/strong><\/em><\/strong><\/p>\n\n\n\n<p style=\"margin-bottom:var(--wp--preset--spacing--tb-section-padding)\">De Evolve Ultra Series krachtmachines met een elektrostatisch gepoedercoat parelzwart mat frame zijn een voorbeeld van zowel vorm als functie. De esthetische aantrekkingskracht wordt versterkt door de matzwarte afwerking, terwijl de praktische eigenschappen, waaronder wrijvingsweerstand, anticorrosie-eigenschappen en krasbestendigheid, ervoor zorgen dat het een betrouwbare en duurzame fitnesspartner is.<\/p>\n<\/div>\n<\/div>\n<\/section>\n","protected":false},"excerpt":{"rendered":"<p>Ontdek de Evolve Ultra Series Selectorized 4 Stack Multigym, een topkeuze voor sportschoolhouders en fitnessenthousiastelingen. Deze multigym combineert veiligheid met stijl, met een volledig afgedekte gewichtstapelwond en een elegant, duurzaam matzwart frame met elektrostatische poedercoating. De rubberen kussentjes beschermen je fitnessvloer, terwijl de Optimal Hand Grips zorgen voor een comfortabele en veilige trainingservaring. Met een gewicht van 770 kg en 2 jaar garantie, inclusief corrosiebescherming, instructiekaarten en vloerbeschermers. Verhoog je fitnessruimte met deze budgetvriendelijke fitnessoplossing van hoge kwaliteit.<\/p>\n","protected":false},"featured_media":42732,"template":"","meta":{"_acf_changed":false,"inline_featured_image":false},"product_cat":[559,1133,1293],"product_tag":[],"class_list":{"0":"post-42731","1":"product","2":"type-product","3":"status-publish","4":"has-post-thumbnail","6":"product_cat-startpagina","7":"product_cat-geselecteerde-machines","8":"product_cat-ultra-series-machines-met-selectiemotor","10":"first","11":"instock","12":"shipping-taxable","13":"purchasable","14":"product-type-simple"},"acf":[],"_links":{"self":[{"href":"https:\/\/store.evolve-fitness.eu\/nl\/wp-json\/wp\/v2\/product\/42731","targetHints":{"allow":["GET"]}}],"collection":[{"href":"https:\/\/store.evolve-fitness.eu\/nl\/wp-json\/wp\/v2\/product"}],"about":[{"href":"https:\/\/store.evolve-fitness.eu\/nl\/wp-json\/wp\/v2\/types\/product"}],"wp:featuredmedia":[{"embeddable":true,"href":"https:\/\/store.evolve-fitness.eu\/nl\/wp-json\/wp\/v2\/media\/42732"}],"wp:attachment":[{"href":"https:\/\/store.evolve-fitness.eu\/nl\/wp-json\/wp\/v2\/media?parent=42731"}],"wp:term":[{"taxonomy":"product_cat","embeddable":true,"href":"https:\/\/store.evolve-fitness.eu\/nl\/wp-json\/wp\/v2\/product_cat?post=42731"},{"taxonomy":"product_tag","embeddable":true,"href":"https:\/\/store.evolve-fitness.eu\/nl\/wp-json\/wp\/v2\/product_tag?post=42731"}],"curies":[{"name":"wp","href":"https:\/\/api.w.org\/{rel}","templated":true}]}}