{"id":40064,"date":"2024-01-24T11:48:33","date_gmt":"2024-01-24T11:48:33","guid":{"rendered":"https:\/\/store.evolve-fitness.eu\/product\/evolve-prime-series-dompel-en-optrekstation\/"},"modified":"2025-03-26T14:37:55","modified_gmt":"2025-03-26T14:37:55","slug":"evolve-prime-series-dompel-en-optrekstation","status":"publish","type":"product","link":"https:\/\/store.evolve-fitness.eu\/nl\/product\/evolve-prime-series-dompel-en-optrekstation\/","title":{"rendered":"Evolve Prime Series Dompel- en optrekstation"},"content":{"rendered":"\n<section class=\"wp-block-group alignfull black-content has-white-color has-darkgray-background-color has-text-color has-background is-layout-constrained wp-block-group-is-layout-constrained\" style=\"padding-top:var(--wp--preset--spacing--section-bottom);padding-bottom:var(--wp--preset--spacing--section-bottom)\">\n<div class=\"wp-block-columns alignwide is-layout-flex wp-container-core-columns-is-layout-c45ee707 wp-block-columns-is-layout-flex\" style=\"margin-bottom:var(--wp--preset--spacing--side-padding);padding-top:var(--wp--preset--spacing--side-padding)\">\n<div class=\"wp-block-column is-vertically-aligned-center is-layout-flow wp-block-column-is-layout-flow\">\n<figure class=\"wp-block-image size-large\"><img decoding=\"async\" src=\"https:\/\/evolve-fitness.eu\/wp-content\/uploads\/2023\/12\/A7_06437-1024x683.jpg\" alt=\"EV-BN-PR-228\" class=\"wp-image-8599\"\/><\/figure>\n<\/div>\n\n\n\n<div class=\"wp-block-column is-vertically-aligned-center is-layout-constrained wp-block-column-is-layout-constrained\">\n<h3 class=\"wp-block-heading\" style=\"margin-bottom:var(--wp--preset--spacing--h-3-bottom)\"><strong><strong>Focus op kernversterking<\/strong><\/strong> <\/h3>\n\n\n\n<p><\/p>\n\n\n\n<p style=\"margin-bottom:var(--wp--preset--spacing--tb-section-padding)\">Speciaal ontworpen voor sit-up oefeningen, gericht op de kernspiergroepen. Het helpt bij het ontwikkelen van buikspierkracht en uithoudingsvermogen, cruciaal voor de algehele conditie.<\/p>\n<\/div>\n<\/div>\n\n\n\n<div class=\"wp-block-columns alignwide is-layout-flex wp-container-core-columns-is-layout-c45ee707 wp-block-columns-is-layout-flex\" style=\"margin-bottom:var(--wp--preset--spacing--side-padding);padding-top:var(--wp--preset--spacing--side-padding)\">\n<div class=\"wp-block-column is-vertically-aligned-center is-layout-flow wp-block-column-is-layout-flow\">\n<h3 class=\"wp-block-heading\" style=\"margin-bottom:var(--wp--preset--spacing--h-3-bottom)\"><strong><strong>Verstelbare functies<\/strong><\/strong><\/h3>\n\n\n\n<p><strong><em><strong><strong>voor veelzijdigheid<\/strong><\/strong><\/em><\/strong><\/p>\n\n\n\n<p>Deze bank is geschikt voor verschillende lichaamsgroottes en trainingsintensiteiten dankzij de verstelbare hellingsniveaus. Dit aanpassingsvermogen vergroot de bruikbaarheid voor een breed scala aan gebruikers.<\/p>\n<\/div>\n\n\n\n<div class=\"wp-block-column is-vertically-aligned-center is-layout-flow wp-block-column-is-layout-flow\">\n<div class=\"wp-block-columns is-layout-flex wp-container-core-columns-is-layout-9d6595d7 wp-block-columns-is-layout-flex\">\n<div class=\"wp-block-column is-layout-flow wp-block-column-is-layout-flow\">\n<figure class=\"wp-block-image size-large\"><img decoding=\"async\" src=\"https:\/\/evolve-fitness.eu\/wp-content\/uploads\/2023\/12\/A7_06425-1-683x1024.jpg\" alt=\"EV-BN-PR-228\" class=\"wp-image-8621\"\/><\/figure>\n<\/div>\n<\/div>\n<\/div>\n<\/div>\n\n\n\n<div class=\"wp-block-columns alignwide is-layout-flex wp-container-core-columns-is-layout-c45ee707 wp-block-columns-is-layout-flex\" style=\"margin-bottom:var(--wp--preset--spacing--side-padding);padding-top:var(--wp--preset--spacing--side-padding)\">\n<div class=\"wp-block-column is-vertically-aligned-center is-layout-flow wp-block-column-is-layout-flow\">\n<figure class=\"wp-block-image size-large\"><img decoding=\"async\" src=\"https:\/\/evolve-fitness.eu\/wp-content\/uploads\/2023\/12\/A7_06439-1024x683.jpg\" alt=\"EV-BN-PR-228\" class=\"wp-image-8605\"\/><\/figure>\n<\/div>\n\n\n\n<div class=\"wp-block-column is-vertically-aligned-center is-layout-flow wp-block-column-is-layout-flow\">\n<h3 class=\"wp-block-heading\" style=\"margin-bottom:var(--wp--preset--spacing--h-3-bottom)\"><strong><strong><strong>Stevig en veilig ontwerp<\/strong><\/strong><\/strong><\/h3>\n\n\n\n<p><\/p>\n\n\n\n<p>De bank is gemaakt om intensief gebruik te weerstaan en zorgt voor veiligheid en stabiliteit tijdens het trainen, waardoor hij geschikt is voor zowel de sportschool als thuis.<\/p>\n<\/div>\n<\/div>\n\n\n\n<div class=\"wp-block-columns alignwide is-layout-flex wp-container-core-columns-is-layout-c45ee707 wp-block-columns-is-layout-flex\" style=\"margin-bottom:var(--wp--preset--spacing--side-padding);padding-top:var(--wp--preset--spacing--side-padding)\">\n<div class=\"wp-block-column is-vertically-aligned-center is-layout-flow wp-block-column-is-layout-flow\">\n<h3 class=\"wp-block-heading\" style=\"margin-bottom:var(--wp--preset--spacing--h-3-bottom)\"><strong><strong>Comfortabel en ergonomisch<\/strong><\/strong><\/h3>\n\n\n\n<p><\/p>\n\n\n\n<p>De Evolve verstelbare bank legt de nadruk op gebruikerscomfort, met vulling en een ergonomisch ontwerp om de juiste trainingsvorm te ondersteunen en het risico op blessures te verminderen.<\/p>\n<\/div>\n\n\n\n<div class=\"wp-block-column is-vertically-aligned-center is-layout-flow wp-block-column-is-layout-flow\">\n<div class=\"wp-block-columns is-layout-flex wp-container-core-columns-is-layout-9d6595d7 wp-block-columns-is-layout-flex\">\n<div class=\"wp-block-column is-layout-flow wp-block-column-is-layout-flow\">\n<figure class=\"wp-block-image size-large\"><img decoding=\"async\" src=\"https:\/\/evolve-fitness.eu\/wp-content\/uploads\/2023\/12\/A7_06448-683x1024.jpg\" alt=\"EV-BN-PR-228\" class=\"wp-image-8603\"\/><\/figure>\n<\/div>\n<\/div>\n<\/div>\n<\/div>\n<\/section>\n","protected":false},"excerpt":{"rendered":"<p>Maximaliseer je trainingen voor het bovenlichaam met het Evolve Prime Series Dip &amp; Pull Up Station, een veelzijdig en robuust fitnessapparaat dat is ontworpen voor mensen die kracht en spieren willen opbouwen in hun armen, schouders, borst en rug. Dit multifunctionele station stelt gebruikers in staat om een breed scala aan oefeningen uit te voeren, waaronder dips, pull-ups, chin-ups en leg raises, en biedt een volledige workout voor het bovenlichaam in \u00e9\u00e9n compact apparaat. Het Evolve Prime Series Dip &amp; Pull Up Station is ideaal voor zowel thuis- als commerci\u00eble sportscholen en is gemaakt van zware materialen voor stabiliteit en duurzaamheid, zelfs bij intensief gebruik. Het ergonomische ontwerp is geschikt voor gebruikers van verschillende lengtes en fitnessniveaus, waardoor het een geschikte keuze is voor zowel beginners als doorgewinterde sporters. Het slanke en moderne uiterlijk van het station past in elke fitnessomgeving en biedt een effici\u00ebnte en effectieve manier om je krachttrainingsroutine te verbeteren. Investeer in het Evolve Prime Series Dip &amp; Pull Up Station en zet een stap in de richting van een uitrusting die hoge functionaliteit combineert met duurzame stijl.<\/p>\n","protected":false},"featured_media":40069,"template":"","meta":{"_acf_changed":false,"inline_featured_image":false},"product_cat":[559,1252,1274],"product_tag":[],"class_list":{"0":"post-40064","1":"product","2":"type-product","3":"status-publish","4":"has-post-thumbnail","6":"product_cat-startpagina","7":"product_cat-banken","8":"product_cat-prime-series-banken","10":"first","11":"outofstock","12":"shipping-taxable","13":"purchasable","14":"product-type-simple"},"acf":[],"_links":{"self":[{"href":"https:\/\/store.evolve-fitness.eu\/nl\/wp-json\/wp\/v2\/product\/40064","targetHints":{"allow":["GET"]}}],"collection":[{"href":"https:\/\/store.evolve-fitness.eu\/nl\/wp-json\/wp\/v2\/product"}],"about":[{"href":"https:\/\/store.evolve-fitness.eu\/nl\/wp-json\/wp\/v2\/types\/product"}],"wp:featuredmedia":[{"embeddable":true,"href":"https:\/\/store.evolve-fitness.eu\/nl\/wp-json\/wp\/v2\/media\/40069"}],"wp:attachment":[{"href":"https:\/\/store.evolve-fitness.eu\/nl\/wp-json\/wp\/v2\/media?parent=40064"}],"wp:term":[{"taxonomy":"product_cat","embeddable":true,"href":"https:\/\/store.evolve-fitness.eu\/nl\/wp-json\/wp\/v2\/product_cat?post=40064"},{"taxonomy":"product_tag","embeddable":true,"href":"https:\/\/store.evolve-fitness.eu\/nl\/wp-json\/wp\/v2\/product_tag?post=40064"}],"curies":[{"name":"wp","href":"https:\/\/api.w.org\/{rel}","templated":true}]}}