{"id":40023,"date":"2024-01-17T13:59:24","date_gmt":"2024-01-17T13:59:24","guid":{"rendered":"https:\/\/store.evolve-fitness.eu\/product\/evolve-ultra-series-pulldown-reeekselectoren\/"},"modified":"2024-03-13T21:44:02","modified_gmt":"2024-03-13T21:44:02","slug":"evolve-ultra-series-pulldown-reeekselectoren","status":"publish","type":"product","link":"https:\/\/store.evolve-fitness.eu\/nl\/product\/evolve-ultra-series-pulldown-reeekselectoren\/","title":{"rendered":"Evolve Ultra Series Pulldown\/Reeekselectoren"},"content":{"rendered":"\n<section class=\"wp-block-group alignfull black-content has-white-color has-darkgray-background-color has-text-color has-background is-layout-constrained wp-block-group-is-layout-constrained\" style=\"padding-top:var(--wp--preset--spacing--section-bottom);padding-bottom:var(--wp--preset--spacing--section-bottom)\">\n<div class=\"wp-block-columns alignwide mobile-reverse is-layout-flex wp-container-core-columns-is-layout-ca64bf2d wp-block-columns-is-layout-flex\" style=\"margin-bottom:var(--wp--preset--spacing--side-padding)\">\n<div class=\"wp-block-column is-vertically-aligned-center is-layout-flow wp-block-column-is-layout-flow\">\n<h3 class=\"wp-block-heading\">Welkom bij de Ultra-serie<\/h3>\n\n\n\n<p><\/p>\n\n\n\n<p><strong><em>Leer onze Ultra Series-apparatuur kennen met de nieuwste 3D 360 Tour<\/em><\/strong><\/p>\n\n\n\n<p>De Evolve Ultra Series Selectorized Pulldown \/ Row, onderdeel van de Evolve Ultra Series, is gebouwd voor zowel comfort als prestaties. De machine is ontworpen voor veelzijdige oefeningen, ergonomische ondersteuning en aanpassingsmogelijkheden voor verschillende gebruikersgroottes. Het ontwerp is esthetisch met een duurzame afwerking met poedercoating en het gebruik van hoogwaardige kabels zorgt voor een soepele werking.<\/p>\n<\/div>\n\n\n\n<div class=\"wp-block-column is-vertically-aligned-center is-layout-flow wp-block-column-is-layout-flow\">\n<figure class=\"wp-block-video\"><video height=\"954\" style=\"aspect-ratio: 2016 \/ 954;\" width=\"2016\" autoplay=\"\" controls=\"\" loop=\"\" muted=\"\" src=\"https:\/\/evolve-fitness.eu\/wp-content\/uploads\/2023\/08\/Evolve-Ultra-Series-Selectorized-Pulldown-Row.mp4\"><\/video><\/figure>\n<\/div>\n<\/div>\n\n\n\n<div class=\"wp-block-columns alignwide mobile-reverse is-layout-flex wp-container-core-columns-is-layout-ca64bf2d wp-block-columns-is-layout-flex\" style=\"margin-bottom:var(--wp--preset--spacing--side-padding)\">\n<div class=\"wp-block-column is-vertically-aligned-center is-layout-flow wp-block-column-is-layout-flow\">\n<figure class=\"wp-block-image size-large\"><img decoding=\"async\" src=\"https:\/\/evolve-fitness.eu\/wp-content\/uploads\/2023\/08\/EV-SC-UL-260-Evolve-Ultra-Series-Selectorized-Pulldown-Row_PNG-1024x1024.png\" alt=\"EV-SC-UL-260\" class=\"wp-image-10170\"\/><\/figure>\n<\/div>\n\n\n\n<div class=\"wp-block-column is-vertically-aligned-center is-layout-flow wp-block-column-is-layout-flow\">\n<h3 class=\"wp-block-heading\" style=\"margin-bottom:var(--wp--preset--spacing--h-3-bottom)\">Veiligheid ontmoet stijl<\/h3>\n\n\n\n<p><strong><em>Volledig afgedekte gewichtskap<\/em><\/strong><\/p>\n\n\n\n<p>Voor eigenaars van sportscholen en fitnessondernemers zijn veiligheid en esthetiek van het grootste belang. De Evolve Ultra Series heeft een volledig afgedekte gewichtskap, die veiligheid en stijl naadloos combineert. Door de veiligheid te verbeteren en ongelukken te voorkomen en tegelijkertijd je fitnessruimte schoon te houden, is deze lijkwade een essenti\u00eble toevoeging aan elke fitnessruimte. Verhoog de visuele aantrekkingskracht van uw sportschool en geef tegelijkertijd prioriteit aan de veiligheid van uw klanten tijdens elke trainingssessie.<\/p>\n<\/div>\n<\/div>\n\n\n\n<div class=\"wp-block-columns alignwide is-layout-flex wp-container-core-columns-is-layout-c45ee707 wp-block-columns-is-layout-flex\" style=\"margin-bottom:var(--wp--preset--spacing--side-padding);padding-top:var(--wp--preset--spacing--side-padding)\">\n<div class=\"wp-block-column is-vertically-aligned-center is-layout-flow wp-block-column-is-layout-flow\">\n<h3 class=\"wp-block-heading\" style=\"margin-bottom:var(--wp--preset--spacing--h-3-bottom)\">Slank en duurzaam<\/h3>\n\n\n\n<p><strong><em>De unieke matte lakafwerking<\/em><\/strong><\/p>\n\n\n\n<p style=\"margin-bottom:var(--wp--preset--spacing--tb-section-padding)\">De Ultra Series introduceert een combinatie van veiligheid en stijl met Shrouded Weight Stacks. Ondoorzichtige plastic afdekplaten geven prioriteit aan de veiligheid van de training en voegen tegelijkertijd elegantie toe aan je fitnessruimte. Of je nu sportschoolhouder of fitnessfanaat bent, je zult de visuele aantrekkingskracht en veiligheid die deze beschermkappen je sportschool bieden zeker waarderen.<\/p>\n<\/div>\n\n\n\n<div class=\"wp-block-column is-vertically-aligned-center is-layout-flow wp-block-column-is-layout-flow\">\n<figure class=\"wp-block-image size-large\"><img decoding=\"async\" src=\"https:\/\/evolve-fitness.eu\/wp-content\/uploads\/2023\/08\/EV-SC-UL-260-Evolve-Ultra-Series-Selectorized-Pulldown-Row_PNG4-1024x1024.png\" alt=\"EV-SC-UL-260\" class=\"wp-image-10172\"\/><\/figure>\n<\/div>\n<\/div>\n\n\n\n<div class=\"wp-block-columns alignwide are-vertically-aligned-center mobile-reverse is-layout-flex wp-container-core-columns-is-layout-e8158c2f wp-block-columns-is-layout-flex\" style=\"padding-top:var(--wp--preset--spacing--side-padding)\">\n<div class=\"wp-block-column is-vertically-aligned-center is-layout-flow wp-block-column-is-layout-flow\">\n<figure class=\"wp-block-image size-large\"><img decoding=\"async\" src=\"https:\/\/evolve-fitness.eu\/wp-content\/uploads\/2023\/08\/EV-SC-UL-260-Evolve-Ultra-Series-Selectorized-Pulldown-Row_PNG2-1024x1024.png\" alt=\"EV-SC-UL-260\" class=\"wp-image-10174\"\/><\/figure>\n<\/div>\n\n\n\n<div class=\"wp-block-column is-vertically-aligned-center is-layout-flow wp-block-column-is-layout-flow\">\n<h3 class=\"wp-block-heading\" style=\"margin-bottom:var(--wp--preset--spacing--h-3-bottom)\"><strong>Optimale handgrepen<\/strong><\/h3>\n\n\n\n<p><strong><em><strong><em>De fitnesservaring verbeteren<\/em><\/strong><\/em><\/strong><\/p>\n\n\n\n<p style=\"margin-bottom:var(--wp--preset--spacing--tb-section-padding)\">Klanten aantrekken en behouden is essentieel voor eigenaars van sportscholen en managers van fitnesscentra. De Evolve Ultra Series biedt Optimal Hand Grips, zorgvuldig ontworpen voor comfort en veiligheid. Verhoog de trainingservaring van je klanten, houd ze betrokken en motiveer ze om hun fitnessdoelen in jouw club te bereiken.<\/p>\n<\/div>\n<\/div>\n<\/section>\n","protected":false},"excerpt":{"rendered":"<p>Verhoog je sportschoolervaring met de Evolve Ultra Series Selectorized Pulldown\/Row, UL-260. Geniet van onafhankelijke armbewegingen voor dynamische workouts, terwijl de beklede gewichtstapel voor veiligheid en stijl zorgt. Met gebruikersgerichte functies zoals stoelverstelling met \u00e9\u00e9n hand en optimale handgrepen biedt de UL-260 comfort en effici\u00ebntie. Transformeer je fitnesscentrum met dit slanke, innovatieve toestel.<\/p>\n","protected":false},"featured_media":40024,"template":"","meta":{"_acf_changed":false,"inline_featured_image":false},"product_cat":[559,1133,1293],"product_tag":[],"class_list":{"0":"post-40023","1":"product","2":"type-product","3":"status-publish","4":"has-post-thumbnail","6":"product_cat-startpagina","7":"product_cat-geselecteerde-machines","8":"product_cat-ultra-series-machines-met-selectiemotor","10":"first","11":"instock","12":"shipping-taxable","13":"purchasable","14":"product-type-simple"},"acf":[],"_links":{"self":[{"href":"https:\/\/store.evolve-fitness.eu\/nl\/wp-json\/wp\/v2\/product\/40023","targetHints":{"allow":["GET"]}}],"collection":[{"href":"https:\/\/store.evolve-fitness.eu\/nl\/wp-json\/wp\/v2\/product"}],"about":[{"href":"https:\/\/store.evolve-fitness.eu\/nl\/wp-json\/wp\/v2\/types\/product"}],"wp:featuredmedia":[{"embeddable":true,"href":"https:\/\/store.evolve-fitness.eu\/nl\/wp-json\/wp\/v2\/media\/40024"}],"wp:attachment":[{"href":"https:\/\/store.evolve-fitness.eu\/nl\/wp-json\/wp\/v2\/media?parent=40023"}],"wp:term":[{"taxonomy":"product_cat","embeddable":true,"href":"https:\/\/store.evolve-fitness.eu\/nl\/wp-json\/wp\/v2\/product_cat?post=40023"},{"taxonomy":"product_tag","embeddable":true,"href":"https:\/\/store.evolve-fitness.eu\/nl\/wp-json\/wp\/v2\/product_tag?post=40023"}],"curies":[{"name":"wp","href":"https:\/\/api.w.org\/{rel}","templated":true}]}}