{"id":34356,"date":"2024-01-04T11:49:04","date_gmt":"2024-01-04T11:49:04","guid":{"rendered":"https:\/\/store.evolve-fitness.eu\/product\/evolve-econ-series-selectorized-schouderpers\/"},"modified":"2024-12-06T13:25:16","modified_gmt":"2024-12-06T13:25:16","slug":"evolve-econ-series-selectorized-schouderpers","status":"publish","type":"product","link":"https:\/\/store.evolve-fitness.eu\/nl\/product\/evolve-econ-series-selectorized-schouderpers\/","title":{"rendered":"Evolve Econ Series Selectorized Schouderpers"},"content":{"rendered":"\n<section class=\"wp-block-group alignfull black-content has-white-color has-darkgray-background-color has-text-color has-background is-layout-constrained wp-block-group-is-layout-constrained\" style=\"padding-top:var(--wp--preset--spacing--section-bottom);padding-bottom:var(--wp--preset--spacing--section-bottom)\">\n<div class=\"wp-block-columns alignwide mobile-reverse is-layout-flex wp-container-core-columns-is-layout-ca64bf2d wp-block-columns-is-layout-flex\" style=\"margin-bottom:var(--wp--preset--spacing--side-padding)\">\n<div class=\"wp-block-column is-vertically-aligned-center is-layout-flow wp-block-column-is-layout-flow\">\n<h3 class=\"wp-block-heading\" style=\"margin-bottom:var(--wp--preset--spacing--h-3-bottom)\">Evolve Econ-reeks<\/h3>\n\n\n\n<p><em><strong><em><strong>Betaalbare uitmuntendheid<\/strong><\/em><\/strong><\/em><\/p>\n\n\n\n<p style=\"margin-bottom:var(--wp--preset--spacing--tb-section-padding)\">Welkom bij de Evolve Econ Series, waar we uitmuntendheid opnieuw defini\u00ebren zonder de bank te breken. Onze Econ Series is ontworpen voor eigenaars van sportscholen, potenti\u00eble eigenaars van sportscholen en fitnesscentra van alle groottes en biedt een reeks kosteneffici\u00ebnte apparaten met selectie waarbij kwaliteit en prestaties voorop staan. Laten we eens kijken naar de unieke kenmerken die van de Econ Series een uitzonderlijke keuze maken voor wie op zoek is naar budgetvriendelijke fitnessapparatuur van hoge kwaliteit.<\/p>\n\n\n\n<h3 class=\"wp-block-heading\" style=\"margin-bottom:var(--wp--preset--spacing--h-3-bottom)\">Duurzaamheid en bescherming<\/h3>\n\n\n\n<p><strong><em><strong><em>Het voordeel van gepoedercoate kozijnen<\/em><\/strong><\/em><\/strong><\/p>\n\n\n\n<p>Ontdek de duurzaamheid van onze apparatuur met het voordeel van gepoedercoate frames. Deze frames zijn bestand tegen steenslag en roest en zijn op maat gemaakt voor een lange levensduur, zodat je investering de tand des tijds kan doorstaan. Voor eigenaars van sportscholen en budgetbewuste fitnessfaciliteiten is deze functie essentieel om apparatuur te kunnen leveren die lang meegaat zonder dat dit ten koste gaat van het budget.<\/p>\n<\/div>\n\n\n\n<div class=\"wp-block-column is-vertically-aligned-center is-layout-flow wp-block-column-is-layout-flow\">\n<figure class=\"wp-block-image alignright size-full is-resized is-style-rounded\"><img loading=\"lazy\" decoding=\"async\" width=\"680\" height=\"600\" src=\"https:\/\/store.evolve-fitness.eu\/wp-content\/uploads\/2024\/05\/Evolve-Selectorized-EC-004.png\" alt=\"\" class=\"wp-image-66192\" style=\"object-fit:cover;width:869px;height:auto\" srcset=\"https:\/\/store.evolve-fitness.eu\/wp-content\/uploads\/2024\/05\/Evolve-Selectorized-EC-004.png 680w, https:\/\/store.evolve-fitness.eu\/wp-content\/uploads\/2024\/05\/Evolve-Selectorized-EC-004-300x265.png 300w, https:\/\/store.evolve-fitness.eu\/wp-content\/uploads\/2024\/05\/Evolve-Selectorized-EC-004-600x529.png 600w\" sizes=\"auto, (max-width: 680px) 100vw, 680px\" \/><\/figure>\n<\/div>\n<\/div>\n\n\n\n<div class=\"wp-block-columns alignwide is-layout-flex wp-container-core-columns-is-layout-c45ee707 wp-block-columns-is-layout-flex\" style=\"margin-bottom:var(--wp--preset--spacing--side-padding);padding-top:var(--wp--preset--spacing--side-padding)\">\n<div class=\"wp-block-column is-vertically-aligned-center is-layout-flow wp-block-column-is-layout-flow\">\n<figure class=\"wp-block-image size-full is-resized is-style-rounded\"><img loading=\"lazy\" decoding=\"async\" width=\"680\" height=\"600\" src=\"https:\/\/store.evolve-fitness.eu\/wp-content\/uploads\/2024\/05\/Evolve-Selectorized-EC-004-1.png\" alt=\"\" class=\"wp-image-66213\" style=\"aspect-ratio:1;object-fit:cover;width:843px;height:auto\" srcset=\"https:\/\/store.evolve-fitness.eu\/wp-content\/uploads\/2024\/05\/Evolve-Selectorized-EC-004-1.png 680w, https:\/\/store.evolve-fitness.eu\/wp-content\/uploads\/2024\/05\/Evolve-Selectorized-EC-004-1-300x265.png 300w, https:\/\/store.evolve-fitness.eu\/wp-content\/uploads\/2024\/05\/Evolve-Selectorized-EC-004-1-600x529.png 600w\" sizes=\"auto, (max-width: 680px) 100vw, 680px\" \/><\/figure>\n<\/div>\n\n\n\n<div class=\"wp-block-column is-vertically-aligned-center is-layout-flow wp-block-column-is-layout-flow\">\n<h3 class=\"wp-block-heading\" style=\"margin-bottom:var(--wp--preset--spacing--h-3-bottom)\">Veiligheid ontmoet stijl<\/h3>\n\n\n\n<p><strong><em><strong><em>Omhulde gewichtstapels<\/em><\/strong><\/em><\/strong><\/p>\n\n\n\n<p style=\"margin-bottom:var(--wp--preset--spacing--tb-section-padding)\">De Econ Series introduceert een combinatie van veiligheid en stijl met Shrouded Weight Stacks. Ondoorzichtige plastic afdekplaten geven prioriteit aan de veiligheid van de training en voegen tegelijkertijd elegantie toe aan je fitnessruimte. Of je nu sportschoolhouder of fitnessfanaat bent, je zult de visuele aantrekkingskracht en veiligheid die deze beschermkappen je sportschool bieden zeker waarderen.<\/p>\n\n\n\n<h3 class=\"wp-block-heading\" style=\"margin-bottom:var(--wp--preset--spacing--h-3-bottom)\">Behoud je ruimte<\/h3>\n\n\n\n<p><strong><em><strong><em>Rubberen pads voor vloerbescherming<\/em><\/strong><\/em><\/strong><\/p>\n\n\n\n<p>Zorg voor een schone en schadevrije trainingsomgeving met Rubber Pads. Eigenaren van sportscholen begrijpen hoe belangrijk het is om de vloer van hun sportschool te onderhouden. Onze met rubber beklede poten beschermen uw vloer tegen krassen en mogelijke schade, waardoor de Econ Series een kosteneffectieve keuze is voor sportschoolhouders die hun ruimte willen beschermen.<\/p>\n<\/div>\n<\/div>\n\n\n\n<div class=\"wp-block-columns alignwide are-vertically-aligned-center mobile-reverse is-layout-flex wp-container-core-columns-is-layout-e8158c2f wp-block-columns-is-layout-flex\" style=\"padding-top:var(--wp--preset--spacing--side-padding)\">\n<div class=\"wp-block-column is-vertically-aligned-center is-layout-flow wp-block-column-is-layout-flow\">\n<h3 class=\"wp-block-heading\" style=\"margin-bottom:var(--wp--preset--spacing--h-3-bottom)\">Slim gemak<\/h3>\n\n\n\n<p><strong><em>Ingebouwde opslagruimte voor moderne workouts<\/em><\/strong><\/p>\n\n\n\n<p style=\"margin-bottom:var(--wp--preset--spacing--tb-section-padding)\">In het huidige fitnesslandschap is gemak belangrijk. Onze ingebouwde opbergruimte zorgt ervoor dat sportschoolhouders en fitnessenthousiastelingen waterflessen, mobiele telefoons en andere accessoires binnen handbereik kunnen houden. Het is een kleine maar indrukwekkende functie die is ontworpen om te voldoen aan de moderne fitnessbehoeften van je klanten.<\/p>\n\n\n\n<h3 class=\"wp-block-heading\" style=\"margin-bottom:var(--wp--preset--spacing--h-3-bottom)\">Vertrouwen en stabiliteit<\/h3>\n\n\n\n<p><strong><em>Anti-slip handgrepen voor veilige workouts<\/em><\/strong><\/p>\n\n\n\n<p>Geef prioriteit aan veiligheid en stabiliteit tijdens de training met anti-slip handgrepen. Eigenaars van sportscholen en managers van fitnesscentra begrijpen hoe belangrijk apparatuur is die vertrouwen wekt. Onze handgrepen zijn bedekt met antislipmateriaal, zodat gebruikers de zekerheid hebben die ze nodig hebben tijdens hun workouts.<\/p>\n<\/div>\n\n\n\n<div class=\"wp-block-column is-vertically-aligned-center is-layout-flow wp-block-column-is-layout-flow\">\n<figure class=\"wp-block-image alignright size-full is-resized is-style-rounded\"><img loading=\"lazy\" decoding=\"async\" width=\"680\" height=\"600\" src=\"https:\/\/store.evolve-fitness.eu\/wp-content\/uploads\/2024\/05\/Evolve-Selectorized-EC-004-2.png\" alt=\"\" class=\"wp-image-66215\" style=\"aspect-ratio:1;width:820px;height:auto\" srcset=\"https:\/\/store.evolve-fitness.eu\/wp-content\/uploads\/2024\/05\/Evolve-Selectorized-EC-004-2.png 680w, https:\/\/store.evolve-fitness.eu\/wp-content\/uploads\/2024\/05\/Evolve-Selectorized-EC-004-2-300x265.png 300w, https:\/\/store.evolve-fitness.eu\/wp-content\/uploads\/2024\/05\/Evolve-Selectorized-EC-004-2-600x529.png 600w\" sizes=\"auto, (max-width: 680px) 100vw, 680px\" \/><\/figure>\n<\/div>\n<\/div>\n\n\n\n<div class=\"wp-block-columns alignwide are-vertically-aligned-center mobile-reverse is-layout-flex wp-container-core-columns-is-layout-e8158c2f wp-block-columns-is-layout-flex\" style=\"padding-top:var(--wp--preset--spacing--side-padding)\">\n<div class=\"wp-block-column is-vertically-aligned-center is-layout-flow wp-block-column-is-layout-flow\">\n<figure class=\"wp-block-image alignright size-full is-resized is-style-rounded\"><img loading=\"lazy\" decoding=\"async\" width=\"680\" height=\"600\" src=\"https:\/\/store.evolve-fitness.eu\/wp-content\/uploads\/2024\/05\/Evolve-Selectorized-EC-004-3.png\" alt=\"\" class=\"wp-image-66239\" style=\"aspect-ratio:1;width:844px;height:auto\" srcset=\"https:\/\/store.evolve-fitness.eu\/wp-content\/uploads\/2024\/05\/Evolve-Selectorized-EC-004-3.png 680w, https:\/\/store.evolve-fitness.eu\/wp-content\/uploads\/2024\/05\/Evolve-Selectorized-EC-004-3-300x265.png 300w, https:\/\/store.evolve-fitness.eu\/wp-content\/uploads\/2024\/05\/Evolve-Selectorized-EC-004-3-600x529.png 600w\" sizes=\"auto, (max-width: 680px) 100vw, 680px\" \/><\/figure>\n<\/div>\n\n\n\n<div class=\"wp-block-column is-vertically-aligned-center is-layout-flow wp-block-column-is-layout-flow\">\n<h3 class=\"wp-block-heading\" style=\"margin-bottom:var(--wp--preset--spacing--h-3-bottom)\">Blijvend comfort<\/h3>\n\n\n\n<p><strong><em><strong><em>Zware bekleding voor fitnessenthousiastelingen<\/em><\/strong><\/em><\/strong><\/p>\n\n\n\n<p style=\"margin-bottom:var(--wp--preset--spacing--tb-section-padding)\">Ervaar blijvend comfort met onze Heavy-Duty bekleding. Hij is comfortabel en veerkrachtig en past zich aan de lichaamsvorm van de gebruiker aan, zodat elke training niet alleen kosteneffici\u00ebnt maar ook comfortabel is. Sportschoolhouders kunnen hun klanten een comfortabele trainingservaring bieden waardoor ze blijven terugkomen.<\/p>\n\n\n\n<h3 class=\"wp-block-heading\" style=\"margin-bottom:var(--wp--preset--spacing--h-3-bottom)\">Veelzijdige opties<\/h3>\n\n\n\n<p><strong><em><strong><em>Convergerende asarmen en eenzijdige beweging <\/em><\/strong><em>(Beschikbaar op sommige machines)<\/em><\/em><\/strong><\/p>\n\n\n\n<p>Ervaar blijvend comfort met onze Heavy-Duty bekleding. Hij is comfortabel en veerkrachtig en past zich aan de lichaamsvorm van de gebruiker aan, zodat elke training niet alleen kosteneffici\u00ebnt maar ook comfortabel is. Sportschoolhouders kunnen hun klanten een comfortabele trainingservaring bieden waardoor ze blijven terugkomen.<\/p>\n<\/div>\n<\/div>\n<\/section>\n","protected":false},"excerpt":{"rendered":"<p>Verhoog je schoudertrainingsroutine met de Evolve Econ Series Shoulder Press. Deze veelzijdige krachtmachine heeft een stapel gewichten van 100 kg die geschikt is voor alle fitnessniveaus. Het ergonomische ontwerp zorgt voor optimale positionering en stabiliteit, terwijl de verstelbare zitting geschikt is voor verschillende gebruikerslengtes. Met een duurzaam frame, eersteklas bekleding en ingebouwde opbergruimte biedt dit toestel een veilige en comfortabele trainingservaring.<\/p>\n","protected":false},"featured_media":34367,"template":"","meta":{"_acf_changed":false,"inline_featured_image":false},"product_cat":[559,1133,1136],"product_tag":[],"class_list":{"0":"post-34356","1":"product","2":"type-product","3":"status-publish","4":"has-post-thumbnail","6":"product_cat-startpagina","7":"product_cat-geselecteerde-machines","8":"product_cat-econ-series-machines-met-selectiemotor","10":"first","11":"instock","12":"sale","13":"shipping-taxable","14":"purchasable","15":"product-type-simple"},"acf":[],"_links":{"self":[{"href":"https:\/\/store.evolve-fitness.eu\/nl\/wp-json\/wp\/v2\/product\/34356","targetHints":{"allow":["GET"]}}],"collection":[{"href":"https:\/\/store.evolve-fitness.eu\/nl\/wp-json\/wp\/v2\/product"}],"about":[{"href":"https:\/\/store.evolve-fitness.eu\/nl\/wp-json\/wp\/v2\/types\/product"}],"wp:featuredmedia":[{"embeddable":true,"href":"https:\/\/store.evolve-fitness.eu\/nl\/wp-json\/wp\/v2\/media\/34367"}],"wp:attachment":[{"href":"https:\/\/store.evolve-fitness.eu\/nl\/wp-json\/wp\/v2\/media?parent=34356"}],"wp:term":[{"taxonomy":"product_cat","embeddable":true,"href":"https:\/\/store.evolve-fitness.eu\/nl\/wp-json\/wp\/v2\/product_cat?post=34356"},{"taxonomy":"product_tag","embeddable":true,"href":"https:\/\/store.evolve-fitness.eu\/nl\/wp-json\/wp\/v2\/product_tag?post=34356"}],"curies":[{"name":"wp","href":"https:\/\/api.w.org\/{rel}","templated":true}]}}