{"id":17029,"date":"2023-09-21T08:50:34","date_gmt":"2023-09-21T08:50:34","guid":{"rendered":"https:\/\/store.evolve-fitness.eu\/product\/evolve-nbr-studio-mat-180-x-60-x-1-cm\/"},"modified":"2025-03-07T09:35:47","modified_gmt":"2025-03-07T09:35:47","slug":"evolve-nbr-studio-mat-180-x-60-x-1-cm","status":"publish","type":"product","link":"https:\/\/store.evolve-fitness.eu\/nl\/product\/evolve-nbr-studio-mat-180-x-60-x-1-cm\/","title":{"rendered":"Evolve NBR Studio Mat 180 x 60 x 1 cm"},"content":{"rendered":"\n<section class=\"wp-block-group alignfull has-darkgray-background-color has-background is-layout-constrained wp-block-group-is-layout-constrained\">\n<div class=\"wp-block-columns alignwide is-layout-flex wp-container-core-columns-is-layout-2edb0647 wp-block-columns-is-layout-flex\" style=\"margin-top:0;margin-bottom:0\">\n<div class=\"wp-block-column is-layout-flow wp-block-column-is-layout-flow\" style=\"flex-basis:33.33%\"><\/div>\n\n\n\n<div class=\"wp-block-column is-layout-flow wp-block-column-is-layout-flow\" style=\"flex-basis:66.66%\"><\/div>\n<\/div>\n\n\n\n<section class=\"wp-block-group alignfull has-darkgray-background-color has-background is-layout-constrained wp-block-group-is-layout-constrained\">\n<div class=\"wp-block-columns alignwide is-layout-flex wp-container-core-columns-is-layout-2edb0647 wp-block-columns-is-layout-flex\" style=\"margin-top:0;margin-bottom:0\">\n<div class=\"wp-block-column is-layout-flow wp-block-column-is-layout-flow\" style=\"flex-basis:33.33%\"><\/div>\n\n\n\n<div class=\"wp-block-column is-layout-flow wp-block-column-is-layout-flow\" style=\"flex-basis:66.66%\"><\/div>\n<\/div>\n\n\n\n<section class=\"wp-block-group alignfull black-content has-white-color has-darkgray-background-color has-text-color has-background is-layout-constrained wp-block-group-is-layout-constrained\" style=\"padding-top:var(--wp--preset--spacing--section-bottom);padding-bottom:var(--wp--preset--spacing--section-bottom)\">\n<div class=\"wp-block-columns alignwide is-layout-flex wp-container-core-columns-is-layout-c45ee707 wp-block-columns-is-layout-flex\" style=\"margin-bottom:var(--wp--preset--spacing--side-padding);padding-top:var(--wp--preset--spacing--side-padding)\">\n<div class=\"wp-block-column is-vertically-aligned-center is-layout-flow wp-block-column-is-layout-flow\">\n<figure class=\"wp-block-video\"><video autoplay=\"\" controls=\"\" loop=\"\" muted=\"\" src=\"https:\/\/evolve-fitness.eu\/wp-content\/uploads\/2023\/12\/1-3.mp4\"><\/video><\/figure>\n<\/div>\n\n\n\n<div class=\"wp-block-column is-vertically-aligned-center is-layout-constrained wp-block-column-is-layout-constrained\">\n<h3 class=\"wp-block-heading\" style=\"margin-bottom:var(--wp--preset--spacing--h-3-bottom)\">Hoogwaardige studiomat  <\/h3>\n\n\n\n<p><strong><em>Ontworpen voor verschillende oefeningen zoals yoga, aerobics, pilates en stretching<\/em><\/strong><\/p>\n\n\n\n<p style=\"margin-bottom:var(--wp--preset--spacing--tb-section-padding)\">De Evolve NBR Studio Mat biedt comfort en stabiliteit met zijn 1 cm dikte. De mat heeft materiaal met een hoge dichtheid, waardoor hij duurzaam, zweetbestendig en gemakkelijk schoon te maken is. Mat valt op door zijn robuuste constructie en doordachte ontwerp. De Evolve NBR Studio Mat mat is gemaakt van een dicht, hoogwaardig materiaal dat zorgt voor een lange levensduur en weerstand tegen slijtage.<\/p>\n<\/div>\n<\/div>\n\n\n\n<div class=\"wp-block-columns alignwide is-layout-flex wp-container-core-columns-is-layout-c45ee707 wp-block-columns-is-layout-flex\" style=\"margin-bottom:var(--wp--preset--spacing--side-padding);padding-top:var(--wp--preset--spacing--side-padding)\">\n<div class=\"wp-block-column is-vertically-aligned-center is-layout-flow wp-block-column-is-layout-flow\">\n<h3 class=\"wp-block-heading\" style=\"margin-bottom:var(--wp--preset--spacing--h-3-bottom)\">DUURZAAM EN lichtgewicht<\/h3>\n\n\n\n<p><em><strong>Wordt geleverd met ge\u00efntegreerde oogjes voor handig opbergen<\/strong><\/em><\/p>\n\n\n\n<p>Het heeft antislip eigenschappen, afgeronde hoeken, optimale schokabsorptie en een hygi\u00ebnische gesloten celstructuur die waterdicht is. De mat is ook licht, met een gewicht van slechts 1,2 kg.<\/p>\n<\/div>\n\n\n\n<div class=\"wp-block-column is-vertically-aligned-center is-layout-flow wp-block-column-is-layout-flow\">\n<div class=\"wp-block-columns is-layout-flex wp-container-core-columns-is-layout-9d6595d7 wp-block-columns-is-layout-flex\">\n<div class=\"wp-block-column is-layout-flow wp-block-column-is-layout-flow\">\n<figure class=\"wp-block-image size-large\"><img decoding=\"async\" src=\"https:\/\/evolve-fitness.eu\/wp-content\/uploads\/2023\/12\/A7_05507-683x1024.jpg\" alt=\"\" class=\"wp-image-7892\"\/><\/figure>\n<\/div>\n<\/div>\n<\/div>\n<\/div>\n\n\n\n<div class=\"wp-block-columns alignwide is-layout-flex wp-container-core-columns-is-layout-c45ee707 wp-block-columns-is-layout-flex\" style=\"margin-bottom:var(--wp--preset--spacing--side-padding);padding-top:var(--wp--preset--spacing--side-padding)\">\n<div class=\"wp-block-column is-vertically-aligned-center is-layout-flow wp-block-column-is-layout-flow\">\n<figure class=\"wp-block-image size-large\"><img decoding=\"async\" src=\"https:\/\/evolve-fitness.eu\/wp-content\/uploads\/2023\/12\/A7_05548-1024x683.jpg\" alt=\"\" class=\"wp-image-7895\"\/><\/figure>\n<\/div>\n\n\n\n<div class=\"wp-block-column is-vertically-aligned-center is-layout-flow wp-block-column-is-layout-flow\">\n<h3 class=\"wp-block-heading\" style=\"margin-bottom:var(--wp--preset--spacing--h-3-bottom)\"><strong>Speciaal bewerkt oppervlak<\/strong><\/h3>\n\n\n\n<p><strong><em>Hygi\u00ebnisch oppervlak en eenvoudige opslagoplossingen<\/em><\/strong><\/p>\n\n\n\n<p>Dankzij de hygi\u00ebnische eigenschappen, zoals waterdichtheid en een eenvoudig te reinigen oppervlak, is het een ideale keuze voor veelvuldig gebruik in verschillende omgevingen. Het lichte gewicht en de ge\u00efntegreerde opbergoplossingen maken het geheel nog praktischer, waardoor het een handige optie is voor zowel thuis als in de studio.<\/p>\n<\/div>\n<\/div>\n\n\n\n<div class=\"wp-block-columns alignwide is-layout-flex wp-container-core-columns-is-layout-c45ee707 wp-block-columns-is-layout-flex\" style=\"margin-bottom:var(--wp--preset--spacing--side-padding);padding-top:var(--wp--preset--spacing--side-padding)\">\n<div class=\"wp-block-column is-vertically-aligned-center is-layout-flow wp-block-column-is-layout-flow\">\n<h3 class=\"wp-block-heading\" style=\"margin-bottom:var(--wp--preset--spacing--h-3-bottom)\">aangepast logo-ontwerp<\/h3>\n\n\n\n<p><strong><em>De mogelijkheid om een bedrijfslogo of -ontwerp rechtstreeks op de mat af te drukken<\/em><\/strong><\/p>\n\n\n\n<p>Door de Evolve NBR Studio Mat uit te breiden met aangepaste ontwerpopties kan deze beter aansluiten bij de huisstijl van het bedrijf of persoonlijke esthetische voorkeuren. Een dergelijke aanpassing zou de mat aantrekkelijker maken voor wellnessprogramma&#8217;s van bedrijven, sportscholen die hun merkidentiteit willen versterken of individuen die een mat willen die hun persoonlijke stijl weerspiegelt.<\/p>\n<\/div>\n\n\n\n<div class=\"wp-block-column is-vertically-aligned-center is-layout-flow wp-block-column-is-layout-flow\">\n<div class=\"wp-block-columns is-layout-flex wp-container-core-columns-is-layout-9d6595d7 wp-block-columns-is-layout-flex\">\n<div class=\"wp-block-column is-layout-flow wp-block-column-is-layout-flow\">\n<figure class=\"wp-block-image size-full\"><img decoding=\"async\" src=\"https:\/\/evolve-fitness.eu\/wp-content\/uploads\/2023\/09\/Evolve-Customized-Mats_PNG-1.png\" alt=\"\" class=\"wp-image-7905\"\/><\/figure>\n<\/div>\n<\/div>\n<\/div>\n<\/div>\n<\/section>\n<\/section>\n<\/section>\n","protected":false},"excerpt":{"rendered":"<p>Maak kennis met de Evolve NBR Studio Mat &#8211; matten van 180 cm, de ultieme keuze voor uw trainingsbehoeften. Deze 1 cm dikke fitnessmat biedt uitzonderlijk comfort en stabiliteit, perfect voor yoga, aerobics, pilates, stretching en meer. Het materiaal met een hoge dichtheid zorgt voor duurzaamheid, waardoor het zweetbestendig en gemakkelijk schoon te maken is. Met antislipfuncties, afgeronde hoeken en optimale schokabsorptie garandeert het maximale veiligheid tijdens je workouts. Bovendien maken de hygi\u00ebnische gesloten celstructuur en het waterdichte karakter het onderhoud een fluitje van een cent. Deze mat van commerci\u00eble kwaliteit is gemaakt om lang mee te gaan, in tegenstelling tot andere op de markt, en wordt geleverd met ge\u00efntegreerde oogjes voor eenvoudig opbergen. Verhoog je trainingsroutine met de Evolve Fitness Mat, die slechts 1,2 kg weegt. Ervaar een lange levensduur en comfort als nooit tevoren.<\/p>\n<p>\n","protected":false},"featured_media":17060,"template":"","meta":{"_acf_changed":false,"inline_featured_image":false},"product_cat":[2409,451],"product_tag":[],"class_list":{"0":"post-17029","1":"product","2":"type-product","3":"status-publish","4":"has-post-thumbnail","6":"product_cat-hyrox-tandwiel","7":"product_cat-studio-nl","9":"first","10":"instock","11":"sale","12":"shipping-taxable","13":"purchasable","14":"product-type-simple"},"acf":[],"_links":{"self":[{"href":"https:\/\/store.evolve-fitness.eu\/nl\/wp-json\/wp\/v2\/product\/17029","targetHints":{"allow":["GET"]}}],"collection":[{"href":"https:\/\/store.evolve-fitness.eu\/nl\/wp-json\/wp\/v2\/product"}],"about":[{"href":"https:\/\/store.evolve-fitness.eu\/nl\/wp-json\/wp\/v2\/types\/product"}],"wp:featuredmedia":[{"embeddable":true,"href":"https:\/\/store.evolve-fitness.eu\/nl\/wp-json\/wp\/v2\/media\/17060"}],"wp:attachment":[{"href":"https:\/\/store.evolve-fitness.eu\/nl\/wp-json\/wp\/v2\/media?parent=17029"}],"wp:term":[{"taxonomy":"product_cat","embeddable":true,"href":"https:\/\/store.evolve-fitness.eu\/nl\/wp-json\/wp\/v2\/product_cat?post=17029"},{"taxonomy":"product_tag","embeddable":true,"href":"https:\/\/store.evolve-fitness.eu\/nl\/wp-json\/wp\/v2\/product_tag?post=17029"}],"curies":[{"name":"wp","href":"https:\/\/api.w.org\/{rel}","templated":true}]}}