{"id":139965,"date":"2025-10-15T09:37:07","date_gmt":"2025-10-15T06:37:07","guid":{"rendered":"https:\/\/store.evolve-fitness.eu\/product\/evolve-econ-series-plaatbeladen-hack-squat-leg-press-ec-220\/"},"modified":"2025-10-15T09:37:07","modified_gmt":"2025-10-15T09:37:07","slug":"evolve-econ-series-plaatbeladen-hack-squat-leg-press-ec-220","status":"publish","type":"product","link":"https:\/\/store.evolve-fitness.eu\/nl\/product\/evolve-econ-series-plaatbeladen-hack-squat-leg-press-ec-220\/","title":{"rendered":"Evolve Econ Series Plaatbeladen Hack Squat &amp; Leg Press (EC-220)"},"content":{"rendered":"","protected":false},"excerpt":{"rendered":"<p>De Evolve Econ Series Plate Loaded Hack Squat &amp; Leg Press combineert twee essenti\u00eble oefeningen voor het onderlichaam in \u00e9\u00e9n veelzijdige machine en richt zich op de quadriceps, hamstrings en bilspieren met precisie en controle. Het plaatbelaste systeem biedt een soepele en instelbare weerstand, terwijl de ergonomische rugleuning en voetplaat zorgen voor comfort en een goede uitlijning. Het toestel is gemaakt van heavy-duty materialen voor een lange levensduur en is ideaal voor commerci\u00eble en professionele fitnessomgevingen die op zoek zijn naar ruimtebesparende prestaties.  <\/p>\n","protected":false},"featured_media":139973,"template":"","meta":{"_acf_changed":false,"inline_featured_image":false},"product_cat":[816,1188],"product_tag":[],"class_list":{"0":"post-139965","1":"product","2":"type-product","3":"status-publish","4":"has-post-thumbnail","6":"product_cat-machines-met-plaatbelading","7":"product_cat-econ-series-plaatbeladen","9":"first","10":"instock","11":"shipping-taxable","12":"purchasable","13":"product-type-simple"},"acf":[],"_links":{"self":[{"href":"https:\/\/store.evolve-fitness.eu\/nl\/wp-json\/wp\/v2\/product\/139965","targetHints":{"allow":["GET"]}}],"collection":[{"href":"https:\/\/store.evolve-fitness.eu\/nl\/wp-json\/wp\/v2\/product"}],"about":[{"href":"https:\/\/store.evolve-fitness.eu\/nl\/wp-json\/wp\/v2\/types\/product"}],"wp:featuredmedia":[{"embeddable":true,"href":"https:\/\/store.evolve-fitness.eu\/nl\/wp-json\/wp\/v2\/media\/139973"}],"wp:attachment":[{"href":"https:\/\/store.evolve-fitness.eu\/nl\/wp-json\/wp\/v2\/media?parent=139965"}],"wp:term":[{"taxonomy":"product_cat","embeddable":true,"href":"https:\/\/store.evolve-fitness.eu\/nl\/wp-json\/wp\/v2\/product_cat?post=139965"},{"taxonomy":"product_tag","embeddable":true,"href":"https:\/\/store.evolve-fitness.eu\/nl\/wp-json\/wp\/v2\/product_tag?post=139965"}],"curies":[{"name":"wp","href":"https:\/\/api.w.org\/{rel}","templated":true}]}}