{"id":115525,"date":"2025-03-10T07:29:56","date_gmt":"2025-03-10T07:29:56","guid":{"rendered":"https:\/\/store.evolve-fitness.eu\/?post_type=product&#038;p=115525"},"modified":"2025-04-04T06:24:48","modified_gmt":"2025-04-04T06:24:48","slug":"evolve-prime-serie-plaatbelast-squat-lunge","status":"publish","type":"product","link":"https:\/\/store.evolve-fitness.eu\/nl\/product\/evolve-prime-serie-plaatbelast-squat-lunge\/","title":{"rendered":"Evolve Prime Serie Plaatbelast Squat Lunge"},"content":{"rendered":"\n<section class=\"wp-block-group alignfull black-content has-white-color has-darkgray-background-color has-text-color has-background is-layout-constrained wp-block-group-is-layout-constrained\" style=\"padding-top:var(--wp--preset--spacing--section-bottom);padding-bottom:var(--wp--preset--spacing--section-bottom)\">\n<h3 class=\"wp-block-heading has-text-align-center\"><strong><strong>EVOLVE PLAATBELASTE PRIME SERIE<\/strong><\/strong><\/h3>\n\n\n\n<p>Met de Evolve Plate Loaded Prime Series is uitmuntendheid de norm. Verhoog je krachttraining met toestellen die zijn ontworpen voor comfort, duurzaamheid en prestaties. Ontdek vandaag nog de hele lijn en geef een nieuwe definitie aan je fitnesstraject.  <\/p>\n\n\n\n<section class=\"wp-block-group alignfull black-content has-white-color has-darkgray-background-color has-text-color has-background is-layout-constrained wp-block-group-is-layout-constrained\" style=\"padding-top:var(--wp--preset--spacing--section-bottom);padding-bottom:var(--wp--preset--spacing--section-bottom)\">\n<div class=\"wp-block-columns alignwide mobile-reverse is-layout-flex wp-container-core-columns-is-layout-ca64bf2d wp-block-columns-is-layout-flex\" style=\"margin-bottom:var(--wp--preset--spacing--side-padding)\">\n<div class=\"wp-block-column is-vertically-aligned-center is-layout-flow wp-block-column-is-layout-flow\">\n<h3 class=\"wp-block-heading\" style=\"margin-bottom:var(--wp--preset--spacing--h-3-bottom)\"><strong><strong><strong><strong><strong>Evolve Prime Serie Plaatbelast Squat Lunge<\/strong><\/strong><\/strong><\/strong><\/strong><\/h3>\n\n\n\n<p><em><strong><em><strong>Verbeter de kracht van je benen met dynamische squat- en lunge-training<\/strong><\/em><\/strong><\/em><\/p>\n\n\n\n<p style=\"margin-bottom:var(--wp--preset--spacing--tb-section-padding)\">De <strong>Evolve Prime Series Plate Loaded Squat Lunge<\/strong> is een veelzijdig trainingsapparaat voor het onderlichaam dat is ontworpen om kracht, stabiliteit en spieractivering te maximaliseren. Met een plaatbelast weerstandssysteem kunnen gebruikers squats en lunges uitvoeren met gecontroleerde bewegingen en optimale biomechanica. De ergonomische voetplaat en het stevige frame zorgen voor een goede positionering, verminderen de belasting op de gewrichten en richten zich effectief op de quads, bilspieren en hamstrings. Deze machine is ideaal voor progressieve krachttraining en biedt een effici\u00ebnte manier om kracht en uithoudingsvermogen op te bouwen in het onderlichaam.   <\/p>\n\n\n\n<h3 class=\"wp-block-heading\" style=\"margin-bottom:var(--wp--preset--spacing--h-3-bottom)\"><strong><strong><strong><strong><strong>Krachtige ontwikkeling van het onderlichaam<\/strong><\/strong><\/strong><\/strong><\/strong><\/h3>\n\n\n\n<p><strong><em><strong>Met precisie ontworpen voor kracht en stabiliteit<\/strong><\/em><\/strong><\/p>\n\n\n\n<p>De <strong>Evolve Prime Series Plate Loaded Squat Lunge<\/strong> combineert de voordelen van twee fundamentele oefeningen voor het onderlichaam &#8211; squats en lunges &#8211; in \u00e9\u00e9n zeer effici\u00ebnte machine. Het plate-loaded ontwerp zorgt voor een aanpasbare weerstand, waardoor het geschikt is voor alle fitnessniveaus. Het schuine voetplatform bevordert de juiste biomechanica, terwijl het geleide bewegingspad de veiligheid en controle vergroot. Of je je nu richt op kracht, spierhypertrofie of functionele training, dit toestel levert uitzonderlijke resultaten, waardoor het een waardevolle aanvulling is voor elke fitnesszaal.   <\/p>\n<\/div>\n\n\n\n<div class=\"wp-block-column is-vertically-aligned-center is-layout-flow wp-block-column-is-layout-flow\">\n<figure class=\"wp-block-image size-large\"><img loading=\"lazy\" decoding=\"async\" width=\"1024\" height=\"1024\" src=\"https:\/\/store.evolve-fitness.eu\/wp-content\/uploads\/2025\/03\/EV-PL-PR-008-Evolve-Prime-Series-Plate-Loaded-Squat-Lunge-Recovered-1024x1024.png\" alt=\"\" class=\"wp-image-115535\" srcset=\"https:\/\/store.evolve-fitness.eu\/wp-content\/uploads\/2025\/03\/EV-PL-PR-008-Evolve-Prime-Series-Plate-Loaded-Squat-Lunge-Recovered-1024x1024.png 1024w, https:\/\/store.evolve-fitness.eu\/wp-content\/uploads\/2025\/03\/EV-PL-PR-008-Evolve-Prime-Series-Plate-Loaded-Squat-Lunge-Recovered-300x300.png 300w, https:\/\/store.evolve-fitness.eu\/wp-content\/uploads\/2025\/03\/EV-PL-PR-008-Evolve-Prime-Series-Plate-Loaded-Squat-Lunge-Recovered-150x150.png 150w, https:\/\/store.evolve-fitness.eu\/wp-content\/uploads\/2025\/03\/EV-PL-PR-008-Evolve-Prime-Series-Plate-Loaded-Squat-Lunge-Recovered-768x768.png 768w, https:\/\/store.evolve-fitness.eu\/wp-content\/uploads\/2025\/03\/EV-PL-PR-008-Evolve-Prime-Series-Plate-Loaded-Squat-Lunge-Recovered-1536x1536.png 1536w, https:\/\/store.evolve-fitness.eu\/wp-content\/uploads\/2025\/03\/EV-PL-PR-008-Evolve-Prime-Series-Plate-Loaded-Squat-Lunge-Recovered-2048x2048.png 2048w, https:\/\/store.evolve-fitness.eu\/wp-content\/uploads\/2025\/03\/EV-PL-PR-008-Evolve-Prime-Series-Plate-Loaded-Squat-Lunge-Recovered-600x600.png 600w, https:\/\/store.evolve-fitness.eu\/wp-content\/uploads\/2025\/03\/EV-PL-PR-008-Evolve-Prime-Series-Plate-Loaded-Squat-Lunge-Recovered-100x100.png 100w\" sizes=\"auto, (max-width: 1024px) 100vw, 1024px\" \/><\/figure>\n<\/div>\n<\/div>\n<\/section>\n<\/section>\n","protected":false},"excerpt":{"rendered":"<p>De Evolve Prime Series Plate Loaded Squat Lunge is een veelzijdig trainingsapparaat voor het onderlichaam dat is ontworpen om kracht, stabiliteit en spieractivering te maximaliseren. Met een plaatbelast weerstandssysteem kunnen gebruikers squats en lunges uitvoeren met gecontroleerde bewegingen en optimale biomechanica. De ergonomische voetplaat en het stevige frame zorgen voor een goede positionering, verminderen de belasting op de gewrichten en richten zich effectief op de quads, bilspieren en hamstrings. Deze machine is ideaal voor progressieve krachttraining en biedt een effici\u00ebnte manier om kracht en uithoudingsvermogen op te bouwen in het onderlichaam.   <\/p>\n","protected":false},"featured_media":115540,"template":"","meta":{"_acf_changed":false,"inline_featured_image":false},"product_cat":[816,1197],"product_tag":[],"class_list":{"0":"post-115525","1":"product","2":"type-product","3":"status-publish","4":"has-post-thumbnail","6":"product_cat-machines-met-plaatbelading","7":"product_cat-prime-series-plaatbelast","9":"first","10":"instock","11":"shipping-taxable","12":"purchasable","13":"product-type-simple"},"acf":[],"_links":{"self":[{"href":"https:\/\/store.evolve-fitness.eu\/nl\/wp-json\/wp\/v2\/product\/115525","targetHints":{"allow":["GET"]}}],"collection":[{"href":"https:\/\/store.evolve-fitness.eu\/nl\/wp-json\/wp\/v2\/product"}],"about":[{"href":"https:\/\/store.evolve-fitness.eu\/nl\/wp-json\/wp\/v2\/types\/product"}],"wp:featuredmedia":[{"embeddable":true,"href":"https:\/\/store.evolve-fitness.eu\/nl\/wp-json\/wp\/v2\/media\/115540"}],"wp:attachment":[{"href":"https:\/\/store.evolve-fitness.eu\/nl\/wp-json\/wp\/v2\/media?parent=115525"}],"wp:term":[{"taxonomy":"product_cat","embeddable":true,"href":"https:\/\/store.evolve-fitness.eu\/nl\/wp-json\/wp\/v2\/product_cat?post=115525"},{"taxonomy":"product_tag","embeddable":true,"href":"https:\/\/store.evolve-fitness.eu\/nl\/wp-json\/wp\/v2\/product_tag?post=115525"}],"curies":[{"name":"wp","href":"https:\/\/api.w.org\/{rel}","templated":true}]}}