{"id":99317,"date":"2024-09-05T07:55:41","date_gmt":"2024-09-05T07:55:41","guid":{"rendered":"https:\/\/store.evolve-fitness.eu\/?post_type=product&#038;p=99317"},"modified":"2025-03-27T08:03:51","modified_gmt":"2025-03-27T08:03:51","slug":"evolve-vertikaliu-strypu-stovas","status":"publish","type":"product","link":"https:\/\/store.evolve-fitness.eu\/lt\/produktas\/evolve-vertikaliu-strypu-stovas\/","title":{"rendered":"&#8222;Evolve&#8221; vertikali\u0173 stryp\u0173 stovas"},"content":{"rendered":"","protected":false},"excerpt":{"rendered":"<p>Pasir\u016bpinkite, kad treniruo\u010di\u0173 erdv\u0117 b\u016bt\u0173 tvarkinga ir efektyvi, naudodami &#8222;Evolve&#8221; vertikal\u0173 stovo stryp\u0173 laikikl\u012f &#8211; puik\u0173 sprendim\u0105 savo \u0161tang\u0173 kolekcijai laikyti. \u0160is eleganti\u0161kas ir tvirtas stovas, sukurtas atsi\u017evelgiant \u012f ilgaam\u017ei\u0161kum\u0105 ir prakti\u0161kum\u0105, gali saugiai laikyti daugyb\u0119 \u0161tang\u0173, tod\u0117l sutaupysite vietos ir i\u0161laikysite profesionali\u0105 ir tvarking\u0105 treniruo\u010di\u0173 erdv\u0119. Puikiai tinka nam\u0173 sporto sal\u0117ms, studijoms ar komercin\u0117ms patalpoms &#8211; &#8222;Evolve Vertical Bars Rack&#8221; u\u017etikrina lengv\u0105 prieig\u0105 prie \u012frangos, tod\u0117l galite susitelkti \u012f treniruotes be netvarkos.  <\/p>\n","protected":false},"featured_media":101198,"template":"","meta":{"_acf_changed":false,"inline_featured_image":false},"product_cat":[117,127,153],"product_tag":[],"class_list":{"0":"post-99317","1":"product","2":"type-product","3":"status-publish","4":"has-post-thumbnail","6":"product_cat-pagrindinis-puslapis","7":"product_cat-laisvieji-svarmenys","8":"product_cat-stelazai-ir-saugojimo-sprendimai","10":"first","11":"instock","12":"shipping-taxable","13":"purchasable","14":"product-type-simple"},"acf":[],"_links":{"self":[{"href":"https:\/\/store.evolve-fitness.eu\/lt\/wp-json\/wp\/v2\/product\/99317","targetHints":{"allow":["GET"]}}],"collection":[{"href":"https:\/\/store.evolve-fitness.eu\/lt\/wp-json\/wp\/v2\/product"}],"about":[{"href":"https:\/\/store.evolve-fitness.eu\/lt\/wp-json\/wp\/v2\/types\/product"}],"wp:featuredmedia":[{"embeddable":true,"href":"https:\/\/store.evolve-fitness.eu\/lt\/wp-json\/wp\/v2\/media\/101198"}],"wp:attachment":[{"href":"https:\/\/store.evolve-fitness.eu\/lt\/wp-json\/wp\/v2\/media?parent=99317"}],"wp:term":[{"taxonomy":"product_cat","embeddable":true,"href":"https:\/\/store.evolve-fitness.eu\/lt\/wp-json\/wp\/v2\/product_cat?post=99317"},{"taxonomy":"product_tag","embeddable":true,"href":"https:\/\/store.evolve-fitness.eu\/lt\/wp-json\/wp\/v2\/product_tag?post=99317"}],"curies":[{"name":"wp","href":"https:\/\/api.w.org\/{rel}","templated":true}]}}