{"id":96426,"date":"2024-08-01T06:30:50","date_gmt":"2024-08-01T06:30:50","guid":{"rendered":"https:\/\/store.evolve-fitness.eu\/?post_type=product&#038;p=96426"},"modified":"2026-02-18T12:01:29","modified_gmt":"2026-02-18T12:01:29","slug":"evolve-wall-balls-ir-powerbags-stovas-1","status":"publish","type":"product","link":"https:\/\/store.evolve-fitness.eu\/lt\/produktas\/evolve-wall-balls-ir-powerbags-stovas-1\/","title":{"rendered":"Evolve kamuoli\u0173 ir j\u0117gos mai\u0161\u0173 stovas"},"content":{"rendered":"\n<section class=\"wp-block-group alignfull has-lightgray-background-color has-background is-layout-constrained wp-block-group-is-layout-constrained\">\n<div class=\"wp-block-columns alignwide is-layout-flex wp-container-core-columns-is-layout-2edb0647 wp-block-columns-is-layout-flex\" style=\"margin-top:0;margin-bottom:0\">\n<div class=\"wp-block-column is-layout-flow wp-block-column-is-layout-flow\" style=\"flex-basis:33.33%\"><\/div>\n\n\n\n<div class=\"wp-block-column is-layout-flow wp-block-column-is-layout-flow\" style=\"flex-basis:66.66%\"><\/div>\n<\/div>\n<\/section>\n","protected":false},"excerpt":{"rendered":"<p>Pagerinkite savo sporto sal\u0117s organizavim\u0105 ir prieinamum\u0105 naudodami Evolve sienin\u012f kamuoli\u0173 ir maitinimo krep\u0161i\u0173 stov\u0105 &#8211; eleganti\u0161k\u0105 ir tvirt\u0105 laikymo sprendim\u0105, skirt\u0105 \u0161iuolaikin\u0117ms treniruokli\u0173 sal\u0117ms. \u0160is stovas yra meistri\u0161kai pagamintas taip, kad jame b\u016bt\u0173 galima tvarkingai laikyti ir eksponuoti \u012fvairius sieninius kamuoliukus ir maitinimo mai\u0161elius, kad jie b\u016bt\u0173 lengvai pasiekiami ir efektyviai sutvarkyti. Evolve Rack idealiai tinka tiek komercin\u0117ms sporto sal\u0117ms, tiek nam\u0173 treniruo\u010di\u0173 erdv\u0117ms, nes u\u017etikrina, kad treniruo\u010di\u0173 erdv\u0117je nebus netvarkos ir ji bus saugi. Tvirta konstrukcija ir apgalvotas dizainas tinka \u012fvairiems dyd\u017eiams ir svoriams, o tai rodo Evolve \u012fsipareigojim\u0105 u\u017etikrinti ilgaam\u017ei\u0161kum\u0105 ir funkcionalum\u0105. Kompakti\u0161kas stovo plotas maksimaliai padidina grind\u0173 plot\u0105 ir tuo pa\u010diu padidina estetin\u012f sporto sal\u0117s patrauklum\u0105. Integruodami Evolve kamuoli\u0173 ir j\u0117gos mai\u0161\u0173 stovas stov\u0105 \u012f savo treniruokli\u0173 sal\u0119, ne tik investuojate \u012f puik\u0173 \u012frangos organizavim\u0105, bet ir skatinate produktyvesn\u0119 ir racionalesn\u0119 treniruo\u010di\u0173 patirt\u012f.<\/p>\n","protected":false},"featured_media":96233,"template":"","meta":{"_acf_changed":true,"inline_featured_image":false},"product_cat":[119,2142,120],"product_tag":[],"class_list":{"0":"post-96426","1":"product","2":"type-product","3":"status-publish","4":"has-post-thumbnail","6":"product_cat-kryzminis-ir-funkcinis","7":"product_cat-saugykla-lt","8":"product_cat-funkcine-iranga","10":"first","11":"outofstock","12":"shipping-taxable","13":"purchasable","14":"product-type-simple"},"acf":[],"_links":{"self":[{"href":"https:\/\/store.evolve-fitness.eu\/lt\/wp-json\/wp\/v2\/product\/96426","targetHints":{"allow":["GET"]}}],"collection":[{"href":"https:\/\/store.evolve-fitness.eu\/lt\/wp-json\/wp\/v2\/product"}],"about":[{"href":"https:\/\/store.evolve-fitness.eu\/lt\/wp-json\/wp\/v2\/types\/product"}],"wp:featuredmedia":[{"embeddable":true,"href":"https:\/\/store.evolve-fitness.eu\/lt\/wp-json\/wp\/v2\/media\/96233"}],"wp:attachment":[{"href":"https:\/\/store.evolve-fitness.eu\/lt\/wp-json\/wp\/v2\/media?parent=96426"}],"wp:term":[{"taxonomy":"product_cat","embeddable":true,"href":"https:\/\/store.evolve-fitness.eu\/lt\/wp-json\/wp\/v2\/product_cat?post=96426"},{"taxonomy":"product_tag","embeddable":true,"href":"https:\/\/store.evolve-fitness.eu\/lt\/wp-json\/wp\/v2\/product_tag?post=96426"}],"curies":[{"name":"wp","href":"https:\/\/api.w.org\/{rel}","templated":true}]}}