{"id":96173,"date":"2024-07-31T14:43:55","date_gmt":"2024-07-31T14:43:55","guid":{"rendered":"https:\/\/store.evolve-fitness.eu\/?post_type=product&#038;p=96173"},"modified":"2025-12-17T12:01:08","modified_gmt":"2025-12-17T12:01:08","slug":"evolve-speed-ladders-2","status":"publish","type":"product","link":"https:\/\/store.evolve-fitness.eu\/lt\/produktas\/evolve-speed-ladders-2\/","title":{"rendered":"&#8222;Evolve Speed Ladders"},"content":{"rendered":"\n<p> <mark style=\"background-color:rgba(0, 0, 0, 0);color:#ffffff\" class=\"has-inline-color\">ASD<\/mark><\/p>\n\n<p><\/p>\n","protected":false},"excerpt":{"rendered":"<p>Pagerinkite savo treniruotes naudodami &#8222;Evolve Speed Ladder&#8221; &#8211; geriausi\u0105 \u012frank\u012f sportininkams, fitneso entuziastams ir visiems, norintiems padidinti savo vikrum\u0105, greit\u012f ir koordinacij\u0105. \u0160ios universalios treniruo\u010di\u0173 kop\u0117\u010dios, skirtos naudoti tiek patalpose, tiek lauke, puikiai tinka ap\u0161ilimui, koj\u0173 darbui tobulinti ar sprogstamiesiems judesiams \u012fvaldyti. &#8222;Evolve Speed Ladder&#8221; yra lengvos, patvarios ir lengvai pastatomos, tod\u0117l jos yra b\u016btinas treniruo\u010di\u0173 rutinos priedas.  <\/p>\n<p>\n","protected":false},"featured_media":100372,"template":"","meta":{"_acf_changed":false,"inline_featured_image":false},"product_cat":[120,192],"product_tag":[],"class_list":{"0":"post-96173","1":"product","2":"type-product","3":"status-publish","4":"has-post-thumbnail","6":"product_cat-funkcine-iranga","7":"product_cat-studija","9":"first","10":"outofstock","11":"shipping-taxable","12":"purchasable","13":"product-type-simple"},"acf":[],"_links":{"self":[{"href":"https:\/\/store.evolve-fitness.eu\/lt\/wp-json\/wp\/v2\/product\/96173","targetHints":{"allow":["GET"]}}],"collection":[{"href":"https:\/\/store.evolve-fitness.eu\/lt\/wp-json\/wp\/v2\/product"}],"about":[{"href":"https:\/\/store.evolve-fitness.eu\/lt\/wp-json\/wp\/v2\/types\/product"}],"wp:featuredmedia":[{"embeddable":true,"href":"https:\/\/store.evolve-fitness.eu\/lt\/wp-json\/wp\/v2\/media\/100372"}],"wp:attachment":[{"href":"https:\/\/store.evolve-fitness.eu\/lt\/wp-json\/wp\/v2\/media?parent=96173"}],"wp:term":[{"taxonomy":"product_cat","embeddable":true,"href":"https:\/\/store.evolve-fitness.eu\/lt\/wp-json\/wp\/v2\/product_cat?post=96173"},{"taxonomy":"product_tag","embeddable":true,"href":"https:\/\/store.evolve-fitness.eu\/lt\/wp-json\/wp\/v2\/product_tag?post=96173"}],"curies":[{"name":"wp","href":"https:\/\/api.w.org\/{rel}","templated":true}]}}